{"id":5751,"date":"2025-10-12T12:31:33","date_gmt":"2025-10-12T10:31:33","guid":{"rendered":"https:\/\/vitamin.coredesign.hu\/?product=stilla-ferrox-etrendkiegeszito-cseppek-30ml"},"modified":"2026-01-08T23:28:34","modified_gmt":"2026-01-08T22:28:34","slug":"stilla-ferrox-etrendkiegeszito-cseppek-30ml","status":"publish","type":"product","link":"https:\/\/vitamin.coredesign.hu\/?product=stilla-ferrox-etrendkiegeszito-cseppek-30ml","title":{"rendered":"Stilla <b>Ferrox<\/b> \u00e9trendkieg\u00e9sz\u00edt\u0151 cseppek -30ml"},"content":{"rendered":"<p>&nbsp;<\/p>\n<div id=\"lt-accessibility-devtools\" aria-hidden=\"true\"><\/div>\n<p><span style=\"color: #424242;\"><span style=\"font-family: Arial, serif;\"><span style=\"font-size: x-large;\"><b>Stilla Ferrox<\/b><\/span><\/span><\/span><\/p>\n<p><span style=\"color: #424242;\"><span style=\"font-family: Arial, serif;\"><span style=\"font-size: large;\"><b>V\u00edzb\u00e1zis\u00fa, magas felsz\u00edv\u00f3d\u00e1s\u00fa \u00e9trend-kieg\u00e9sz\u00edt\u0151 cseppek.<\/b><\/span><\/span><\/span><\/p>\n<p><span style=\"color: #424242;\"><span style=\"font-family: Arial, serif;\"><span style=\"font-size: large;\">A vashi\u00e1ny a leggyakoribb \u00e1sv\u00e1nyi anyaghi\u00e1ny szerte a vil\u00e1gon, melyben n\u0151k, f\u00e9rfiak \u00e9s gyermekek egyar\u00e1nt \u00e9rintettek. Fontos tiszt\u00e1ban lenni azzal, hogy vannak csoportok, amelyek tagjai k\u00f6r\u00e9ben k\u00fcl\u00f6n\u00f6sen gyakran alakul ki vashi\u00e1ny:<\/span><\/span><\/span><\/p>\n<p><span style=\"color: #424242;\">\u2022 <span style=\"font-family: Arial, serif;\"><span style=\"font-size: large;\">n\u0151k (k\u00fcl\u00f6n\u00f6sen, ha a menstru\u00e1ci\u00f3 er\u0151s v\u00e9rz\u00e9ssel j\u00e1r, illetve a terhess\u00e9g \u00e9s a szoptat\u00e1s alatt)<br \/>\n\u2022 sportol\u00f3k<br \/>\n\u2022 di\u00e9t\u00e1z\u00f3k (fogy\u00f3k\u00fara, \u201ckiz\u00e1r\u00f3\u201d di\u00e9t\u00e1k \u2014 pl. vegetarianizmus, veg\u00e1ns\u00e1g).<br \/>\n\u2022 tin\u00e9dzserek<br \/>\n\u2022 id\u0151sebb koroszt\u00e1ly<\/span><\/span><\/span><\/p>\n<p><span style=\"color: #424242;\"><span style=\"font-family: Arial, serif;\"><span style=\"font-size: large;\">A Stilla\u00a0<\/span><\/span><\/span><span style=\"color: #424242;\"><span style=\"font-family: Arial, serif;\"><span style=\"font-size: large;\"><b>Ferrox<\/b><\/span><\/span><\/span><span style=\"color: #424242;\"><span style=\"font-family: Arial, serif;\"><span style=\"font-size: large;\">\u00a0k\u00fcl\u00f6nleges formul\u00e1ja nem csup\u00e1n magas min\u0151s\u00e9g\u0171 vasforr\u00e1st k\u00edn\u00e1l, hanem fontos t\u00e1panyagokat is tartalmaz, mint a tiszta fulvosavak. A fulvosavak kulcsszerepet j\u00e1tszanak abban, hogy a vas hat\u00e9konyan felsz\u00edv\u00f3djon \u00e9s optim\u00e1lis form\u00e1ban ker\u00fclj\u00f6n be a szervezetbe.<\/span><\/span><\/span><\/p>\n<p>&nbsp;<\/p>\n<p><span style=\"color: #424242;\"><span style=\"font-family: Arial, serif;\"><span style=\"font-size: large;\"><b>Mi teszi k\u00fcl\u00f6nlegess\u00e9 a Stilla Ferrox-ot?<\/b><\/span><\/span><\/span><\/p>\n<p><span style=\"color: #424242;\"><span style=\"font-family: Arial, serif;\"><span style=\"font-size: large;\">1. Magas felsz\u00edv\u00f3d\u00e1s: A cseppek form\u00e1j\u00e1ban kaphat\u00f3 Stilla Ferrox optim\u00e1lis felsz\u00edv\u00f3d\u00e1st biztos\u00edt a szervezet sz\u00e1m\u00e1ra, \u00edgy gyorsan \u00e9s hat\u00e9konyan k\u00e9pes ell\u00e1tni a sz\u00f6veteket \u00e9s szerveket a sz\u00fcks\u00e9ges vassal.<br \/>\n2. Fulvosavak: A fulvosavak seg\u00edtenek meg\u0151rizni a vas szerves komplexben val\u00f3 stabilit\u00e1s\u00e1t, \u00edgy biztos\u00edtva, hogy a vas hossz\u00fa t\u00e1von rendelkez\u00e9sre \u00e1lljon a szervezet sz\u00e1m\u00e1ra.<br \/>\n3. Egyszer\u0171 fogyaszt\u00e1s: A reggeli \u00f3r\u00e1kban v\u00edzbe csepegtetve aj\u00e1nljuk fogyasztani a Stilla Ferrox-ot, hogy maximaliz\u00e1ljuk a felsz\u00edv\u00f3d\u00e1st \u00e9s a hat\u00e9konys\u00e1got. Ne feledje, hogy a term\u00e9k fogyaszt\u00e1sa el\u0151tt \u00e9s ut\u00e1n ne fogyasszon savas vagy koffeines italokat egy \u00f3r\u00e1val, hogy biztos\u00edtsa a maxim\u00e1lis hat\u00e1st.<\/span><\/span><\/span><\/p>\n<p>&nbsp;<\/p>\n<p><span style=\"color: #424242;\"><span style=\"font-family: Arial, serif;\"><span style=\"font-size: large;\"><b>Figyelmeztet\u00e9s:<\/b><\/span><\/span><\/span><span style=\"color: #424242;\"><span style=\"font-family: Arial, serif;\"><span style=\"font-size: large;\"><br \/>\nAntibiotikum szed\u00e9se eset\u00e9n konzult\u00e1ljon kezel\u0151orvos\u00e1val.<br \/>\nHa f\u00e1jdalomcsillap\u00edt\u00f3 vagy gyullad\u00e1scs\u00f6kkent\u0151 hat\u00e1s\u00fa acetilszalicilsavat vagy egy\u00e9b hasonl\u00f3 hat\u00e1s\u00fa szert is szed, a hat\u00f3anyagok a gyomor-b\u00e9l rendszeri ny\u00e1lkah\u00e1rty\u00e1t k\u00e1ros\u00edthatj\u00e1k vas jelenl\u00e9t\u00e9ben.<br \/>\nA legjobb felsz\u00edv\u00f3d\u00e1s \u00e9rdek\u00e9ben a vasat ne kombin\u00e1ljuk m\u00e1s \u00e9trendkieg\u00e9sz\u00edt\u0151kkel!<\/span><\/span><\/span><\/p>\n<p>&nbsp;<\/p>\n<p><span style=\"color: #424242;\"><span style=\"font-family: Arial, serif;\"><span style=\"font-size: large;\">A Stilla\u00a0<\/span><\/span><\/span><span style=\"color: #424242;\"><span style=\"font-family: Arial, serif;\"><span style=\"font-size: large;\"><b>Ferrox<\/b><\/span><\/span><\/span><span style=\"color: #424242;\"><span style=\"font-family: Arial, serif;\"><span style=\"font-size: large;\">\u00a0mind\u00f6ssze h\u00e1rom h\u00f3napos k\u00far\u00e1val jelent\u0151s seg\u00edts\u00e9get ny\u00fajthat a vashi\u00e1nyos t\u00fcnetek enyh\u00edt\u00e9s\u00e9ben \u00e9s a v\u00e9rszeg\u00e9nys\u00e9g kezel\u00e9s\u00e9ben.<\/span><\/span><\/span><\/p>\n<p><span style=\"color: #424242;\"><span style=\"font-family: Arial, serif;\"><span style=\"font-size: large;\"><i>* A vashi\u00e1nynak, v\u00e9rszeg\u00e9nys\u00e9gnek m\u00e9g egy eg\u00e9sz sor t\u00fcnete lehet, de egyik sem kiz\u00e1r\u00f3lagosan erre az \u00e1llapotra jellemz\u0151. A vasp\u00f3tl\u00f3 k\u00fara megkezd\u00e9se el\u0151tt \u00e9ppen ez\u00e9rt fontos, hogy a vashi\u00e1nyt el\u0151sz\u00f6r v\u00e9rv\u00e9tellel diagnosztiz\u00e1lj\u00e1k.<\/i><\/span><\/span><\/span><\/p>\n<p>&nbsp;<\/p>\n<p><span style=\"font-family: Times New Roman, serif;\"><span style=\"font-size: medium;\"><span style=\"color: #424242;\"><span style=\"font-family: Arial, serif;\"><span style=\"font-size: large;\"><b>Adagol\u00e1s<\/b><\/span><\/span><\/span><span style=\"color: #424242;\"><span style=\"font-family: Arial, serif;\"><span style=\"font-size: large;\">: enyhe vashi\u00e1ny \u00e9s v\u00e9rszeg\u00e9nys\u00e9g eset\u00e9n 20 csepp (1 ml, 6 mg) vas naponta, kr\u00f3nikus vashi\u00e1ny \u00e9s v\u00e9rszeg\u00e9nys\u00e9g eset\u00e9n 40 csepp (2 ml, 12 mg) vas naponta.<br \/>\nHaszn\u00e1lat el\u0151tt felr\u00e1zand\u00f3.<\/span><\/span><\/span><\/span><\/span><\/p>\n<p>&nbsp;<\/p>\n<p><span style=\"font-family: Times New Roman, serif;\"><span style=\"font-size: medium;\"><strong><span style=\"color: #424242;\"><span style=\"font-family: Arial, serif;\"><span style=\"font-size: large;\">Felhaszn\u00e1l\u00e1si javaslat:<\/span><\/span><\/span><\/strong><\/span><\/span><\/p>\n<p><a name=\"_GoBack\"><\/a> <span style=\"font-family: Times New Roman, serif;\"><span style=\"font-size: medium;\"><span style=\"color: #424242;\"><span style=\"font-family: Arial, serif;\"><span style=\"font-size: large;\">Reggel \u00e9hgyomorra 1 dl v\u00edzbe \u00e9rdemes cseppenteni. Te\u00e1ba, savas italba nem alkalmazhat\u00f3, illetve koffeines italokkal egy\u00fctt sem szedhet\u0151. Ezen t\u00edpus\u00fa italok fogyaszt\u00e1sa ut\u00e1n minimum 1 \u00f3ra eltelt\u00e9vel c\u00e9lszer\u0171 haszn\u00e1lni a vas cseppeket.<\/span><\/span><\/span><\/span><\/span><\/p>\n","protected":false},"excerpt":{"rendered":"<p>Gyakran \u00e9rzed magadat f\u00e1radtnak, kimer\u00fcltnek, nehezebben koncentr\u00e1lsz, \u00e9s rossz az alv\u00e1smin\u0151s\u00e9ged? K\u00f6nnyen lehet, hogy a probl\u00e9m\u00e1d gy\u00f6kere a vashi\u00e1ny. A vashi\u00e1nynak m\u00e9g egy\u00e9b t\u00fcnetei is lehetnek, mint az ingerl\u00e9kenys\u00e9g, f\u00e1z\u00e9konys\u00e1g, f\u00fclz\u00fag\u00e1s, \u00e1jul\u00e1s \u00e9rz\u00e9s, gyenge, t\u00f6redezett k\u00f6rm\u00f6k, vagy a hajhull\u00e1s.<\/p>\n","protected":false},"featured_media":5752,"comment_status":"closed","ping_status":"open","template":"","meta":[],"product_cat":[73],"product_tag":[],"class_list":{"0":"post-5751","1":"product","2":"type-product","3":"status-publish","4":"has-post-thumbnail","6":"product_brand-stilla","7":"product_cat-arvanyi-anyagok","9":"first","10":"instock","11":"purchasable","12":"product-type-simple"},"_links":{"self":[{"href":"https:\/\/vitamin.coredesign.hu\/index.php?rest_route=\/wp\/v2\/product\/5751","targetHints":{"allow":["GET"]}}],"collection":[{"href":"https:\/\/vitamin.coredesign.hu\/index.php?rest_route=\/wp\/v2\/product"}],"about":[{"href":"https:\/\/vitamin.coredesign.hu\/index.php?rest_route=\/wp\/v2\/types\/product"}],"replies":[{"embeddable":true,"href":"https:\/\/vitamin.coredesign.hu\/index.php?rest_route=%2Fwp%2Fv2%2Fcomments&post=5751"}],"wp:featuredmedia":[{"embeddable":true,"href":"https:\/\/vitamin.coredesign.hu\/index.php?rest_route=\/wp\/v2\/media\/5752"}],"wp:attachment":[{"href":"https:\/\/vitamin.coredesign.hu\/index.php?rest_route=%2Fwp%2Fv2%2Fmedia&parent=5751"}],"wp:term":[{"taxonomy":"product_cat","embeddable":true,"href":"https:\/\/vitamin.coredesign.hu\/index.php?rest_route=%2Fwp%2Fv2%2Fproduct_cat&post=5751"},{"taxonomy":"product_tag","embeddable":true,"href":"https:\/\/vitamin.coredesign.hu\/index.php?rest_route=%2Fwp%2Fv2%2Fproduct_tag&post=5751"}],"curies":[{"name":"wp","href":"https:\/\/api.w.org\/{rel}","templated":true}]}}