{"id":5749,"date":"2025-10-12T12:31:33","date_gmt":"2025-10-12T10:31:33","guid":{"rendered":"https:\/\/vitamin.coredesign.hu\/?product=stilla-cdzn-etrendkiegeszito-cseppek-30ml"},"modified":"2026-01-08T23:28:33","modified_gmt":"2026-01-08T22:28:33","slug":"stilla-cdzn-etrendkiegeszito-cseppek-30ml","status":"publish","type":"product","link":"https:\/\/vitamin.coredesign.hu\/?product=stilla-cdzn-etrendkiegeszito-cseppek-30ml","title":{"rendered":"Stilla <b>C+D+Zn<\/b> \u00e9trendkieg\u00e9sz\u00edt\u0151 cseppek -30ml"},"content":{"rendered":"<p>&nbsp;<\/p>\n<div id=\"lt-accessibility-devtools\" aria-hidden=\"true\"><\/div>\n<p><span style=\"color: #424242;\"><span style=\"font-family: Arial, serif;\"><span style=\"font-size: x-large;\"><b>Stilla C+D+Zn<\/b><\/span><\/span><\/span><\/p>\n<p><span style=\"color: #424242;\"><span style=\"font-family: Arial, serif;\"><span style=\"font-size: large;\"><b>V\u00edzb\u00e1zis\u00fa, magas felsz\u00edv\u00f3d\u00e1s\u00fa \u00e9trend-kieg\u00e9sz\u00edt\u0151 cseppek.<\/b><\/span><\/span><\/span><\/p>\n<p><span style=\"color: #424242;\"><span style=\"font-family: Arial, serif;\"><span style=\"font-size: large;\">A C-vitamin a velesz\u00fcletett immunrendszert k\u00e9pes energiz\u00e1lni, a cink a szerzett immunit\u00e1s ki\u00e9p\u00fcl\u00e9s\u00e9hez is hozz\u00e1j\u00e1rul. A cink ezen k\u00edv\u00fcl a pajzsmirigy m\u0171k\u00f6d\u00e9shez is elengedhetetlen, \u00edgy az anyagcsere szab\u00e1lyoz\u00e1s\u00e1ra is j\u00f3t\u00e9kony hat\u00e1ssal lehet.A D-vitamin rendk\u00edv\u00fcl komplex hat\u00e1st fejt ki \u00e9s jelenleg is sz\u00e1mos kutat\u00e1s k\u00f6z\u00e9ppontj\u00e1ban \u00e1ll, \u00e9s azt tudjuk r\u00f3la, hogy mind a hormonh\u00e1ztart\u00e1s helyes m\u0171k\u00f6d\u00e9se szempontj\u00e1b\u00f3l, mind a szervezet v\u00e9dekez\u0151k\u00e9pess\u00e9ge sz\u00e1m\u00e1ra n\u00e9lk\u00fcl\u00f6zhetetlen, k\u00fcl\u00f6n p\u00f3tl\u00e1s\u00e1r\u00f3l k\u00fcl\u00f6n\u00f6sen a t\u00e9li, napf\u00e9nymentes id\u0151szakban mindenk\u00e9ppen \u00e9rdemes gondoskodni.A h\u00e1rom anyag bels\u0151, eg\u00e9szs\u00e9gre kifejtett j\u00f3t\u00e9kony hat\u00e1sai hamar megl\u00e1tsz\u00f3dhatnak k\u00edv\u00fcl is, hiszen a b\u0151r, a haj \u00e9s a k\u00f6rm\u00f6k eg\u00e9szs\u00e9ge is nagyban f\u00fcgg e h\u00e1rom anyag elegend\u0151 jelenl\u00e9t\u00e9t\u0151l a testben.<\/span><\/span><\/span><\/p>\n<p><span style=\"color: #424242;\"><span style=\"font-family: Arial, serif;\"><span style=\"font-size: large;\">A feh\u00e9r krist\u00e1lyos kiv\u00e1l\u00e1s az \u00fcvegen az aszkorbin sav term\u00e9szetes folyamata, haszn\u00e1lat k\u00f6zben megt\u00f6rt\u00e9nhet. Mivel c\u00e9lunk, hogy felesleges anyagokkal ne terhelj\u00fck a szervezetet, alig haszn\u00e1lunk tart\u00f3s\u00edt\u00f3 szert, \u00e9s adal\u00e9k anyagot. Ezen k\u00edv\u00fcl term\u00e9keink nagy koncentr\u00e1ci\u00f3j\u00fa hat\u00f3anyagot tartalmaznak, \u00edgy bizonyos kompromisszumokat kellett tenn\u00fcnk! A feh\u00e9r krist\u00e1lyos kiv\u00e1l\u00e1s a kupak alatt nem befoly\u00e1solja a term\u00e9k min\u0151s\u00e9g\u00e9t.<\/span><\/span><\/span><\/p>\n<p><span style=\"color: #424242;\"><span style=\"font-family: Arial, serif;\"><span style=\"font-size: large;\"><b>Aj\u00e1nlott fogyaszt\u00e1sa:<\/b><\/span><\/span><\/span><span style=\"color: #424242;\"><span style=\"font-family: Arial, serif;\"><span style=\"font-size: large;\">\u00a0A legjobb d\u00e9lben fogyasztani.<\/span><\/span><\/span><\/p>\n<p><span style=\"color: #424242;\"><span style=\"font-family: Arial, serif;\"><span style=\"font-size: large;\"><br \/>\n<\/span><\/span><\/span><span style=\"color: #424242;\"><span style=\"font-family: Arial, serif;\"><span style=\"font-size: large;\"><b>C-Vitamin:<\/b><\/span><\/span><\/span><span style=\"color: #424242;\"><span style=\"font-family: Arial, serif;\"><span style=\"font-size: large;\"><br \/>\nMivel v\u00edzold\u00e9kony vitaminr\u00f3l besz\u00e9l\u00fcnk, a felesleges aszkorbinsav 4-6 \u00f3ra alatt ki\u00fcr\u00fcl a vizelettel, c\u00e9lszer\u0171bb a napi t\u00f6bbsz\u00f6ri, kisebb d\u00f3zisokban val\u00f3 p\u00f3tl\u00e1s. A sz\u00e1jon \u00e1t t\u00f6rt\u00e9n\u0151 adagol\u00e1ssal el\u00e9rhet\u0151 legnagyobb plazmakoncentr\u00e1ci\u00f3t a kutat\u00f3knak 4 \u00f3r\u00e1nk\u00e9nt adott 300 mg-nyi C-vitaminnal siker\u00fclt el\u00e9rni\u00fck. A C-vitamin a belekben sz\u00edv\u00f3dik fel, de min\u00e9l t\u00f6bbet szed\u00fcnk be egyszerre, ann\u00e1l ink\u00e1bb \u00fcr\u00edti a szervezet\u00fcnk, \u00e1ltal\u00e1noss\u00e1gban elmondhat\u00f3, hogy 200 mg-ig a C-vitamin felsz\u00edv\u00f3d\u00e1sa k\u00f6zel 100%-os, 1000 mg-n\u00e1l m\u00e1r csak k\u00f6r\u00fclbel\u00fcl 50-60%, de m\u00e9g ez is rendk\u00edv\u00fcl j\u00f3nak mondhat\u00f3.<br \/>\n<\/span><\/span><\/span><span style=\"color: #424242;\"><span style=\"font-family: Arial, serif;\"><span style=\"font-size: large;\"><b>D-Vitamin:<\/b><\/span><\/span><\/span><span style=\"color: #424242;\"><span style=\"font-family: Arial, serif;\"><span style=\"font-size: large;\"><br \/>\nMivel zs\u00edrold\u00e9kony vitaminr\u00f3l besz\u00e9l\u00fcnk, \u00e9rdemes \u00e9tkez\u00e9s k\u00f6zben elfogyasztani.<br \/>\nA tart\u00f3s eg\u00e9szs\u00e9gmeg\u0151rz\u00e9shez sz\u00fcks\u00e9ges D-vitamin-mennyis\u00e9get nem lehets\u00e9ges puszt\u00e1n t\u00e1pl\u00e1l\u00e9kkal bevinni. Emellett az is fontos, hogy akkor sem termel D-vitamint a szervezet, ha napf\u00e9ny csak ablakon kereszt\u00fcl \u00e9ri a b\u0151rt.<br \/>\n<\/span><\/span><\/span><span style=\"color: #424242;\"><span style=\"font-family: Arial, serif;\"><span style=\"font-size: large;\"><b>Cink:<\/b><\/span><\/span><\/span><span style=\"color: #424242;\"><span style=\"font-family: Arial, serif;\"><span style=\"font-size: large;\"><br \/>\nKutat\u00e1sok kimutatt\u00e1k, hogy a pajzsmirigy-alulm\u0171k\u00f6d\u00e9sben \u00e9s a pajzsmirigy-t\u00falm\u0171k\u00f6d\u00e9sben szenved\u0151k gyakran cinkhi\u00e1nyban szenvednek, ami hajhull\u00e1st is okozhat. A cink seg\u00edti az immunrendszer m\u0171k\u00f6d\u00e9s\u00e9t, vagyis l\u00e9nyeg\u00e9ben a pajzsmirigy-gy\u00f3gyszerrel k\u00e9z a k\u00e9zben dolgozik egy\u00fctt. Emellett a cink t\u00e1mogatja a pajzsmirigyhormonok el\u0151\u00e1ll\u00edt\u00e1s\u00e1t \u00e9s a T4 hormon T3 hormonn\u00e1 t\u00f6rt\u00e9n\u0151 \u00e1talak\u00edt\u00e1s\u00e1t is.<\/span><\/span><\/span><\/p>\n<p>&nbsp;<\/p>\n<p><span style=\"color: #424242;\"><span style=\"font-family: Arial, serif;\"><span style=\"font-size: large;\"><b>A C+D+Zn egyidej\u0171leg kombin\u00e1lhat\u00f3 a k\u00f6vetkez\u0151 term\u00e9kekkel:<\/b><\/span><\/span><\/span><\/p>\n<ul>\n<li><span style=\"color: #424242;\"><span style=\"font-family: Arial, serif;\"><span style=\"font-size: large;\">Mom Power<\/span><\/span><\/span><\/li>\n<li><span style=\"color: #424242;\"><span style=\"font-family: Arial, serif;\"><span style=\"font-size: large;\">Memory<\/span><\/span><\/span><\/li>\n<li><span style=\"color: #424242;\"><span style=\"font-family: Arial, serif;\"><span style=\"font-size: large;\">Immunity<\/span><\/span><\/span><\/li>\n<li><span style=\"color: #424242;\"><span style=\"font-family: Arial, serif;\"><span style=\"font-size: large;\">Fulvotikum<\/span><\/span><\/span><\/li>\n<li><\/li>\n<\/ul>\n<p>&nbsp;<\/p>\n<p><span style=\"color: #424242;\"><span style=\"font-family: Arial, serif;\"><span style=\"font-size: large;\"><strong>Figyelmeztet\u00e9s:<\/strong> A term\u00e9k kisgyermekek el\u0151l elz\u00e1rva tartand\u00f3! Az \u00e9trend-kieg\u00e9sz\u00edt\u0151 nem helyettes\u00edti a kiegyens\u00falyozott, vegyes \u00e9trendet \u00e9s az eg\u00e9szs\u00e9ges \u00e9letm\u00f3dot! Az aj\u00e1nlott napi mennyis\u00e9get ne l\u00e9pje t\u00fal!<\/span><\/span><\/span><\/p>\n<p>&nbsp;<\/p>\n<p><a name=\"_GoBack\"><\/a> <span style=\"color: #424242;\"><span style=\"font-family: Arial, serif;\"><span style=\"font-size: large;\">Adagol\u00e1s: 2\u00d720 csepp (2\u00d71 ml) naponta.<br \/>\nHaszn\u00e1lat el\u0151tt felr\u00e1zand\u00f3.<\/span><\/span><\/span><\/p>\n","protected":false},"excerpt":{"rendered":"<p>A C-vitamin, D-vitamin \u00e9s Cink gondosan megalkotott egy\u00fcttese seg\u00edti a szervezet optim\u00e1lis m\u0171k\u00f6d\u00e9s\u00e9t. Kombin\u00e1lva a h\u00e1rom \u00f6sszetev\u0151t, olyan \u00e1ltal\u00e1nos eg\u00e9szs\u00e9g\u00f3v\u00f3 \u00e9s mindennapi lend\u00fcletet ad\u00f3 cseppet hoztunk l\u00e9tre, amely hossz\u00fa t\u00e1von is szedhet\u0151, hiszen az \u00e9rt\u00e9kes \u00f6sszetev\u0151k napr\u00f3l napra fejtik ki hat\u00e1sukat \u00e9s t\u00e1mogatj\u00e1k a fert\u0151z\u00e9sek kiv\u00e9d\u00e9s\u00e9t<\/p>\n","protected":false},"featured_media":5750,"comment_status":"closed","ping_status":"open","template":"","meta":[],"product_cat":[73],"product_tag":[],"class_list":{"0":"post-5749","1":"product","2":"type-product","3":"status-publish","4":"has-post-thumbnail","6":"product_brand-stilla","7":"product_cat-arvanyi-anyagok","9":"first","10":"instock","11":"purchasable","12":"product-type-simple"},"_links":{"self":[{"href":"https:\/\/vitamin.coredesign.hu\/index.php?rest_route=\/wp\/v2\/product\/5749","targetHints":{"allow":["GET"]}}],"collection":[{"href":"https:\/\/vitamin.coredesign.hu\/index.php?rest_route=\/wp\/v2\/product"}],"about":[{"href":"https:\/\/vitamin.coredesign.hu\/index.php?rest_route=\/wp\/v2\/types\/product"}],"replies":[{"embeddable":true,"href":"https:\/\/vitamin.coredesign.hu\/index.php?rest_route=%2Fwp%2Fv2%2Fcomments&post=5749"}],"wp:featuredmedia":[{"embeddable":true,"href":"https:\/\/vitamin.coredesign.hu\/index.php?rest_route=\/wp\/v2\/media\/5750"}],"wp:attachment":[{"href":"https:\/\/vitamin.coredesign.hu\/index.php?rest_route=%2Fwp%2Fv2%2Fmedia&parent=5749"}],"wp:term":[{"taxonomy":"product_cat","embeddable":true,"href":"https:\/\/vitamin.coredesign.hu\/index.php?rest_route=%2Fwp%2Fv2%2Fproduct_cat&post=5749"},{"taxonomy":"product_tag","embeddable":true,"href":"https:\/\/vitamin.coredesign.hu\/index.php?rest_route=%2Fwp%2Fv2%2Fproduct_tag&post=5749"}],"curies":[{"name":"wp","href":"https:\/\/api.w.org\/{rel}","templated":true}]}}