{"id":5747,"date":"2025-10-12T12:31:33","date_gmt":"2025-10-12T10:31:33","guid":{"rendered":"https:\/\/vitamin.coredesign.hu\/?product=basic-lab-sun-pro-shot-60ml-51-db-csomagban"},"modified":"2026-01-08T23:28:32","modified_gmt":"2026-01-08T22:28:32","slug":"basic-lab-sun-pro-shot-60ml-51-db-csomagban","status":"publish","type":"product","link":"https:\/\/vitamin.coredesign.hu\/?product=basic-lab-sun-pro-shot-60ml-51-db-csomagban","title":{"rendered":"Basic lab <b>SUN PRO<\/b> shot -60ml (5+1 db csomagban)"},"content":{"rendered":"<p>&nbsp;<\/p>\n<div id=\"lt-accessibility-devtools\" aria-hidden=\"true\"><\/div>\n<p align=\"justify\">Mindannyian \u00e1h\u00edtunk az eg\u00e9szs\u00e9ges, ragyog\u00f3, nap cs\u00f3kolta b\u0151rre, \u00e9s egy kis term\u00e9szetes D vitaminra a napocsk\u00e1t\u00f3l. Mindek\u00f6zben szeretn\u00e9nk meg\u00f3vni a b\u0151r\u00fcnket az UV sugarak k\u00e1ros hat\u00e1sait\u00f3l \u2013 b\u0151rirrit\u00e1ci\u00f3, viszket\u00e9s, h\u00e1ml\u00e1s, le\u00e9g\u00e9s, \u00e9s r\u00e1ncos b\u0151r. Figyelem! A NAP szerelmeseinek \u00e9s mindenkinek, aki \u00e9lvezni szeretn\u00e9 a napsugarakat, vagy a szol\u00e1riumot \u2013 pr\u00f3b\u00e1ld ki a SUNPRO-t, egy v\u00e9delmez\u0151 hat\u00e1s\u00fa italt, amely bel\u00fclr\u0151l kifel\u00e9 v\u00e9di a b\u0151r\u00f6d. A fejleszt\u00e9s sor\u00e1n arra t\u00f6rekedt\u00fcnk, hogy a shotunk \u00f6sszetev\u0151i seg\u00edtsenek el\u00e9rni a hosszan tart\u00f3, eg\u00e9szs\u00e9ges, barna b\u0151rsz\u00ednt. Bel\u00fclr\u0151l hidrat\u00e1lja a b\u0151rt a b\u00e9ta-karotin, a biotin, a hialuronsav, az asztaxantin, az elasztin-kollag\u00e9n \u00e9s a C-vitamin. M\u00edg a kr\u00e9mek k\u00fcls\u0151 hidrat\u00e1l\u00e1st \u00e9s v\u00e9delmet ny\u00fajthatnak a b\u0151r\u00fcnknek, a sz\u00e9p b\u0151r \u00e1pol\u00e1sa bel\u00fclr\u0151l kezd\u0151dik a SUNPRO-val!<\/p>\n<p align=\"justify\"><strong>\u00d6sszetev\u0151k:<\/strong><\/p>\n<p>&nbsp;<\/p>\n<h5 class=\"elementor-image-box-title\">b\u00e9ta-karotin<\/h5>\n<div class=\"elementor-element elementor-element-476e1ac elementor-position-left elementor-vertical-align-top elementor-widget elementor-widget-image-box\" data-id=\"476e1ac\" data-element_type=\"widget\" data-widget_type=\"image-box.default\">\n<div class=\"elementor-widget-container\">\n<div class=\"elementor-image-box-wrapper\">\n<div class=\"elementor-image-box-content\">\n<h5 class=\"elementor-image-box-title\">biotin:<\/h5>\n<p>Egy B-vitamin, amely sz\u00e1mos szervezeti funkci\u00f3hoz fontos, bele\u00e9rtve a t\u00e1panyag-anyagcser\u00e9t. Jav\u00edtja a haj, a b\u0151r \u00e9s a k\u00f6r\u00f6m eg\u00e9szs\u00e9g\u00e9t. A biotin fontos szerepet j\u00e1tszik a sz\u00e9nhidr\u00e1tok, zs\u00edrok \u00e9s feh\u00e9rj\u00e9k energi\u00e1v\u00e1 alak\u00edt\u00e1s\u00e1ban. Seg\u00edti a szervezet sejtjeinek megfelel\u0151 m\u0171k\u00f6d\u00e9s\u00e9t is.<\/p>\n<h5 class=\"elementor-image-box-title\">Q-10 koenzim<\/h5>\n<\/div>\n<\/div>\n<\/div>\n<\/div>\n<div class=\"elementor-element elementor-element-1805d68 elementor-position-left elementor-vertical-align-top elementor-widget elementor-widget-image-box\" data-id=\"1805d68\" data-element_type=\"widget\" data-widget_type=\"image-box.default\">\n<div class=\"elementor-widget-container\">\n<div class=\"elementor-image-box-wrapper\">\n<div class=\"elementor-image-box-content\">\n<h5 class=\"elementor-image-box-title\"><strong>\u200b<\/strong><\/h5>\n<h5 class=\"elementor-image-box-title\">hialuronsav:<strong style=\"font-size: 16px;\">\u200b<\/strong><\/h5>\n<\/div>\n<\/div>\n<\/div>\n<\/div>\n<div class=\"elementor-element elementor-element-6be60bc elementor-position-left elementor-vertical-align-top elementor-widget elementor-widget-image-box\" data-id=\"6be60bc\" data-element_type=\"widget\" data-widget_type=\"image-box.default\">\n<div class=\"elementor-widget-container\">\n<div class=\"elementor-image-box-wrapper\">\n<div class=\"elementor-image-box-content\">\n<div class=\"elementor-element elementor-element-6be60bc elementor-position-left elementor-vertical-align-top elementor-widget elementor-widget-image-box\" data-id=\"6be60bc\" data-element_type=\"widget\" data-widget_type=\"image-box.default\">\n<div class=\"elementor-widget-container\">\n<div class=\"elementor-image-box-wrapper\">\n<div class=\"elementor-image-box-content\">\n<p class=\"elementor-image-box-description\">Egy ragacsos, cs\u00fasz\u00f3s anyag, amelyet a szervezet term\u00e9szetesen termel. Megakad\u00e1lyozza a f\u00e1jdalmat \u00e9s a s\u00e9r\u00fcl\u00e9seket, amelyek a csontok egym\u00e1shoz csiszol\u00f3d\u00e1s\u00e1b\u00f3l erednek. J\u00f3t\u00e9kony funkci\u00f3i k\u00f6z\u00e9 tartozik m\u00e9g a hidrat\u00e1l\u00e1s, az \u00edz\u00fcletek ken\u00e9se, a sz\u00f6veten bel\u00fcli \u00e9s a sejtek k\u00f6z\u00f6tti t\u00e9rkit\u00f6lt\u0151 k\u00e9pess\u00e9g, a sz\u00f6vetek \u00e9s sebek helyre\u00e1ll\u00edt\u00e1sa, az \u00edz\u00fcletek aktiv\u00e1l\u00e1s\u00e1nak szab\u00e1lyoz\u00e1sa, az immunv\u00e1lasz fokoz\u00e1sa, a fibroblasztok s\u00e9r\u00fcl\u00e9seinek helyre\u00e1ll\u00edt\u00e1sa \u00e9s a b\u0151r h\u00e1msejtjeinek karbantart\u00e1sa.<\/p>\n<div class=\"elementor-element elementor-element-1805d68 elementor-position-left elementor-vertical-align-top elementor-widget elementor-widget-image-box\" data-id=\"1805d68\" data-element_type=\"widget\" data-widget_type=\"image-box.default\">\n<div class=\"elementor-widget-container\">\n<div class=\"elementor-image-box-wrapper\">\n<div class=\"elementor-image-box-content\">\n<h5 class=\"elementor-image-box-title\">cink-pikolin\u00e1t<strong style=\"font-size: 16px;\">:<\/strong><\/h5>\n<\/div>\n<\/div>\n<\/div>\n<\/div>\n<\/div>\n<div class=\"elementor-image-box-content\">\n<div class=\"elementor-element elementor-element-1805d68 elementor-position-left elementor-vertical-align-top elementor-widget elementor-widget-image-box\" data-id=\"1805d68\" data-element_type=\"widget\" data-widget_type=\"image-box.default\">Hozz\u00e1j\u00e1rul az immunrendszer norm\u00e1l m\u0171k\u00f6d\u00e9s\u00e9hez \u00e9s a sejtek oxidat\u00edv stresszel szembeni v\u00e9delm\u00e9hez; valamint a norm\u00e1l szellemi m\u0171k\u00f6d\u00e9s fenntart\u00e1s\u00e1hoz.<\/div>\n<\/div>\n<div data-id=\"1805d68\" data-element_type=\"widget\" data-widget_type=\"image-box.default\"><\/div>\n<div data-id=\"1805d68\" data-element_type=\"widget\" data-widget_type=\"image-box.default\"><strong>A-vitamin<\/strong><\/div>\n<div data-id=\"1805d68\" data-element_type=\"widget\" data-widget_type=\"image-box.default\"><\/div>\n<div data-id=\"1805d68\" data-element_type=\"widget\" data-widget_type=\"image-box.default\"><strong>kollag\u00e9n<\/strong><\/div>\n<div data-id=\"1805d68\" data-element_type=\"widget\" data-widget_type=\"image-box.default\"><\/div>\n<div class=\"elementor-image-box-content\">\n<div class=\"elementor-element elementor-element-1805d68 elementor-position-left elementor-vertical-align-top elementor-widget elementor-widget-image-box\" data-id=\"1805d68\" data-element_type=\"widget\" data-widget_type=\"image-box.default\">\n<div><\/div>\n<\/div>\n<\/div>\n<\/div>\n<\/div>\n<\/div>\n<\/div>\n<\/div>\n<\/div>\n<\/div>\n<table class=\"woocommerce-product-attributes shop_attributes\" aria-label=\"Product Details\">\n<tbody>\n<tr class=\"woocommerce-product-attributes-item woocommerce-product-attributes-item--attribute_pa_szavatossagi-ido\">\n<th class=\"woocommerce-product-attributes-item__label\" scope=\"row\">Szavatoss\u00e1gi id\u0151:<\/th>\n<td class=\"woocommerce-product-attributes-item__value\">24 h\u00f3nap<\/td>\n<\/tr>\n<\/tbody>\n<\/table>\n","protected":false},"excerpt":{"rendered":"<p>AZ EG\u00c9SZS\u00c9GES, NAPCS\u00d3KOLTA B\u0150R\u00c9RT!<\/p>\n","protected":false},"featured_media":5748,"comment_status":"closed","ping_status":"open","template":"","meta":[],"product_cat":[61],"product_tag":[],"class_list":{"0":"post-5747","1":"product","2":"type-product","3":"status-publish","4":"has-post-thumbnail","6":"product_brand-shotok-basic-lab","7":"product_cat-etrend-kiegeszitok","9":"first","10":"instock","11":"purchasable","12":"product-type-simple"},"_links":{"self":[{"href":"https:\/\/vitamin.coredesign.hu\/index.php?rest_route=\/wp\/v2\/product\/5747","targetHints":{"allow":["GET"]}}],"collection":[{"href":"https:\/\/vitamin.coredesign.hu\/index.php?rest_route=\/wp\/v2\/product"}],"about":[{"href":"https:\/\/vitamin.coredesign.hu\/index.php?rest_route=\/wp\/v2\/types\/product"}],"replies":[{"embeddable":true,"href":"https:\/\/vitamin.coredesign.hu\/index.php?rest_route=%2Fwp%2Fv2%2Fcomments&post=5747"}],"wp:featuredmedia":[{"embeddable":true,"href":"https:\/\/vitamin.coredesign.hu\/index.php?rest_route=\/wp\/v2\/media\/5748"}],"wp:attachment":[{"href":"https:\/\/vitamin.coredesign.hu\/index.php?rest_route=%2Fwp%2Fv2%2Fmedia&parent=5747"}],"wp:term":[{"taxonomy":"product_cat","embeddable":true,"href":"https:\/\/vitamin.coredesign.hu\/index.php?rest_route=%2Fwp%2Fv2%2Fproduct_cat&post=5747"},{"taxonomy":"product_tag","embeddable":true,"href":"https:\/\/vitamin.coredesign.hu\/index.php?rest_route=%2Fwp%2Fv2%2Fproduct_tag&post=5747"}],"curies":[{"name":"wp","href":"https:\/\/api.w.org\/{rel}","templated":true}]}}