{"id":5745,"date":"2025-10-12T12:31:33","date_gmt":"2025-10-12T10:31:33","guid":{"rendered":"https:\/\/vitamin.coredesign.hu\/?product=basic-lab-fly-pro-shot-60ml-51-db-csomagban"},"modified":"2026-01-08T23:28:31","modified_gmt":"2026-01-08T22:28:31","slug":"basic-lab-fly-pro-shot-60ml-51-db-csomagban","status":"publish","type":"product","link":"https:\/\/vitamin.coredesign.hu\/?product=basic-lab-fly-pro-shot-60ml-51-db-csomagban","title":{"rendered":"Basic lab <b>FLY PRO<\/b> shot -60ml (5+1 db csomagban)"},"content":{"rendered":"<p>&nbsp;<\/p>\n<div id=\"lt-accessibility-devtools\" aria-hidden=\"true\"><\/div>\n<p align=\"justify\">Szorongsz \u00e9s idegeskedsz a rep\u00fcl\u0151utak el\u0151tt? Lemondasz \u00e1lmaid nyaral\u00e1s\u00e1r\u00f3l mert f\u00e9lsz a hossz\u00fa \u00fatt\u00f3l a fellegekben? Pr\u00f3b\u00e1lod nyugtatni az idegeidet k\u00fcl\u00f6nb\u00f6z\u0151 relax\u00e1ci\u00f3s gyakorlatokkal a felsz\u00e1ll\u00e1s el\u0151tt? Nem vagy egyed\u00fcl. Kutat\u00e1sok szerint az utasok hatvan sz\u00e1zal\u00e9ka \u00e9rezte m\u00e1r mag\u00e1t nyugtalannak rep\u00fcl\u00e9s el\u0151tt \u00e9s k\u00f6zben, harminc sz\u00e1zal\u00e9kuk pedig s\u00falyos szorong\u00e1st\u00f3l szenved. Ezen t\u00fcnetek lek\u00fczd\u00e9s\u00e9re fejlesztett\u00fck ki a FLYPRO-t, egy zseni\u00e1lis, tiszta n\u00f6v\u00e9nyi kivonatokat tartalmaz\u00f3 funkcion\u00e1lis italt, amely megnyugtatja a testet \u00e9s az elm\u00e9t a felsz\u00e1ll\u00e1s el\u0151tt. Hogyan seg\u00edt Neked a FLYPRO? Az l teanin, gaba, magn\u00e9zium-treon\u00e1t, rhodiola rosea \u00e9s l triptof\u00e1n kokt\u00e9lja egy\u00fcttesen nyugtatja az idegeket, egyenletess\u00e9 teszi a pulzust, seg\u00edt ellazulni \u00e9s elker\u00fclni a hangulatingadoz\u00e1sokat. Hajr\u00e1, foglald le \u00e1lmaid nyaral\u00e1s\u00e1t amire mindig is v\u00e1gyt\u00e1l, \u00e9s \u00e9lvezd a rep\u00fcl\u00e9st!<\/p>\n<p align=\"justify\"><strong>\u00d6sszetev\u0151k:<\/strong><\/p>\n<p>&nbsp;<\/p>\n<h5 class=\"elementor-image-box-title\">golgotavir\u00e1g extrakt<strong>:<\/strong><\/h5>\n<div class=\"elementor-element elementor-element-476e1ac elementor-position-left elementor-vertical-align-top elementor-widget elementor-widget-image-box\" data-id=\"476e1ac\" data-element_type=\"widget\" data-widget_type=\"image-box.default\">\n<div class=\"elementor-widget-container\">\n<div class=\"elementor-image-box-wrapper\">\n<div class=\"elementor-image-box-content\">\n<h5 class=\"elementor-image-box-title\">gaba<\/h5>\n<\/div>\n<\/div>\n<\/div>\n<\/div>\n<div class=\"elementor-element elementor-element-1805d68 elementor-position-left elementor-vertical-align-top elementor-widget elementor-widget-image-box\" data-id=\"1805d68\" data-element_type=\"widget\" data-widget_type=\"image-box.default\">\n<div class=\"elementor-widget-container\">\n<div class=\"elementor-image-box-wrapper\">\n<div class=\"elementor-image-box-content\">\n<h5 class=\"elementor-image-box-title\">L-triptof\u00e1n<\/h5>\n<h5 class=\"elementor-image-box-title\">Gaba<\/h5>\n<h5 class=\"elementor-image-box-title\"><strong>\u200b<\/strong>L-Theanin (green tea):<strong style=\"font-size: 16px;\">\u200b<\/strong><\/h5>\n<\/div>\n<\/div>\n<\/div>\n<\/div>\n<div class=\"elementor-element elementor-element-6be60bc elementor-position-left elementor-vertical-align-top elementor-widget elementor-widget-image-box\" data-id=\"6be60bc\" data-element_type=\"widget\" data-widget_type=\"image-box.default\">\n<div class=\"elementor-widget-container\">\n<div class=\"elementor-image-box-wrapper\">\n<div class=\"elementor-image-box-content\">\n<div class=\"elementor-element elementor-element-6be60bc elementor-position-left elementor-vertical-align-top elementor-widget elementor-widget-image-box\" data-id=\"6be60bc\" data-element_type=\"widget\" data-widget_type=\"image-box.default\">\n<div class=\"elementor-widget-container\">\n<div class=\"elementor-image-box-wrapper\">\n<div class=\"elementor-image-box-content\">\n<p class=\"elementor-image-box-description\">Remek agyserkent\u0151, n\u00f6veli a koncentr\u00e1ci\u00f3t \u00e9s a tanul\u00e1si k\u00e9pess\u00e9get, valamint k\u00f6nnyebb\u00e9 v\u00e1lik t\u0151le az odafigyel\u00e9s egy adott feladatra. Az L-Theanin seg\u00edt megnyugodni, ellazulni, mindezt \u00fagy, hogy nem okoz \u00e1lmoss\u00e1got. Sz\u00e1mos eg\u00e9szs\u00e9g\u00fcgyi el\u0151nnyel j\u00e1r, bele\u00e9rtve a hangulatjavul\u00e1st, a kognit\u00edv k\u00e9pess\u00e9gek javul\u00e1s\u00e1t, valamint a stressz \u00e9s a szorong\u00e1sszer\u0171 t\u00fcnetek cs\u00f6kkent\u00e9s\u00e9t.<\/p>\n<div class=\"elementor-element elementor-element-1805d68 elementor-position-left elementor-vertical-align-top elementor-widget elementor-widget-image-box\" data-id=\"1805d68\" data-element_type=\"widget\" data-widget_type=\"image-box.default\">\n<div class=\"elementor-widget-container\">\n<div class=\"elementor-image-box-wrapper\">\n<div class=\"elementor-image-box-content\"><strong>rhodiola rosea:<\/strong><\/div>\n<\/div>\n<\/div>\n<\/div>\n<\/div>\n<div><\/div>\n<div class=\"elementor-image-box-content\">\n<div class=\"elementor-element elementor-element-1805d68 elementor-position-left elementor-vertical-align-top elementor-widget elementor-widget-image-box\" data-id=\"1805d68\" data-element_type=\"widget\" data-widget_type=\"image-box.default\">\n<div>Term\u00e9szetes nootropikum, amely n\u00f6veli a szervezet \u00e1ll\u00f3k\u00e9pess\u00e9g\u00e9t \u00e9s t\u00e1mogatja az eg\u00e9szs\u00e9ges kortizol (anti-stressz hormon) szint tart\u00e1s\u00e1t.<\/div>\n<\/div>\n<\/div>\n<div><\/div>\n<div class=\"elementor-image-box-content\">\n<div class=\"elementor-element elementor-element-1805d68 elementor-position-left elementor-vertical-align-top elementor-widget elementor-widget-image-box\" data-id=\"1805d68\" data-element_type=\"widget\" data-widget_type=\"image-box.default\">\n<div><\/div>\n<\/div>\n<\/div>\n<\/div>\n<\/div>\n<\/div>\n<\/div>\n<\/div>\n<\/div>\n<\/div>\n<table class=\"woocommerce-product-attributes shop_attributes\" aria-label=\"Product Details\">\n<tbody>\n<tr class=\"woocommerce-product-attributes-item woocommerce-product-attributes-item--attribute_pa_szavatossagi-ido\">\n<th class=\"woocommerce-product-attributes-item__label\" scope=\"row\">Szavatoss\u00e1gi id\u0151:<\/th>\n<td class=\"woocommerce-product-attributes-item__value\">24 h\u00f3nap<\/td>\n<\/tr>\n<\/tbody>\n<\/table>\n","protected":false},"excerpt":{"rendered":"<p>A REP\u00dcL\u00c9S SZORONG\u00c1SAI ELLEN FEJLESZTVE!<\/p>\n","protected":false},"featured_media":5746,"comment_status":"closed","ping_status":"open","template":"","meta":[],"product_cat":[61],"product_tag":[],"class_list":{"0":"post-5745","1":"product","2":"type-product","3":"status-publish","4":"has-post-thumbnail","6":"product_brand-shotok-basic-lab","7":"product_cat-etrend-kiegeszitok","9":"first","10":"instock","11":"purchasable","12":"product-type-simple"},"_links":{"self":[{"href":"https:\/\/vitamin.coredesign.hu\/index.php?rest_route=\/wp\/v2\/product\/5745","targetHints":{"allow":["GET"]}}],"collection":[{"href":"https:\/\/vitamin.coredesign.hu\/index.php?rest_route=\/wp\/v2\/product"}],"about":[{"href":"https:\/\/vitamin.coredesign.hu\/index.php?rest_route=\/wp\/v2\/types\/product"}],"replies":[{"embeddable":true,"href":"https:\/\/vitamin.coredesign.hu\/index.php?rest_route=%2Fwp%2Fv2%2Fcomments&post=5745"}],"wp:featuredmedia":[{"embeddable":true,"href":"https:\/\/vitamin.coredesign.hu\/index.php?rest_route=\/wp\/v2\/media\/5746"}],"wp:attachment":[{"href":"https:\/\/vitamin.coredesign.hu\/index.php?rest_route=%2Fwp%2Fv2%2Fmedia&parent=5745"}],"wp:term":[{"taxonomy":"product_cat","embeddable":true,"href":"https:\/\/vitamin.coredesign.hu\/index.php?rest_route=%2Fwp%2Fv2%2Fproduct_cat&post=5745"},{"taxonomy":"product_tag","embeddable":true,"href":"https:\/\/vitamin.coredesign.hu\/index.php?rest_route=%2Fwp%2Fv2%2Fproduct_tag&post=5745"}],"curies":[{"name":"wp","href":"https:\/\/api.w.org\/{rel}","templated":true}]}}