{"id":5743,"date":"2025-10-12T12:31:05","date_gmt":"2025-10-12T10:31:05","guid":{"rendered":"https:\/\/vitamin.coredesign.hu\/?product=basic-lab-sleep-pro-shot-60ml-51-db-csomagban"},"modified":"2026-01-08T23:28:25","modified_gmt":"2026-01-08T22:28:25","slug":"basic-lab-sleep-pro-shot-60ml-51-db-csomagban","status":"publish","type":"product","link":"https:\/\/vitamin.coredesign.hu\/?product=basic-lab-sleep-pro-shot-60ml-51-db-csomagban","title":{"rendered":"Basic lab <b>SLEEP PRO<\/b> shot -60ml (5+1 db csomagban)"},"content":{"rendered":"<p>&nbsp;<\/p>\n<div id=\"lt-accessibility-devtools\" aria-hidden=\"true\"><\/div>\n<p align=\"justify\">Nehezen alszol el? Forgol\u00f3dsz \u00e9s pr\u00f3b\u00e1lod megtal\u00e1lni a legk\u00e9nyelmesebb alv\u00e1si poz\u00edci\u00f3t, mik\u00f6zben az elm\u00e9d m\u00e9g mindig a napi gondok k\u00f6r\u00fcl forog? Pr\u00f3b\u00e1ld ki a SLEEPPRO-t, az \u00e9jszakai funkcion\u00e1lis italunkat, amelyet azon emberek sz\u00e1m\u00e1ra alkottunk meg, akik hektikus, stresszes \u00e9letet \u00e9lnek, \u00e9s nyugodt, pihentet\u0151 alv\u00e1s ut\u00e1n \u00e1lmodoznak. A lakoss\u00e1g k\u00f6zel hetven sz\u00e1zal\u00e9k\u00e1t \u00e9rintik enyhe vagy s\u00falyos alv\u00e1sprobl\u00e9m\u00e1k. B\u00e1r a medit\u00e1ci\u00f3 \u00e9s a relax\u00e1ci\u00f3s gyakorlatok seg\u00edthetnek, lefekv\u00e9s el\u0151tt, nem mindig tudunk id\u0151t szak\u00edtani ezekre. A tudom\u00e1nyosan \u00f6ssze\u00e1ll\u00edtott, 100%-ban standardiz\u00e1lt n\u00f6v\u00e9nyi sz\u00e1rmaz\u00e9kokb\u00f3l k\u00e9sz\u00fclt funkcion\u00e1lis \u00e9jszakai italunk seg\u00edt a k\u00f6nny\u0171 \u00e9s nyugodt alv\u00e1sban, hogy m\u00e1snap reggel frissen \u00e9bredhess\u00fcnk. A SLEEPPRO csod\u00e1latos \u00f6sszetev\u0151i \u2013 az ashwagandha, az inozitol, a rhodiola rosea, az l-arginin, a gaba \u00e9s a magn\u00e9zium biszglicin\u00e1t \u2013 seg\u00edtenek, hogy megszabadulj a napi stresszt\u0151l, szorong\u00e1st\u00f3l, \u00e9s \u00e1tadhasd magadat egy hossz\u00fa, pihentet\u0151 \u00e9jszakai alv\u00e1snak an\u00e9lk\u00fcl, hogy f\u00fcgg\u0151s\u00e9get okozna.<\/p>\n<p align=\"justify\">\n<p align=\"justify\"><strong>\u00d6sszetev\u0151k:<\/strong><\/p>\n<p>&nbsp;<\/p>\n<h5 class=\"elementor-image-box-title\">Magn\u00e9zium-biszglicin\u00e1t<strong>:<\/strong><\/h5>\n<div class=\"elementor-element elementor-element-476e1ac elementor-position-left elementor-vertical-align-top elementor-widget elementor-widget-image-box\" data-id=\"476e1ac\" data-element_type=\"widget\" data-widget_type=\"image-box.default\">\n<div class=\"elementor-widget-container\">\n<div class=\"elementor-image-box-wrapper\">\n<div class=\"elementor-image-box-content\">\n<p><strong>inositol<\/strong><\/p>\n<\/div>\n<\/div>\n<\/div>\n<\/div>\n<div class=\"elementor-element elementor-element-1805d68 elementor-position-left elementor-vertical-align-top elementor-widget elementor-widget-image-box\" data-id=\"1805d68\" data-element_type=\"widget\" data-widget_type=\"image-box.default\">\n<div class=\"elementor-widget-container\">\n<div class=\"elementor-image-box-wrapper\">\n<div class=\"elementor-image-box-content\">\n<h5 class=\"elementor-image-box-title\">L-triptof\u00e1n<\/h5>\n<h5 class=\"elementor-image-box-title\">Gaba<\/h5>\n<h5 class=\"elementor-image-box-title\"><strong>\u200b<\/strong>L-arginin<\/h5>\n<\/div>\n<\/div>\n<\/div>\n<\/div>\n<div class=\"elementor-element elementor-element-6be60bc elementor-position-left elementor-vertical-align-top elementor-widget elementor-widget-image-box\" data-id=\"6be60bc\" data-element_type=\"widget\" data-widget_type=\"image-box.default\">\n<div class=\"elementor-widget-container\">\n<div class=\"elementor-image-box-wrapper\">\n<div class=\"elementor-image-box-content\">\n<h5 class=\"elementor-image-box-title\">Rhodiola rosea:<strong>\u200b<\/strong><\/h5>\n<div class=\"elementor-element elementor-element-6be60bc elementor-position-left elementor-vertical-align-top elementor-widget elementor-widget-image-box\" data-id=\"6be60bc\" data-element_type=\"widget\" data-widget_type=\"image-box.default\">\n<div class=\"elementor-widget-container\">\n<div class=\"elementor-image-box-wrapper\">\n<div class=\"elementor-image-box-content\">\n<p class=\"elementor-image-box-description\">Term\u00e9szetes nootropikum, amely n\u00f6veli a szervezet \u00e1ll\u00f3k\u00e9pess\u00e9g\u00e9t \u00e9s t\u00e1mogatja az eg\u00e9szs\u00e9ges kortizol (anti-stressz hormon) szint tart\u00e1s\u00e1t.<\/p>\n<div class=\"elementor-element elementor-element-1805d68 elementor-position-left elementor-vertical-align-top elementor-widget elementor-widget-image-box\" data-id=\"1805d68\" data-element_type=\"widget\" data-widget_type=\"image-box.default\">\n<div class=\"elementor-widget-container\">\n<div class=\"elementor-image-box-wrapper\">\n<div class=\"elementor-image-box-content\"><strong>Ashwaganda<\/strong><\/div>\n<\/div>\n<\/div>\n<div><\/div>\n<div><\/div>\n<\/div>\n<\/div>\n<\/div>\n<\/div>\n<\/div>\n<\/div>\n<\/div>\n<\/div>\n<\/div>\n<table class=\"woocommerce-product-attributes shop_attributes\" aria-label=\"Product Details\">\n<tbody>\n<tr class=\"woocommerce-product-attributes-item woocommerce-product-attributes-item--attribute_pa_szavatossagi-ido\">\n<th class=\"woocommerce-product-attributes-item__label\" scope=\"row\">Szavatoss\u00e1gi id\u0151:<\/th>\n<td class=\"woocommerce-product-attributes-item__value\">24 h\u00f3nap<\/td>\n<\/tr>\n<\/tbody>\n<\/table>\n","protected":false},"excerpt":{"rendered":"<p>A NYUGODT, PIHENTET\u0150 ALV\u00c1S\u00c9RT<\/p>\n","protected":false},"featured_media":5744,"comment_status":"closed","ping_status":"open","template":"","meta":[],"product_cat":[61],"product_tag":[],"class_list":{"0":"post-5743","1":"product","2":"type-product","3":"status-publish","4":"has-post-thumbnail","6":"product_brand-shotok-basic-lab","7":"product_cat-etrend-kiegeszitok","9":"first","10":"instock","11":"purchasable","12":"product-type-simple"},"_links":{"self":[{"href":"https:\/\/vitamin.coredesign.hu\/index.php?rest_route=\/wp\/v2\/product\/5743","targetHints":{"allow":["GET"]}}],"collection":[{"href":"https:\/\/vitamin.coredesign.hu\/index.php?rest_route=\/wp\/v2\/product"}],"about":[{"href":"https:\/\/vitamin.coredesign.hu\/index.php?rest_route=\/wp\/v2\/types\/product"}],"replies":[{"embeddable":true,"href":"https:\/\/vitamin.coredesign.hu\/index.php?rest_route=%2Fwp%2Fv2%2Fcomments&post=5743"}],"wp:featuredmedia":[{"embeddable":true,"href":"https:\/\/vitamin.coredesign.hu\/index.php?rest_route=\/wp\/v2\/media\/5744"}],"wp:attachment":[{"href":"https:\/\/vitamin.coredesign.hu\/index.php?rest_route=%2Fwp%2Fv2%2Fmedia&parent=5743"}],"wp:term":[{"taxonomy":"product_cat","embeddable":true,"href":"https:\/\/vitamin.coredesign.hu\/index.php?rest_route=%2Fwp%2Fv2%2Fproduct_cat&post=5743"},{"taxonomy":"product_tag","embeddable":true,"href":"https:\/\/vitamin.coredesign.hu\/index.php?rest_route=%2Fwp%2Fv2%2Fproduct_tag&post=5743"}],"curies":[{"name":"wp","href":"https:\/\/api.w.org\/{rel}","templated":true}]}}