{"id":5739,"date":"2025-10-12T12:31:05","date_gmt":"2025-10-12T10:31:05","guid":{"rendered":"https:\/\/vitamin.coredesign.hu\/?product=basic-lab-before-party-shot-60ml-51-db-csomagban"},"modified":"2026-01-08T23:28:23","modified_gmt":"2026-01-08T22:28:23","slug":"basic-lab-before-party-shot-60ml-51-db-csomagban","status":"publish","type":"product","link":"https:\/\/vitamin.coredesign.hu\/?product=basic-lab-before-party-shot-60ml-51-db-csomagban","title":{"rendered":"Basic lab <b>BEFORE PARTY<\/b> shot -60ml (5+1 db csomagban)"},"content":{"rendered":"<p>&nbsp;<\/p>\n<div id=\"lt-accessibility-devtools\" aria-hidden=\"true\"><\/div>\n<p align=\"justify\">Senki sem szereti az elvesztegetett \u201cm\u00e1s\u201dnapokat. B\u00fcszk\u00e9n mutatjuk be hat\u00e1sos italunkat azok sz\u00e1m\u00e1ra, akik szeretn\u00e9nek egy csipetnyi tudatoss\u00e1got vinni az alkohol fogyaszt\u00e1sukba. T\u00f6bb \u00e9ves szorgalmas kutat\u00e1s \u00e9s fejleszt\u00e9s ut\u00e1n m\u00e9lyrehat\u00f3 ismeretekre tett\u00fcnk szert arr\u00f3l, hogy milyen biol\u00f3giai \u00e9s k\u00e9miai folyamatok j\u00e1tsz\u00f3dnak le a szervezetben, amikor alkoholt fogyasztunk, \u00e9s hogyan tudjuk seg\u00edteni a szervezett\u00fcnket az alkohol lebont\u00e1s\u00e1ban. A PARTY BEFORE 18 gondosan kiv\u00e1lasztott, term\u00e9szetes, biol\u00f3giailag akt\u00edv \u00f6sszetev\u0151t tartalmaz, amelyek felk\u00e9sz\u00edtik a m\u00e1jat arra, hogy olyan enzimeket termeljen, amelyek k\u00e9pesek lesznek gyorsabban lebontani az alkoholt, amint az a szervezetbe ker\u00fcl. F\u0151 \u00f6sszetev\u0151ink a DHM, a jamgy\u00f6k\u00e9r, a glutamin, a lizin, a panax ginseng \u00e9s a B-vitaminok mind seg\u00edtenek megv\u00e9deni \u00e9s vitaliz\u00e1lni a m\u00e1jat az \u00e9lvezetesebb \u00e9jszakai sz\u00f3rakoz\u00e1s \u00e9rdek\u00e9ben. V\u00e9gre, nem csak egy var\u00e1zslatos \u00edg\u00e9ret, hanem egy olyan term\u00e9k, amely enyh\u00edti a sz\u00f6rny\u0171 m\u00e1snaposs\u00e1g mell\u00e9khat\u00e1sait. Rajta, pr\u00f3b\u00e1ld ki!<\/p>\n<p align=\"justify\"><strong>\u00d6sszetev\u0151k:<\/strong><\/p>\n<p><strong>magn\u00e9zium L-treon\u00e1t:<\/strong><\/p>\n<p>Ez a l\u00e9tfontoss\u00e1g\u00fa \u00e1sv\u00e1ny a test t\u00f6bb mint 300 enzimj\u00e9nek megfelel\u0151 m\u0171k\u00f6d\u00e9s\u00e9\u00e9rt felel\u0151s. Szab\u00e1lyozza a feh\u00e9rjeszint\u00e9zist, a v\u00e9rnyom\u00e1st \u00e9s biztos\u00edtja az eg\u00e9szs\u00e9ges idegm\u0171k\u00f6d\u00e9seket. Felel\u0151s a csontk\u00e9pz\u0151d\u00e9shez, a DNS \u00e9s RNS szint\u00e9zis\u00e9\u00e9rt, hozz\u00e1j\u00e1rul a testben az antioxid\u00e1nsok kialakul\u00e1s\u00e1\u00e9rt, s\u0151t el\u0151seg\u00edti a szervezetben m\u00e1s \u00e1sv\u00e1nyi anyagok, mint pl. a kalcium hasznosul\u00e1s\u00e1t. Szerepe van a bevitt t\u00e1pl\u00e1l\u00e9k energi\u00e1v\u00e1 alak\u00edt\u00e1s\u00e1ban, seg\u00edti a feh\u00e9rj\u00e9k fel\u00e9p\u00edt\u00e9s\u00e9t aminosavakb\u00f3l, g\u00e9nkarbantart\u00e1sban is r\u00e9szt vesz, helyre\u00e1ll\u00edtja a DNS-t, RNS-t.<\/p>\n<div class=\"elementor-element elementor-element-476e1ac elementor-position-left elementor-vertical-align-top elementor-widget elementor-widget-image-box\" data-id=\"476e1ac\" data-element_type=\"widget\" data-widget_type=\"image-box.default\">\n<div class=\"elementor-widget-container\">\n<div class=\"elementor-image-box-wrapper\">\n<div class=\"elementor-image-box-content\">\n<h5 class=\"elementor-image-box-title\">dihydro-myricetin (DHM):<\/h5>\n<p>Hovenia dulcis jap\u00e1n mazsolafa hat\u00f3anyaga. A DHM fokozza test term\u00e9szetes k\u00e9pess\u00e9g\u00e9t az alkohol lebont\u00e1s\u00e1ra. A DHM el\u0151nye, hogy n\u00f6veli az alkohol metabolizmus\u00e1nak sebess\u00e9g\u00e9t, ez\u00e1ltal r\u00f6videbb ideig tart. Cs\u00f6kkenti a lipid (zs\u00edr) felhalmoz\u00f3d\u00e1s\u00e1t a m\u00e1jsz\u00f6vetben.<\/p>\n<\/div>\n<\/div>\n<\/div>\n<\/div>\n<div class=\"elementor-element elementor-element-1805d68 elementor-position-left elementor-vertical-align-top elementor-widget elementor-widget-image-box\" data-id=\"1805d68\" data-element_type=\"widget\" data-widget_type=\"image-box.default\">\n<div class=\"elementor-widget-container\">\n<div class=\"elementor-image-box-wrapper\">\n<div class=\"elementor-image-box-content\">\n<h5 class=\"elementor-image-box-title\">hovenia dulcus extract<\/h5>\n<h5 class=\"elementor-image-box-title\">L-Glutamin:<\/h5>\n<p>Jav\u00edthatja a mem\u00f3ri\u00e1t \u00e9s koncentr\u00e1ci\u00f3s k\u00e9szs\u00e9get.<\/p>\n<h5 class=\"elementor-image-box-title\">C vitamin<strong>\u200b<\/strong><\/h5>\n<\/div>\n<\/div>\n<\/div>\n<\/div>\n<div class=\"elementor-element elementor-element-6be60bc elementor-position-left elementor-vertical-align-top elementor-widget elementor-widget-image-box\" data-id=\"6be60bc\" data-element_type=\"widget\" data-widget_type=\"image-box.default\">\n<div class=\"elementor-widget-container\">\n<div class=\"elementor-image-box-wrapper\">\n<div class=\"elementor-image-box-content\">\n<p class=\"elementor-image-box-description\">Jelent\u0151sen jav\u00edtja szervezet\u00fcnk v\u00e9dekez\u0151k\u00e9pess\u00e9g\u00e9t. Immuner\u0151s\u00edt\u0151 hat\u00e1s\u00e1t, els\u0151sorban antioxid\u00e1ns tulajdons\u00e1g\u00e1nak k\u00f6sz\u00f6nheti. A C-vitamin hozz\u00e1j\u00e1rul a t\u00faltermel\u0151d\u0151 szabad gy\u00f6k\u00f6k semleges\u00edt\u00e9s\u00e9hez. Cs\u00f6kkenti a szervezetben kialakul\u00f3 gyullad\u00e1sok, valamint a fert\u0151z\u00e9sek, sz\u00edv- \u00e9s \u00e9rrendszeri megbeteged\u00e9sek kock\u00e1zat\u00e1t, valamint \u00f3vja a DNS-t, \u00e9s \u00edgy lass\u00edtja a b\u0151r \u00f6reged\u00e9s\u00e9t. A szervezet nem k\u00e9pes el\u0151\u00e1ll\u00edtani, r\u00e1ad\u00e1sul gyorsan ki\u00fcr\u00fcl, \u00edgy sz\u00fcks\u00e9ges a folyamatos p\u00f3tl\u00e1sa.<\/p>\n<p>&nbsp;<\/p>\n<\/div>\n<\/div>\n<\/div>\n<\/div>\n<table class=\"woocommerce-product-attributes shop_attributes\" aria-label=\"Product Details\">\n<tbody>\n<tr class=\"woocommerce-product-attributes-item woocommerce-product-attributes-item--attribute_pa_szavatossagi-ido\">\n<th class=\"woocommerce-product-attributes-item__label\" scope=\"row\">Szavatoss\u00e1gi id\u0151:<\/th>\n<td class=\"woocommerce-product-attributes-item__value\">24 h\u00f3nap<\/td>\n<\/tr>\n<\/tbody>\n<\/table>\n","protected":false},"excerpt":{"rendered":"<p>A TUDATOS PARTY KEZD\u00c9SHEZ! \u2013 EZ NEM VAR\u00c1ZSLAT, EZ TUDOM\u00c1NY<\/p>\n","protected":false},"featured_media":5740,"comment_status":"closed","ping_status":"open","template":"","meta":[],"product_cat":[61],"product_tag":[],"class_list":{"0":"post-5739","1":"product","2":"type-product","3":"status-publish","4":"has-post-thumbnail","6":"product_brand-shotok-basic-lab","7":"product_cat-etrend-kiegeszitok","9":"first","10":"instock","11":"purchasable","12":"product-type-simple"},"_links":{"self":[{"href":"https:\/\/vitamin.coredesign.hu\/index.php?rest_route=\/wp\/v2\/product\/5739","targetHints":{"allow":["GET"]}}],"collection":[{"href":"https:\/\/vitamin.coredesign.hu\/index.php?rest_route=\/wp\/v2\/product"}],"about":[{"href":"https:\/\/vitamin.coredesign.hu\/index.php?rest_route=\/wp\/v2\/types\/product"}],"replies":[{"embeddable":true,"href":"https:\/\/vitamin.coredesign.hu\/index.php?rest_route=%2Fwp%2Fv2%2Fcomments&post=5739"}],"wp:featuredmedia":[{"embeddable":true,"href":"https:\/\/vitamin.coredesign.hu\/index.php?rest_route=\/wp\/v2\/media\/5740"}],"wp:attachment":[{"href":"https:\/\/vitamin.coredesign.hu\/index.php?rest_route=%2Fwp%2Fv2%2Fmedia&parent=5739"}],"wp:term":[{"taxonomy":"product_cat","embeddable":true,"href":"https:\/\/vitamin.coredesign.hu\/index.php?rest_route=%2Fwp%2Fv2%2Fproduct_cat&post=5739"},{"taxonomy":"product_tag","embeddable":true,"href":"https:\/\/vitamin.coredesign.hu\/index.php?rest_route=%2Fwp%2Fv2%2Fproduct_tag&post=5739"}],"curies":[{"name":"wp","href":"https:\/\/api.w.org\/{rel}","templated":true}]}}