{"id":5737,"date":"2025-10-12T12:31:05","date_gmt":"2025-10-12T10:31:05","guid":{"rendered":"https:\/\/vitamin.coredesign.hu\/?product=basic-lab-brain-pro-shot-60ml-51-db-csomagban"},"modified":"2026-01-08T23:28:22","modified_gmt":"2026-01-08T22:28:22","slug":"basic-lab-brain-pro-shot-60ml-51-db-csomagban","status":"publish","type":"product","link":"https:\/\/vitamin.coredesign.hu\/?product=basic-lab-brain-pro-shot-60ml-51-db-csomagban","title":{"rendered":"Basic lab <b>BRAIN PRO<\/b> shot -60ml (5+1 db csomagban)"},"content":{"rendered":"<p>&nbsp;<\/p>\n<div id=\"lt-accessibility-devtools\" aria-hidden=\"true\"><\/div>\n<p align=\"justify\">F\u00e1radt vagy? Nehezen tudsz \u00f6sszpontos\u00edtani vagy figyelni? Ebben ny\u00fajthat seg\u00edts\u00e9get a BrainPro funkcion\u00e1lis ital.\u00a0 A BrainPro jav\u00edtja a reakci\u00f3id\u0151t, \u00e1ltala kevesebb id\u0151re van sz\u00fcks\u00e9g feldolgozni a kapott inform\u00e1ci\u00f3kat az agynak. A benne l\u00e9v\u0151 term\u00e9szetes hat\u00f3anyagok, mind r\u00f6vid mind hossz\u00fa t\u00e1von el\u0151ny\u00f6sek.<\/p>\n<p align=\"justify\">Vannak helyzetek, amikor fontos, hogy \u00e9ber \u00e9s f\u00f3kusz\u00e1lt tudj maradni. Ebben lehet seg\u00edts\u00e9gedre a forradalmi \u00f6sszet\u00e9tel\u0171 eg\u00e9szs\u00e9ges funkcion\u00e1lis italunk! Gondosan kiv\u00e1lasztott term\u00e9szetes \u00f6sszetev\u0151ink ak\u00e1r h\u00e1rom \u00f3r\u00e1n kereszt\u00fcl fokozz\u00e1k az agym\u0171k\u00f6d\u00e9st. A BRAINPRO a t\u00f6k\u00e9letes agym\u0171k\u00f6d\u00e9st felpezsd\u00edt\u0151 ital minden helyzetben \u2013 legyen sz\u00f3 munk\u00e1r\u00f3l, tanul\u00e1sr\u00f3l vagy vezet\u00e9sr\u0151l \u2013 tiszta n\u00f6v\u00e9nyi eredet\u0171 \u00f6sszetev\u0151kkel, vitaminokkal, \u00e1sv\u00e1nyi anyagokkal \u00e9s nyomelemekkel megalkotva, amelyek elengedhetetlenek a kiegyens\u00falyozott agym\u0171k\u00f6d\u00e9shez. Tudjuk, hogy fontos az eg\u00e9szs\u00e9ged, ez\u00e9rt vagyunk b\u00fcszk\u00e9k arra, hogy minden italunk z\u00e9r\u00f3 cukrot, z\u00e9r\u00f3 adal\u00e9kanyagot \u00e9s z\u00e9r\u00f3 koffeint tartalmaz! \u00cdgy ezt a kis funkcion\u00e1lis italt k\u00e9s\u0151 d\u00e9lut\u00e1n is fogyaszthatod k\u00e1v\u00e9 helyett an\u00e9lk\u00fcl, hogy megzavarn\u00e1 az alv\u00e1si ciklusodat. A BRAINPRO a kolin, guarana, panax ginseng, l-glutamin \u00e9s s\u00fcngomba magas koncentr\u00e1ci\u00f3j\u00e1nak k\u00f6sz\u00f6nhet\u0151en fenntarthat\u00f3 energi\u00e1t biztos\u00edt. Az \u00f6sszetev\u0151k egyed\u00fcl\u00e1ll\u00f3 kever\u00e9k\u00e9t m\u00e1r t\u00f6bb sz\u00e1z \u00e9ve haszn\u00e1lj\u00e1k a k\u00ednai \u00e9s az ayurv\u00e9dikus gy\u00f3gy\u00e1szatban. Te is tedd pr\u00f3b\u00e1ra!<\/p>\n<p align=\"justify\"><strong>\u00d6sszetev\u0151k:<\/strong><\/p>\n<p><strong>magn\u00e9zium L-treon\u00e1t:<\/strong><\/p>\n<p>Ez a l\u00e9tfontoss\u00e1g\u00fa \u00e1sv\u00e1ny a test t\u00f6bb mint 300 enzimj\u00e9nek megfelel\u0151 m\u0171k\u00f6d\u00e9s\u00e9\u00e9rt felel\u0151s. Szab\u00e1lyozza a feh\u00e9rjeszint\u00e9zist, a v\u00e9rnyom\u00e1st \u00e9s biztos\u00edtja az eg\u00e9szs\u00e9ges idegm\u0171k\u00f6d\u00e9seket. Felel\u0151s a csontk\u00e9pz\u0151d\u00e9shez, a DNS \u00e9s RNS szint\u00e9zis\u00e9\u00e9rt, hozz\u00e1j\u00e1rul a testben az antioxid\u00e1nsok kialakul\u00e1s\u00e1\u00e9rt, s\u0151t el\u0151seg\u00edti a szervezetben m\u00e1s \u00e1sv\u00e1nyi anyagok, mint pl. a kalcium hasznosul\u00e1s\u00e1t. Szerepe van a bevitt t\u00e1pl\u00e1l\u00e9k energi\u00e1v\u00e1 alak\u00edt\u00e1s\u00e1ban, seg\u00edti a feh\u00e9rj\u00e9k fel\u00e9p\u00edt\u00e9s\u00e9t aminosavakb\u00f3l, g\u00e9nkarbantart\u00e1sban is r\u00e9szt vesz, helyre\u00e1ll\u00edtja a DNS-t, RNS-t.<\/p>\n<div class=\"elementor-element elementor-element-476e1ac elementor-position-left elementor-vertical-align-top elementor-widget elementor-widget-image-box\" data-id=\"476e1ac\" data-element_type=\"widget\" data-widget_type=\"image-box.default\">\n<div class=\"elementor-widget-container\">\n<div class=\"elementor-image-box-wrapper\">\n<div class=\"elementor-image-box-content\">\n<h5 class=\"elementor-image-box-title\">s\u00fcngomba:<\/h5>\n<p>Term\u00e9szetes nootropikum, amely az \u00f6sszpontos\u00edt\u00e1st \u00e9s a koncentr\u00e1ci\u00f3t t\u00e1mogatja.<\/p>\n<\/div>\n<\/div>\n<\/div>\n<\/div>\n<div class=\"elementor-element elementor-element-1805d68 elementor-position-left elementor-vertical-align-top elementor-widget elementor-widget-image-box\" data-id=\"1805d68\" data-element_type=\"widget\" data-widget_type=\"image-box.default\">\n<div class=\"elementor-widget-container\">\n<div class=\"elementor-image-box-wrapper\">\n<div class=\"elementor-image-box-content\">\n<h5 class=\"elementor-image-box-title\">Rhodiola rosea:<\/h5>\n<p class=\"elementor-image-box-description\">Term\u00e9szetes nootropikum, amely n\u00f6veli a szervezet \u00e1ll\u00f3k\u00e9pess\u00e9g\u00e9t \u00e9s t\u00e1mogatja az eg\u00e9szs\u00e9ges kortizol (anti-stressz hormon) szint tart\u00e1s\u00e1t.<\/p>\n<p class=\"elementor-image-box-description\"><strong>Panax ginseng:<\/strong><\/p>\n<p>Term\u00e9szetes nootropikum mely bizony\u00edtottan seg\u00edt, hogy szellemileg mindig frissek maradjunk, \u00e9s a legjobbat hozzuk ki magunkb\u00f3l. A hangulatunkon is jelent\u0151sen jav\u00edt.<\/p>\n<h5 class=\"elementor-image-box-title\">L-Theanin (green tea):<\/h5>\n<p>Remek agyserkent\u0151, n\u00f6veli a koncentr\u00e1ci\u00f3t \u00e9s a tanul\u00e1si k\u00e9pess\u00e9get, valamint k\u00f6nnyebb\u00e9 v\u00e1lik t\u0151le az odafigyel\u00e9s egy adott feladatra. Az L-Theanin seg\u00edt megnyugodni, ellazulni, mindezt \u00fagy, hogy nem okoz \u00e1lmoss\u00e1got. Sz\u00e1mos eg\u00e9szs\u00e9g\u00fcgyi el\u0151nnyel j\u00e1r, bele\u00e9rtve a hangulatjavul\u00e1st, a kognit\u00edv k\u00e9pess\u00e9gek javul\u00e1s\u00e1t, valamint a stressz \u00e9s a szorong\u00e1sszer\u0171 t\u00fcnetek cs\u00f6kkent\u00e9s\u00e9t.<\/p>\n<h5 class=\"elementor-image-box-title\">C vitamin<strong>\u200b<\/strong><\/h5>\n<\/div>\n<\/div>\n<\/div>\n<\/div>\n<div class=\"elementor-element elementor-element-6be60bc elementor-position-left elementor-vertical-align-top elementor-widget elementor-widget-image-box\" data-id=\"6be60bc\" data-element_type=\"widget\" data-widget_type=\"image-box.default\">\n<div class=\"elementor-widget-container\">\n<div class=\"elementor-image-box-wrapper\">\n<div class=\"elementor-image-box-content\">\n<p class=\"elementor-image-box-description\">Jelent\u0151sen jav\u00edtja szervezet\u00fcnk v\u00e9dekez\u0151k\u00e9pess\u00e9g\u00e9t. Immuner\u0151s\u00edt\u0151 hat\u00e1s\u00e1t, els\u0151sorban antioxid\u00e1ns tulajdons\u00e1g\u00e1nak k\u00f6sz\u00f6nheti. A C-vitamin hozz\u00e1j\u00e1rul a t\u00faltermel\u0151d\u0151 szabad gy\u00f6k\u00f6k semleges\u00edt\u00e9s\u00e9hez. Cs\u00f6kkenti a szervezetben kialakul\u00f3 gyullad\u00e1sok, valamint a fert\u0151z\u00e9sek, sz\u00edv- \u00e9s \u00e9rrendszeri megbeteged\u00e9sek kock\u00e1zat\u00e1t, valamint \u00f3vja a DNS-t, \u00e9s \u00edgy lass\u00edtja a b\u0151r \u00f6reged\u00e9s\u00e9t. A szervezet nem k\u00e9pes el\u0151\u00e1ll\u00edtani, r\u00e1ad\u00e1sul gyorsan ki\u00fcr\u00fcl, \u00edgy sz\u00fcks\u00e9ges a folyamatos p\u00f3tl\u00e1sa.<\/p>\n<h5 class=\"elementor-image-box-title\">B12-vitamin:<\/h5>\n<p>Egyike a l\u00e9tfontoss\u00e1g\u00fa vitaminoknak, hozz\u00e1j\u00e1rul a sejtek megfelel\u0151 szaporod\u00e1s\u00e1hoz, a v\u00e9rk\u00e9pz\u00e9shez \u00e9s az idegrendszer m\u0171k\u00f6d\u00e9s\u00e9hez. Szervezet\u00fcnk t\u00f6bbek k\u00f6z\u00f6tt ennek a vitaminnak a seg\u00edts\u00e9g\u00e9vel alak\u00edtja \u00e9s \u201egy\u00f3gy\u00edtja\u201d a DNS-t. Ahogyan \u00f6regsz\u00fcnk, agyunk t\u00e9rfogata cs\u00f6kken, a kognit\u00edv k\u00e9pess\u00e9gek pedig ezzel p\u00e1rhuzamosan gyeng\u00fclnek. A B12-vitamin megemelt bevitel\u00e9vel ezek a negat\u00edv folyamatok lass\u00edthat\u00f3ak, valamint jav\u00edthat\u00f3 a gyeng\u00fcl\u0151 mem\u00f3ria.<\/p>\n<\/div>\n<\/div>\n<\/div>\n<\/div>\n<p>&nbsp;<\/p>\n<table class=\"woocommerce-product-attributes shop_attributes\" aria-label=\"Product Details\">\n<tbody>\n<tr class=\"woocommerce-product-attributes-item woocommerce-product-attributes-item--attribute_pa_szavatossagi-ido\">\n<th class=\"woocommerce-product-attributes-item__label\" scope=\"row\">Szavatoss\u00e1gi id\u0151:<\/th>\n<td class=\"woocommerce-product-attributes-item__value\">24 h\u00f3nap<\/td>\n<\/tr>\n<\/tbody>\n<\/table>\n","protected":false},"excerpt":{"rendered":"<p>F\u00e1radt vagy? Nehezen tudsz \u00f6sszpontos\u00edtani vagy figyelni? Ebben ny\u00fajthat seg\u00edts\u00e9get a BrainPro funkcion\u00e1lis ital.\u00a0 A BrainPro jav\u00edtja a reakci\u00f3id\u0151t, \u00e1ltala kevesebb id\u0151re van sz\u00fcks\u00e9g feldolgozni a kapott inform\u00e1ci\u00f3kat az agynak. A benne l\u00e9v\u0151 term\u00e9szetes hat\u00f3anyagok, mind r\u00f6vid mind hossz\u00fa t\u00e1von el\u0151ny\u00f6sek.<\/p>\n","protected":false},"featured_media":5738,"comment_status":"closed","ping_status":"open","template":"","meta":[],"product_cat":[61],"product_tag":[],"class_list":{"0":"post-5737","1":"product","2":"type-product","3":"status-publish","4":"has-post-thumbnail","6":"product_brand-shotok-basic-lab","7":"product_cat-etrend-kiegeszitok","9":"first","10":"instock","11":"purchasable","12":"product-type-simple"},"_links":{"self":[{"href":"https:\/\/vitamin.coredesign.hu\/index.php?rest_route=\/wp\/v2\/product\/5737","targetHints":{"allow":["GET"]}}],"collection":[{"href":"https:\/\/vitamin.coredesign.hu\/index.php?rest_route=\/wp\/v2\/product"}],"about":[{"href":"https:\/\/vitamin.coredesign.hu\/index.php?rest_route=\/wp\/v2\/types\/product"}],"replies":[{"embeddable":true,"href":"https:\/\/vitamin.coredesign.hu\/index.php?rest_route=%2Fwp%2Fv2%2Fcomments&post=5737"}],"wp:featuredmedia":[{"embeddable":true,"href":"https:\/\/vitamin.coredesign.hu\/index.php?rest_route=\/wp\/v2\/media\/5738"}],"wp:attachment":[{"href":"https:\/\/vitamin.coredesign.hu\/index.php?rest_route=%2Fwp%2Fv2%2Fmedia&parent=5737"}],"wp:term":[{"taxonomy":"product_cat","embeddable":true,"href":"https:\/\/vitamin.coredesign.hu\/index.php?rest_route=%2Fwp%2Fv2%2Fproduct_cat&post=5737"},{"taxonomy":"product_tag","embeddable":true,"href":"https:\/\/vitamin.coredesign.hu\/index.php?rest_route=%2Fwp%2Fv2%2Fproduct_tag&post=5737"}],"curies":[{"name":"wp","href":"https:\/\/api.w.org\/{rel}","templated":true}]}}