{"id":5735,"date":"2025-10-12T12:31:05","date_gmt":"2025-10-12T10:31:05","guid":{"rendered":"https:\/\/vitamin.coredesign.hu\/?product=basic-lab-after-party-shot-60ml-51-db-csomagban"},"modified":"2026-01-08T23:28:21","modified_gmt":"2026-01-08T22:28:21","slug":"basic-lab-after-party-shot-60ml-51-db-csomagban","status":"publish","type":"product","link":"https:\/\/vitamin.coredesign.hu\/?product=basic-lab-after-party-shot-60ml-51-db-csomagban","title":{"rendered":"Basic lab <b>AFTER PARTY<\/b> shot -60ml (5+1 db csomagban)"},"content":{"rendered":"<p>&nbsp;<\/p>\n<div id=\"lt-accessibility-devtools\" aria-hidden=\"true\"><\/div>\n<p align=\"justify\">Kinek ne f\u00e1jt volna m\u00e1r a feje, ne aludt volna rosszul, ne lett volna kalimp\u00e1l\u00f3 sz\u00edvdobog\u00e1sa, vagy kellemetlen hangulatingadoz\u00e1sa, a t\u00fal sok alkohol fogyaszt\u00e1sa ut\u00e1n? B\u00e1r az alkohol r\u00f6vid id\u0151re feldobhatja a hangulatodat \u00e9s fokozhatja a kedvedet, amint az alkohol leboml\u00e1s\u00e1b\u00f3l sz\u00e1rmaz\u00f3 m\u00e9rgez\u0151 elemek \u00fatjukra indulnak testedben, \u00e9szreveheted a m\u00e1snaposs\u00e1g sz\u00f6rny\u0171 t\u00fcneteit, amelyeket annyira szeretn\u00e9nk elker\u00fclni \u00e9s min\u00e9l hamarabb enyh\u00edteni. Itt j\u00f6n a k\u00e9pbe a PARTY AFTER, amely kieg\u00e9sz\u00edti a PARTY BEFORE-t, hogy a borzalmas m\u00e1snaposs\u00e1g k\u00ednz\u00f3 t\u00fcnetei n\u00e9lk\u00fcl \u00e9lvezhesd a sz\u00f3rakoztat\u00f3 \u00e9jszaka minden pillanat\u00e1t. Idd meg, amint befejezted az iv\u00e1st. A GABA, rhodiola rosea, glutamin, magn\u00e9zium-treon\u00e1t, panax ginseng \u00e9s B-vitaminok kever\u00e9k\u00e9b\u0151l \u00e1ll\u00f3 term\u00e9szetes \u00f6sszetev\u0151ink kever\u00e9ke lef\u00e9kezi az alkohol mell\u00e9khat\u00e1sait, seg\u00edt regener\u00e1lni a m\u00e1jat, lebontani az alkoholt, \u00edgy jobban alszol, \u00e9s frissebb m\u00e1snapot biztos\u00edt. H\u00e1la ennek, egyetlen \u201cm\u00e1s\u201dnap sem megy k\u00e1rba! A PARTY sorozatot m\u00e1snap egy BRAINPRO funkcion\u00e1lis itallal eg\u00e9sz\u00edtheted ki, \u00edgy semmi sem \u00e1llhat a friss, \u00e9lettel teli \u00e9ned \u00fatj\u00e1ba.<\/p>\n<p align=\"justify\">\n<p align=\"justify\"><strong>\u00d6sszetev\u0151k:<\/strong><\/p>\n<p><strong>magn\u00e9zium L-treon\u00e1t:<\/strong><\/p>\n<p>Ez a l\u00e9tfontoss\u00e1g\u00fa \u00e1sv\u00e1ny a test t\u00f6bb mint 300 enzimj\u00e9nek megfelel\u0151 m\u0171k\u00f6d\u00e9s\u00e9\u00e9rt felel\u0151s. Szab\u00e1lyozza a feh\u00e9rjeszint\u00e9zist, a v\u00e9rnyom\u00e1st \u00e9s biztos\u00edtja az eg\u00e9szs\u00e9ges idegm\u0171k\u00f6d\u00e9seket. Felel\u0151s a csontk\u00e9pz\u0151d\u00e9shez, a DNS \u00e9s RNS szint\u00e9zis\u00e9\u00e9rt, hozz\u00e1j\u00e1rul a testben az antioxid\u00e1nsok kialakul\u00e1s\u00e1\u00e9rt, s\u0151t el\u0151seg\u00edti a szervezetben m\u00e1s \u00e1sv\u00e1nyi anyagok, mint pl. a kalcium hasznosul\u00e1s\u00e1t. Szerepe van a bevitt t\u00e1pl\u00e1l\u00e9k energi\u00e1v\u00e1 alak\u00edt\u00e1s\u00e1ban, seg\u00edti a feh\u00e9rj\u00e9k fel\u00e9p\u00edt\u00e9s\u00e9t aminosavakb\u00f3l, g\u00e9nkarbantart\u00e1sban is r\u00e9szt vesz, helyre\u00e1ll\u00edtja a DNS-t, RNS-t.<\/p>\n<div class=\"elementor-element elementor-element-476e1ac elementor-position-left elementor-vertical-align-top elementor-widget elementor-widget-image-box\" data-id=\"476e1ac\" data-element_type=\"widget\" data-widget_type=\"image-box.default\">\n<div class=\"elementor-widget-container\">\n<div class=\"elementor-image-box-wrapper\">\n<div class=\"elementor-image-box-content\">\n<h5 class=\"elementor-image-box-title\">C vitamin:<\/h5>\n<p>Jelent\u0151sen jav\u00edtja szervezet\u00fcnk v\u00e9dekez\u0151k\u00e9pess\u00e9g\u00e9t. Immuner\u0151s\u00edt\u0151 hat\u00e1s\u00e1t, els\u0151sorban antioxid\u00e1ns tulajdons\u00e1g\u00e1nak k\u00f6sz\u00f6nheti. A C-vitamin hozz\u00e1j\u00e1rul a t\u00faltermel\u0151d\u0151 szabad gy\u00f6k\u00f6k semleges\u00edt\u00e9s\u00e9hez. Cs\u00f6kkenti a szervezetben kialakul\u00f3 gyullad\u00e1sok, valamint a fert\u0151z\u00e9sek, sz\u00edv- \u00e9s \u00e9rrendszeri megbeteged\u00e9sek kock\u00e1zat\u00e1t, valamint \u00f3vja a DNS-t, \u00e9s \u00edgy lass\u00edtja a b\u0151r \u00f6reged\u00e9s\u00e9t. A szervezet nem k\u00e9pes el\u0151\u00e1ll\u00edtani, r\u00e1ad\u00e1sul gyorsan ki\u00fcr\u00fcl, \u00edgy sz\u00fcks\u00e9ges a folyamatos p\u00f3tl\u00e1sa.<\/p>\n<\/div>\n<\/div>\n<\/div>\n<\/div>\n<div class=\"elementor-element elementor-element-1805d68 elementor-position-left elementor-vertical-align-top elementor-widget elementor-widget-image-box\" data-id=\"1805d68\" data-element_type=\"widget\" data-widget_type=\"image-box.default\">\n<div class=\"elementor-widget-container\">\n<div class=\"elementor-image-box-wrapper\">\n<div class=\"elementor-image-box-content\">\n<h5 class=\"elementor-image-box-title\">Gl\u00fckozamin:<\/h5>\n<p class=\"elementor-image-box-description\">Term\u00e9szetes anyag, tengeri \u00e1llatok kitinp\u00e1nc\u00e9lj\u00e1b\u00f3l nyerik ki. Seg\u00edti a s\u00farl\u00f3d\u00e1snak kitett \u00edz\u00fcleti sz\u00f6vetek sima fel\u00fclet\u00e9t, f\u00e1jdalom-mentes mozg\u00e1s\u00e1t \u00e9s a porcsz\u00f6vetek \u00fajra k\u00e9pz\u0151d\u00e9s\u00e9t. T\u00e1panyagul szolg\u00e1l a porcot fel\u00e9p\u00edt\u0151 sejteknek, n\u00e9lk\u00fcl\u00f6zhetetlen az \u00edz\u00fcleti porc m\u0171k\u00f6d\u00e9s\u00e9hez. Term\u00e9szetes gyullad\u00e1scs\u00f6kkent\u0151 tulajdons\u00e1gai vannak, valamint hat\u00e1sos \u00f6reged\u00e9s g\u00e1tl\u00f3 is. Seg\u00edt az id\u0151skorral egy\u00fctt j\u00e1r\u00f3 betegs\u00e9gek t\u00fcneteinek kezel\u00e9s\u00e9ben, mint az \u00edz\u00fcleti gyullad\u00e1s, ill. az id\u00fclt \u00edz\u00fcleti gyullad\u00e1s.<\/p>\n<p class=\"elementor-image-box-description\"><strong>riboflavin<\/strong><\/p>\n<p class=\"elementor-image-box-description\"><strong>niacin<\/strong><\/p>\n<p class=\"elementor-image-box-description\"><strong>gaba<\/strong><\/p>\n<p class=\"elementor-image-box-description\"><strong>rhodiola rosea\u200b<\/strong><\/p>\n<\/div>\n<\/div>\n<\/div>\n<\/div>\n<div class=\"elementor-element elementor-element-6be60bc elementor-position-left elementor-vertical-align-top elementor-widget elementor-widget-image-box\" data-id=\"6be60bc\" data-element_type=\"widget\" data-widget_type=\"image-box.default\">\n<div class=\"elementor-widget-container\">\n<div class=\"elementor-image-box-wrapper\">\n<div class=\"elementor-image-box-content\">\n<p class=\"elementor-image-box-description\">Term\u00e9szetes nootropikum, amely n\u00f6veli a szervezet \u00e1ll\u00f3k\u00e9pess\u00e9g\u00e9t \u00e9s t\u00e1mogatja az eg\u00e9szs\u00e9ges kortizol (anti-stressz hormon) szint tart\u00e1s\u00e1t.<\/p>\n<\/div>\n<\/div>\n<\/div>\n<\/div>\n<p>&nbsp;<\/p>\n<table class=\"woocommerce-product-attributes shop_attributes\" aria-label=\"Product Details\">\n<tbody>\n<tr class=\"woocommerce-product-attributes-item woocommerce-product-attributes-item--attribute_pa_szavatossagi-ido\">\n<th class=\"woocommerce-product-attributes-item__label\" scope=\"row\">Szavatoss\u00e1gi id\u0151:<\/th>\n<td class=\"woocommerce-product-attributes-item__value\">24 h\u00f3nap<\/td>\n<\/tr>\n<\/tbody>\n<\/table>\n","protected":false},"excerpt":{"rendered":"<p>MONDJ NEM-ET A M\u00c1SNAPOSS\u00c1GRA! AFTER PARTY<\/p>\n<p>M\u00e1jv\u00e9d\u0151 \u00e9s vitaliz\u00e1l\u00f3 k\u00e9pess\u00e9ge seg\u00edt az alkoholfogyaszt\u00e1s kellemetlen hat\u00e1sainak cs\u00f6kkent\u00e9s\u00e9ben.<\/p>\n","protected":false},"featured_media":5736,"comment_status":"closed","ping_status":"open","template":"","meta":[],"product_cat":[61],"product_tag":[],"class_list":{"0":"post-5735","1":"product","2":"type-product","3":"status-publish","4":"has-post-thumbnail","6":"product_brand-shotok-basic-lab","7":"product_cat-etrend-kiegeszitok","9":"first","10":"instock","11":"purchasable","12":"product-type-simple"},"_links":{"self":[{"href":"https:\/\/vitamin.coredesign.hu\/index.php?rest_route=\/wp\/v2\/product\/5735","targetHints":{"allow":["GET"]}}],"collection":[{"href":"https:\/\/vitamin.coredesign.hu\/index.php?rest_route=\/wp\/v2\/product"}],"about":[{"href":"https:\/\/vitamin.coredesign.hu\/index.php?rest_route=\/wp\/v2\/types\/product"}],"replies":[{"embeddable":true,"href":"https:\/\/vitamin.coredesign.hu\/index.php?rest_route=%2Fwp%2Fv2%2Fcomments&post=5735"}],"wp:featuredmedia":[{"embeddable":true,"href":"https:\/\/vitamin.coredesign.hu\/index.php?rest_route=\/wp\/v2\/media\/5736"}],"wp:attachment":[{"href":"https:\/\/vitamin.coredesign.hu\/index.php?rest_route=%2Fwp%2Fv2%2Fmedia&parent=5735"}],"wp:term":[{"taxonomy":"product_cat","embeddable":true,"href":"https:\/\/vitamin.coredesign.hu\/index.php?rest_route=%2Fwp%2Fv2%2Fproduct_cat&post=5735"},{"taxonomy":"product_tag","embeddable":true,"href":"https:\/\/vitamin.coredesign.hu\/index.php?rest_route=%2Fwp%2Fv2%2Fproduct_tag&post=5735"}],"curies":[{"name":"wp","href":"https:\/\/api.w.org\/{rel}","templated":true}]}}