{"id":5733,"date":"2025-10-12T12:31:05","date_gmt":"2025-10-12T10:31:05","guid":{"rendered":"https:\/\/vitamin.coredesign.hu\/?product=collango-elite-meal-protein-fahejas-vanilia"},"modified":"2026-01-08T23:28:20","modified_gmt":"2026-01-08T22:28:20","slug":"collango-elite-meal-protein-fahejas-vanilia","status":"publish","type":"product","link":"https:\/\/vitamin.coredesign.hu\/?product=collango-elite-meal-protein-fahejas-vanilia","title":{"rendered":"Collango Elite Meal Protein -Fah\u00e9jas van\u00edlia"},"content":{"rendered":"<p>&nbsp;<\/p>\n<div id=\"lt-accessibility-devtools\" aria-hidden=\"true\"><\/div>\n<p align=\"justify\">A Collango Elite Meal Protein magas feh\u00e9rje- \u00e9s rost tartalommal rendelkez\u0151 k\u00e9sz\u00edtm\u00e9ny, ami<br \/>\nadagonk\u00e9nt mind\u00f6ssze 120 kal\u00f3ri\u00e1t tartalmaz.<b><\/b><\/p>\n<p align=\"justify\">Kiv\u00e1l\u00f3 min\u0151s\u00e9g\u0171 tejsav\u00f3 feh\u00e9rj\u00e9t, tejfeh\u00e9rj\u00e9t, hidroliz\u00e1lt I-es t\u00edpus\u00fa kollag\u00e9nt, rostot<br \/>\ntartalmaz\u00f3 \u00e9trend kieg\u00e9sz\u00edt\u0151 por, ami ak\u00e1r egy \u00e9tkez\u00e9s helyett is fogyaszthat\u00f3.<\/p>\n<p align=\"justify\">\u00c9tkez\u00e9sek k\u00f6z\u00f6tt vagy egy \u00e9tkez\u00e9s helyett t\u00f6k\u00e9letes v\u00e1laszt\u00e1s lehet.<\/p>\n<p align=\"justify\"><strong>Csomagol\u00e1s: nett\u00f3 770g PET\/METPET\/PE visszaz\u00e1rhat\u00f3 tasak, 22 adag<\/strong><\/p>\n<p align=\"justify\"><span style=\"color: #000000;\"><span style=\"font-family: Tahoma, serif;\"><span style=\"font-size: medium;\"><b>A n\u00e9v k\u00f6telez, megszokhatt\u00e1tok, hogy a Collango egyet jelent::<\/b><\/span><\/span><\/span><\/p>\n<ul>\n<li>a min\u0151s\u00e9gi alapanyagokkal<\/li>\n<li>a magas hat\u00f3anyag tartalommal<\/li>\n<li>ismert \u00e9s elismert alapanyag gy\u00e1rt\u00f3kkal<\/li>\n<li>egyszer\u0171 adagol\u00e1ssal<\/li>\n<li>kiv\u00e1l\u00f3 \u00e1r- \u00e9rt\u00e9k ar\u00e1nnyal<\/li>\n<\/ul>\n<p>&nbsp;<\/p>\n<p align=\"justify\"><span style=\"color: #000000;\"><span style=\"font-family: Tahoma, serif;\"><span style=\"font-size: medium;\"><b>Collango Elite Meal Protein jellemz\u0151i 1 adagban:<\/b><\/span><\/span><\/span><\/p>\n<ul>\n<li>21g feh\u00e9rje\/adag- ebb\u0151l 200mg hidroliz\u00e1lt I-es t\u00edpus\u00fa marha kollag\u00e9n<\/li>\n<li>7g rost\/adag<\/li>\n<li>2g zs\u00edr\/adag<\/li>\n<li>\u00c9des\u00edt\u0151szerrel \u00e9des\u00edtve- stevi\u00e1val<\/li>\n<li>Hozz\u00e1adott cukrot nem tartalmaz<\/li>\n<li>Mesters\u00e9ges sz\u00ednez\u00e9ket nem tartalmaz<\/li>\n<li>Tart\u00f3s\u00edt\u00f3szer mentes<\/li>\n<\/ul>\n<p align=\"justify\"><span style=\"color: #000000;\"><span style=\"font-family: Tahoma, serif;\"><span style=\"font-size: medium;\"><b>Collango Elite Meal Protein jellemz\u0151i 1 adagban:<\/b><\/span><\/span><\/span><\/p>\n<ul>\n<li>Gazdas\u00e1gos kiszerel\u00e9s, 22 adag\/ csomagol\u00e1s<\/li>\n<li>K\u00f6nnyen \u00e9s gyorsan old\u00f3dik csup\u00e1n v\u00edzben is<\/li>\n<li>\u00c9des\u00edt\u0151szerrel \u00e9des\u00edtve- stevi\u00e1val<\/li>\n<li>Hozz\u00e1adott cukrot nem tartalmaz<\/li>\n<li>Mesters\u00e9ges sz\u00ednez\u00e9ket nem tartalmaz<\/li>\n<li>Tart\u00f3s\u00edt\u00f3szer mentes<\/li>\n<li>K\u00f6nnyen adagolhat\u00f3 a csomagol\u00e1sban tal\u00e1lhat\u00f3 adagol\u00f3kan\u00e1lnak k\u00f6sz\u00f6nhet\u0151en<\/li>\n<li>K\u00e9t nagyon kellemes \u00edzben kaphat\u00f3: fah\u00e9jas van\u00edlia, \u00e9tcsokol\u00e1d\u00e9<\/li>\n<\/ul>\n<p align=\"justify\"><strong>T\u00e1panyag t\u00e1bl\u00e1zat<\/strong><\/p>\n<p align=\"justify\"><strong>1 adag:<\/strong> 35g, 1 adagol\u00f3kan\u00e1l<\/p>\n<p>&nbsp;<\/p>\n<p align=\"justify\"><span style=\"color: #000000;\"><span style=\"font-family: Tahoma, serif;\"><span style=\"font-size: medium;\"><a href=\"http:\/\/magyarvital.hu\/wp-content\/uploads\/2024\/11\/tablazat.png\"><img fetchpriority=\"high\" decoding=\"async\" class=\"alignnone size-full wp-image-4825\" src=\"http:\/\/magyarvital.hu\/wp-content\/uploads\/2024\/11\/tablazat.png\" alt=\"\" width=\"608\" height=\"297\" \/><\/a><\/span><\/span><\/span><\/p>\n<p align=\"justify\"><span style=\"color: #000000;\"><span style=\"font-family: Tahoma, serif;\"><span style=\"font-size: medium;\"><b>\u00d6sszetev\u0151k:<\/b><\/span><\/span><\/span><\/p>\n<p><strong>Fah\u00e9jas van\u00edlia:<\/strong> tejsav\u00f3 feh\u00e9rje-koncentr\u00e1tum (emulge\u00e1l\u00f3szer: napraforg\u00f3 lecitin),<br \/>\ntejfeh\u00e9rje koncentr\u00e1tum (MPC85), inulin (oldhat\u00f3 rost cik\u00f3ri\u00e1b\u00f3l), hidroliz\u00e1lt kollag\u00e9n, sov\u00e1ny<br \/>\ntejpor, \u00e9des\u00edt\u0151szer: szteviol glikozidokat tartalmaz, arom\u00e1k, s\u00f3, fah\u00e9j.<\/p>\n<p><strong>\u00c9tcsokol\u00e1d\u00e9:<\/strong> tejsav\u00f3 feh\u00e9rje-koncentr\u00e1tum (emulge\u00e1l\u00f3szer: napraforg\u00f3 lecitin), tejfeh\u00e9rje<br \/>\nkoncentr\u00e1tum (MPC85), inulin (oldhat\u00f3 rost cik\u00f3ri\u00e1b\u00f3l), hidroliz\u00e1lt kollag\u00e9n, sov\u00e1ny tejpor,<br \/>\nzs\u00edrszeg\u00e9ny kaka\u00f3por (10-12%), \u00e9des\u00edt\u0151szer: szteviol glikozidokat tartalmaz, arom\u00e1k, s\u00f3.<\/p>\n<p align=\"justify\"><strong>Adagol\u00e1si javaslat:<\/strong> 1 adag 35g, 1 adagol\u00f3kan\u00e1l<\/p>\n<p align=\"justify\"><strong>Fogyaszt\u00e1si javaslat:<\/strong> Keverj \u00f6ssze 1 adag (35g, 1 adagol\u00f3kan\u00e1l) Elite Meal Proteint 250 ml<br \/>\nv\u00edzzel vagy tejjel.<\/p>\n<p align=\"justify\"><strong>Allerg\u00e9n inform\u00e1ci\u00f3:<\/strong> Tej, toj\u00e1s, glut\u00e9n, f\u00f6ldimogyor\u00f3, di\u00f3f\u00e9l\u00e9k, zeller \u00f6sszetev\u0151ket<br \/>\nfeldolgoz\u00f3 \u00fczemben k\u00e9sz\u00fclt!<\/p>\n<p align=\"justify\"><strong>Figyelmeztet\u00e9s:<\/strong> Az \u00e9trend-kieg\u00e9sz\u00edt\u0151k nem helyettes\u00edtik a v\u00e1ltozatos, vegyes \u00e9trendet \u00e9s<br \/>\naz eg\u00e9szs\u00e9ges \u00e9letm\u00f3dot! Kisgyermekek el\u0151l elz\u00e1rva tartand\u00f3! Az aj\u00e1nlott napi fogyaszt\u00e1si<br \/>\nmennyis\u00e9get ne l\u00e9pje t\u00fal!<\/p>\n<p align=\"justify\">Distributor \/Forgalmazza: Hofood Kft. 2142 Nagytarcsa, Bodza utca 14<\/p>\n","protected":false},"excerpt":{"rendered":"<p>A Collango Elite Meal Protein magas feh\u00e9rje- \u00e9s rost tartalommal rendelkez\u0151 k\u00e9sz\u00edtm\u00e9ny, ami<br \/>\nadagonk\u00e9nt mind\u00f6ssze 120 kal\u00f3ri\u00e1t tartalmaz.<\/p>\n","protected":false},"featured_media":5734,"comment_status":"closed","ping_status":"open","template":"","meta":[],"product_cat":[70],"product_tag":[],"class_list":{"0":"post-5733","1":"product","2":"type-product","3":"status-publish","4":"has-post-thumbnail","6":"product_brand-collango","7":"product_cat-proteinek","9":"first","10":"instock","11":"purchasable","12":"product-type-simple"},"_links":{"self":[{"href":"https:\/\/vitamin.coredesign.hu\/index.php?rest_route=\/wp\/v2\/product\/5733","targetHints":{"allow":["GET"]}}],"collection":[{"href":"https:\/\/vitamin.coredesign.hu\/index.php?rest_route=\/wp\/v2\/product"}],"about":[{"href":"https:\/\/vitamin.coredesign.hu\/index.php?rest_route=\/wp\/v2\/types\/product"}],"replies":[{"embeddable":true,"href":"https:\/\/vitamin.coredesign.hu\/index.php?rest_route=%2Fwp%2Fv2%2Fcomments&post=5733"}],"wp:featuredmedia":[{"embeddable":true,"href":"https:\/\/vitamin.coredesign.hu\/index.php?rest_route=\/wp\/v2\/media\/5734"}],"wp:attachment":[{"href":"https:\/\/vitamin.coredesign.hu\/index.php?rest_route=%2Fwp%2Fv2%2Fmedia&parent=5733"}],"wp:term":[{"taxonomy":"product_cat","embeddable":true,"href":"https:\/\/vitamin.coredesign.hu\/index.php?rest_route=%2Fwp%2Fv2%2Fproduct_cat&post=5733"},{"taxonomy":"product_tag","embeddable":true,"href":"https:\/\/vitamin.coredesign.hu\/index.php?rest_route=%2Fwp%2Fv2%2Fproduct_tag&post=5733"}],"curies":[{"name":"wp","href":"https:\/\/api.w.org\/{rel}","templated":true}]}}