{"id":5730,"date":"2025-10-12T12:31:05","date_gmt":"2025-10-12T10:31:05","guid":{"rendered":"https:\/\/vitamin.coredesign.hu\/?product=gal-relax-kapszula-60db"},"modified":"2026-01-08T23:28:20","modified_gmt":"2026-01-08T22:28:20","slug":"gal-relax-kapszula-60db","status":"publish","type":"product","link":"https:\/\/vitamin.coredesign.hu\/?product=gal-relax-kapszula-60db","title":{"rendered":"GAL Relax kapszula -60db"},"content":{"rendered":"<p>&nbsp;<\/p>\n<div id=\"lt-accessibility-devtools\" aria-hidden=\"true\"><\/div>\n<p>A GAL Relax citromf\u0171-kivonat, valamint z\u00f6ld te\u00e1b\u00f3l nyert L-teanin aminosav mellett<br \/>\ngolgotavir\u00e1g-kivonatot \u00e9s egy \u00e9lelmiszerekben is megtal\u00e1lhat\u00f3, n\u00f6v\u00e9nyi<br \/>\nferment\u00e1ci\u00f3val el\u0151\u00e1ll\u00edtott neurotranszmittert, gamma-aminovajsavat (GABA) is<br \/>\ntartalmaz.<\/p>\n<p>A szab\u00e1lyoz\u00e1s alakul\u00e1s\u00e1nak h\u00e1la, kor\u00e1bbi, sikeres term\u00e9k\u00fcnk \u00faj \u00e9letre kelhetett, \u00e9s<br \/>\ncitromf\u0171-kivonat, valamint z\u00f6ldte\u00e1b\u00f3l nyert L-teanin aminosav mellett imm\u00e1r<br \/>\ngolgotavir\u00e1g-kivonatot \u00e9s egy \u00e9lelmiszerekben is megtal\u00e1lhat\u00f3, n\u00f6v\u00e9nyi<br \/>\nferment\u00e1ci\u00f3val el\u0151\u00e1ll\u00edtott neurotranszmittert, gamma-aminovajsavat (GABA) is<br \/>\ntartalmaz. B\u00e1r a z\u00f6ldtea alapvet\u0151en stimul\u00e1l\u00f3 hat\u00e1s\u00fa, egyes fajt\u00e1ik magas L-teanin-<br \/>\n\u00e9s GABA-tartalommal b\u00edrnak \u00e9s nyugtat\u00f3 hat\u00e1s\u00faak. Term\u00e9k\u00fcnk l\u00e9nyegesen t\u00f6bbet<br \/>\ntartalmaz ezekb\u0151l kapszul\u00e1nk\u00e9nt, mint ezen teafajt\u00e1k jellemz\u0151 fogyaszt\u00e1si adagjai,<br \/>\nde m\u00e9g a citromf\u0171 \u00e9s golgotavir\u00e1g erej\u00e9vel is fel van v\u00e9rtezve.<\/p>\n<p><strong>Adagol\u00e1si javaslat:<\/strong>\u00a0Mindennapos \u00e1ltal\u00e1nos haszn\u00e1latra akkor javasoljuk, ha a<br \/>\nstressz a mindennapjai r\u00e9sze. Ez esetben napi k\u00e9tszer (pl. reggel \u00e9s d\u00e9lut\u00e1n),<br \/>\nalkalmank\u00e9nt 1-2 kapszula bev\u00e9tel\u00e9t javasoljuk. Egy\u00e9b esetben alkalmi haszn\u00e1lat\u00e1t<br \/>\naj\u00e1nljuk, amikor nyugalomra v\u00e1gyunk, nyugtalans\u00e1g, idegess\u00e9g, fesz\u00fclts\u00e9g eset\u00e9n.<br \/>\nIlyenkor 1-3 db bev\u00e9tel\u00e9t javasoljuk. Nem \u00e1lmos\u00edt, \u00edgy nappal is szedhet\u0151, ak\u00e1r<br \/>\nmunka k\u00f6zben is, de amennyiben nyugtalans\u00e1g miatt alszunk nehezen, olyankor is j\u00f3<br \/>\n\u00f6tlet (1-3 db). K\u00e1v\u00e9 mell\u00e9 is \u00e9rdemes kipr\u00f3b\u00e1lni, amennyiben a k\u00e1v\u00e9 stimul\u00e1l\u00f3<br \/>\nhat\u00e1s\u00e1ra v\u00e1gyunk, de az idegess\u00e9get fokoz\u00f3 hat\u00e1s\u00e1ra nem (1-2 db). Nem javaslunk<br \/>\negyszerre 3 db-n\u00e1l t\u00f6bbet szedni, ahogy naponta 6 db-n\u00e1l t\u00f6bbet sem.<\/p>\n<p><strong>Hat\u00f3anyagok 1 kapszul\u00e1ban:<\/strong><\/p>\n<ul>\n<li>Golgotavir\u00e1g vir\u00e1gzat\u00e1nak kivonata 250 mg<\/li>\n<li>Citromf\u0171 level\u00e9nek kivonata 150 mg<\/li>\n<li>L-teanin 100 mg<\/li>\n<li>Gamma-aminovajsav (GABA) 75 mg<\/li>\n<\/ul>\n<p><strong>\u00d6sszetev\u0151k:\u00a0<\/strong>Golgotavir\u00e1g kivonat, magasL-teanin tartalm\u00fa z\u00f6ldtea kivonat, citromf\u0171-<br \/>\nkivonat,gamma-aminovajsav (GABA); cellul\u00f3z(HPMC veg\u00e1n kapszula).<\/p>\n<p><strong>T\u00e1j\u00e9koztat\u00e1s<\/strong><\/p>\n<p>Az \u00e9trend-kieg\u00e9sz\u00edt\u0151k \u00e9lelmiszereknek min\u0151s\u00fclnek \u00e9s b\u00e1r kedvez\u0151 \u00e9lettani hat\u00e1ssal<br \/>\nrendelkezhetnek, amely egy\u00e9nenk\u00e9nt elt\u00e9r\u0151 lehet, jel\u00f6l\u00e9s\u00fck, megjelen\u00edt\u00e9s\u00fck, \u00e9s<br \/>\nrekl\u00e1moz\u00e1suk sor\u00e1n nem enged\u00e9lyezett a k\u00e9sz\u00edtm\u00e9nyeknek betegs\u00e9get megel\u0151z\u0151<br \/>\nvagy gy\u00f3gy\u00edt\u00f3 hat\u00e1st tulajdon\u00edtani, illetve ilyen tulajdons\u00e1gra utalni.<\/p>\n","protected":false},"excerpt":{"rendered":"<p>A GAL Relax citromf\u0171-kivonat, valamint z\u00f6ld te\u00e1b\u00f3l nyert L-teanin aminosav mellett<br \/>\ngolgotavir\u00e1g-kivonatot \u00e9s egy \u00e9lelmiszerekben is megtal\u00e1lhat\u00f3, n\u00f6v\u00e9nyi<br \/>\nferment\u00e1ci\u00f3val el\u0151\u00e1ll\u00edtott neurotranszmittert, gamma-aminovajsavat (GABA) is<br \/>\ntartalmaz.<\/p>\n","protected":false},"featured_media":5731,"comment_status":"closed","ping_status":"open","template":"","meta":[],"product_cat":[61],"product_tag":[],"class_list":{"0":"post-5730","1":"product","2":"type-product","3":"status-publish","4":"has-post-thumbnail","6":"product_brand-gal","7":"product_cat-etrend-kiegeszitok","9":"first","10":"instock","11":"purchasable","12":"product-type-simple"},"_links":{"self":[{"href":"https:\/\/vitamin.coredesign.hu\/index.php?rest_route=\/wp\/v2\/product\/5730","targetHints":{"allow":["GET"]}}],"collection":[{"href":"https:\/\/vitamin.coredesign.hu\/index.php?rest_route=\/wp\/v2\/product"}],"about":[{"href":"https:\/\/vitamin.coredesign.hu\/index.php?rest_route=\/wp\/v2\/types\/product"}],"replies":[{"embeddable":true,"href":"https:\/\/vitamin.coredesign.hu\/index.php?rest_route=%2Fwp%2Fv2%2Fcomments&post=5730"}],"wp:featuredmedia":[{"embeddable":true,"href":"https:\/\/vitamin.coredesign.hu\/index.php?rest_route=\/wp\/v2\/media\/5731"}],"wp:attachment":[{"href":"https:\/\/vitamin.coredesign.hu\/index.php?rest_route=%2Fwp%2Fv2%2Fmedia&parent=5730"}],"wp:term":[{"taxonomy":"product_cat","embeddable":true,"href":"https:\/\/vitamin.coredesign.hu\/index.php?rest_route=%2Fwp%2Fv2%2Fproduct_cat&post=5730"},{"taxonomy":"product_tag","embeddable":true,"href":"https:\/\/vitamin.coredesign.hu\/index.php?rest_route=%2Fwp%2Fv2%2Fproduct_tag&post=5730"}],"curies":[{"name":"wp","href":"https:\/\/api.w.org\/{rel}","templated":true}]}}