{"id":5726,"date":"2025-10-12T12:31:05","date_gmt":"2025-10-12T10:31:05","guid":{"rendered":"https:\/\/vitamin.coredesign.hu\/?product=gal-curcugreen-forte-kapszula-60db"},"modified":"2026-01-08T23:28:18","modified_gmt":"2026-01-08T22:28:18","slug":"gal-curcugreen-forte-kapszula-60db","status":"publish","type":"product","link":"https:\/\/vitamin.coredesign.hu\/?product=gal-curcugreen-forte-kapszula-60db","title":{"rendered":"GAL Curcugreen Forte kapszula 60db"},"content":{"rendered":"<p>&nbsp;<\/p>\n<div id=\"lt-accessibility-devtools\" aria-hidden=\"true\"><\/div>\n<p>Egyed\u00fcl\u00e1ll\u00f3, szabadalmaztatott kurkumakivonat \u00edz\u00fcleti \u00e9s reum\u00e1s panaszokra<\/p>\n<p>A Bio Curcugreen mikroniz\u00e1lt, szuperkritikus kurkumakivonatb\u00f3l k\u00e9sz\u00fclt,<br \/>\negyed\u00fcl\u00e1ll\u00f3an hat\u00e9kony k\u00e9sz\u00edtm\u00e9ny. Kiv\u00e1l\u00f3 felsz\u00edv\u00f3d\u00e1s\u00e1t gy\u00f6mb\u00e9r gingerol \u00e9s<br \/>\nBioPerine\u00ae feketebors seg\u00edti. Term\u00e9szetes hat\u00f3anyag\u00fa f\u00e1jdalomcsillap\u00edt\u00f3 \u00e9s<br \/>\ngyullad\u00e1scs\u00f6kkent\u0151. Hozz\u00e1j\u00e1rul t\u00f6bbek k\u00f6z\u00f6tt a reum\u00e1s panaszok enyh\u00edt\u00e9s\u00e9hez, az<br \/>\n\u00edz\u00fcleti merevs\u00e9g old\u00e1s\u00e1hoz, az \u00edz\u00fcletek rugalmass\u00e1g\u00e1nak megtart\u00e1s\u00e1hoz \u00e9s az<br \/>\n\u00f6d\u00e9m\u00e1k cs\u00f6kkent\u00e9s\u00e9hez.<\/p>\n<p><strong>Milyen probl\u00e9m\u00e1kra aj\u00e1nlott a GAL Curcugreen?<\/strong><\/p>\n<ul>\n<li>\u00a0porckop\u00e1sos \u00edz\u00fcleti f\u00e1jdalom<\/li>\n<li>\u00a0reum\u00e1s panaszok<\/li>\n<li>\u00a0\u00edz\u00fcleti gyullad\u00e1s<\/li>\n<li>\u00a0gyullad\u00e1sos b\u00e9lbetegs\u00e9gek<\/li>\n<li>\u00a0inzulinrezisztencia<\/li>\n<li>\u00a02-es t\u00edpus\u00fa diab\u00e9tesz<\/li>\n<li>\u00a0m\u00e1j- \u00e9s vesek\u00e1rosod\u00e1s<\/li>\n<li>\u00a0em\u00e9szt\u0151rendszeri daganatok<\/li>\n<li>\u00a0sug\u00e1rter\u00e1pi\u00e1s mell\u00e9khat\u00e1sok<\/li>\n<li>\u00a0idegrendszeri probl\u00e9m\u00e1k, depresszi\u00f3<\/li>\n<li>\u00a0Alzheimer-k\u00f3r<\/li>\n<li>\u00a0premenstru\u00e1ci\u00f3s szindr\u00f3ma (PMS)<\/li>\n<\/ul>\n<p><strong>Az innovat\u00edv kurkumakivonat ereje:<\/strong><\/p>\n<p><strong>A v\u00e9r\u00e1ramban hat<\/strong><\/p>\n<p>A fokozott felsz\u00edv\u00f3d\u00e1s\u00fa, innovat\u00edv kurkumakivonat a hagyom\u00e1nyos kivonatokkal<br \/>\nszemben m\u00e1r jelent\u0151s mennyis\u00e9gben k\u00e9pes a v\u00e9r\u00e1ramba jutni, \u00e9s ott kifejteni<br \/>\nhat\u00e1s\u00e1t.<\/p>\n<p><strong>2000%-os hat\u00e9konys\u00e1gn\u00f6vel\u00e9s<\/strong><\/p>\n<p>A feketeborsb\u00f3l kivont hat\u00f3anyag, a piperin2000 sz\u00e1zal\u00e9kkal k\u00e9pes n\u00f6velni a<br \/>\nkurkumin v\u00e9r\u00e1ramba jut\u00e1s\u00e1t a belekb\u0151l.<\/p>\n<p><strong>Extra felsz\u00edv\u00f3d\u00e1s<\/strong><\/p>\n<p>A gy\u00f6mb\u00e9r gingeroljai \u00e9s \u00e9rt\u00e9kes ill\u00f3olajai kiv\u00e9telesen magas felsz\u00edv\u00f3d\u00e1st<br \/>\nbiztos\u00edtanak a kurkuminnak. Mindek\u00f6zben v\u00e9dik a gyomrot, \u00e9s er\u0151s\u00edtik a kurkumin<br \/>\ngyullad\u00e1scs\u00f6kkent\u0151, f\u00e1jdalomcsillap\u00edt\u00f3 hat\u00e1s\u00e1t.<\/p>\n<p><strong>Mikroniz\u00e1lt kurkuminok<\/strong><\/p>\n<p>Ez az \u00faj, szabadalmaztatott kivonat a kurkuminoidokat a gy\u00f3gyn\u00f6v\u00e9ny szuperkritikus<br \/>\nextrakci\u00f3val nyert esszenciaolaj\u00e1val egy\u00fctt tartalmazza mikroniz\u00e1lva.<\/p>\n<p>Ez a technol\u00f3gia szavatolja a legjobb eredm\u00e9nyeket. Kisebb, kiv\u00e1l\u00f3 felsz\u00edv\u00f3d\u00e1s\u00fa<br \/>\nr\u00e9szecsk\u00e9k, hat\u00e9konyabb gyullad\u00e1scs\u00f6kkent\u00e9s, gyors f\u00e1jdalomcsillap\u00edt\u00e1s.<\/p>\n<p><strong>Kurkuma megel\u0151z\u00e9sre \u00e9s gy\u00f3gy\u00edt\u00e1sra<\/strong><\/p>\n<ul>\n<li>Er\u0151s antioxid\u00e1nsk\u00e9nt megk\u00f6ti a betegs\u00e9gokoz\u00f3 k\u00e1ros szabadgy\u00f6k\u00f6ket.<\/li>\n<li>\u00a0Hat\u00e9kony az \u00edz\u00fcleti gyullad\u00e1sok \u00e9s a reum\u00e1s panaszok enyh\u00edt\u00e9s\u00e9ben,<br \/>\nmegsz\u00fcntet\u00e9s\u00e9ben.<\/li>\n<li>\u00a0Term\u00e9szetes \u00faton kezeli az em\u00e9szt\u00e9si \u00e9s gyomorprobl\u00e9m\u00e1kat.<\/li>\n<li>\u00a0T\u00e1mogatja a m\u00e1j \u00e9s a vese m\u00e9regtelen\u00edt\u0151 munk\u00e1j\u00e1t.<\/li>\n<li>\u00a0Seg\u00edti az ide\u00e1lis koleszterinszint fenntart\u00e1s\u00e1t.<\/li>\n<li>\u00a0Hozz\u00e1j\u00e1rul az \u00e9rrendszer eg\u00e9szs\u00e9g\u00e9hez, a sz\u00edvprobl\u00e9m\u00e1k, az infarktus,<br \/>\na tromb\u00f3zis megel\u0151z\u00e9s\u00e9hez.<\/li>\n<\/ul>\n<p><strong>A GAL Curcugreen \u00fct\u0151s h\u00e1rmasa<\/strong><\/p>\n<p><strong>Kurkuma.<\/strong>\u00a0F\u0151 hat\u00f3anyaga, a kurkumin er\u0151s antioxid\u00e1ns hat\u00e1s\u00fa, ill\u00f3olaja rengeteg<br \/>\ngy\u00f3gyhat\u00e1s\u00fa vegy\u00fcletet tartalmaz. Hozz\u00e1j\u00e1rul az \u00edz\u00fcleti gyullad\u00e1sok \u00e9s reum\u00e1s<br \/>\npanaszok enyh\u00edt\u00e9s\u00e9hez, megsz\u00fcntet\u00e9s\u00e9hez. Kiv\u00e1l\u00f3 m\u00e9regtelen\u00edt\u0151 \u00e9s<br \/>\nf\u00e1jdalomcsillap\u00edt\u00f3, v\u00e9di a m\u00e1jat, a ves\u00e9ket, kezeli az em\u00e9szt\u00e9si panaszokat, tiszt\u00edtja a<br \/>\nbeleket, szab\u00e1lyozza az anyagcser\u00e9t. Kiv\u00e1lasztja a salakanyagokat, megk\u00f6ti a<br \/>\nm\u00e9rgeket, ezzel kitiszt\u00edtja a beleket, \u00e9s szab\u00e1lyozza az anyagcser\u00e9t.<br \/>\nKoleszterincs\u00f6kkent\u0151 \u00e9s \u00e9relmeszesed\u00e9s elleni hat\u00e1s\u00e1val g\u00e1tolja a v\u00e9rr\u00f6g\u00f6k<br \/>\nkialakul\u00e1s\u00e1t, cs\u00f6kkentheti a tromb\u00f3zisvesz\u00e9lyt.<\/p>\n<p><strong>Gy\u00f6mb\u00e9r.<\/strong>\u00a0Term\u00e9szetes g\u00f6rcsold\u00f3 \u00e9s f\u00e1jdalomcsillap\u00edt\u00f3 szer. E k\u00e9t kiemelt<br \/>\ntulajdons\u00e1ga gyomorprobl\u00e9m\u00e1k mellett \u00edz\u00fcleti gyullad\u00e1sok, merevs\u00e9g, reum\u00e1s<br \/>\nf\u00e1jdalmak, izomg\u00f6rcs\u00f6k eset\u00e9n is seg\u00edts\u00e9get jelent. Immuner\u0151s\u00edt\u0151 hat\u00e1sa mellett<br \/>\nidegrendszeri probl\u00e9m\u00e1kra, a koncentr\u00e1l\u00f3 k\u00e9pess\u00e9g n\u00f6vel\u00e9s\u00e9re \u00e9s mem\u00f3riajav\u00edt\u00e1sra<br \/>\nis kiv\u00e1l\u00f3.<\/p>\n<p><strong>Feketebors.\u00a0<\/strong>Gy\u00f3gyhat\u00e1s\u00e1t speci\u00e1lis vegy\u00fclet\u00e9nek, apiperinnekk\u00f6sz\u00f6nheti. Apiperin<br \/>\njav\u00edtja a k\u00fcl\u00f6nb\u00f6z\u0151 mikronutriensek, vitaminok \u00e9s \u00e1sv\u00e1nyi anyagok felsz\u00edv\u00f3d\u00e1s\u00e1t, \u00edgy<br \/>\nazokat m\u00e9g hat\u00e9konyabban tudja hasznos\u00edtani a szervezet. Kiemelten t\u00e1mogatja a<br \/>\nkurkum\u00e1ban tal\u00e1lhat\u00f3 kurkumin megfelel\u0151 felsz\u00edv\u00f3d\u00e1s\u00e1t. Serkenti a v\u00e9r- \u00e9s<br \/>\nnyirokkering\u00e9st, gyullad\u00e1scs\u00f6kkent\u0151 \u00e9s f\u00e1jdalomcsillap\u00edt\u00f3 hat\u00e1s\u00e1val jelent\u0151sen<br \/>\ncs\u00f6kkenti az \u00edz\u00fcleti f\u00e1jdalmakat.<\/p>\n<p><strong>Akt\u00edv \u00f6sszetev\u0151k 1 kapszul\u00e1ban:<\/strong><\/p>\n<ul>\n<li>\u00a0Kurkuma gy\u00f6k\u00e9r kivonatok (Curcuma longa) 300 mg<\/li>\n<li>\u00a0Bio-Curcumin\u00ae BCM-95\u00ae 232 mg<\/li>\n<li>\u00a0Szuperkritikus kurkuma-kivonat (75% turmeronok) 68mg<\/li>\n<li>\u00a0Gy\u00f6mb\u00e9r-kivonat (Zingiber officinale) 50 mg<\/li>\n<li>\u00a0Gy\u00f6mb\u00e9r ill\u00f3olaj [30-45% zingiber\u00e9n] 5 mg<\/li>\n<li>\u00a0BioPerine\u00ae feketebors-kivonat (Piper nigrum) 2,5 mg<\/li>\n<\/ul>\n<p><strong>\u00d6sszetev\u0151k:<\/strong>\u00a0BioCurcumin\u00ae BCM-95\u00ae kurkuma-kivonat, zselatin (kapszula),<br \/>\nmikrokrist\u00e1lyos cellul\u00f3z (t\u00e9rfogatn\u00f6vel\u0151), szuperkritikus kurkuma-kivonat , gy\u00f6mb\u00e9r-<br \/>\nkivonat, t\u00e1pi\u00f3ka maltodextrin (s\u0171r\u00edt\u0151anyag), gy\u00f6mb\u00e9r ill\u00f3olaj, BioPerine\u00ae feketebors-<br \/>\nkivonat.<\/p>\n<p><strong>T\u00e1j\u00e9koztat\u00e1s<\/strong><br \/>\nAz \u00e9trend-kieg\u00e9sz\u00edt\u0151k \u00e9lelmiszereknek min\u0151s\u00fclnek \u00e9s b\u00e1r kedvez\u0151 \u00e9lettani hat\u00e1ssal<br \/>\nrendelkezhetnek, amely egy\u00e9nenk\u00e9nt elt\u00e9r\u0151 lehet, jel\u00f6l\u00e9s\u00fck, megjelen\u00edt\u00e9s\u00fck, \u00e9s<br \/>\nrekl\u00e1moz\u00e1suk sor\u00e1n nem enged\u00e9lyezett a k\u00e9sz\u00edtm\u00e9nyeknek betegs\u00e9get megel\u0151z\u0151<br \/>\nvagy gy\u00f3gy\u00edt\u00f3 hat\u00e1st tulajdon\u00edtani, illetve ilyen tulajdons\u00e1gra utalni.<\/p>\n","protected":false},"excerpt":{"rendered":"<p>Egyed\u00fcl\u00e1ll\u00f3, szabadalmaztatott kurkumakivonat \u00edz\u00fcleti \u00e9s reum\u00e1s panaszokra<\/p>\n","protected":false},"featured_media":5727,"comment_status":"closed","ping_status":"open","template":"","meta":[],"product_cat":[61],"product_tag":[],"class_list":{"0":"post-5726","1":"product","2":"type-product","3":"status-publish","4":"has-post-thumbnail","6":"product_brand-gal","7":"product_cat-etrend-kiegeszitok","9":"first","10":"instock","11":"purchasable","12":"product-type-simple"},"_links":{"self":[{"href":"https:\/\/vitamin.coredesign.hu\/index.php?rest_route=\/wp\/v2\/product\/5726","targetHints":{"allow":["GET"]}}],"collection":[{"href":"https:\/\/vitamin.coredesign.hu\/index.php?rest_route=\/wp\/v2\/product"}],"about":[{"href":"https:\/\/vitamin.coredesign.hu\/index.php?rest_route=\/wp\/v2\/types\/product"}],"replies":[{"embeddable":true,"href":"https:\/\/vitamin.coredesign.hu\/index.php?rest_route=%2Fwp%2Fv2%2Fcomments&post=5726"}],"wp:featuredmedia":[{"embeddable":true,"href":"https:\/\/vitamin.coredesign.hu\/index.php?rest_route=\/wp\/v2\/media\/5727"}],"wp:attachment":[{"href":"https:\/\/vitamin.coredesign.hu\/index.php?rest_route=%2Fwp%2Fv2%2Fmedia&parent=5726"}],"wp:term":[{"taxonomy":"product_cat","embeddable":true,"href":"https:\/\/vitamin.coredesign.hu\/index.php?rest_route=%2Fwp%2Fv2%2Fproduct_cat&post=5726"},{"taxonomy":"product_tag","embeddable":true,"href":"https:\/\/vitamin.coredesign.hu\/index.php?rest_route=%2Fwp%2Fv2%2Fproduct_tag&post=5726"}],"curies":[{"name":"wp","href":"https:\/\/api.w.org\/{rel}","templated":true}]}}