{"id":5724,"date":"2025-10-12T12:31:05","date_gmt":"2025-10-12T10:31:05","guid":{"rendered":"https:\/\/vitamin.coredesign.hu\/?product=gal-b-komplex-kapszula"},"modified":"2026-01-08T23:28:18","modified_gmt":"2026-01-08T22:28:18","slug":"gal-b-komplex-kapszula","status":"publish","type":"product","link":"https:\/\/vitamin.coredesign.hu\/?product=gal-b-komplex-kapszula","title":{"rendered":"GAL B-komplex kapszula"},"content":{"rendered":"<p>&nbsp;<\/p>\n<div id=\"lt-accessibility-devtools\" aria-hidden=\"true\"><\/div>\n<p>GAL B-komplex kapszula<\/p>\n<p>B1-, B2-, B5-, B6-, B7-, B9-, B12-vitaminokat tartalmaz\u00f3 \u00e9trend-kieg\u00e9sz\u00edt\u0151 kapszula.<\/p>\n<p>A B-vitaminok \u00fan. akt\u00edv form\u00e1i azok, amelyek a sejteken bel\u00fcl akt\u00edvak. Ezek k\u00f6z\u00fcl a<br \/>\nB1-, B2-, B5- \u00e9s B6-vitaminok azonban nem k\u00e9pesek akt\u00edv form\u00e1ikban hasznosulni,<br \/>\ncsak miut\u00e1n az egyszer\u0171bb form\u00e1ikra em\u00e9szt\u0151dtek enzimek \u00e1ltal. Ezek az egyszer\u0171<br \/>\nform\u00e1k k\u00e9pesek csak a b\u00e9lfalon kereszt\u00fcl a v\u00e9r\u00e1ramba jutni \u00e9s \/vagy onnan a<br \/>\nsejtekbe bejutni, ahol azut\u00e1n az akt\u00edv form\u00e1ikk\u00e1 alakulnak. Emiatt az akt\u00edv form\u00e1ik<br \/>\nszed\u00e9se \u2013 egyes t\u00e9vhitekkel szemben \u2013 el\u0151nytelen, mivel dr\u00e1g\u00e1bb, mik\u00f6zben nem<br \/>\nmegsp\u00f3rolnak \u00e1talak\u00edt\u00e1si folyamatokat a szervezetnek, hanem \u00e9ppen, hogy tov\u00e1bbi<br \/>\nl\u00e9p\u00e9sekkel terhelik azt, s\u0151t, a hasznosul\u00e1suk is kisebb. Mindenhol a megfelel\u0151 form\u00e1t<br \/>\nalkalmazzuk, azaz feleslegesen nem haszn\u00e1lunk \u201cdivatos\u201d akt\u00edv form\u00e1t, pl\u00e1ne, ha<br \/>\nkifejezetten el\u0151nytelen.<\/p>\n<p>B3-vitamint a term\u00e9k\u00fcnk nem tartalmaz, mivel annak folyamatos fogyaszt\u00e1s\u00e1t<br \/>\nkontraprodukt\u00edvnak tal\u00e1ljuk, \u00edgy szerint\u00fcnk olyan term\u00e9kben nincs helye, amit napi<br \/>\nszed\u00e9sre sz\u00e1nunk. Hi\u00e1nya csak annak lehet bel\u0151le, aki kiz\u00e1r\u00f3lag finom\u00edtott<br \/>\n\u00e9lelmiszereken \u00e9l, ugyanis a term\u00e9szetes t\u00e1pl\u00e1l\u00e9kok sz\u00e9les k\u00f6re b\u0151s\u00e9gesen<br \/>\ntartalmazza. Ellenben a kr\u00f3nikus t\u00falfogyaszt\u00e1s\u00e1val kapcsolatban felmer\u00fclnek<br \/>\nprobl\u00e9m\u00e1k. Egyes esetekben \u00e9rdemes lehet p\u00f3tolni, de ilyenkor is mi ink\u00e1bb<br \/>\nid\u0151szakosan \u00e9s nem folytat\u00f3lagosan javasoljuk, azaz nem naponta, hanem pl. havi<br \/>\np\u00e1r alkalommal.<\/p>\n<p>Term\u00e9k\u00fcnk 1 kapszul\u00e1ban tartalmazza a GAL Multivitamin napi adagj\u00e1ban tal\u00e1lhat\u00f3<br \/>\nB-vitaminokat, azonos form\u00e1kban \u00e9s mennyis\u00e9gekben. Azoknak aj\u00e1nljuk, akik<br \/>\nf\u00fcggetlen\u00fcl szedett m\u00e1s vitaminjaik, \u00e1sv\u00e1nyi anyag-k\u00e9sz\u00edtm\u00e9ny\u00fck kieg\u00e9sz\u00edt\u00e9s\u00e9re<br \/>\nkeresnek gondosan \u00f6ssze\u00e1ll\u00edtott B-vitamin-komplexet.<\/p>\n<p>Adagol\u00e1si javaslat:\u00a0napi 1 kapszula \u00e9tkez\u00e9skor.<\/p>\n<p>Hat\u00f3anyagok 1 kapszul\u00e1ban:<\/p>\n<ul>\n<li>\u00a0B1-vitamin 50 mg<\/li>\n<li>\u00a0B2-vitamin 20 mg<\/li>\n<li>\u00a0B5-vitamin 100 mg<\/li>\n<li>\u00a0B6-vitamin 25 mg<\/li>\n<li>\u00a0B7-vitamin 1000\u03bcg<\/li>\n<li>\u00a0B9-vitamin 300\u03bcg<\/li>\n<li>\u00a0B12-vitamin 100\u03bcg<\/li>\n<\/ul>\n<p>&nbsp;<\/p>\n<p>\u00d6sszetev\u0151k:\u00a0kalcium-D-pantoten\u00e1t, ak\u00e1ciarost, tiamin-mononitr\u00e1t, piridoxal-5-foszf\u00e1t,<br \/>\nriboflavin, piridoxin-hidroklorid, tiamin-hidroklorid, D-biotin, metil-L-fol\u00e1t kalcium s\u00f3ja,<br \/>\nmetil-kobalamin; cellul\u00f3z (HPMC veg\u00e1n kapszula).<\/p>\n<p>T\u00e1j\u00e9koztat\u00e1s<\/p>\n<p>Az \u00e9trend-kieg\u00e9sz\u00edt\u0151k \u00e9lelmiszereknek min\u0151s\u00fclnek \u00e9s b\u00e1r kedvez\u0151 \u00e9lettani hat\u00e1ssal<br \/>\nrendelkezhetnek, amely egy\u00e9nenk\u00e9nt elt\u00e9r\u0151 lehet, jel\u00f6l\u00e9s\u00fck, megjelen\u00edt\u00e9s\u00fck, \u00e9s rekl\u00e1moz\u00e1suk sor\u00e1n nem enged\u00e9lyezett a k\u00e9sz\u00edtm\u00e9nyeknek betegs\u00e9get megel\u0151z\u0151<br \/>\nvagy gy\u00f3gy\u00edt\u00f3 hat\u00e1st tulajdon\u00edtani, illetve ilyen tulajdons\u00e1gra utalni.<\/p>\n","protected":false},"excerpt":{"rendered":"<p>B1-, B2-, B5-, B6-, B7-, B9-, B12-vitaminokat tartalmaz\u00f3 \u00e9trend-kieg\u00e9sz\u00edt\u0151 kapszula.<\/p>\n","protected":false},"featured_media":5725,"comment_status":"closed","ping_status":"open","template":"","meta":[],"product_cat":[60],"product_tag":[],"class_list":{"0":"post-5724","1":"product","2":"type-product","3":"status-publish","4":"has-post-thumbnail","6":"product_brand-gal","7":"product_cat-vitaminok","9":"first","10":"instock","11":"purchasable","12":"product-type-simple"},"_links":{"self":[{"href":"https:\/\/vitamin.coredesign.hu\/index.php?rest_route=\/wp\/v2\/product\/5724","targetHints":{"allow":["GET"]}}],"collection":[{"href":"https:\/\/vitamin.coredesign.hu\/index.php?rest_route=\/wp\/v2\/product"}],"about":[{"href":"https:\/\/vitamin.coredesign.hu\/index.php?rest_route=\/wp\/v2\/types\/product"}],"replies":[{"embeddable":true,"href":"https:\/\/vitamin.coredesign.hu\/index.php?rest_route=%2Fwp%2Fv2%2Fcomments&post=5724"}],"wp:featuredmedia":[{"embeddable":true,"href":"https:\/\/vitamin.coredesign.hu\/index.php?rest_route=\/wp\/v2\/media\/5725"}],"wp:attachment":[{"href":"https:\/\/vitamin.coredesign.hu\/index.php?rest_route=%2Fwp%2Fv2%2Fmedia&parent=5724"}],"wp:term":[{"taxonomy":"product_cat","embeddable":true,"href":"https:\/\/vitamin.coredesign.hu\/index.php?rest_route=%2Fwp%2Fv2%2Fproduct_cat&post=5724"},{"taxonomy":"product_tag","embeddable":true,"href":"https:\/\/vitamin.coredesign.hu\/index.php?rest_route=%2Fwp%2Fv2%2Fproduct_tag&post=5724"}],"curies":[{"name":"wp","href":"https:\/\/api.w.org\/{rel}","templated":true}]}}