{"id":5717,"date":"2025-10-12T12:31:05","date_gmt":"2025-10-12T10:31:05","guid":{"rendered":"https:\/\/vitamin.coredesign.hu\/?product=collango-collagen-basic-2"},"modified":"2026-01-08T23:28:14","modified_gmt":"2026-01-08T22:28:14","slug":"collango-collagen-basic-2","status":"publish","type":"product","link":"https:\/\/vitamin.coredesign.hu\/?product=collango-collagen-basic-2","title":{"rendered":"Collango Collagen BASIC"},"content":{"rendered":"<p>&nbsp;<\/p>\n<div id=\"lt-accessibility-devtools\" aria-hidden=\"true\"><\/div>\n<p>A Collango Collagen Basic egy alap kollag\u00e9n, melynek neve a term\u00e9k \u00f6sszet\u00e9tel\u00e9re utal, 100% sert\u00e9s kollag\u00e9n. Hozz\u00e1adott vitaminok, sz\u00ednez\u00e9k \u00e9s \u00edzes\u00edt\u00e9s n\u00e9lk\u00fcl.<\/p>\n<p>A n\u00e9v k\u00f6telez, megszokhatt\u00e1tok, hogy a Collango egyet jelent:<\/p>\n<ul>\n<li>a min\u0151s\u00e9gi alapanyaggal<\/li>\n<li>a k\u00f6nny\u0171 \u00e9s gyors old\u00f3d\u00e1ssal<\/li>\n<li>kellemes illattal \u00e9s \u00edzzel<\/li>\n<li>a k\u00f6nnyen adagolhat\u00f3s\u00e1ggal, a csomagol\u00e1sban tal\u00e1lhat\u00f3 adagol\u00f3kan\u00e1lnak k\u00f6sz\u00f6nhet\u0151en<\/li>\n<li>el\u00e9rhet\u0151 kutat\u00e1si adatokkal a konkr\u00e9t alapanyagra vonatkoz\u00f3an, nem pedig \u00e1ltal\u00e1noss\u00e1gban a kollag\u00e9nre.<\/li>\n<\/ul>\n<p>Enn\u00e9l a term\u00e9kn\u00e9l sincs ez m\u00e1sk\u00e9nt, hiszen a francia Rousselot c\u00e9g- az egyik vezet\u0151 kollag\u00e9n gy\u00e1rt\u00f3- \u00e1ltal gy\u00e1rtott ProTake\u00ae sert\u00e9s kollag\u00e9nj\u00e9t v\u00e1lasztottuk.<\/p>\n<p>M\u00e1shol pr\u00e9miumk\u00e9nt tal\u00e1lsz ilyen term\u00e9ket. N\u00e1lunk ez az alap!<\/p>\n<p>Collango Collagen Basic jellemz\u0151i: I-es t\u00edpus\u00fa, 100% hidroliz\u00e1lt sert\u00e9s kollag\u00e9n, 10.000 mg (10 gramm) kollag\u00e9n\/ adagban. Nincs \u00edzes\u00edtve. K\u00f6nnyen \u00e9s v\u00edztiszt\u00e1n old\u00f3dik. 300 g\/tasak- 30 adag.<\/p>\n<p>Collango Collagen Basic el\u0151nyei: k\u00f6nnyen \u00e9s gyorsan old\u00f3dik, csup\u00e1n hideg v\u00edzben is v\u00edztiszt\u00e1n, nincs kellemetlen illata \u00e9s \u00edze sem- semleges \u00edz\u0171 \u00e9s szag\u00fa! Ellen\u00e1ll a h\u0151m\u00e9rs\u00e9klet ingadoz\u00e1soknak, el\u00e9rhet\u0151 kutat\u00e1si eredm\u00e9nyek az alapanyagk\u00e9nt felhaszn\u00e1lt ProTake kollag\u00e9nre. Tart\u00f3s\u00edt\u00f3szer, csom\u00f3sod\u00e1s g\u00e1tl\u00f3 mentes. Mindig frissen k\u00e9sz\u00edthet\u0151. K\u00f6nnyen adagolhat\u00f3 a csomagol\u00e1sban tal\u00e1lhat\u00f3 adagol\u00f3kan\u00e1lnak k\u00f6sz\u00f6nhet\u0151en.<\/p>\n<p>Fogyaszt\u00e1si javalat: lehet fogyasztani ciklikusan, azaz k\u00faraszer\u0171en 3 h\u00f3napon kereszt\u00fcl napi 1 adagot (10.000 mg kollag\u00e9n), majd el\u00e9gs\u00e9ges heti 1 alkalommal 1 adag fogyaszt\u00e1sa. \u00c1lland\u00f3 jelleg\u0171 fogyaszt\u00e1s eset\u00e9n napi f\u00e9l adag Collango elegend\u0151.<\/p>\n<p>Hogyan\/miben fogyaszd a Collango kollag\u00e9nt? L\u00e9gy saj\u00e1t magad mixere, \u00edgy mindig tudod, hogy mit fogyasztasz. Keverd bele gy\u00fcm\u00f6lcsl\u00e9be. Dobd fel vele a smoothie-dat. Feh\u00e9rje turmixodat is felt\u00farb\u00f3zhatod vele. \u00cdzes\u00edtsd vele a chia pudingodat. Keverd bele a jegesk\u00e1v\u00e9dba. Old fel egyszer\u0171en csup\u00e1n v\u00edzben\/tejben\/joghurtban.<\/p>\n<p>Mi a kollag\u00e9n? A kollag\u00e9n szervezet\u00fcnk els\u0151dleges k\u00f6t\u0151sz\u00f6vete, valamint egy kulcsfontoss\u00e1g\u00fa feh\u00e9rj\u00e9je, amely biztos\u00edtja a b\u0151r, a porcok \u00e9s a csontok koh\u00e9zi\u00f3j\u00e1t, rugalmass\u00e1g\u00e1t. Szerkezeti \u00e9p\u00edt\u0151eleme tov\u00e1bb\u00e1 a k\u00f6t\u0151sz\u00f6veteknek, hajnak, k\u00f6r\u00f6mnek, \u00ednaknak, izmoknak, \u00edz\u00fcleti porcoknak. B\u0151r\u00fcnk 75%-\u00e1t, szervezet\u00fcnk \u00f6sszfeh\u00e9rje t\u00f6meg\u00e9nek pedig 30%-\u00e1t kollag\u00e9n alkotja.<\/p>\n<p>Mi\u00e9rt van sz\u00fcks\u00e9g\u00fcnk kollag\u00e9nre? Az id\u0151 el\u0151rehaladt\u00e1val szervezet\u00fcnk kollag\u00e9n termel\u0151d\u00e9se lelassul, majd lecs\u00f6kken \u00e9s v\u00e9g\u00fcl teljesen le\u00e1ll.<\/p>\n<p>Mi\u00e9rt fontos, hogy a kollag\u00e9n hidroliz\u00e1lt legyen? A hidrol\u00edzis folyam\u00e1n a kollag\u00e9n nagyon hossz\u00fa molekula l\u00e1ncait &#8222;felvagdoss\u00e1k&#8221;, az emberi szervezet sz\u00e1m\u00e1ra ez\u00e1ltal k\u00f6nnyen em\u00e9szthet\u0151v\u00e9 \u00e9s hasznos\u00edthat\u00f3v\u00e1 t\u00e9ve. A k\u00f6znyelvben sokszor t\u00e9vesen szinonimak\u00e9nt haszn\u00e1lj\u00e1k a zselatint, holott nem tehet\u0151 egyenl\u0151s\u00e9gjel k\u00f6z\u00e9j\u00fck. A h\u00e1ztart\u00e1si zselatin nincs hidroliz\u00e1lva, \u00edgy ahhoz, hogy ugyanannyi hat\u00f3anyag hasznosuljon, mint a hidroliz\u00e1lt kollag\u00e9nb\u0151l, j\u00f3val nagyobb mennyis\u00e9get kell elfogyasztani bel\u0151le. Ugyanez a helyzet a kocsony\u00e1val, diszn\u00f3b\u0151rrel, csirkel\u00e1bbal stb.<\/p>\n","protected":false},"excerpt":{"rendered":"<p>A Collango Collagen Basic egy alap kollag\u00e9n, melynek neve a term\u00e9k \u00f6sszet\u00e9tel\u00e9re utal, 100% sert\u00e9s kollag\u00e9n. Hozz\u00e1adott vitaminok, sz\u00ednez\u00e9k \u00e9s \u00edzes\u00edt\u00e9s n\u00e9lk\u00fcl.<\/p>\n","protected":false},"featured_media":5718,"comment_status":"closed","ping_status":"open","template":"","meta":[],"product_cat":[61],"product_tag":[],"class_list":{"0":"post-5717","1":"product","2":"type-product","3":"status-publish","4":"has-post-thumbnail","6":"product_brand-collango","7":"product_cat-etrend-kiegeszitok","9":"first","10":"instock","11":"purchasable","12":"product-type-simple"},"_links":{"self":[{"href":"https:\/\/vitamin.coredesign.hu\/index.php?rest_route=\/wp\/v2\/product\/5717","targetHints":{"allow":["GET"]}}],"collection":[{"href":"https:\/\/vitamin.coredesign.hu\/index.php?rest_route=\/wp\/v2\/product"}],"about":[{"href":"https:\/\/vitamin.coredesign.hu\/index.php?rest_route=\/wp\/v2\/types\/product"}],"replies":[{"embeddable":true,"href":"https:\/\/vitamin.coredesign.hu\/index.php?rest_route=%2Fwp%2Fv2%2Fcomments&post=5717"}],"wp:featuredmedia":[{"embeddable":true,"href":"https:\/\/vitamin.coredesign.hu\/index.php?rest_route=\/wp\/v2\/media\/5718"}],"wp:attachment":[{"href":"https:\/\/vitamin.coredesign.hu\/index.php?rest_route=%2Fwp%2Fv2%2Fmedia&parent=5717"}],"wp:term":[{"taxonomy":"product_cat","embeddable":true,"href":"https:\/\/vitamin.coredesign.hu\/index.php?rest_route=%2Fwp%2Fv2%2Fproduct_cat&post=5717"},{"taxonomy":"product_tag","embeddable":true,"href":"https:\/\/vitamin.coredesign.hu\/index.php?rest_route=%2Fwp%2Fv2%2Fproduct_tag&post=5717"}],"curies":[{"name":"wp","href":"https:\/\/api.w.org\/{rel}","templated":true}]}}