{"id":5715,"date":"2025-10-12T12:31:05","date_gmt":"2025-10-12T10:31:05","guid":{"rendered":"https:\/\/vitamin.coredesign.hu\/?product=21c-imune-alga-plusz-kapszula-180db"},"modified":"2026-01-08T23:28:13","modified_gmt":"2026-01-08T22:28:13","slug":"21c-imune-alga-plusz-kapszula-180db","status":"publish","type":"product","link":"https:\/\/vitamin.coredesign.hu\/?product=21c-imune-alga-plusz-kapszula-180db","title":{"rendered":"21C Imune Alga Plusz kapszula 180db"},"content":{"rendered":"<p>&nbsp;<\/p>\n<div id=\"lt-accessibility-devtools\" aria-hidden=\"true\"><\/div>\n<p>5 f\u00e9le alg\u00e1t, asztaxantint, sz\u0151l\u0151mag-, \u00e9s z\u00f6ld tea kivonatot tartalmaz\u00f3 \u00e9trend-kieg\u00e9sz\u00edt\u0151 veg\u00e1n<br \/>\nkapszul\u00e1ban. A csomagol\u00e1sa HDPE alap\u00fa m\u0171anyag flakon, amely az eg\u00e9szs\u00e9get nem k\u00e1ros\u00edtja.<\/p>\n<p>180 db-os kapszula; 21C term\u00e9k a szervezet tiszt\u00edt\u00e1s\u00e1hoz, t\u00e1pl\u00e1l\u00e1s\u00e1hoz \u00e9s v\u00e9delm\u00e9hez.<\/p>\n<p>Sejttiszt\u00edt\u00e1s, sejtt\u00e1pl\u00e1l\u00e1s, sejtv\u00e9delem<\/p>\n<p>Szed\u00e9si javaslat: Napi 2&#215;3 kapszula, reggel \u00e9s este b\u0151 folyad\u00e9kkal bev\u00e9ve. Amennyiben el\u0151sz\u00f6r<br \/>\nhaszn\u00e1lja term\u00e9k\u00fcnket, kezdje kisebb adaggal, est\u00e9nk\u00e9nt 3 kapszul\u00e1val. A term\u00e9k folyamatosan<br \/>\nszedhet\u0151.<\/p>\n<p><strong>\u00d6SZETEV\u0150K:<\/strong><\/p>\n<ul>\n<li>Spirulina k\u00e9k-z\u00f6ld alga (organikus)<\/li>\n<li>Chlorella\u00a0z\u00f6ld alga (organikus)<\/li>\n<li>Haematococcus pluvialis\u00a0z\u00f6ld mikroalga &#8211;\u00a0asztaxantin\u00a0tartalommal<\/li>\n<li>Tetraselmis chuii\u00a0tengeri z\u00f6ld alga &#8211; TetraSOD\u00ae alga 30.000 IU\/g SOD aktivit\u00e1s<\/li>\n<li>Lithothamnion calcareum\u00a0v\u00f6r\u00f6s alga &#8211; term\u00e9szetes k\u00e1lcium \u00e9s magn\u00e9zium tartalommal valamint<\/li>\n<li>70 f\u00e9le nyomelemmel<\/li>\n<li>Sz\u0151l\u0151mag kivonat, MegaNatural\u00ae BP &#8211; klinikailag tesztelt<\/li>\n<li>Z\u00f6ld tea kivonat\u00a0magas\u00a0EGCG\u00a0tartalommal<\/li>\n<li>C-vitamin<\/li>\n<\/ul>\n<p>Tart\u00f3s\u00edt\u00f3szert \u00e9s egy\u00e9b adal\u00e9kanyagot NEM tartalmaz!<br \/>\nCsomagol\u00e1s: HDPE alap\u00fa m\u0171anyag flakon, amely az eg\u00e9szs\u00e9get nem k\u00e1ros\u00edtja<\/p>\n<p>Hat\u00f3anyag tartalom 6 kapszul\u00e1ban mennyis\u00e9g\u00a0 NRV<\/p>\n<ul>\n<li>Spirulina &#8211; Arthrospira platensis 1600 mg<\/li>\n<li>Chlorella pyrenoidosa 600 mg<\/li>\n<li>Haematococcus pluvialis (10% asztaxantin) 80 mg \u00a0ebb\u0151l asztaxantin 8 mg<\/li>\n<li>TetraSOD\u00ae Tetraselmis chuii 9 mg<\/li>\n<li>Lithothamnion calcareum v\u00f6r\u00f6s alga &#8211; Aquamin S 600 mg\u00a0 ebb\u0151l szerves k\u00e1lcium 102 mg \u00a012,75%<\/li>\n<li>Meganatural\u00ae BP sz\u0151l\u0151mag kivonat 300 mg<\/li>\n<li>Z\u00f6ld tea kivonat, 40% EGCG 150 mg \u00a0ebb\u0151l EGCG 60 mg<\/li>\n<li>C-vitamin 40 mg 50,00%<\/li>\n<\/ul>\n<p>A\u00a0Spirulina\u00a0egysejt\u0171\u00a0k\u00e9k-z\u00f6ld alga, amely k\u00f6nnyen em\u00e9szthet\u0151 form\u00e1ban sz\u00e1mtalan t\u00e1panyagot<br \/>\ntartalmaz. \u00d6sszetev\u0151i fitonutriensek (fikocianinok), esszenci\u00e1lis \u00e9s nem-esszenci\u00e1lis aminosavak,<br \/>\nsz\u00e9nhidr\u00e1tok, nukleinsavak, b\u00e9ta-karotin, vas, K1 \u00e9s K2 vitaminok, kalcium, magn\u00e9zium, cink,<br \/>\nk\u00e1lium, B-vitaminok, f\u00f3lsav, gamma-linol\u00e9nsav (GLA), klorofill, zeaxantin. Prebiotikum, amely<br \/>\nel\u0151seg\u00edti a b\u00e9lbakt\u00e9riumok szaporod\u00e1s\u00e1t. Antioxid\u00e1ns hat\u00e1s\u00fa, cs\u00f6kkentheti az allergi\u00e1s t\u00fcneteket, a<br \/>\nkoleszterin szintet \u00e9s a v\u00e9rnyom\u00e1st. Egy 2015-ben k\u00e9sz\u00fclt tanulm\u00e1ny szerint cs\u00f6kkenti a<br \/>\ngyullad\u00e1st.<\/p>\n<p>A\u00a0Chlorella\u00a0is egy hihetetlen\u00fcl t\u00e1panyag gazdag\u00a0\u00e9desv\u00edzi z\u00f6ld alga. A Spirulin\u00e1hoz hasonl\u00f3an<br \/>\ntele van \u00e1sv\u00e1nyi anyagokkal, nyomelemekkel, klorofillal, aminosavakkal, esszenci\u00e1lis zs\u00edrsavakkal,<br \/>\nfitonutriensekkel. Klorofill koncentr\u00e1ci\u00f3ja kiemelten magas, amely m\u00e9regtelen\u00edti a v\u00e9rt \u00e9s seg\u00edti az<br \/>\noxig\u00e9n \u00e1raml\u00e1s\u00e1t. Elt\u00e1vol\u00edtja a testb\u0151l az ipari szennyez\u0151 anyagokat \u00e9s m\u00e9rgeket. A klorofillban<br \/>\ntal\u00e1lhat\u00f3 magn\u00e9zium el\u0151seg\u00edti az izom \u00e9s idegm\u0171k\u00f6d\u00e9st. A sporopollenin a Chlorella egyik nagy<br \/>\nkoncentr\u00e1ci\u00f3ban el\u0151fordul\u00f3 fitonutriense, amely hat\u00e9konyan hozz\u00e1k\u00f6t\u0151dik sz\u00e1mos toxikus<br \/>\nanyaghoz \u00e9s kivezeti azokat a szervezetb\u0151l.<\/p>\n<p>A\u00a0TetraSOD\u00ae Tetraselmis chuii\u00a0egyed\u00fcl\u00e1ll\u00f3\u00a0tengeri z\u00f6ld alga, amelyet fenntarthat\u00f3<br \/>\ngazdas\u00e1gban, szabadalommal v\u00e9dett technol\u00f3gi\u00e1val termesztenek mindenf\u00e9le vegyi beavatkoz\u00e1s<br \/>\nn\u00e9lk\u00fcl. SOD aktivit\u00e1sa meghaladja a 30.000 IU\/g-ot, ami p\u00e9ld\u00e1ul harminch\u00e9tszerese az ol\u00edva olaj<br \/>\nSOD aktivit\u00e1s\u00e1nak. ORAC \u00e9rt\u00e9ke 34.300 \u00b5m TE\/100 gr, ami t\u00f6bb mint h\u00e9tszer magasabb a k\u00e9k<br \/>\n\u00e1fony\u00e1\u00e9n\u00e1l. A SOD (szuperoxid-diszmut\u00e1z) az antioxid\u00e1ns \u00fatvonal els\u0151 esszenci\u00e1lis enzime, amely<br \/>\naz oxidat\u00edv stresszel szemben m\u0171k\u00f6d\u00e9sbe l\u00e9p. A TetraSOD\u00ae \u00f6sszet\u00e9tele nagyon komplex: h\u00e1rom<br \/>\nf\u00e9le antioxid\u00e1ns enzim (SOD, glutation-peroxid\u00e1z \u00e9s katal\u00e1z), esszenci\u00e1lis zs\u00edrsavak, antioxid\u00e1nsok,<br \/>\nvitaminok, \u00e1sv\u00e1nyi anyagok, aminosavak \u00e9s pigmentek. In vitro k\u00eds\u00e9rletek szerint a TetraSOD\u00ae<br \/>\naktiv\u00e1lja azon g\u00e9nek \u00e1t\u00edr\u00e1s\u00e1t, amelyek a fokozott oxidat\u00edv stressz kiv\u00e9d\u00e9s\u00e9ben j\u00e1tszanak szerepet.<br \/>\nHat\u00e1sa m\u00e1r kis d\u00f3zisban (4,67 mg) is \u00e9rv\u00e9nyes\u00fcl, a 21C Imune Alga Plusz napi adagja ennek<br \/>\ndupl\u00e1j\u00e1t, 9 mg-ot tartalmaz.<\/p>\n<p>A\u00a0Haematococcus pluvialis\u00e9desv\u00edzi, egysejt\u0171\u00a0z\u00f6ld mikroalga, a\u00a0TERM\u00c9SZETES<br \/>\nASZTAXANTIN\u00a0egyik leggazdagabb forr\u00e1sa. Az asztaxantin egy karotinoid, amely er\u0151s antioxid\u00e1ns<br \/>\n\u00e9s gyullad\u00e1s g\u00e1tl\u00f3 hat\u00e1s\u00fa.<\/p>\n<p>Az asztaxantin szintetikus \u00faton is el\u0151\u00e1ll\u00edthat\u00f3, sok t\u00e1pl\u00e1l\u00e9k-kieg\u00e9sz\u00edt\u0151 tartalmazza ilyen form\u00e1ban,<br \/>\nazonban az, hogy emberi fogyaszt\u00e1sra mennyire biztons\u00e1gos, illetve mennyire hat\u00e9kony az \u00edgy<br \/>\nel\u0151\u00e1ll\u00edtott forma, m\u00e9g nem tiszt\u00e1zott.<\/p>\n<p>A\u00a0Lithothamnion calcareum\u00a0egy\u00a0v\u00f6r\u00f6s alga, amely sejtfal\u00e1ban nagy mennyis\u00e9g\u0171 kalcium<br \/>\nkarbon\u00e1tot \u00e9s magn\u00e9zium karbon\u00e1tot tartalmaz. Jelent\u0151s mennyis\u00e9gben van m\u00e9g benne vas,<br \/>\nmang\u00e1n, b\u00f3r, nikkel, r\u00e9z, cink \u00e9s szel\u00e9n is. T\u00f6bb mint 70 f\u00e9le nyomelem forr\u00e1sa. Bioakt\u00edv<br \/>\npolifenolos vegy\u00fcleteket \u00e9s terp\u00e9neket is tartalmaz, amelyek a gy\u00f3gy\u00e1szatban ter\u00e1pi\u00e1s<br \/>\ntulajdons\u00e1gokkal rendelkeznek.<\/p>\n<p>A\u00a0MegaNatural\u00aeBP\u00a0egyed\u00fcl\u00e1ll\u00f3\u00a0sz\u0151l\u0151mag kivonat, amely sz\u00e1mos klinikai vizsg\u00e1lat sor\u00e1n<br \/>\nbizony\u00edtotta hat\u00e1soss\u00e1g\u00e1t. A polifenolok, amelyek a fitonutriensek csal\u00e1dj\u00e1ba tartoznak,<br \/>\nbizony\u00edtottan t\u00e1mogatj\u00e1k a sz\u00edv \u00e9s a kering\u00e9si rendszer norm\u00e1lis m\u0171k\u00f6d\u00e9s\u00e9t, ez\u00e1ltal a v\u00e9rnyom\u00e1s<br \/>\nmegfelel\u0151 szinten tart\u00e1s\u00e1t.\u00a0100%-ban v\u00edzold\u00e9kony, \u00edgy kiv\u00e1l\u00f3an felsz\u00edv\u00f3dik. A klinikai vizsg\u00e1latok<br \/>\nazt mutatt\u00e1k, hogy a kivonat 8 h\u00e9ten \u00e1t tart\u00f3 fogyaszt\u00e1sa el\u0151seg\u00edtette mind a szisztol\u00e9s, mind a<br \/>\ndiasztol\u00e9s v\u00e9rnyom\u00e1s \u00e9rt\u00e9kek eg\u00e9szs\u00e9ges szinten bel\u00fcl tart\u00e1s\u00e1t. A MegaNatural\u00aeBP sz\u0151l\u0151mag<br \/>\nkivonat magas antioxid\u00e1ns tartalma r\u00e9v\u00e9n seg\u00edthet cs\u00f6kkenteni az oxidat\u00edv stresszt \u00e9s a<br \/>\nszervezetben keletkez\u0151 szabad gy\u00f6k\u00f6k sz\u00e1m\u00e1t. Klinikailag igazolt\u00e1k tov\u00e1bb\u00e1, hogy a<br \/>\nMegaNatural\u00aeBP seg\u00edti a NO (nitrog\u00e9n-oxid) szint fenntart\u00e1s\u00e1t. A NO n\u00f6veli a szervezet\u00a0 \u00e1ltal\u00e1nos<br \/>\nenergia szintj\u00e9t, az \u00e1ll\u00f3k\u00e9pess\u00e9get, el\u0151seg\u00edti az eg\u00e9szs\u00e9ges kering\u00e9st, \u00e9les\u00edti a mem\u00f3ri\u00e1t. Fentiek<br \/>\nalapj\u00e1n fontos szerepe van a sportos \u00e9letm\u00f3d t\u00e1mogat\u00e1s\u00e1ban fiatalokn\u00e1l \u00e9s id\u0151sekn\u00e9l egyar\u00e1nt.<br \/>\nA\u00a0Z\u00f6ld tea kivonat\u00a0nagy mennyis\u00e9gben tartalmaz antioxid\u00e1nsokat, t\u00f6bbek k\u00f6z\u00f6tt katekineket.<br \/>\nHat\u00e9konys\u00e1g\u00e1ban az epigallokatekin-gall\u00e1t (EGCG) kiemelkedik a t\u00f6bbi k\u00f6z\u00fcl. J\u00f3t\u00e9kony hat\u00e1ssal<br \/>\nvan a sz\u00edv \u00e9s kering\u00e9si rendszer m\u0171k\u00f6d\u00e9s\u00e9re, lass\u00edtja az \u00f6reged\u00e9si folyamatokat, gyullad\u00e1s<br \/>\ncs\u00f6kkent\u0151 hat\u00e1s\u00fa.<\/p>\n","protected":false},"excerpt":{"rendered":"<p>5 f\u00e9le alg\u00e1t, asztaxantint, sz\u0151l\u0151mag-, \u00e9s z\u00f6ld tea kivonatot tartalmaz\u00f3 \u00e9trend-kieg\u00e9sz\u00edt\u0151 veg\u00e1n kapszul\u00e1ban. A csomagol\u00e1sa HDPE alap\u00fa m\u0171anyag flakon, amely az eg\u00e9szs\u00e9get nem k\u00e1ros\u00edtja.<\/p>\n","protected":false},"featured_media":5716,"comment_status":"closed","ping_status":"open","template":"","meta":[],"product_cat":[61],"product_tag":[],"class_list":{"0":"post-5715","1":"product","2":"type-product","3":"status-publish","4":"has-post-thumbnail","6":"product_brand-21c","7":"product_cat-etrend-kiegeszitok","9":"first","10":"instock","11":"purchasable","12":"product-type-simple"},"_links":{"self":[{"href":"https:\/\/vitamin.coredesign.hu\/index.php?rest_route=\/wp\/v2\/product\/5715","targetHints":{"allow":["GET"]}}],"collection":[{"href":"https:\/\/vitamin.coredesign.hu\/index.php?rest_route=\/wp\/v2\/product"}],"about":[{"href":"https:\/\/vitamin.coredesign.hu\/index.php?rest_route=\/wp\/v2\/types\/product"}],"replies":[{"embeddable":true,"href":"https:\/\/vitamin.coredesign.hu\/index.php?rest_route=%2Fwp%2Fv2%2Fcomments&post=5715"}],"wp:featuredmedia":[{"embeddable":true,"href":"https:\/\/vitamin.coredesign.hu\/index.php?rest_route=\/wp\/v2\/media\/5716"}],"wp:attachment":[{"href":"https:\/\/vitamin.coredesign.hu\/index.php?rest_route=%2Fwp%2Fv2%2Fmedia&parent=5715"}],"wp:term":[{"taxonomy":"product_cat","embeddable":true,"href":"https:\/\/vitamin.coredesign.hu\/index.php?rest_route=%2Fwp%2Fv2%2Fproduct_cat&post=5715"},{"taxonomy":"product_tag","embeddable":true,"href":"https:\/\/vitamin.coredesign.hu\/index.php?rest_route=%2Fwp%2Fv2%2Fproduct_tag&post=5715"}],"curies":[{"name":"wp","href":"https:\/\/api.w.org\/{rel}","templated":true}]}}