{"id":5713,"date":"2025-10-12T12:31:05","date_gmt":"2025-10-12T10:31:05","guid":{"rendered":"https:\/\/vitamin.coredesign.hu\/?product=21c-imune-alga-junior-kapszula-60db"},"modified":"2026-01-08T23:28:12","modified_gmt":"2026-01-08T22:28:12","slug":"21c-imune-alga-junior-kapszula-60db","status":"publish","type":"product","link":"https:\/\/vitamin.coredesign.hu\/?product=21c-imune-alga-junior-kapszula-60db","title":{"rendered":"21C Imune Alga Junior kapszula 60db"},"content":{"rendered":"<p>&nbsp;<\/p>\n<div id=\"lt-accessibility-devtools\" aria-hidden=\"true\"><\/div>\n<p>Gyermekeknek 6 \u00e9ves kort\u00f3l aj\u00e1nlott, 4 f\u00e9le alg\u00e1t, asztaxantint \u00e9s sz\u0151l\u0151mag kivonatot tartalmaz\u00f3<br \/>\n\u00e9trend-kieg\u00e9sz\u00edt\u0151 veg\u00e1n kapszul\u00e1ban. A csomagol\u00e1sa HDPE alap\u00fa m\u0171anyag flakon, amely az<br \/>\neg\u00e9szs\u00e9get nem k\u00e1ros\u00edtja.<\/p>\n<p>60 db-os kapszula; 21C term\u00e9k a szervezet tiszt\u00edt\u00e1s\u00e1hoz, t\u00e1pl\u00e1l\u00e1s\u00e1hoz \u00e9s v\u00e9delm\u00e9hez.<\/p>\n<p>Sejttiszt\u00edt\u00e1s, sejtt\u00e1pl\u00e1l\u00e1s, sejtv\u00e9delem<br \/>\nSzed\u00e9si javaslat:\u00a0Napi 2&#215;1 kapszula, reggel \u00e9s este b\u0151 folyad\u00e9kkal bev\u00e9ve.Amennyiben el\u0151sz\u00f6r<br \/>\nhaszn\u00e1lja term\u00e9k\u00fcnket, kezdje kisebb adaggal, est\u00e9nk\u00e9nt 1 kapszul\u00e1val. A term\u00e9k folyamatosan<br \/>\nszedhet\u0151.\u00a06 \u00e9ves kort\u00f3l fogyaszthat\u00f3!<\/p>\n<p><strong>\u00d6SZETEV\u0150K:<\/strong><\/p>\n<ul>\n<li>Spirulina\u00a0k\u00e9k-z\u00f6ld alga (organikus)<\/li>\n<li>Chlorella\u00a0z\u00f6ld alga (organikus)<\/li>\n<li>Haematococcus pluvialis\u00a0z\u00f6ld mikroalga &#8211; asztaxantin tartalommal<\/li>\n<li>Lithothamnion calcareum\u00a0v\u00f6r\u00f6s alga &#8211; term\u00e9szetes k\u00e1lcium \u00e9s magn\u00e9zium tartalommal valamint<\/li>\n<li>70 f\u00e9le nyomelemmel<\/li>\n<li>Sz\u0151l\u0151mag kivonat, MegaNatural\u00ae BP &#8211; klinikailag tesztelt<\/li>\n<li>C-vitamin<\/li>\n<\/ul>\n<p>Veget\u00e1ri\u00e1nus\/veg\u00e1n (n\u00f6v\u00e9nyi kapszul\u00e1ban &#8211; vCaps)<\/p>\n<ul>\n<li>Tart\u00f3s\u00edt\u00f3szert \u00e9s egy\u00e9b adal\u00e9kanyagot\u00a0NEM tartalmaz!<\/li>\n<li>Csomagol\u00e1s: HDPE alap\u00fa m\u0171anyag flakon, amely az eg\u00e9szs\u00e9get nem k\u00e1ros\u00edtja<\/li>\n<li>hat\u00f3anyag tartalom 2 kapszul\u00e1ban mennyis\u00e9g NRV<\/li>\n<li>Spirulina &#8211; Arthrospira platensis 520 mg<\/li>\n<li>Chlorella\u00a0pyrenoidosa 140 mg<\/li>\n<li>Haematococcus pluvialis (10% asztaxantin) 25 mg, ebb\u0151l asztaxantin 2,5 mg<\/li>\n<li>Lithothamnion calcareum v\u00f6r\u00f6s alga &#8211; Aquamin S 142 mg 3,00% ebb\u0151l szerves k\u00e1lcium 24 mg<\/li>\n<li>Meganatural\u00ae BP sz\u0151l\u0151mag kivonat 35 mg<\/li>\n<li>C-vitamin 40 mg 50,00%<\/li>\n<\/ul>\n<p>&nbsp;<\/p>\n<p>A\u00a0Spirulina\u00a0egysejt\u0171\u00a0k\u00e9k-z\u00f6ld alga, amely k\u00f6nnyen em\u00e9szthet\u0151 form\u00e1ban sz\u00e1mtalan t\u00e1panyagot<br \/>\ntartalmaz. \u00d6sszetev\u0151i fitonutriensek (fikocianinok), esszenci\u00e1lis \u00e9s nem-esszenci\u00e1lis aminosavak,<br \/>\nsz\u00e9nhidr\u00e1tok, nukleinsavak, b\u00e9ta-karotin, vas, K1 \u00e9s K2 vitaminok, kalcium, magn\u00e9zium, cink,<br \/>\nk\u00e1lium, B-vitaminok, f\u00f3lsav, gamma-linol\u00e9nsav (GLA), klorofill, zeaxantin. Prebiotikum, amely<br \/>\nel\u0151seg\u00edti a b\u00e9lbakt\u00e9riumok szaporod\u00e1s\u00e1t. Antioxid\u00e1ns hat\u00e1s\u00fa, cs\u00f6kkentheti az allergi\u00e1s t\u00fcneteket, a<br \/>\nkoleszterin szintet \u00e9s a v\u00e9rnyom\u00e1st. Egy 2015-ben k\u00e9sz\u00fclt tanulm\u00e1ny szerint cs\u00f6kkenti a<br \/>\ngyullad\u00e1st.<\/p>\n<p>A\u00a0Chlorella\u00a0is egy hihetetlen\u00fcl t\u00e1panyag gazdag \u00e9desv\u00edzi\u00a0z\u00f6ld alga. A Spirulin\u00e1hoz hasonl\u00f3an tele<br \/>\nvan \u00e1sv\u00e1nyi anyagokkal, nyomelemekkel, klorofillal, aminosavakkal, esszenci\u00e1lis zs\u00edrsavakkal,<br \/>\nfitonutriensekkel. Klorofill koncentr\u00e1ci\u00f3ja kiemelten magas, amely m\u00e9regtelen\u00edti a v\u00e9rt \u00e9s seg\u00edti az<br \/>\noxig\u00e9n \u00e1raml\u00e1s\u00e1t. Elt\u00e1vol\u00edtja a testb\u0151l az ipari szennyez\u0151 anyagokat \u00e9s m\u00e9rgeket. A klorofillban<br \/>\ntal\u00e1lhat\u00f3 magn\u00e9zium el\u0151seg\u00edti az izom \u00e9s idegm\u0171k\u00f6d\u00e9st. A sporopollenin a Chlorella egyik nagy<br \/>\nkoncentr\u00e1ci\u00f3ban el\u0151fordul\u00f3 fitonutriense, amely hat\u00e9konyan hozz\u00e1k\u00f6t\u0151dik sz\u00e1mos toxikus<br \/>\nanyaghoz \u00e9s kivezeti azokat a szervezetb\u0151l.<\/p>\n<p>A\u00a0Haematococcus pluvialis\u00e9desv\u00edzi, egysejt\u0171\u00a0z\u00f6ld mikroalga, a\u00a0TERM\u00c9SZETES<br \/>\nASZTAXANTIN\u00a0egyik leggazdagabb forr\u00e1sa. Az asztaxantin egy karotinoid, amely er\u0151s antioxid\u00e1ns<br \/>\n\u00e9s gyullad\u00e1s g\u00e1tl\u00f3 hat\u00e1s\u00fa.<\/p>\n<p>Az asztaxantin szintetikus \u00faton is el\u0151\u00e1ll\u00edthat\u00f3, sok t\u00e1pl\u00e1l\u00e9k-kieg\u00e9sz\u00edt\u0151 tartalmazza ilyen form\u00e1ban,<br \/>\nazonban az, hogy emberi fogyaszt\u00e1sra mennyire biztons\u00e1gos, illetve mennyire hat\u00e9kony az \u00edgy<br \/>\nel\u0151\u00e1ll\u00edtott forma, m\u00e9g nem tiszt\u00e1zott.<\/p>\n<p>A\u00a0Lithothamnion calcareum\u00a0egy\u00a0v\u00f6r\u00f6s alga, amely sejtfal\u00e1ban nagy<br \/>\nmennyis\u00e9g\u0171\u00a0k\u00e1lcium\u00a0karbon\u00e1tot \u00e9s\u00a0magn\u00e9zium\u00a0karbon\u00e1tot tartalmaz. Jelent\u0151s mennyis\u00e9gben<br \/>\nvan m\u00e9g benne\u00a0vas, mang\u00e1n, b\u00f3r, nikkel, r\u00e9z, cink \u00e9s szel\u00e9n is. T\u00f6bb mint 70 f\u00e9le<br \/>\nnyomelem forr\u00e1sa. Bioakt\u00edv polifenolos vegy\u00fcleteket \u00e9s terp\u00e9neket is tartalmaz, amelyek a<br \/>\ngy\u00f3gy\u00e1szatban ter\u00e1pi\u00e1s tulajdons\u00e1gokkal rendelkeznek.<\/p>\n<p>A\u00a0MegaNatural\u00aeBP\u00a0egyed\u00fcl\u00e1ll\u00f3\u00a0sz\u0151l\u0151mag kivonat, amely sz\u00e1mos klinikai vizsg\u00e1lat sor\u00e1n<br \/>\nbizony\u00edtotta hat\u00e1soss\u00e1g\u00e1t. A polifenolok, amelyek a fitonutriensek csal\u00e1dj\u00e1ba tartoznak,<br \/>\nbizony\u00edtottan t\u00e1mogatj\u00e1k a sz\u00edv \u00e9s a kering\u00e9si rendszer norm\u00e1lis m\u0171k\u00f6d\u00e9s\u00e9t, ez\u00e1ltal a v\u00e9rnyom\u00e1s<br \/>\nmegfelel\u0151 szinten tart\u00e1s\u00e1t.\u00a0100%-ban v\u00edzold\u00e9kony, \u00edgy kiv\u00e1l\u00f3an felsz\u00edv\u00f3dik.<\/p>\n<p>A MegaNatural\u00aeBPsz\u0151l\u0151mag kivonat magas antioxid\u00e1ns tartalma r\u00e9v\u00e9n seg\u00edthet cs\u00f6kkenteni az oxidat\u00edv stresszt \u00e9s a<br \/>\nszervezetben keletkez\u0151 szabad gy\u00f6k\u00f6k sz\u00e1m\u00e1t.\u00a0Klinikailag igazolt\u00e1k\u00a0tov\u00e1bb\u00e1, hogy a<br \/>\nMegaNatural\u00aeBP seg\u00edti a NO (nitrog\u00e9n-oxid) szint fenntart\u00e1s\u00e1t.\u00a0A NO n\u00f6veli a szervezet<br \/>\n\u00e1ltal\u00e1nos energia szintj\u00e9t, az \u00e1ll\u00f3k\u00e9pess\u00e9get,\u00a0el\u0151seg\u00edti az eg\u00e9szs\u00e9ges kering\u00e9st, \u00e9les\u00edti a<br \/>\nmem\u00f3ri\u00e1t. Fentiek alapj\u00e1n\u00a0fontos szerepe van a sportos \u00e9letm\u00f3d t\u00e1mogat\u00e1s\u00e1ban<br \/>\nfiatalokn\u00e1l\u00e9s id\u0151sekn\u00e9l egyar\u00e1nt.<\/p>\n","protected":false},"excerpt":{"rendered":"<p>Gyermekeknek 6 \u00e9ves kort\u00f3l aj\u00e1nlott, 4 f\u00e9le alg\u00e1t, asztaxantint \u00e9s sz\u0151l\u0151mag kivonatot tartalmaz\u00f3 \u00e9trend-kieg\u00e9sz\u00edt\u0151 veg\u00e1n kapszul\u00e1ban. A csomagol\u00e1sa HDPE alap\u00fa m\u0171anyag flakon, amely az eg\u00e9szs\u00e9get nem k\u00e1ros\u00edtja.<\/p>\n","protected":false},"featured_media":5714,"comment_status":"closed","ping_status":"open","template":"","meta":[],"product_cat":[61],"product_tag":[],"class_list":{"0":"post-5713","1":"product","2":"type-product","3":"status-publish","4":"has-post-thumbnail","6":"product_brand-21c","7":"product_cat-etrend-kiegeszitok","9":"first","10":"instock","11":"purchasable","12":"product-type-simple"},"_links":{"self":[{"href":"https:\/\/vitamin.coredesign.hu\/index.php?rest_route=\/wp\/v2\/product\/5713","targetHints":{"allow":["GET"]}}],"collection":[{"href":"https:\/\/vitamin.coredesign.hu\/index.php?rest_route=\/wp\/v2\/product"}],"about":[{"href":"https:\/\/vitamin.coredesign.hu\/index.php?rest_route=\/wp\/v2\/types\/product"}],"replies":[{"embeddable":true,"href":"https:\/\/vitamin.coredesign.hu\/index.php?rest_route=%2Fwp%2Fv2%2Fcomments&post=5713"}],"wp:featuredmedia":[{"embeddable":true,"href":"https:\/\/vitamin.coredesign.hu\/index.php?rest_route=\/wp\/v2\/media\/5714"}],"wp:attachment":[{"href":"https:\/\/vitamin.coredesign.hu\/index.php?rest_route=%2Fwp%2Fv2%2Fmedia&parent=5713"}],"wp:term":[{"taxonomy":"product_cat","embeddable":true,"href":"https:\/\/vitamin.coredesign.hu\/index.php?rest_route=%2Fwp%2Fv2%2Fproduct_cat&post=5713"},{"taxonomy":"product_tag","embeddable":true,"href":"https:\/\/vitamin.coredesign.hu\/index.php?rest_route=%2Fwp%2Fv2%2Fproduct_tag&post=5713"}],"curies":[{"name":"wp","href":"https:\/\/api.w.org\/{rel}","templated":true}]}}