{"id":5711,"date":"2025-10-12T12:31:05","date_gmt":"2025-10-12T10:31:05","guid":{"rendered":"https:\/\/vitamin.coredesign.hu\/?product=21c-immunity-beta-glukan-kapszula-60db"},"modified":"2026-01-08T23:28:12","modified_gmt":"2026-01-08T22:28:12","slug":"21c-immunity-beta-glukan-kapszula-60db","status":"publish","type":"product","link":"https:\/\/vitamin.coredesign.hu\/?product=21c-immunity-beta-glukan-kapszula-60db","title":{"rendered":"21C Immunity (b\u00e9ta-gl\u00fck\u00e1n) kapszula 60db"},"content":{"rendered":"<p>&nbsp;<\/p>\n<div id=\"lt-accessibility-devtools\" aria-hidden=\"true\"><\/div>\n<p>F\u0151 \u00f6sszetev\u0151inek, a\u00a0 b\u00e9ta-gl\u00fck\u00e1nnak \u00a0\u00e9s olajfalev\u00e9l-kivonatnak k\u00f6sz\u00f6nhet\u0151en m\u00e1r 36 \u00f3r\u00e1n bel\u00fcl<br \/>\naktiv\u00e1lja a szervezet v\u00e9delmi rendszer\u00e9t.<br \/>\nNagy l\u00f6k\u00e9st ad az immunrendszer m\u0171k\u00f6d\u00e9s\u00e9nek. Ez\u00e1ltal sz\u00e1mos betegs\u00e9g megel\u0151z\u00e9s\u00e9ben \u00e9s<br \/>\nlek\u00fczd\u00e9s\u00e9ben ny\u00fajt seg\u00edts\u00e9get.<br \/>\nMi az a b\u00e9ta-gl\u00fck\u00e1n?<\/p>\n<p>A b\u00e9ta gl\u00fck\u00e1n a term\u00e9szetben \u2013 gomb\u00e1k, n\u00f6v\u00e9nyek, bakt\u00e9riumok sejtfal\u00e1ban \u2013 megtal\u00e1lhat\u00f3<br \/>\npoliszacharidok, m\u00e1s n\u00e9ven \u00f6sszetett cukrok. A b\u00e9ta-gl\u00fck\u00e1n az emberi szervezetben fokozza az<br \/>\nimmunrendszer olyan sejtjeinek termel\u0151d\u00e9s\u00e9t \u00e9s aktivit\u00e1s\u00e1t, mint p\u00e9ld\u00e1ul a makrof\u00e1gok vagy<br \/>\nneutrofil granulocit\u00e1k. Ezzel pedig nagy l\u00f6k\u00e9st ad v\u00e9dekez\u0151rendszer\u00fcnknek, amely \u00edgy k\u00f6nnyebben<br \/>\n\u00e1ll ellen a k\u00f3rokoz\u00f3knak, illetve gy\u0151zheti le a k\u00fcl\u00f6nf\u00e9le betegs\u00e9geket.<\/p>\n<p>A 21C Immunity kapszula b\u00e9ta-gl\u00fck\u00e1n \u00e9s olajfalev\u00e9l kivonata t\u00e1mogatja a szervezet saj\u00e1t v\u00e9delmi<br \/>\nmechanizmusait, fenntartja a term\u00e9szetes immunit\u00e1st, \u00e9s el\u0151seg\u00edti az immunol\u00f3giai v\u00e9delem<br \/>\nmeger\u0151s\u00edt\u00e9s\u00e9t. A 21C Immunity-ben tal\u00e1lhat\u00f3 szel\u00e9n hozz\u00e1j\u00e1rul a szervezet\u00fcnkben zajl\u00f3 k\u00e1ros<br \/>\noxidat\u00edv folyamatok g\u00e1tl\u00e1s\u00e1hoz, \u00edgy el\u0151seg\u00edti az immunrendszer m\u0171k\u00f6d\u00e9s\u00e9t.<\/p>\n<p>Hat\u00e1sa<\/p>\n<ul>\n<li>A 21C Immunity kapszula hat\u00f3anyagainak k\u00f6sz\u00f6nhet\u0151en:<br \/>\ner\u0151s\u00edti az immunrendszert, a szervezet ellen\u00e1ll\u00f3k\u00e9pess\u00e9g\u00e9t a v\u00edrusok, bakt\u00e9riumok \u00e9s<br \/>\nszabadgy\u00f6k\u00f6k ellen;<\/li>\n<li>seg\u00edt a betegs\u00e9gek legy\u0151z\u00e9s\u00e9ben;<\/li>\n<li>hozz\u00e1j\u00e1rul az allergi\u00e1s \u00e9s sz\u00e9nan\u00e1th\u00e1s t\u00fcnetek enyh\u00edt\u00e9s\u00e9hez;<\/li>\n<li>seg\u00edti a szabadgy\u00f6k\u00f6k elleni v\u00e9delmet<\/li>\n<li>hat\u00e9konyan er\u0151s\u00edti kr\u00f3nikus betegek, tart\u00f3s stresszt\u0151l szenved\u0151k, kemo- vagy sug\u00e1rter\u00e1pi\u00e1n<br \/>\n\u00e1tesettek immunrendszer\u00e9t;<\/li>\n<li>enyh\u00edtheti a kemoter\u00e1pia negat\u00edv hat\u00e1sait;<\/li>\n<li>jav\u00edthatja kr\u00f3nikus b\u0151rbetegs\u00e9gekben (mint p\u00e9ld\u00e1ul ekc\u00e9ma, at\u00f3pi\u00e1s dermatitisz) szenved\u0151k<br \/>\n\u00e1llapot\u00e1t;<\/li>\n<li>cs\u00f6kkentheti a koleszterinszintet.<\/li>\n<\/ul>\n<p>\u00d6sszetev\u0151k, hat\u00f3anyagok, adagol\u00e1s<\/p>\n<p>&nbsp;<\/p>\n<ul>\n<li>21C Immunity kapszula kapszul\u00e1nk\u00e9nt tartalmaz:<\/li>\n<li>olajfalev\u00e9l-kivonat: 250 mg,<\/li>\n<li>b\u00e9ta-gl\u00fck\u00e1n: 250 mg,<\/li>\n<li>vas-gl\u00fckon\u00e1t: 7 mg,<\/li>\n<li>cink-szulf\u00e1t: 10 mg,<\/li>\n<li>r\u00e9z-gl\u00fckon\u00e1t: 1 mg,<\/li>\n<li>mang\u00e1n-szulf\u00e1t: 2 mg,<\/li>\n<li>A-vitamin: 0,8 mg,<\/li>\n<li>folsav: 0,2 mg,<\/li>\n<li>k\u00e1lium-jodid: 0,15 mg,<\/li>\n<li>n\u00e1trium-szelenit: 0,055,<\/li>\n<li>D 3 -vitamin: 0,025,<\/li>\n<li>B 12 -vitamin: 0,001 mg.<\/li>\n<\/ul>\n<p>A gy\u00e1rt\u00f3 javaslata szerinti adagol\u00e1s 1 kapszula\/nap \u00e9tkez\u00e9s el\u0151tt 30 perccel kev\u00e9s folyad\u00e9kkal<br \/>\nbev\u00e9ve.<br \/>\nSzeretn\u00e9nk t\u00e1j\u00e9koztatni, hogy a k\u00fcl\u00f6nb\u00f6z\u0151 gy\u00e1rt\u00e1sok k\u00f6z\u00f6tt el\u0151fordulhat sz\u00ednbeli elt\u00e9r\u00e9s, amely a<br \/>\nterm\u00e9k min\u0151s\u00e9g\u00e9t nem befoly\u00e1solja!<\/p>\n","protected":false},"excerpt":{"rendered":"<p>F\u0151 \u00f6sszetev\u0151inek, a\u00a0 b\u00e9ta-gl\u00fck\u00e1nnak \u00a0\u00e9s olajfalev\u00e9l-kivonatnak k\u00f6sz\u00f6nhet\u0151en m\u00e1r 36 \u00f3r\u00e1n bel\u00fcl aktiv\u00e1lja a szervezet v\u00e9delmi rendszer\u00e9t.<br \/>\nNagy l\u00f6k\u00e9st ad az immunrendszer m\u0171k\u00f6d\u00e9s\u00e9nek. Ez\u00e1ltal sz\u00e1mos betegs\u00e9g megel\u0151z\u00e9s\u00e9ben \u00e9s lek\u00fczd\u00e9s\u00e9ben ny\u00fajt seg\u00edts\u00e9get.<\/p>\n","protected":false},"featured_media":5712,"comment_status":"closed","ping_status":"open","template":"","meta":[],"product_cat":[61],"product_tag":[],"class_list":{"0":"post-5711","1":"product","2":"type-product","3":"status-publish","4":"has-post-thumbnail","6":"product_brand-21c","7":"product_cat-etrend-kiegeszitok","9":"first","10":"instock","11":"purchasable","12":"product-type-simple"},"_links":{"self":[{"href":"https:\/\/vitamin.coredesign.hu\/index.php?rest_route=\/wp\/v2\/product\/5711","targetHints":{"allow":["GET"]}}],"collection":[{"href":"https:\/\/vitamin.coredesign.hu\/index.php?rest_route=\/wp\/v2\/product"}],"about":[{"href":"https:\/\/vitamin.coredesign.hu\/index.php?rest_route=\/wp\/v2\/types\/product"}],"replies":[{"embeddable":true,"href":"https:\/\/vitamin.coredesign.hu\/index.php?rest_route=%2Fwp%2Fv2%2Fcomments&post=5711"}],"wp:featuredmedia":[{"embeddable":true,"href":"https:\/\/vitamin.coredesign.hu\/index.php?rest_route=\/wp\/v2\/media\/5712"}],"wp:attachment":[{"href":"https:\/\/vitamin.coredesign.hu\/index.php?rest_route=%2Fwp%2Fv2%2Fmedia&parent=5711"}],"wp:term":[{"taxonomy":"product_cat","embeddable":true,"href":"https:\/\/vitamin.coredesign.hu\/index.php?rest_route=%2Fwp%2Fv2%2Fproduct_cat&post=5711"},{"taxonomy":"product_tag","embeddable":true,"href":"https:\/\/vitamin.coredesign.hu\/index.php?rest_route=%2Fwp%2Fv2%2Fproduct_tag&post=5711"}],"curies":[{"name":"wp","href":"https:\/\/api.w.org\/{rel}","templated":true}]}}