{"id":5709,"date":"2025-10-12T12:31:05","date_gmt":"2025-10-12T10:31:05","guid":{"rendered":"https:\/\/vitamin.coredesign.hu\/?product=balkan-pharmaceuticals-pregnolone-2-0"},"modified":"2026-01-08T23:28:11","modified_gmt":"2026-01-08T22:28:11","slug":"balkan-pharmaceuticals-pregnolone-2-0","status":"publish","type":"product","link":"https:\/\/vitamin.coredesign.hu\/?product=balkan-pharmaceuticals-pregnolone-2-0","title":{"rendered":"Balkan Pharmaceuticals \u2013 Pregnolone 2.0"},"content":{"rendered":"<p>&nbsp;<\/p>\n<div id=\"lt-accessibility-devtools\" aria-hidden=\"true\"><\/div>\n<p>Tesztoszteronfokoz\u00f3 komplex a Balkan Pharm\u00e1t\u00f3l.<\/p>\n<p>&nbsp;<\/p>\n<p>Tudom\u00e1nyosan \u00f6ssze\u00e1ll\u00edtott tesztoszteronfokoz\u00f3 rengeteg hat\u00f3anyaggal.<\/p>\n<p>\u00d6sszetev\u0151k tablett\u00e1nk\u00e9nt<\/p>\n<p>ZMA:<br \/>\nmagn\u00e9zium citr\u00e1t 180mg<br \/>\ncink 16mg<br \/>\nB6 vitamin 4,3mg<\/p>\n<p>Testo Mix:<br \/>\nMaca gy\u00f6k\u00e9r 265mg<br \/>\nT\u00f6rpep\u00e1lma kivonat 130mg<br \/>\nPassi\u00f3gy\u00fcm\u00f6lcs kivonat 130mg<br \/>\nD-aszparginsav 130mg<br \/>\nG\u00f6r\u00f6gsz\u00e9na kivonat 125mg<br \/>\nEggbrane\u00ae toj\u00e1sh\u00e9j membr\u00e1n 50mg<\/p>\n<p>Bee Cocktail:<br \/>\nEur\u00f3pai homokt\u00f6vis 400mg<br \/>\nLenmag olaj 245mg<br \/>\nSpirulina 150mg<br \/>\nM\u00e9h l\u00e1rva kivonat 100mg<\/p>\n<p>Super Test<br \/>\nCordyceps kivonat 400mg<br \/>\nGinzeng kivonat 400mg<br \/>\nM\u00e9hpemp\u0151 50mg<br \/>\nColeus Forskohlii kivonat 50mg<br \/>\nFekete Bors kivonat 5,3mg<\/p>\n<p>Kiszerel\u00e9s: 4\u00d730 tabletta<\/p>\n<p>Egy adag: 4\u00d71 tabletta<\/p>\n<p>Felhaszn\u00e1l\u00e1si javaslat: sz\u00ednenk\u00e9nt 1 tabletta reggelente<\/p>\n","protected":false},"excerpt":{"rendered":"<p>Tudom\u00e1nyosan \u00f6ssze\u00e1ll\u00edtott tesztoszteronfokoz\u00f3 rengeteg hat\u00f3anyaggal.<\/p>\n","protected":false},"featured_media":5710,"comment_status":"closed","ping_status":"open","template":"","meta":[],"product_cat":[61],"product_tag":[],"class_list":{"0":"post-5709","1":"product","2":"type-product","3":"status-publish","4":"has-post-thumbnail","6":"product_brand-balkan-pharma","7":"product_cat-etrend-kiegeszitok","9":"first","10":"instock","11":"purchasable","12":"product-type-simple"},"_links":{"self":[{"href":"https:\/\/vitamin.coredesign.hu\/index.php?rest_route=\/wp\/v2\/product\/5709","targetHints":{"allow":["GET"]}}],"collection":[{"href":"https:\/\/vitamin.coredesign.hu\/index.php?rest_route=\/wp\/v2\/product"}],"about":[{"href":"https:\/\/vitamin.coredesign.hu\/index.php?rest_route=\/wp\/v2\/types\/product"}],"replies":[{"embeddable":true,"href":"https:\/\/vitamin.coredesign.hu\/index.php?rest_route=%2Fwp%2Fv2%2Fcomments&post=5709"}],"wp:featuredmedia":[{"embeddable":true,"href":"https:\/\/vitamin.coredesign.hu\/index.php?rest_route=\/wp\/v2\/media\/5710"}],"wp:attachment":[{"href":"https:\/\/vitamin.coredesign.hu\/index.php?rest_route=%2Fwp%2Fv2%2Fmedia&parent=5709"}],"wp:term":[{"taxonomy":"product_cat","embeddable":true,"href":"https:\/\/vitamin.coredesign.hu\/index.php?rest_route=%2Fwp%2Fv2%2Fproduct_cat&post=5709"},{"taxonomy":"product_tag","embeddable":true,"href":"https:\/\/vitamin.coredesign.hu\/index.php?rest_route=%2Fwp%2Fv2%2Fproduct_tag&post=5709"}],"curies":[{"name":"wp","href":"https:\/\/api.w.org\/{rel}","templated":true}]}}