{"id":5697,"date":"2025-10-12T12:30:47","date_gmt":"2025-10-12T10:30:47","guid":{"rendered":"https:\/\/vitamin.coredesign.hu\/?product=mayer-eper-lekvar-0314l"},"modified":"2026-01-08T23:28:00","modified_gmt":"2026-01-08T22:28:00","slug":"mayer-eper-lekvar-0314l","status":"publish","type":"product","link":"https:\/\/vitamin.coredesign.hu\/?product=mayer-eper-lekvar-0314l","title":{"rendered":"MAYER Eper lekv\u00e1r 0,314L"},"content":{"rendered":"<p>&nbsp;<\/p>\n<div id=\"lt-accessibility-devtools\" aria-hidden=\"true\"><\/div>\n<p>Eper lekv\u00e1r 346g<\/p>\n<p>\u00d6sszetev\u0151k:\u00a0eper,\u00a0cukor,\u00a0citroml\u00e9 (s\u0171r\u00edtm\u00e9nyb\u0151l),\u00a0almapektin.<\/p>\n","protected":false},"excerpt":{"rendered":"<p>Eper lekv\u00e1r 346g<\/p>\n","protected":false},"featured_media":5698,"comment_status":"closed","ping_status":"open","template":"","meta":[],"product_cat":[74],"product_tag":[],"class_list":{"0":"post-5697","1":"product","2":"type-product","3":"status-publish","4":"has-post-thumbnail","6":"product_brand-mayer","7":"product_cat-elelmiszer","9":"first","10":"instock","11":"purchasable","12":"product-type-simple"},"_links":{"self":[{"href":"https:\/\/vitamin.coredesign.hu\/index.php?rest_route=\/wp\/v2\/product\/5697","targetHints":{"allow":["GET"]}}],"collection":[{"href":"https:\/\/vitamin.coredesign.hu\/index.php?rest_route=\/wp\/v2\/product"}],"about":[{"href":"https:\/\/vitamin.coredesign.hu\/index.php?rest_route=\/wp\/v2\/types\/product"}],"replies":[{"embeddable":true,"href":"https:\/\/vitamin.coredesign.hu\/index.php?rest_route=%2Fwp%2Fv2%2Fcomments&post=5697"}],"wp:featuredmedia":[{"embeddable":true,"href":"https:\/\/vitamin.coredesign.hu\/index.php?rest_route=\/wp\/v2\/media\/5698"}],"wp:attachment":[{"href":"https:\/\/vitamin.coredesign.hu\/index.php?rest_route=%2Fwp%2Fv2%2Fmedia&parent=5697"}],"wp:term":[{"taxonomy":"product_cat","embeddable":true,"href":"https:\/\/vitamin.coredesign.hu\/index.php?rest_route=%2Fwp%2Fv2%2Fproduct_cat&post=5697"},{"taxonomy":"product_tag","embeddable":true,"href":"https:\/\/vitamin.coredesign.hu\/index.php?rest_route=%2Fwp%2Fv2%2Fproduct_tag&post=5697"}],"curies":[{"name":"wp","href":"https:\/\/api.w.org\/{rel}","templated":true}]}}