{"id":5691,"date":"2025-10-12T12:30:47","date_gmt":"2025-10-12T10:30:47","guid":{"rendered":"https:\/\/vitamin.coredesign.hu\/?product=mayer-eperszorp-edesitoszerrel-05l"},"modified":"2026-01-08T23:27:57","modified_gmt":"2026-01-08T22:27:57","slug":"mayer-eperszorp-edesitoszerrel-05l","status":"publish","type":"product","link":"https:\/\/vitamin.coredesign.hu\/?product=mayer-eperszorp-edesitoszerrel-05l","title":{"rendered":"MAYER Epersz\u00f6rp \u00e9des\u00edt\u0151szerrel 0,5L"},"content":{"rendered":"<p>&nbsp;<\/p>\n<div id=\"lt-accessibility-devtools\" aria-hidden=\"true\"><\/div>\n<p>Epersz\u00f6rp\u00a0\u00e9des\u00edt\u0151szerrel 0,5l<br \/>\nFelhaszn\u00e1l\u00e1si javaslat:<br \/>\n&#8211; sz\u00e9nsavas \u00e9s sz\u00e9nsavmentes sz\u00f6rpk\u00e9nt<br \/>\n&#8211; limon\u00e1d\u00e9k\u00e9nt<br \/>\n&#8211; kokt\u00e9lokhoz<br \/>\n&#8211; forr\u00f3 italk\u00e9nt<br \/>\n&#8211; \u00edzes\u00edtett fr\u00f6ccsh\u00f6z<br \/>\n&#8211; s\u00fctem\u00e9nyekhez \/ s\u00fctem\u00e9ny \u00f6ntetk\u00e9nt<br \/>\n&#8211; joghurtokhoz<br \/>\n&#8211; j\u00e9gk\u00e1s\u00e1hoz<br \/>\n&#8211; forr\u00f3 csokol\u00e1d\u00e9hoz<\/p>\n<p>&nbsp;<\/p>\n<p>\u00d6sszetev\u0151k: eper, v\u00edz, erytvia (erytritol, steviol glikozid),\u00a0citroml\u00e9(s\u0171r\u00edtm\u00e9nyb\u0151l)<\/p>\n<p>Javasolt h\u00edg\u00edt\u00e1si ar\u00e1ny: 1:6<br \/>\nHozz\u00e1adott cukrot nem tartalmaz, erytvi\u00e1val \u00e9des\u00edtett.<br \/>\nTart\u00f3s\u00edt\u00f3szert nem tartalmaz, felbont\u00e1s ut\u00e1n h\u0171t\u0151ben t\u00e1rolja \u00e9s 2 h\u00e9ten bel\u00fcl fogyassza el!<br \/>\nT\u00e1rol\u00e1s: sz\u00e1raz, h\u0171v\u00f6s helyen.<br \/>\nHaszn\u00e1lat el\u0151tt felr\u00e1zand\u00f3.<\/p>\n","protected":false},"excerpt":{"rendered":"<p>Epersz\u00f6rp\u00a0\u00e9des\u00edt\u0151szerrel 0,5l<\/p>\n","protected":false},"featured_media":5692,"comment_status":"closed","ping_status":"open","template":"","meta":[],"product_cat":[74],"product_tag":[],"class_list":{"0":"post-5691","1":"product","2":"type-product","3":"status-publish","4":"has-post-thumbnail","6":"product_brand-mayer","7":"product_cat-elelmiszer","9":"first","10":"instock","11":"purchasable","12":"product-type-simple"},"_links":{"self":[{"href":"https:\/\/vitamin.coredesign.hu\/index.php?rest_route=\/wp\/v2\/product\/5691","targetHints":{"allow":["GET"]}}],"collection":[{"href":"https:\/\/vitamin.coredesign.hu\/index.php?rest_route=\/wp\/v2\/product"}],"about":[{"href":"https:\/\/vitamin.coredesign.hu\/index.php?rest_route=\/wp\/v2\/types\/product"}],"replies":[{"embeddable":true,"href":"https:\/\/vitamin.coredesign.hu\/index.php?rest_route=%2Fwp%2Fv2%2Fcomments&post=5691"}],"wp:featuredmedia":[{"embeddable":true,"href":"https:\/\/vitamin.coredesign.hu\/index.php?rest_route=\/wp\/v2\/media\/5692"}],"wp:attachment":[{"href":"https:\/\/vitamin.coredesign.hu\/index.php?rest_route=%2Fwp%2Fv2%2Fmedia&parent=5691"}],"wp:term":[{"taxonomy":"product_cat","embeddable":true,"href":"https:\/\/vitamin.coredesign.hu\/index.php?rest_route=%2Fwp%2Fv2%2Fproduct_cat&post=5691"},{"taxonomy":"product_tag","embeddable":true,"href":"https:\/\/vitamin.coredesign.hu\/index.php?rest_route=%2Fwp%2Fv2%2Fproduct_tag&post=5691"}],"curies":[{"name":"wp","href":"https:\/\/api.w.org\/{rel}","templated":true}]}}