{"id":5647,"date":"2025-10-12T12:30:27","date_gmt":"2025-10-12T10:30:27","guid":{"rendered":"https:\/\/vitamin.coredesign.hu\/?product=mycolifelife-sungomba"},"modified":"2026-01-08T23:27:28","modified_gmt":"2026-01-08T22:27:28","slug":"mycolifelife-sungomba","status":"publish","type":"product","link":"https:\/\/vitamin.coredesign.hu\/?product=mycolifelife-sungomba","title":{"rendered":"MycolifeLife S\u00fcngomba"},"content":{"rendered":"<p>&nbsp;<\/p>\n<div id=\"lt-accessibility-devtools\" aria-hidden=\"true\"><\/div>\n<p><b><span data-contrast=\"none\">Az idegrendszer \u00e9s az em\u00e9szt\u0151rendszer \u0151re. <\/span><\/b><span data-contrast=\"none\">Hat\u00e9kony seg\u00edts\u00e9g gyomor \u00e9s b\u00e9lgyullad\u00e1s, depresszi\u00f3 \u00e9s ideggyenges\u00e9g eset\u00e9n. Koncentr\u00e1ci\u00f3t \u00e9s mem\u00f3ri\u00e1t jav\u00edt\u00f3 gombafaj.<\/span><span data-ccp-props=\"{&quot;134245417&quot;:true,&quot;201341983&quot;:0,&quot;335551550&quot;:1,&quot;335551620&quot;:1,&quot;335559738&quot;:0,&quot;335559739&quot;:0,&quot;335559740&quot;:288}\">\u00a0<\/span><\/p>\n<p><span data-ccp-props=\"{&quot;134245417&quot;:true,&quot;201341983&quot;:0,&quot;335551550&quot;:1,&quot;335551620&quot;:1,&quot;335559738&quot;:0,&quot;335559739&quot;:0,&quot;335559740&quot;:288}\">\u00a0<\/span><\/p>\n<p><b><span data-contrast=\"none\">Enn\u00e9l a betegs\u00e9gn\u00e9l seg\u00edt:<\/span><\/b><span data-ccp-props=\"{&quot;134245417&quot;:true,&quot;201341983&quot;:0,&quot;335551550&quot;:1,&quot;335551620&quot;:1,&quot;335559738&quot;:0,&quot;335559739&quot;:0,&quot;335559740&quot;:288}\">\u00a0<\/span><\/p>\n<p><span data-contrast=\"none\">Alzheimer \u00e9s Parkinson k\u00f3r, Chron betegs\u00e9g, Colitis Ulcerosa, Daganatos megbeteged\u00e9sek, Em\u00e9szt\u0151rendszeri fek\u00e9lyek, Energia, szellemi ffrissess\u00e9g, F\u00e1rads\u00e1g, kimer\u00fclts\u00e9g, depresszi\u00f3, alv\u00e1s probl\u00e9m\u00e1k, szorong\u00e1s, Fert\u0151z\u00e9sek (bakt\u00e9rium), gyomor \u00e9s b\u00e9lgyullad\u00e1s, GYomor\u00e9g\u00e9s, em\u00e9szt\u00e9si probl\u00e9m\u00e1k, Klimax, Kr\u00f3nikus f\u00e1rads\u00e1g szindr\u00f3ma. Reflux, Agyv\u00e9rz\u00e9s, Stroke<\/span><span data-ccp-props=\"{&quot;134245417&quot;:true,&quot;201341983&quot;:0,&quot;335551550&quot;:1,&quot;335551620&quot;:1,&quot;335559738&quot;:0,&quot;335559739&quot;:0,&quot;335559740&quot;:288}\">\u00a0<\/span><\/p>\n<p><b><span data-contrast=\"none\">Ezt a gomb\u00e1t tartalmazza:<\/span><\/b><span data-ccp-props=\"{&quot;134245417&quot;:true,&quot;201341983&quot;:0,&quot;335551550&quot;:1,&quot;335551620&quot;:1,&quot;335559738&quot;:0,&quot;335559739&quot;:0,&quot;335559740&quot;:288}\">\u00a0<\/span><\/p>\n<p><span data-contrast=\"auto\">S\u00fcngomba (Hericium erinaceus)<\/span><span data-ccp-props=\"{&quot;134245417&quot;:true,&quot;201341983&quot;:0,&quot;335551550&quot;:1,&quot;335551620&quot;:1,&quot;335559738&quot;:0,&quot;335559739&quot;:160,&quot;335559740&quot;:259}\">\u00a0<\/span><\/p>\n<p>&nbsp;<\/p>\n<p><span data-contrast=\"none\">\u00c1LTAL\u00c1NOS LE\u00cdR\u00c1S TERM\u00c9KEINR\u0150L<\/span><span data-ccp-props=\"{&quot;134245417&quot;:true,&quot;201341983&quot;:0,&quot;335551550&quot;:1,&quot;335551620&quot;:1,&quot;335559738&quot;:0,&quot;335559739&quot;:0,&quot;335559740&quot;:288}\">\u00a0<\/span><\/p>\n<p><b><span data-contrast=\"none\">Mycolife liquid mushroom extracts &#8211; with the power of medicinal mushrooms and herbs<\/span><\/b><span data-ccp-props=\"{&quot;134245417&quot;:true,&quot;201341983&quot;:0,&quot;335551550&quot;:1,&quot;335551620&quot;:1,&quot;335559738&quot;:0,&quot;335559739&quot;:0,&quot;335559740&quot;:288}\">\u00a0<\/span><\/p>\n<p><span data-ccp-props=\"{&quot;134245417&quot;:true,&quot;201341983&quot;:0,&quot;335551550&quot;:1,&quot;335551620&quot;:1,&quot;335559738&quot;:0,&quot;335559739&quot;:0,&quot;335559740&quot;:288}\">\u00a0<\/span><\/p>\n<p><span data-contrast=\"none\">Standardiz\u00e1lt hat\u00f3anyag tartalommal rendelkeznek, ez azt jelenti, hogy a term\u00e9k hat\u00f3anyag tartalma mindig \u00e1lland\u00f3!<\/span><span data-ccp-props=\"{&quot;134245417&quot;:true,&quot;201341983&quot;:0,&quot;335551550&quot;:1,&quot;335551620&quot;:1,&quot;335559738&quot;:0,&quot;335559739&quot;:0,&quot;335559740&quot;:288}\">\u00a0<\/span><\/p>\n<ul>\n<li><span data-contrast=\"none\"> \u00daj, innovat\u00edv kitermel\u00e9si folyamat<\/span><\/li>\n<li><span data-contrast=\"none\"> \u00f6tv\u00f6zi az etanol \u00e9s a melegv\u00edz kivon\u00e1s el\u0151nyeit<\/span><\/li>\n<li><span data-contrast=\"none\"> a v\u00e9gterm\u00e9k alkoholmentes<\/span><\/li>\n<li><span data-contrast=\"none\"> jobb biol\u00f3giai hasznosul\u00e1s &#8211; a gomba vegy\u00fcletek k\u00f6nnyebben felsz\u00edv\u00f3dnak a testben, m\u00e1r a ny\u00e1lkah\u00e1rty\u00e1n kereszt\u00fcl<\/span><\/li>\n<li><span data-contrast=\"none\"> 100% -ban BIO \u00e9s VEGAN\u00a0 \u00f6sszetev\u0151kb\u0151l k\u00e9sz\u00fclnek\u00a0<\/span><\/li>\n<li><span data-contrast=\"none\"> foly\u00e9kony kivonataink csak a gomb\u00e1k hat\u00f3anyagait \u00e9s veg\u00e1n glicerint tartalmaznak.\u00a0<\/span><\/li>\n<li><span data-contrast=\"none\"> Nincs hozz\u00e1adott cukor (term\u00e9szetesen el\u0151fordul\u00f3 cukrot tartalmaz)<\/span><\/li>\n<li><span data-contrast=\"none\"> mentes a vegyi anyagokt\u00f3l, sug\u00e1rszennyez\u0151d\u00e9st\u0151l \u00e9s mikrobi\u00e1lis-bakteri\u00e1lis szennyez\u0151d\u00e9st\u0151l is<\/span><\/li>\n<\/ul>\n<p><span data-ccp-props=\"{&quot;134245417&quot;:true,&quot;201341983&quot;:0,&quot;335551550&quot;:1,&quot;335551620&quot;:1,&quot;335559738&quot;:0,&quot;335559739&quot;:0,&quot;335559740&quot;:288}\">\u00a0<\/span><\/p>\n<p><b><span data-contrast=\"none\">Mennyi hat\u00f3anyagot tartalmaznak a k\u00e9sz\u00edtm\u00e9nyek?<\/span><\/b><span data-ccp-props=\"{&quot;134245417&quot;:true,&quot;201341983&quot;:0,&quot;335551550&quot;:1,&quot;335551620&quot;:1,&quot;335559738&quot;:0,&quot;335559739&quot;:0,&quot;335559740&quot;:288}\">\u00a0<\/span><\/p>\n<p><span data-contrast=\"none\">A napi adag 5ml 300 mg gomba \u00f6sszes hat\u00f3anyag tartalm\u00e1t tartalmazza.<\/span><span data-ccp-props=\"{&quot;134245417&quot;:true,&quot;201341983&quot;:0,&quot;335551550&quot;:1,&quot;335551620&quot;:1,&quot;335559738&quot;:0,&quot;335559739&quot;:0,&quot;335559740&quot;:288}\">\u00a0<\/span><\/p>\n<p><span data-contrast=\"none\">Egy \u00fcveg 100 ml 6250 mg gomba \u00f6sszes hat\u00f3anyag tartalm\u00e1t tartalmazza. Az egyedi gy\u00e1rt\u00e1stechnol\u00f3gi\u00e1nak k\u00f6sz\u00f6nhet\u0151en a gomba kitinv\u00e1z\u00e1b\u00f3l vonj\u00e1k ki ahat\u00f3anyagokat, \u00edgy a kapszul\u00e1kkal ellent\u00e9tben nem terhelik meg az em\u00e9szt\u0151rendszert, \u00e9s a hat\u00f3anyagok 100 %-ban hasznosulnak. M\u00e1r a sz\u00e1j-ny\u00e1lkah\u00e1rty\u00e1n kereszt\u00fcl felsz\u00edv\u00f3dnak\u00edgy a hat\u00e1suk gyorsan \u00e9rv\u00e9nyes\u00fcl, m\u00e1r 1-2 nap alatt.<\/span><span data-ccp-props=\"{&quot;134245417&quot;:true,&quot;201341983&quot;:0,&quot;335551550&quot;:1,&quot;335551620&quot;:1,&quot;335559738&quot;:0,&quot;335559739&quot;:0,&quot;335559740&quot;:288}\">\u00a0<\/span><\/p>\n<p><b><span data-contrast=\"none\">Hogyan k\u00e9sz\u00fclnk a bio foly\u00e9kony gomba kivonatok?<\/span><\/b><span data-ccp-props=\"{&quot;134245417&quot;:true,&quot;201341983&quot;:0,&quot;335551550&quot;:1,&quot;335551620&quot;:1,&quot;335559738&quot;:0,&quot;335559739&quot;:0,&quot;335559740&quot;:288}\">\u00a0<\/span><\/p>\n<p><span data-contrast=\"none\">A k\u00e9tl\u00e9pcs\u0151s extrakci\u00f3s elj\u00e1r\u00e1s \u00f6tv\u00f6zi az alkohol \u00e9s a v\u00edz kivonatait a gy\u00f3gy\u00e1szati el\u0151ny\u00f6k mximaliz\u00e1l\u00e1sa \u00e9rdek\u00e9ben.<\/span><span data-ccp-props=\"{&quot;134245417&quot;:true,&quot;201341983&quot;:0,&quot;335551550&quot;:1,&quot;335551620&quot;:1,&quot;335559738&quot;:0,&quot;335559739&quot;:0,&quot;335559740&quot;:288}\">\u00a0<\/span><\/p>\n<p><b><span data-contrast=\"none\">Mit jelent mindez?<\/span><\/b><span data-ccp-props=\"{&quot;134245417&quot;:true,&quot;201341983&quot;:0,&quot;335551550&quot;:1,&quot;335551620&quot;:1,&quot;335559738&quot;:0,&quot;335559739&quot;:0,&quot;335559740&quot;:288}\">\u00a0<\/span><\/p>\n<p><span data-contrast=\"none\">A v\u00edzkivonatok fokozz\u00e1k az immunrendszert \u00e9s seg\u00edtik a szervezetet a r\u00e1k elleni k\u00fczdelemben, m\u00edg az alkohol kivonatnak sz\u00e1mos m\u00e1s el\u0151ny\u00f6s hat\u00e1sa van a szervezetre, p\u00e9ld\u00e1ul a zs\u00edr-anyagcsere szab\u00e1lyoz\u00e1sa. A m\u00e1sik el\u0151nye a kett\u0151s extrakci\u00f3nak a szinergiz\u00e1l\u00f3 hat\u00e1s.<\/span><span data-ccp-props=\"{&quot;134245417&quot;:true,&quot;201341983&quot;:0,&quot;335551550&quot;:1,&quot;335551620&quot;:1,&quot;335559738&quot;:0,&quot;335559739&quot;:0,&quot;335559740&quot;:288}\">\u00a0<\/span><\/p>\n<p><b><span data-contrast=\"none\">Mennyit \u00e9s hogyan \u00e9rdemes fogyasztani?<\/span><\/b><span data-ccp-props=\"{&quot;134245417&quot;:true,&quot;201341983&quot;:0,&quot;335551550&quot;:1,&quot;335551620&quot;:1,&quot;335559738&quot;:0,&quot;335559739&quot;:0,&quot;335559740&quot;:288}\">\u00a0<\/span><\/p>\n<p><span data-contrast=\"none\">Vegy\u00fcnk egy te\u00e1skan\u00e1l (5 ml) foly\u00e9kony kivonatot, 30 perccel \u00e9tkez\u00e9s el\u0151tt. A megn\u00f6vekedett t\u00e1panyagig\u00e9nyek eset\u00e9n a bevitel napi k\u00e9tszer 10 ml-re emelhet\u0151 (naponta k\u00e9tszer, reggel \u00e9s este 2 te\u00e1skan\u00e1l). \u00c9rdemes k\u00f6zvetlen\u00fcl a sz\u00e1jba helyezni, mert \u00edgy a hat\u00f3anyagok nagyobb t\u00f6m\u00e9nys\u00e9gben jutnak be a szervezetbe. A jobb biol\u00f3giai hasznosul\u00e1snak k\u00f6sz\u00f6nhet\u0151en a foly\u00e9kony gombakivonatainkb\u00f3l 1 te\u00e1skan\u00e1l (5 ml) seg\u00edts\u00e9g\u00e9\u00e9vel szervezet\u00fcnk ugyanolyan mennyis\u00e9g\u0171\u00a0 poliszacharidhoz jut, mintha elfogyasztan\u00e1nk 38 gomba porkapszul\u00e1t!<\/span><span data-ccp-props=\"{&quot;134245417&quot;:true,&quot;201341983&quot;:0,&quot;335551550&quot;:1,&quot;335551620&quot;:1,&quot;335559738&quot;:0,&quot;335559739&quot;:0,&quot;335559740&quot;:288}\">\u00a0<\/span><\/p>\n<p><span data-contrast=\"none\">A Mycolife BIO foly\u00e9kony gombakivonatok eset\u00e9ben a sz\u00e1jny\u00e1lkah\u00e1rty\u00e1n kereszt\u00fcl t\u00f6rt\u00e9n\u0151 felsz\u00edv\u00f3d\u00e1st a glicerin biztositja, amely Magyarorszagon termesztett GMO mentes napraforg\u00f3b\u00f3l k\u00e9sz\u00fcl. Az \u00e9lelmiszerekben mennyis\u00e9gi korl\u00e1toz\u00e1s n\u00e9lk\u00fcl, \u00e1ltal\u00e1nosan enged\u00e9lyezett, a szervezetbe korl\u00e1tlan mennyis\u00e9gben bevihet\u0151. A liposz\u00f3m\u00e1khoz hasonl\u00f3an seg\u00edti\u00a0 a gomb\u00e1kb\u00f3l kinyert hat\u00f3anyagok bejuttat\u00e1s\u00e1t a sejtekbe. Term\u00e9szetes \u00e9des\u00edt\u0151szer, nincs kal\u00f3ria \u00e9rt\u00e9ke, cukorbetegek is fogyaszthatj\u00e1k.<\/span><span data-ccp-props=\"{&quot;134245417&quot;:true,&quot;201341983&quot;:0,&quot;335551550&quot;:1,&quot;335551620&quot;:1,&quot;335559738&quot;:0,&quot;335559739&quot;:0,&quot;335559740&quot;:288}\">\u00a0<\/span><\/p>\n<p><b><span data-contrast=\"none\">\u00c9tkez\u00e9s el\u0151tt vagy ut\u00e1n fogyasszuk?<\/span><\/b><span data-ccp-props=\"{&quot;134245417&quot;:true,&quot;201341983&quot;:0,&quot;335551550&quot;:1,&quot;335551620&quot;:1,&quot;335559738&quot;:0,&quot;335559739&quot;:0,&quot;335559740&quot;:288}\">\u00a0<\/span><\/p>\n<p><span data-contrast=\"none\">Legjobb \u00e9tkez\u00e9s el\u0151tt f\u00e9l \u00f3r\u00e1val, mert m\u00e9g hat\u00e9konyabb a felsz\u00edv\u00f3d\u00e1s.<\/span><span data-ccp-props=\"{&quot;134245417&quot;:true,&quot;201341983&quot;:0,&quot;335551550&quot;:1,&quot;335551620&quot;:1,&quot;335559738&quot;:0,&quot;335559739&quot;:0,&quot;335559740&quot;:288}\">\u00a0<\/span><\/p>\n<p><b><span data-contrast=\"none\">Reggel vagy este jobb a k\u00e9sz\u00edtm\u00e9ny fogyaszt\u00e1sa? <\/span><\/b><span data-contrast=\"none\">B\u00e1rmelyik napszakban lehet fogyasztani<\/span><span data-ccp-props=\"{&quot;134245417&quot;:true,&quot;201341983&quot;:0,&quot;335551550&quot;:1,&quot;335551620&quot;:1,&quot;335559738&quot;:0,&quot;335559739&quot;:0,&quot;335559740&quot;:288}\">\u00a0<\/span><\/p>\n<p><b><span data-contrast=\"none\">T\u00fal lehet adagolni a k\u00e9sz\u00edtm\u00e9nyt? <\/span><\/b><span data-contrast=\"none\">Nem lehet t\u00faladagolni, hiszen term\u00e9szetes \u00e9lelmiszer kivonat.<\/span><span data-ccp-props=\"{&quot;134245417&quot;:true,&quot;201341983&quot;:0,&quot;335551550&quot;:1,&quot;335551620&quot;:1,&quot;335559738&quot;:0,&quot;335559739&quot;:0,&quot;335559740&quot;:288}\">\u00a0<\/span><\/p>\n<p><b><span data-contrast=\"none\">Felmer\u00fclhetnek-e mell\u00e9khat\u00e1sok a k\u00e9sz\u00edtm\u00e9ny szed\u00e9se sor\u00e1n?<\/span><\/b><span data-ccp-props=\"{&quot;134245417&quot;:true,&quot;201341983&quot;:0,&quot;335551550&quot;:1,&quot;335551620&quot;:1,&quot;335559738&quot;:0,&quot;335559739&quot;:0,&quot;335559740&quot;:288}\">\u00a0<\/span><\/p>\n<p><span data-contrast=\"none\">Nincsenek mell\u00e9khat\u00e1sok, a gy\u00f3gyszerekkel nem l\u00e9pnek k\u00f6lcs\u00f6nhat\u00e1sba. \u00c9rdemes f\u00e9l \u00f3ra sz\u00fcnetet tartani a gy\u00f3gyszer \u00e9s a gombakivonat alkalmaz\u00e1sa k\u00f6z\u00f6tt.<\/span><span data-ccp-props=\"{&quot;134245417&quot;:true,&quot;201341983&quot;:0,&quot;335551550&quot;:1,&quot;335551620&quot;:1,&quot;335559738&quot;:0,&quot;335559739&quot;:0,&quot;335559740&quot;:288}\">\u00a0<\/span><\/p>\n<p><b><span data-contrast=\"none\">Mennyi ideig szedhet\u0151?<\/span><\/b><span data-ccp-props=\"{&quot;134245417&quot;:true,&quot;201341983&quot;:0,&quot;335551550&quot;:1,&quot;335551620&quot;:1,&quot;335559738&quot;:0,&quot;335559739&quot;:0,&quot;335559740&quot;:288}\">\u00a0<\/span><\/p>\n<p><span data-contrast=\"none\">Minimum 3 h\u00f3napos k\u00fara javasolt, kr\u00f3nikus betegs\u00e9g est\u00e9n\u00a0 nem kell abbahagyni a k\u00e9sz\u00edtm\u00e9ny alkalmaz\u00e1s\u00e1t.<\/span><span data-ccp-props=\"{&quot;134245417&quot;:true,&quot;201341983&quot;:0,&quot;335551550&quot;:1,&quot;335551620&quot;:1,&quot;335559738&quot;:0,&quot;335559739&quot;:0,&quot;335559740&quot;:288}\">\u00a0<\/span><\/p>\n<p><b><span data-contrast=\"auto\">Hogyan kell t\u00e1rolni?<\/span><\/b><span data-contrast=\"auto\"> A foly\u00e9kony gombakivonatokat felbont\u00e1s ut\u00e1n SEM kell h\u0171t\u0151ben t\u00e1rolni, egy \u00e9vig meg\u0151rzik min\u0151s\u00e9g\u00fcket.. A hat\u00f3anyagok 60 fokig stabilak maradnak, \u00edgy ak\u00e1r a reggeli k\u00e1v\u00e9nkba is belekeverhetj\u00fck.<\/span><span data-ccp-props=\"{&quot;134245417&quot;:true,&quot;201341983&quot;:0,&quot;335551550&quot;:1,&quot;335551620&quot;:1,&quot;335559738&quot;:0,&quot;335559739&quot;:160,&quot;335559740&quot;:259}\">\u00a0<\/span><\/p>\n","protected":false},"excerpt":{"rendered":"<p><span class=\"TextRun SCXW56173297 BCX0\" lang=\"HU-HU\" xml_lang=\"HU-HU\" data-contrast=\"none\"><span class=\"NormalTextRun SCXW56173297 BCX0\" data-ccp-parastyle=\"[Basic Paragraph]\">Az idegrendszer \u00e9s az em\u00e9szt\u0151rendszer \u0151re. <\/span><\/span><span class=\"TextRun SCXW56173297 BCX0\" lang=\"HU-HU\" xml_lang=\"HU-HU\" data-contrast=\"none\"><span class=\"NormalTextRun SCXW56173297 BCX0\" data-ccp-parastyle=\"[Basic Paragraph]\">Hat\u00e9kony seg\u00edts\u00e9g gyomor \u00e9s b\u00e9lgyullad\u00e1s, depresszi\u00f3 \u00e9s ideggyenges\u00e9g eset\u00e9n. Koncentr\u00e1ci\u00f3t \u00e9s mem\u00f3ri\u00e1t jav\u00edt\u00f3 gombafaj.<\/span><\/span><span class=\"EOP SCXW56173297 BCX0\" data-ccp-props=\"{&quot;134245417&quot;:true,&quot;201341983&quot;:0,&quot;335551550&quot;:1,&quot;335551620&quot;:1,&quot;335559738&quot;:0,&quot;335559739&quot;:0,&quot;335559740&quot;:288}\">\u00a0<\/span><\/p>\n","protected":false},"featured_media":5648,"comment_status":"closed","ping_status":"open","template":"","meta":[],"product_cat":[63],"product_tag":[],"class_list":{"0":"post-5647","1":"product","2":"type-product","3":"status-publish","4":"has-post-thumbnail","6":"product_brand-myco-life","7":"product_cat-gyogygombak","9":"first","10":"instock","11":"purchasable","12":"product-type-simple"},"_links":{"self":[{"href":"https:\/\/vitamin.coredesign.hu\/index.php?rest_route=\/wp\/v2\/product\/5647","targetHints":{"allow":["GET"]}}],"collection":[{"href":"https:\/\/vitamin.coredesign.hu\/index.php?rest_route=\/wp\/v2\/product"}],"about":[{"href":"https:\/\/vitamin.coredesign.hu\/index.php?rest_route=\/wp\/v2\/types\/product"}],"replies":[{"embeddable":true,"href":"https:\/\/vitamin.coredesign.hu\/index.php?rest_route=%2Fwp%2Fv2%2Fcomments&post=5647"}],"wp:featuredmedia":[{"embeddable":true,"href":"https:\/\/vitamin.coredesign.hu\/index.php?rest_route=\/wp\/v2\/media\/5648"}],"wp:attachment":[{"href":"https:\/\/vitamin.coredesign.hu\/index.php?rest_route=%2Fwp%2Fv2%2Fmedia&parent=5647"}],"wp:term":[{"taxonomy":"product_cat","embeddable":true,"href":"https:\/\/vitamin.coredesign.hu\/index.php?rest_route=%2Fwp%2Fv2%2Fproduct_cat&post=5647"},{"taxonomy":"product_tag","embeddable":true,"href":"https:\/\/vitamin.coredesign.hu\/index.php?rest_route=%2Fwp%2Fv2%2Fproduct_tag&post=5647"}],"curies":[{"name":"wp","href":"https:\/\/api.w.org\/{rel}","templated":true}]}}