{"id":5624,"date":"2025-10-12T12:30:16","date_gmt":"2025-10-12T10:30:16","guid":{"rendered":"https:\/\/vitamin.coredesign.hu\/?product=hempley-cbd-olaj-10ml-5"},"modified":"2026-01-08T23:27:14","modified_gmt":"2026-01-08T22:27:14","slug":"hempley-cbd-olaj-10ml-5","status":"publish","type":"product","link":"https:\/\/vitamin.coredesign.hu\/?product=hempley-cbd-olaj-10ml-5","title":{"rendered":"Hempley CBD Olaj 10ml <br>5%"},"content":{"rendered":"<p>&nbsp;<\/p>\n<div id=\"lt-accessibility-devtools\" aria-hidden=\"true\"><\/div>\n<div>\n<h2>Mi a CBD olaj?<\/h2>\n<p>Napjaink csodaszer\u00e9nek sz\u00e1m\u00edt a CBD olaj (kender olaj, kannabisz olaj), mely \u00e9trend-kieg\u00e9sz\u00edt\u0151k\u00e9nt is forgalmazhat\u00f3 az USA-ban \u00e9s a legt\u00f6bb eur\u00f3pai orsz\u00e1gban.<\/p>\n<p>Rengeteg kutat\u00e1s folyik a kannabisz olajban megtal\u00e1lhat\u00f3 CBD gy\u00f3gyhat\u00e1s\u00e1nak sz\u00e9lesk\u00f6r\u0171 igazol\u00e1s\u00e1ra \u00e9s sz\u00e1mos olyan hat\u00e1sra mutattak r\u00e1, amely kapcsolatban \u00e1ll a Parkinson k\u00f3rral, a migr\u00e9nnel a cukorbetegs\u00e9ggel \u00e9s tov\u00e1bbi\u00a0 6-7 \u00f6sszetettebb t\u00fcnetcsoporttal. Seg\u00edts\u00e9get ny\u00fajthat az alv\u00e1zavarokkal kapcsolatban is.\u00a0 Megfigyelhet\u0151, hogy jav\u00edtja az alv\u00e1s min\u0151s\u00e9g\u00e9t, de a mai kor n\u00e9pbetegs\u00e9g\u00e9re, a stesszes \u00e1llapotra is j\u00f3t\u00e9konyan hat.<\/p>\n<p>A CBD olajat a kenderb\u0151l n\u00f6v\u00e9nyb\u0151l kivonatolj\u00e1k. A Hempley CBD term\u00e9keket a CO2 (sz\u00e9n-dioxid) extrakci\u00f3val \u00e1ll\u00edtj\u00e1k el\u0151, mely a legfejlettebb elj\u00e1r\u00e1s \u00e9s k\u00edm\u00e9letesen \u0151rzi meg a kannabioidok \u00e9s terp\u00e9nek min\u0151s\u00e9g\u00e9t a felhaszn\u00e1l\u00e1sig.<\/p>\n<p>Arcon cs\u00f6kkentheti az arcb\u0151r \u00f6reged\u00e9s\u00e9t, az akne, az ekc\u00e9ma kialakul\u00e1s\u00e1t, a b\u0151r gyullad\u00e1s\u00e1t. Testen alkalmazva akt\u00edv sportol\u00f3knak, neh\u00e9z fizikai munk\u00e1t v\u00e9gz\u0151knek seg\u00edtheti az izmok regener\u00e1l\u00f3d\u00e1s\u00e1t. Iz\u00fcleti gyullad\u00e1sok eset\u00e9n cs\u00f6kkenhet a f\u00e1jdalom, vissz\u00e9rpanaszokn\u00e1l az \u00fagynevezett neh\u00e9z l\u00e1b \u00e9rz\u00e9s. Pikkelys\u00f6m\u00f6r kieg\u00e9sz\u00edt\u0151 kezel\u00e9s\u00e9re is hat\u00e9kony lehet.<\/p>\n<\/div>\n<p>Sz\u00e1mos n\u00e9pbetegs\u00e9gre nem volt eddig olyan term\u00e9szetes \u00e9s szervezetk\u00edm\u00e9l\u0151 megold\u00e1s amit naponta lehetett volna alkalmazni. A CBD olaj azonban \u00faj alternat\u00edv\u00e1t jelent, mely \u00e9trend-kieg\u00e9sz\u00edt\u0151k\u00e9nt fogyasztva j\u00f3t\u00e9konyan j\u00e1rul hozz\u00e1 mindennapjainkhoz. Sajnos a magyar szab\u00e1lyoz\u00e1s a legt\u00f6bb eur\u00f3pai orsz\u00e1g szab\u00e1lyoz\u00e1s\u00e1t\u00f3l elt\u00e9r\u0151en nem teszi lehet\u0151v\u00e9 a CBD \u00e9trend-kieg\u0151sz\u00edt\u0151k\u00e9nt val\u00f3 forgalombahozatal\u00e1t. Az \u00e1ltalunk forgalmazott Hempley CBD olaj \u00f6sszet\u00e9tele ugyan 100%-ban megegyezik sok nyugat-eur\u00f3pai orsz\u00e1gban \u00e9trend-kieg\u0151sz\u00edt\u0151k\u00e9nt regisztr\u00e1lt CBD olaj \u00f6sszet\u00e9tel\u00e9vel, haz\u00e1nkban a kozmetikai felhaszn\u00e1l\u00e1s enged\u00e9lyezett, ez\u00e9rt a k\u00e9sz\u00edtm\u00e9ny kozmetikai regisztr\u00e1ci\u00f3val rendelkezik. A bels\u0151leges fogyaszt\u00e1st nem javasolhatjuk, ennek ellen\u00e9re oldalunkon t\u00e1j\u00e9koz\u00f3dhat mire haszn\u00e1lj\u00e1k a CBD olajat azokban az orsz\u00e1gokban, ahol \u00e9trend-kieg\u0151sz\u00edt\u0151k\u00e9nt forgalomba hozhat\u00f3.<\/p>\n<p>A kutat\u00e1sok igazolt\u00e1k, hogy a kannabisz olaj szed\u00e9se seg\u00edthet lek\u00fczdeni a\u00a0<strong>migr\u00e9nt<\/strong>, az\u00a0<strong>alv\u00e1szavart<\/strong>, a\u00a0<strong>szorong\u00e1st<\/strong>\u00a0\u00e9s a<strong>\u00a0stresszt<\/strong>, de az is beigazol\u00f3dni l\u00e1tszik, hogy kedvez\u0151 hat\u00e1ssal van a\u00a0<strong>cukorbetegek<\/strong>, az<strong>\u00a0ADHD<\/strong>-val \u00e9s a\u00a0<strong>Parkinson-k\u00f3r<\/strong>ral k\u00fczd\u0151k szervezet\u00e9re is.<\/p>\n<p>A kannabisz olaj ellen\u0151rz\u00f6tt k\u00f6r\u00fclm\u00e9nyek k\u00f6z\u00f6tt, a legfejlettebb elj\u00e1r\u00e1ssal k\u00e9sz\u00fcl, ennek k\u00f6sz\u00f6nhet\u0151en az alapanyagok nem vesz\u00edtenek min\u0151s\u00e9g\u00fckb\u0151l.<\/p>\n","protected":false},"excerpt":{"rendered":"<p>A CBD mellett a Hempley CBD olajak tartalmaznak m\u00e9g egy\u00e9b kannabinoidokat, valamint terp\u00e9neket is (term\u00e9szetes \u00edz- \u00e9s illatanyagok) melyek a n\u00f6v\u00e9nyben term\u00e9szetesen el\u0151fordulnak.\u00a0A kannabisz olajban is megtal\u00e1lhat\u00f3 kannabinoidok er\u0151s\u00edtik egym\u00e1s hat\u00e1sait, m\u00edg a terp\u00e9nek ezt finomhangolj\u00e1k. Ez a\u00a0szinergia m\u00e9g hat\u00e9konyabb\u00e1 teszi a CBD olajat, ami egy plusz (+) jelet \u00e9rdemel!<\/p>\n","protected":false},"featured_media":5625,"comment_status":"closed","ping_status":"open","template":"","meta":[],"product_cat":[65,61],"product_tag":[],"class_list":{"0":"post-5624","1":"product","2":"type-product","3":"status-publish","4":"has-post-thumbnail","6":"product_brand-hempley","7":"product_cat-cbd","8":"product_cat-etrend-kiegeszitok","10":"first","11":"instock","12":"purchasable","13":"product-type-simple"},"_links":{"self":[{"href":"https:\/\/vitamin.coredesign.hu\/index.php?rest_route=\/wp\/v2\/product\/5624","targetHints":{"allow":["GET"]}}],"collection":[{"href":"https:\/\/vitamin.coredesign.hu\/index.php?rest_route=\/wp\/v2\/product"}],"about":[{"href":"https:\/\/vitamin.coredesign.hu\/index.php?rest_route=\/wp\/v2\/types\/product"}],"replies":[{"embeddable":true,"href":"https:\/\/vitamin.coredesign.hu\/index.php?rest_route=%2Fwp%2Fv2%2Fcomments&post=5624"}],"wp:featuredmedia":[{"embeddable":true,"href":"https:\/\/vitamin.coredesign.hu\/index.php?rest_route=\/wp\/v2\/media\/5625"}],"wp:attachment":[{"href":"https:\/\/vitamin.coredesign.hu\/index.php?rest_route=%2Fwp%2Fv2%2Fmedia&parent=5624"}],"wp:term":[{"taxonomy":"product_cat","embeddable":true,"href":"https:\/\/vitamin.coredesign.hu\/index.php?rest_route=%2Fwp%2Fv2%2Fproduct_cat&post=5624"},{"taxonomy":"product_tag","embeddable":true,"href":"https:\/\/vitamin.coredesign.hu\/index.php?rest_route=%2Fwp%2Fv2%2Fproduct_tag&post=5624"}],"curies":[{"name":"wp","href":"https:\/\/api.w.org\/{rel}","templated":true}]}}