{"id":5606,"date":"2025-10-12T12:30:16","date_gmt":"2025-10-12T10:30:16","guid":{"rendered":"https:\/\/vitamin.coredesign.hu\/?product=collango-collagen-fish-kekmalna"},"modified":"2026-01-08T23:27:10","modified_gmt":"2026-01-08T22:27:10","slug":"collango-collagen-fish-kekmalna","status":"publish","type":"product","link":"https:\/\/vitamin.coredesign.hu\/?product=collango-collagen-fish-kekmalna","title":{"rendered":"Collango Collagen FISH <br>K\u00c9KM\u00c1LNA"},"content":{"rendered":"<p>&nbsp;<\/p>\n<div id=\"lt-accessibility-devtools\" aria-hidden=\"true\"><\/div>\n<p>A Collango kollag\u00e9n term\u00e9kpalett\u00e1j\u00e1n hal kollag\u00e9n is megtal\u00e1lhat\u00f3. A\u00a0<strong>Collango Collagen Fish<\/strong>\u00a0alapanyagak\u00e9nt v\u00e1lasztott Naticol\u00ae BPMG kollag\u00e9n a vil\u00e1g egyik vezet\u0151 kollag\u00e9n gy\u00e1rt\u00f3ja, a francia Weishardt gy\u00e1rtott bioakt\u00edv peptidekb\u0151l \u00e1ll, mely k\u00edm\u00e9letes enzimatikus hidrol\u00edzissel k\u00e9sz\u00fclt. Rendk\u00edv\u00fcl magas tisztas\u00e1g\u00fa, term\u00e9szetes \u00e9s antiallerg\u00e9n. Sz\u00e1mtalan kutat\u00e1si \u00e9s klinikai tanulm\u00e1nnyal al\u00e1t\u00e1masztva hat\u00e9konys\u00e1g\u00e1t. Amennyiben valamilyen eg\u00e9szs\u00e9g\u00fcgyi probl\u00e9ma \u00e1ll fenn a v\u00f6r\u00f6s h\u00fasok fogyaszt\u00e1s\u00e1val kapcsolatban, a Collango Collagen Fish-t nyugodtan fogyaszthat\u00f3, hiszen nem tal\u00e1lhat\u00f3 meg benne az eml\u0151s \u00e1llatokban megtal\u00e1lhat\u00f3 Neu5Gc.<\/p>\n<p>A n\u00e9v k\u00f6telez, megszokhatt\u00e1tok, hogy a Collango egyet jelent:<\/p>\n<ul>\n<li>a min\u0151s\u00e9gi alapanyaggal<\/li>\n<li>a k\u00f6nny\u0171 \u00e9s gyors old\u00f3d\u00e1ssal<\/li>\n<li>kellemes illattal \u00e9s \u00edzzel<\/li>\n<li>a k\u00f6nnyen adagolhat\u00f3s\u00e1ggal, a csomagol\u00e1sban tal\u00e1lhat\u00f3 adagol\u00f3kan\u00e1lnak k\u00f6sz\u00f6nhet\u0151en<\/li>\n<li>el\u00e9rhet\u0151 kutat\u00e1si adatokkal a konkr\u00e9t alapanyagra vonatkoz\u00f3an, nem pedig \u00e1ltal\u00e1noss\u00e1gban a kollag\u00e9nre.<\/li>\n<\/ul>\n<p>Nincs teh\u00e1t ez m\u00e1sk\u00e9nt enn\u00e9l a term\u00e9kn\u00e9l sem. P\u00e9ld\u00e1nak ok\u00e1\u00e9rt az alapanyag gy\u00e1rt\u00f3ja, aki a hal kollag\u00e9nre specializ\u00e1l\u00f3dott \u00e9s t\u00f6bbf\u00e9le hal kollag\u00e9nt gy\u00e1rt, ezt a kollag\u00e9nj\u00e9t pr\u00e9mium kollag\u00e9nk\u00e9nt \u00e9rt\u00e9kes\u00edti. N\u00e1lunk, a Collango-n\u00e1l a pr\u00e9mium az alap.<\/p>\n<p>A Naticol\u00ae BPMG kollag\u00e9n a vil\u00e1g egyik vezet\u0151 kollag\u00e9n gy\u00e1rt\u00f3ja, a francia Weishardt gy\u00e1rtott bioakt\u00edv peptidekb\u0151l \u00e1ll, mely k\u00edm\u00e9letes enzimatikus hidrol\u00edzissel k\u00e9sz\u00fclt. Rendk\u00edv\u00fcl magas tisztas\u00e1g\u00fa, term\u00e9szetes \u00e9s antiallerg\u00e9n. Sz\u00e1mtalan kutat\u00e1si \u00e9s klinikai tanulm\u00e1nnyal al\u00e1t\u00e1masztva hat\u00e9konys\u00e1g\u00e1t. Amennyiben valamilyen eg\u00e9szs\u00e9g\u00fcgyi probl\u00e9ma \u00e1ll fenn a v\u00f6r\u00f6s h\u00fasok fogyaszt\u00e1s\u00e1val kapcsolatban, a Collango Collagen Fish-t nyugodtan fogyaszthat\u00f3, hiszen nem tal\u00e1lhat\u00f3 meg benne az eml\u0151s \u00e1llatokban megtal\u00e1lhat\u00f3 Neu5Gc.<\/p>\n<p>A n\u00e9v k\u00f6telez, megszokhatt\u00e1tok, hogy a Collango egyet jelent:<\/p>\n<ul>\n<li>a min\u0151s\u00e9gi alapanyaggal<\/li>\n<li>a k\u00f6nny\u0171 \u00e9s gyors old\u00f3d\u00e1ssal<\/li>\n<li>kellemes illattal \u00e9s \u00edzzel<\/li>\n<li>a k\u00f6nnyen adagolhat\u00f3s\u00e1ggal, a csomagol\u00e1sban tal\u00e1lhat\u00f3 adagol\u00f3kan\u00e1lnak k\u00f6sz\u00f6nhet\u0151en<\/li>\n<li>el\u00e9rhet\u0151 kutat\u00e1si adatokkal a konkr\u00e9t alapanyagra vonatkoz\u00f3an, nem pedig \u00e1ltal\u00e1noss\u00e1gban a kollag\u00e9nre.<\/li>\n<\/ul>\n<p>Nincs teh\u00e1t ez m\u00e1sk\u00e9nt enn\u00e9l a term\u00e9kn\u00e9l sem. P\u00e9ld\u00e1nak ok\u00e1\u00e9rt az alapanyag gy\u00e1rt\u00f3ja, aki a hal kollag\u00e9nre specializ\u00e1l\u00f3dott \u00e9s t\u00f6bbf\u00e9le hal kollag\u00e9nt gy\u00e1rt, ezt a kollag\u00e9nj\u00e9t pr\u00e9mium kollag\u00e9nk\u00e9nt \u00e9rt\u00e9kes\u00edti. N\u00e1lunk, a Collango-n\u00e1l a pr\u00e9mium az alap.<\/p>\n<p><strong>\u00d6sszet\u00e9tel:<\/strong>\u00a0I-es t\u00edpus\u00fa hidroliz\u00e1lt kollag\u00e9n (hal), L-aszkorbinsav, mal\u00e1t sav, aroma, \u00e9des\u00edt\u0151szer: szukral\u00f3z \u00e9s stevia (szteviol glikozidokat tartalmaz), sz\u00ednez\u00e9k: brillant k\u00e9k (k\u00e9km\u00e1lna \u00edzn\u00e9l) vagy c\u00e9klav\u00f6r\u00f6s (meggy \u00edzn\u00e9l).<\/p>\n<p><strong>Allerg\u00e9n inform\u00e1ci\u00f3<\/strong>: Tej, toj\u00e1s, mogyor\u00f3, hal, glut\u00e9n \u00e9s r\u00e1kf\u00e9le \u00f6sszetev\u0151ket feldolgoz\u00f3 \u00fczemben k\u00e9sz\u00fclt!<\/p>\n<p><strong>Figyelmeztet\u00e9s<\/strong>: A term\u00e9k nem helyettes\u00edti a vegyes \u00e9trendet \u00e9s az eg\u00e9szs\u00e9ges \u00e9letm\u00f3dot!<\/p>\n<p>Kisgyermekek el\u0151l elz\u00e1rva tartand\u00f3! Az aj\u00e1nlott napi fogyaszt\u00e1si mennyis\u00e9get ne l\u00e9pje t\u00fal!<\/p>\n<p><strong>T\u00e1rol\u00e1s:<\/strong>\u00a0sz\u00e1raz, h\u0171v\u00f6s helyen.<\/p>\n<p><strong>\u00d6sszet\u00e9tel:<\/strong>\u00a0I-es t\u00edpus\u00fa hidroliz\u00e1lt kollag\u00e9n (hal), L-aszkorbinsav, mal\u00e1t sav, aroma, \u00e9des\u00edt\u0151szer: szukral\u00f3z \u00e9s stevia (szteviol glikozidokat tartalmaz), sz\u00ednez\u00e9k: brillant k\u00e9k (k\u00e9km\u00e1lna \u00edzn\u00e9l) vagy c\u00e9klav\u00f6r\u00f6s (meggy \u00edzn\u00e9l). Nat\u00far \u00edz eset\u00e9n I-es t\u00edpus\u00fa hidroliz\u00e1lt kollag\u00e9n (hal).<\/p>\n<p><strong>Allerg\u00e9n inform\u00e1ci\u00f3<\/strong>: Tej, toj\u00e1s, mogyor\u00f3, hal, glut\u00e9n \u00e9s r\u00e1kf\u00e9le \u00f6sszetev\u0151ket feldolgoz\u00f3 \u00fczemben k\u00e9sz\u00fclt!<\/p>\n<p><strong>Figyelmeztet\u00e9s<\/strong>: Az aj\u00e1nlott fogyaszt\u00e1si mennyis\u00e9get ne l\u00e9pje t\u00fal! A term\u00e9k nem helyettes\u00edti a kiegyens\u00falyozott, vegyes \u00e9trendet \u00e9s az eg\u00e9szs\u00e9ges \u00e9letm\u00f3dot. A term\u00e9k nem gy\u00f3gy\u00edt betegs\u00e9geket! A term\u00e9k nem az orvosi kezel\u00e9s helyettes\u00edt\u00e9s\u00e9re alkalmas! Betegs\u00e9g eset\u00e9n haszn\u00e1lat\u00e1t besz\u00e9lje meg kezel\u0151orvos\u00e1val. Kisgyermekt\u0151l elz\u00e1rva tartand\u00f3!<\/p>\n<p><strong>Fogyaszt\u00e1si javalat<\/strong>: napi 1 adag (5g\/5,5g) fogyaszt\u00e1sa javasolt.<\/p>\n<p><strong>T\u00e1rol\u00e1s:<\/strong>\u00a0sz\u00e1raz, h\u0171v\u00f6s helyen.<\/p>\n<div class=\"wpb_column vc_column_container vc_col-sm-6 sc_layouts_column_icons_position_left\">\n<div class=\"vc_column-inner\">\n<div class=\"wpb_wrapper\">\n<div class=\"wpb_text_column wpb_content_element \">\n<div class=\"wpb_wrapper\">\n<p><strong>Collango Collagen Fish jellemz\u0151i:<\/strong><\/p>\n<ul>\n<li>I-es t\u00edpus\u00fa hidroliz\u00e1lt Naticol\u00ae BPMG hal kollag\u00e9n<\/li>\n<li>5000mg (5gramm) kollag\u00e9n\/ adagban (1\/2 adagol\u00f3kan\u00e1l)<\/li>\n<li>250mg C-vitamin\/adag<\/li>\n<li>150g\/165g\/tasak- 30 adag<\/li>\n<li>Nat\u00far, k\u00e9km\u00e1lna \u00e9s meggy \u00edzben<\/li>\n<li>Term\u00e9szetes sz\u00ednez\u00e9kekkel<\/li>\n<li>K\u00f6nnyen \u00e9s gyorsan old\u00f3dik, csup\u00e1n hideg v\u00edzben is v\u00edztiszt\u00e1n<\/li>\n<\/ul>\n<\/div>\n<\/div>\n<\/div>\n<\/div>\n<\/div>\n<div class=\"wpb_column vc_column_container vc_col-sm-6 sc_layouts_column_icons_position_left\">\n<div class=\"vc_column-inner\">\n<div class=\"wpb_wrapper\">\n<div class=\"wpb_text_column wpb_content_element \">\n<div class=\"wpb_wrapper\">\n<p><strong>Collango Collagen Fish el\u0151nyei:<\/strong><\/p>\n<ul>\n<li>K\u00f6nnyen \u00e9s gyorsan old\u00f3dik, hideg v\u00edzben is v\u00edztiszt\u00e1n<\/li>\n<li>Nincs kellemetlen illata \u00e9s \u00edze sem- semleges \u00edz\u0171 \u00e9s szag\u00fa!<\/li>\n<li>Ellen\u00e1ll a h\u0151m\u00e9rs\u00e9klet ingadoz\u00e1soknak<\/li>\n<li>El\u00e9rhet\u0151 kutat\u00e1si eredm\u00e9nyek az alapanyagk\u00e9nt felhaszn\u00e1lt Naticol\u00ae kollag\u00e9nre<\/li>\n<li>Tart\u00f3s\u00edt\u00f3szer, csom\u00f3sod\u00e1s g\u00e1tl\u00f3 mentes<\/li>\n<li>Mindig frissen k\u00e9sz\u00edthet\u0151<\/li>\n<li>K\u00f6nnyen adagolhat\u00f3 a csomagol\u00e1sban tal\u00e1lhat\u00f3 adagol\u00f3kan\u00e1lnak k\u00f6sz\u00f6nhet\u0151en<\/li>\n<\/ul>\n<p><strong>Hogyan\/miben fogyaszd a Collango kollag\u00e9nt?<\/strong><\/p>\n<p>L\u00e9gy saj\u00e1t magad mixere, \u00edgy mindig tudod, hogy mit fogyasztasz.<\/p>\n<ul>\n<li>Keverd bele gy\u00fcm\u00f6lcsl\u00e9be<\/li>\n<li>Dobd fel vele a smoothie-dat<\/li>\n<li>Feh\u00e9rje turmixodat is felt\u00farb\u00f3zhatod vele<\/li>\n<li>\u00cdzes\u00edtsd vele a chia pudingodat<\/li>\n<li>Keverd bele a jegesk\u00e1v\u00e9dba<\/li>\n<li>Old fel egyszer\u0171en csup\u00e1n v\u00edzben\/tejben\/joghurtban\u200b\u200b\u200b<\/li>\n<\/ul>\n<p><strong>T\u00e1rol\u00e1s:<\/strong>\u00a0sz\u00e1raz, h\u0171v\u00f6s helyen.<\/p>\n<\/div>\n<\/div>\n<\/div>\n<\/div>\n<\/div>\n","protected":false},"excerpt":{"rendered":"<p>A Collango kollag\u00e9n term\u00e9kpalett\u00e1j\u00e1n hal kollag\u00e9n is megtal\u00e1lhat\u00f3. A\u00a0<strong>Collango Collagen Fish<\/strong>\u00a0alapanyagak\u00e9nt v\u00e1lasztott Naticol\u00ae BPMG kollag\u00e9n a vil\u00e1g egyik vezet\u0151 kollag\u00e9n gy\u00e1rt\u00f3ja, a francia Weishardt gy\u00e1rtott bioakt\u00edv peptidekb\u0151l \u00e1ll, mely k\u00edm\u00e9letes enzimatikus hidrol\u00edzissel k\u00e9sz\u00fclt.<\/p>\n","protected":false},"featured_media":5160,"comment_status":"closed","ping_status":"open","template":"","meta":[],"product_cat":[61],"product_tag":[],"class_list":{"0":"post-5606","1":"product","2":"type-product","3":"status-publish","4":"has-post-thumbnail","6":"product_brand-collango","7":"product_cat-etrend-kiegeszitok","9":"first","10":"instock","11":"purchasable","12":"product-type-simple"},"_links":{"self":[{"href":"https:\/\/vitamin.coredesign.hu\/index.php?rest_route=\/wp\/v2\/product\/5606","targetHints":{"allow":["GET"]}}],"collection":[{"href":"https:\/\/vitamin.coredesign.hu\/index.php?rest_route=\/wp\/v2\/product"}],"about":[{"href":"https:\/\/vitamin.coredesign.hu\/index.php?rest_route=\/wp\/v2\/types\/product"}],"replies":[{"embeddable":true,"href":"https:\/\/vitamin.coredesign.hu\/index.php?rest_route=%2Fwp%2Fv2%2Fcomments&post=5606"}],"wp:featuredmedia":[{"embeddable":true,"href":"https:\/\/vitamin.coredesign.hu\/index.php?rest_route=\/wp\/v2\/media\/5160"}],"wp:attachment":[{"href":"https:\/\/vitamin.coredesign.hu\/index.php?rest_route=%2Fwp%2Fv2%2Fmedia&parent=5606"}],"wp:term":[{"taxonomy":"product_cat","embeddable":true,"href":"https:\/\/vitamin.coredesign.hu\/index.php?rest_route=%2Fwp%2Fv2%2Fproduct_cat&post=5606"},{"taxonomy":"product_tag","embeddable":true,"href":"https:\/\/vitamin.coredesign.hu\/index.php?rest_route=%2Fwp%2Fv2%2Fproduct_tag&post=5606"}],"curies":[{"name":"wp","href":"https:\/\/api.w.org\/{rel}","templated":true}]}}