{"id":5599,"date":"2025-10-12T12:29:42","date_gmt":"2025-10-12T10:29:42","guid":{"rendered":"https:\/\/vitamin.coredesign.hu\/?product=collango-collagen-liquid-meggy"},"modified":"2026-01-08T23:27:02","modified_gmt":"2026-01-08T22:27:02","slug":"collango-collagen-liquid-meggy","status":"publish","type":"product","link":"https:\/\/vitamin.coredesign.hu\/?product=collango-collagen-liquid-meggy","title":{"rendered":"Collango Collagen Liquid <br>MEGGY"},"content":{"rendered":"<p>&nbsp;<\/p>\n<div id=\"lt-accessibility-devtools\" aria-hidden=\"true\"><\/div>\n<p>Az elm\u00falt \u00e9vekben a nagy siker\u0171 Collango Collagen por alak\u00fa v\u00e1ltozat\u00e1val tal\u00e1lkozhatt\u00e1l. Rengeteg pozit\u00edv visszajelz\u00e9st kaptunk a hat\u00e1s\u00e1val kapcsolatban. Nagyon sok fogyaszt\u00f3nknak tudtunk seg\u00edteni.<\/p>\n<p>Visszajelz\u00e9sek alapj\u00e1n a k\u00f6vetkez\u0151kben mutatkozott j\u00f3t\u00e9kony hat\u00e1ssal:<\/p>\n<ul>\n<li>\u00edz\u00fcleti probl\u00e9m\u00e1k, illetve ezzel j\u00e1r\u00f3 f\u00e1jdalom cs\u00f6kken\u00e9se<\/li>\n<li>b\u0151r hidrat\u00e1lt\u00e1g, mimikai r\u00e1ncok kisimul\u00e1sa<\/li>\n<li>nyugodtabb alv\u00e1s (a term\u00e9szetes el\u0151fordul\u00f3 magas glicin tartalma miatt)<\/li>\n<li>csontritkul\u00e1sban szenved\u0151knek<\/li>\n<li>sportol\u00f3kn\u00e1l extr\u00e9m megterhel\u00e9s mellett az \u00edz\u00fcletek v\u00e9delme.<\/li>\n<\/ul>\n<p>Most ezt egy kicsit felturb\u00f3ztuk \u00e9s el\u0151k\u00e9sz\u00edtett\u00fck, hogy neked m\u00e1r ne kelljen.<\/p>\n<p><strong>Mit kell tudni a\u00a0<\/strong><strong>Collango Collagen Liquid\u00a0-r\u0151l?<\/strong><\/p>\n<ul>\n<li>10.000mg (10g) hidroliz\u00e1lt\u00a0marha\u00a0kollag\u00e9nt tartalmaz adagonk\u00e9nt<\/li>\n<li>200mg C-vitamin\/adag<\/li>\n<li>30mg hialuronsav\/adag<\/li>\n<li>40\u00b5g folsv\/adag<\/li>\n<li>Hozz\u00e1adott cukrot nem tartalmaz<\/li>\n<li>Allerg\u00e9neket nem tartalmaz<\/li>\n<li>N\u00e9gy meg\u00fanhatatlan \u00edzben: Magic Berry (erdei szam\u00f3ca), Melon Dream (s\u00e1rgadinnye csipetnyi mang\u00f3val), Very Cherry (\u00e9des meggy), Lime- Elderberry (lime- bodza)<\/li>\n<li>Minden doboz tartalmaz egy m\u00e9r\u0151kupkot a k\u00f6nny\u0171 adagol\u00e1s\u00e9rt<\/li>\n<li>H\u00edg\u00edtatlanul \u00e9s h\u00edg\u00edtva egyar\u00e1nt fogyaszthat\u00f3<\/li>\n<li>Egy flakon 500ml, 20 adagot tartalmaz<\/li>\n<li>Felbont\u00e1s ut\u00e1n h\u0171t\u0151ben tartand\u00f3!<\/li>\n<\/ul>\n<p>Sokszor tal\u00e1lkoztunk olyan k\u00e9rd\u00e9sekkel, hogy a folyad\u00e9k vagy a por a jobb. Nem \u00e9rtett\u00fck a k\u00e9rd\u00e9st, hiszen a port is feloldod valamilyen folyad\u00e9kba miel\u0151tt elfogyasztod, nem?<\/p>\n<p>A k\u00e9sz folyad\u00e9k k\u00e9nyelmesebb. Ez biztos.<\/p>\n<p>Van-e h\u00e1tr\u00e1nya? Igen. Felbont\u00e1s ut\u00e1n h\u0171t\u0151ben kell t\u00e1rolni. Ez az egy. Nincs t\u00f6bb!<\/p>\n<p>A m\u00e9lt\u00e1n n\u00e9pszer\u0171 1-es t\u00edpus\u00fa hidroliz\u00e1lt kollag\u00e9nt haszn\u00e1ltuk alapanyagul. Ehhez adtunk m\u00e9g adagonk\u00e9nt 30mg hialuronsavat, 200mg c- vitamint, hogy seg\u00edtse a kollag\u00e9n felsz\u00edv\u00f3d\u00e1st \u00e9s hasznosul\u00e1s\u00e1t, illetve egy kis folsavat \u00e9s egy kis E vitamint is.<\/p>\n<p>\u00cdzekben \u00e1lmodtunk, majd \u201evar\u00e1zsoltunk\u201d. \u00cdgy lett az egyik testv\u00e9r Magic Berry, az erdei szam\u00f3ca friss \u00edz\u00e9vel, term\u00e9szetes arom\u00e1val \u00e9s sz\u00ednez\u00e9kkel, illetve a m\u00e1sik testv\u00e9r, Melon Dream, az \u00fcde s\u00e1rgadinnye fantasztikus \u00edz\u00e9vel, melyet egy csipetnyi mang\u00f3val f\u0171szerezt\u00fcnk, hogy az \u00edze m\u00e9g \u00e1lomszer\u0171bb legyen.Very cherry- \u00e9des meggy \u00e9s\u00a0 Lime- Elderberry bodza- lime ny\u00e1ri h\u0171s\u00edt\u0151 \u00edzekkel pedig m\u00e9g nehezebb\u00e9 tett\u00fck a v\u00e1laszt\u00e1st.<\/p>\n<p><strong>\u00d6sszetev\u0151k:<\/strong><\/p>\n<p><strong>Magic Berry:<\/strong>\u00a0tiszt\u00edtott v\u00edz, hidroliz\u00e1lt marha kollag\u00e9n, term\u00e9szetes aroma (eper), L- aszkorbinsav, savany\u00fas\u00e1got szab\u00e1lyz\u00f3 anyag: citromsav, N\u00e1trium-hialuron\u00e1t, sz\u00ednez\u00e9k: c\u00e9klav\u00f6r\u00f6s, \u00e9des\u00edt\u0151szerek: szukral\u00f3z, szteviol glikozidokat tartalmaz, tart\u00f3s\u00edt\u00f3szer (Na-benzo\u00e1t, K-szorb\u00e1t).<\/p>\n<p><strong>Melone Dream<\/strong>: tiszt\u00edtott v\u00edz, hidroliz\u00e1lt marha kollag\u00e9n, L- aszkorbinsav, savany\u00fas\u00e1got szab\u00e1lyz\u00f3 anyag: citromsav, arom\u00e1k: dinnye \u00e9s mang\u00f3, N\u00e1trium-hialuron\u00e1t, sz\u00ednez\u00e9k: kurkuma, \u00e9des\u00edt\u0151szerek: szukral\u00f3z, szteviol glikozidokat tartalmaz, tart\u00f3s\u00edt\u00f3szer (Na-benzo\u00e1t, K-szorb\u00e1t).<\/p>\n<p><strong>Very cherry:<\/strong>\u00a0tiszt\u00edtott v\u00edz, hidroliz\u00e1lt marha kollag\u00e9n, L- aszkorbinsav, savany\u00fas\u00e1got szab\u00e1lyz\u00f3 anyag: citromsav, aroma (meggy), N\u00e1trium-Hialuron\u00e1t, sz\u00ednez\u00e9k: c\u00e9klav\u00f6r\u00f6s, \u00e9des\u00edt\u0151szerek: szukral\u00f3z, szteviol glikozidokat tartalmaz, tart\u00f3s\u00edt\u00f3szer (Na-benzo\u00e1t, K-szorb\u00e1t).<\/p>\n<p><strong>Lime- Elderberry<\/strong>: tiszt\u00edtott v\u00edz, hidroliz\u00e1lt marha kollag\u00e9n, L- aszkorbinsav, savany\u00fas\u00e1got szab\u00e1lyz\u00f3 anyag: citromsav, arom\u00e1k: lime \u00e9s bodza, N\u00e1trium-hialuron\u00e1t sz\u00ednez\u00e9k: kurkuma, \u00e9des\u00edt\u0151szerek: szukral\u00f3z, szteviol glikozidokat tartalmaz, tart\u00f3s\u00edt\u00f3szer (Na-benzo\u00e1t, K-szorb\u00e1t).<\/p>\n<p><strong>Adagol\u00e1si javaslat<\/strong>: 1 adag 25ml, 1 adagol\u00f3kupak.<\/p>\n<p><strong>Fogyaszt\u00e1si javaslat:\u00a0<\/strong>Keverj \u00f6ssze naponta 1 adag (25ml, 1 adagol\u00f3kupak) kollag\u00e9nt 150 ml v\u00edzzel, vagy \u00f6nmag\u00e1ban is fogyaszthat\u00f3 h\u00edg\u00edtatlanul.<\/p>\n<p><strong>Allerg\u00e9n inform\u00e1ci\u00f3:<\/strong>\u00a0allerg\u00e9n mentes!<\/p>\n<p><strong>Figyelmeztet\u00e9s:<\/strong>\u00a0Az \u00e9trend-kieg\u00e9sz\u00edt\u0151k nem helyettes\u00edtik a vegyes \u00e9trendet \u00e9s az eg\u00e9szs\u00e9ges \u00e9letm\u00f3dot! Kisgyermekek el\u0151l elz\u00e1rva tartand\u00f3! Az aj\u00e1nlott napi fogyaszt\u00e1si mennyis\u00e9get ne l\u00e9pje t\u00fal!<\/p>\n<p>Felbont\u00e1s el\u0151tt saj\u00e1t doboz\u00e1ban, h\u0171v\u00f6s, s\u00f6t\u00e9t helyen t\u00e1roland\u00f3! Felbont\u00e1s ut\u00e1n h\u0171t\u0151ben t\u00e1roland\u00f3, 30 napon bel\u00fcl fogyasztand\u00f3!<\/p>\n","protected":false},"excerpt":{"rendered":"<p>Az elm\u00falt \u00e9vekben a nagy siker\u0171 Collango Collagen por alak\u00fa v\u00e1ltozat\u00e1val tal\u00e1lkozhatt\u00e1l. Rengeteg pozit\u00edv visszajelz\u00e9st kaptunk a hat\u00e1s\u00e1val kapcsolatban. Nagyon sok fogyaszt\u00f3nknak tudtunk seg\u00edteni.<\/p>\n","protected":false},"featured_media":5155,"comment_status":"closed","ping_status":"open","template":"","meta":[],"product_cat":[61],"product_tag":[],"class_list":{"0":"post-5599","1":"product","2":"type-product","3":"status-publish","4":"has-post-thumbnail","6":"product_brand-collango","7":"product_cat-etrend-kiegeszitok","9":"first","10":"instock","11":"purchasable","12":"product-type-simple"},"_links":{"self":[{"href":"https:\/\/vitamin.coredesign.hu\/index.php?rest_route=\/wp\/v2\/product\/5599","targetHints":{"allow":["GET"]}}],"collection":[{"href":"https:\/\/vitamin.coredesign.hu\/index.php?rest_route=\/wp\/v2\/product"}],"about":[{"href":"https:\/\/vitamin.coredesign.hu\/index.php?rest_route=\/wp\/v2\/types\/product"}],"replies":[{"embeddable":true,"href":"https:\/\/vitamin.coredesign.hu\/index.php?rest_route=%2Fwp%2Fv2%2Fcomments&post=5599"}],"wp:featuredmedia":[{"embeddable":true,"href":"https:\/\/vitamin.coredesign.hu\/index.php?rest_route=\/wp\/v2\/media\/5155"}],"wp:attachment":[{"href":"https:\/\/vitamin.coredesign.hu\/index.php?rest_route=%2Fwp%2Fv2%2Fmedia&parent=5599"}],"wp:term":[{"taxonomy":"product_cat","embeddable":true,"href":"https:\/\/vitamin.coredesign.hu\/index.php?rest_route=%2Fwp%2Fv2%2Fproduct_cat&post=5599"},{"taxonomy":"product_tag","embeddable":true,"href":"https:\/\/vitamin.coredesign.hu\/index.php?rest_route=%2Fwp%2Fv2%2Fproduct_tag&post=5599"}],"curies":[{"name":"wp","href":"https:\/\/api.w.org\/{rel}","templated":true}]}}