{"id":5593,"date":"2025-10-12T12:29:42","date_gmt":"2025-10-12T10:29:42","guid":{"rendered":"https:\/\/vitamin.coredesign.hu\/?product=bioco-100-natur-chondractiv-kollagen-por-100g"},"modified":"2026-01-08T23:27:00","modified_gmt":"2026-01-08T22:27:00","slug":"bioco-100-natur-chondractiv-kollagen-por-100g","status":"publish","type":"product","link":"https:\/\/vitamin.coredesign.hu\/?product=bioco-100-natur-chondractiv-kollagen-por-100g","title":{"rendered":"BioCo 100% NATUR ChondrActiv kollag\u00e9n por \u2013 100g"},"content":{"rendered":"<p>&nbsp;<\/p>\n<div id=\"lt-accessibility-devtools\" aria-hidden=\"true\"><\/div>\n<div class=\"product-short-description\">\n<div class=\"product-short-description\">\n<div class=\"product-short-description\">\n<div class=\"product-short-description\">\n<div class=\"product-short-description\">\n<div class=\"product-short-description\">\n<div class=\"product-short-description\">\n<div class=\"product-short-description\">\n<div class=\"product-short-description\">\n<div class=\"product-short-description\">\n<div class=\"product-short-description\">\n<div class=\"product-short-description\">\n<div class=\"product-short-description\">\n<p>A BioCo 100% NATUR ChondrActiv kollag\u00e9n por egy term\u00e9szetes kollag\u00e9n-kieg\u00e9sz\u00edt\u0151, amely hozz\u00e1j\u00e1rulhat az \u00edz\u00fcletek eg\u00e9szs\u00e9g\u00e9nek \u00e9s rugalmass\u00e1g\u00e1nak meg\u0151rz\u00e9s\u00e9hez.<\/p>\n<\/div>\n<\/div>\n<\/div>\n<\/div>\n<\/div>\n<\/div>\n<\/div>\n<\/div>\n<\/div>\n<\/div>\n<\/div>\n<\/div>\n<\/div>\n<form class=\"cart\" action=\"https:\/\/vitaminnagyker.hu\/termek\/bioco-bioaktiv-folat-5-mthf-tabletta-30db\/\" enctype=\"multipart\/form-data\" method=\"post\">\n<div class=\"ux-quantity quantity buttons_added\">\n<h2>BioCo 100% NATUR ChondrActiv kollag\u00e9n por<\/h2>\n<p>A BioCo 100% NATUR ChondrActiv kollag\u00e9n por egy term\u00e9szetes kollag\u00e9n-kieg\u00e9sz\u00edt\u0151, amely hozz\u00e1j\u00e1rulhat az \u00edz\u00fcletek eg\u00e9szs\u00e9g\u00e9nek \u00e9s rugalmass\u00e1g\u00e1nak meg\u0151rz\u00e9s\u00e9hez.<\/p>\n<p>A term\u00e9kcsal\u00e1d k\u00e9sz\u00edtm\u00e9nyei 100% tiszta form\u00e1ban tartalmazz\u00e1k az \u00e9rt\u00e9kes hat\u00f3anyagokat, meg\u0151r\u00edzve term\u00e9szetes \u00edz\u00fcket, illatukat \u00e9s sz\u00edn\u00fcket.<\/p>\n<p>A term\u00e9kek mentesek mindennem\u0171 adal\u00e9k- \u00e9s seg\u00e9danyagt\u00f3l.<\/p>\n<p>A ChondrActiv egy enzimatikusan el\u0151\u00e1ll\u00edtott csirkeporc hidroliz\u00e1tum, mely nagy koncentr\u00e1ci\u00f3ban (55%) \u00e9rt\u00e9kes II-es t\u00edpus\u00fa kollag\u00e9nt tartalmaz, emellett gazdag gl\u00fck\u00f3zaminoglik\u00e1nokban, pl. kondroitin-szulf\u00e1tban \u00e9s hialuronsavban. Ezek az anyagok a porcsz\u00f6vet egyik alt\u00edpus\u00e1nak, a hialin porc extracellul\u00e1ris m\u00e1trix\u00e1nak alkot\u00f3elemei.<\/p>\n<h3>Hat\u00f3anyag 1 adagban:<\/h3>\n<ul>\n<li>ChondrActiv (enzimatikusan csirkeporc hidroliz\u00e1tum) 1600 mg<br \/>\n\u2013 melyb\u0151l II t\u00edpus\u00fa kollag\u00e9n 55% 880 mg<br \/>\n\u2013 Kondroitin-szulf\u00e1t 12% 192 mg<br \/>\n\u2013 Hialuronsav 1% 16 mg<\/li>\n<\/ul>\n<h3>\u00d6sszetev\u0151k:<\/h3>\n<p>100% ChondrActiv (enzimatikusan csirkeporc hidroliz\u00e1tum).<\/p>\n<p>Lakt\u00f3zmentes, glut\u00e9nmentes, adal\u00e9kmentes.<\/p>\n<h3>Aj\u00e1nlott adagol\u00e1s:<\/h3>\n<p>feln\u0151ttek sz\u00e1m\u00e1ra napi 1 adag ChondrActiv por fogyaszt\u00e1sa javasolt \u00e9tkez\u00e9st\u0151l f\u00fcggetlen\u00fcl, ak\u00e1r \u00e9hgyomorra is. V\u00edzben oldva j\u00f3l \u00e9rezhet\u0151 jellegzetes \u00edze \u00e9s illata, ez\u00e9rt javasolt narancsl\u00e9ben, savanyk\u00e1sabb \u00edz\u0171 rostos \u00fcd\u00edt\u0151ben, turmixban elkeverve meginni, egy\u00e9ni \u00edzl\u00e9s szerint. Folyad\u00e9kban j\u00f3l old\u00f3dik, elk\u00e9sz\u00edt\u00e9s ut\u00e1n azonnali fogyaszt\u00e1sa javasolt.<\/p>\n<p>1 adag = 1600 mg, amely kb. 1 csapott te\u00e1skan\u00e1lnak felel meg.<\/p>\n<\/div>\n<\/form>\n","protected":false},"excerpt":{"rendered":"<div class=\"product-short-description\">\n<p>A BioCo 100% NATUR ChondrActiv kollag\u00e9n por egy term\u00e9szetes kollag\u00e9n-kieg\u00e9sz\u00edt\u0151, amely hozz\u00e1j\u00e1rulhat az \u00edz\u00fcletek eg\u00e9szs\u00e9g\u00e9nek \u00e9s rugalmass\u00e1g\u00e1nak meg\u0151rz\u00e9s\u00e9hez.<\/p>\n<\/div>\n","protected":false},"featured_media":5594,"comment_status":"closed","ping_status":"open","template":"","meta":[],"product_cat":[61],"product_tag":[],"class_list":{"0":"post-5593","1":"product","2":"type-product","3":"status-publish","4":"has-post-thumbnail","6":"product_brand-bioco","7":"product_cat-etrend-kiegeszitok","9":"first","10":"instock","11":"purchasable","12":"product-type-simple"},"_links":{"self":[{"href":"https:\/\/vitamin.coredesign.hu\/index.php?rest_route=\/wp\/v2\/product\/5593","targetHints":{"allow":["GET"]}}],"collection":[{"href":"https:\/\/vitamin.coredesign.hu\/index.php?rest_route=\/wp\/v2\/product"}],"about":[{"href":"https:\/\/vitamin.coredesign.hu\/index.php?rest_route=\/wp\/v2\/types\/product"}],"replies":[{"embeddable":true,"href":"https:\/\/vitamin.coredesign.hu\/index.php?rest_route=%2Fwp%2Fv2%2Fcomments&post=5593"}],"wp:featuredmedia":[{"embeddable":true,"href":"https:\/\/vitamin.coredesign.hu\/index.php?rest_route=\/wp\/v2\/media\/5594"}],"wp:attachment":[{"href":"https:\/\/vitamin.coredesign.hu\/index.php?rest_route=%2Fwp%2Fv2%2Fmedia&parent=5593"}],"wp:term":[{"taxonomy":"product_cat","embeddable":true,"href":"https:\/\/vitamin.coredesign.hu\/index.php?rest_route=%2Fwp%2Fv2%2Fproduct_cat&post=5593"},{"taxonomy":"product_tag","embeddable":true,"href":"https:\/\/vitamin.coredesign.hu\/index.php?rest_route=%2Fwp%2Fv2%2Fproduct_tag&post=5593"}],"curies":[{"name":"wp","href":"https:\/\/api.w.org\/{rel}","templated":true}]}}