{"id":5592,"date":"2025-10-12T12:29:42","date_gmt":"2025-10-12T10:29:42","guid":{"rendered":"https:\/\/vitamin.coredesign.hu\/?product=bioco-oliva-termeszetes-e-vitamin-200-iu-lagyzselatin-kapszula-60db"},"modified":"2026-01-08T23:27:00","modified_gmt":"2026-01-08T22:27:00","slug":"bioco-oliva-termeszetes-e-vitamin-200-iu-lagyzselatin-kapszula-60db","status":"publish","type":"product","link":"https:\/\/vitamin.coredesign.hu\/?product=bioco-oliva-termeszetes-e-vitamin-200-iu-lagyzselatin-kapszula-60db","title":{"rendered":"BioCo OLIVA Term\u00e9szetes E-vitamin 200 IU l\u00e1gyzselatin kapszula \u2013 60db"},"content":{"rendered":"<p>&nbsp;<\/p>\n<div id=\"lt-accessibility-devtools\" aria-hidden=\"true\"><\/div>\n<div class=\"product-short-description\">\n<div class=\"product-short-description\">\n<div class=\"product-short-description\">\n<div class=\"product-short-description\">\n<div class=\"product-short-description\">\n<div class=\"product-short-description\">\n<div class=\"product-short-description\">\n<div class=\"product-short-description\">\n<div class=\"product-short-description\">\n<div class=\"product-short-description\">\n<div class=\"product-short-description\">\n<div class=\"product-short-description\">\n<div class=\"product-short-description\">\n<p>Az E-vitamin hozz\u00e1j\u00e1rulhat a sz\u00edv- \u00e9s \u00e9rrendszer norm\u00e1l m\u0171k\u00f6d\u00e9s\u00e9hez, az immunrendszer er\u0151s\u00edt\u00e9s\u00e9hez, a betegs\u00e9gek megel\u0151z\u00e9s\u00e9hez.<\/p>\n<\/div>\n<\/div>\n<\/div>\n<\/div>\n<\/div>\n<\/div>\n<\/div>\n<\/div>\n<\/div>\n<\/div>\n<\/div>\n<\/div>\n<\/div>\n<form class=\"cart\" action=\"https:\/\/vitaminnagyker.hu\/termek\/bioco-bioaktiv-folat-5-mthf-tabletta-30db\/\" enctype=\"multipart\/form-data\" method=\"post\">\n<div class=\"ux-quantity quantity buttons_added\">\n<h2>BioCo OLIVA Term\u00e9szetes E-vitamin 200 IU l\u00e1gyzselatin kapszula<\/h2>\n<p>Az E-vitamin hozz\u00e1j\u00e1rulhat a sz\u00edv- \u00e9s \u00e9rrendszer norm\u00e1l m\u0171k\u00f6d\u00e9s\u00e9hez, az immunrendszer er\u0151s\u00edt\u00e9s\u00e9hez, a betegs\u00e9gek megel\u0151z\u00e9s\u00e9hez.<\/p>\n<p>A BioCo\u00ae OLIVA term\u00e9kcsal\u00e1d k\u00e9sz\u00edtm\u00e9nyei kiz\u00e1r\u00f3lag tiszta, extra sz\u0171z ol\u00edvaolajban oldott form\u00e1ban tartalmazz\u00e1k az \u00e9rt\u00e9kes hat\u00f3anyagokat.<\/p>\n<p>A kapszul\u00e1k sz\u00f3jaolajt\u00f3l \u00e9s sz\u00ednez\u00e9kt\u0151l mentesek.<\/p>\n<p>A BioCo\u00ae OLIVA E-vitamin kapszula k\u00f6nnyen nyelhet\u0151, kis m\u00e9ret\u0171 kapszul\u00e1ja csak term\u00e9szetes form\u00e1ban tartalmaz E-vitamint, magas hat\u00f3anyag-mennyis\u00e9gben. Az E-vitamin hozz\u00e1j\u00e1rul a sejtek oxidat\u00edv stresszel szembeni v\u00e9delm\u00e9hez.<\/p>\n<h3>Hat\u00f3anyag 1 kapszul\u00e1ban:<\/h3>\n<ul>\n<li>E-vitamin 134 mg \u03b1-TE (200 IU)<br \/>\n(term\u00e9szetes, d-alfa-tokoferol form\u00e1ban)<\/li>\n<\/ul>\n<h3>\u00d6sszetev\u0151k:<\/h3>\n<p>D-alfa-tokoferol; zselatin kapszulah\u00e9j; extra sz\u0171z ol\u00edvaolaj; nedves\u00edt\u0151szer (glicerin).<\/p>\n<h3>Aj\u00e1nlott adagol\u00e1s:<\/h3>\n<p>Feln\u0151tteknek naponta 1 kapszul\u00e1t b\u0151 folyad\u00e9kkal lenyelni.<\/p>\n<\/div>\n<\/form>\n","protected":false},"excerpt":{"rendered":"<div class=\"product-short-description\">\n<p>Az E-vitamin hozz\u00e1j\u00e1rulhat a sz\u00edv- \u00e9s \u00e9rrendszer norm\u00e1l m\u0171k\u00f6d\u00e9s\u00e9hez, az immunrendszer er\u0151s\u00edt\u00e9s\u00e9hez, a betegs\u00e9gek megel\u0151z\u00e9s\u00e9hez.<\/p>\n<\/div>\n","protected":false},"featured_media":0,"comment_status":"closed","ping_status":"open","template":"","meta":[],"product_cat":[60],"product_tag":[],"class_list":{"0":"post-5592","1":"product","2":"type-product","3":"status-publish","5":"product_brand-bioco","6":"product_cat-vitaminok","8":"first","9":"instock","10":"purchasable","11":"product-type-simple"},"_links":{"self":[{"href":"https:\/\/vitamin.coredesign.hu\/index.php?rest_route=\/wp\/v2\/product\/5592","targetHints":{"allow":["GET"]}}],"collection":[{"href":"https:\/\/vitamin.coredesign.hu\/index.php?rest_route=\/wp\/v2\/product"}],"about":[{"href":"https:\/\/vitamin.coredesign.hu\/index.php?rest_route=\/wp\/v2\/types\/product"}],"replies":[{"embeddable":true,"href":"https:\/\/vitamin.coredesign.hu\/index.php?rest_route=%2Fwp%2Fv2%2Fcomments&post=5592"}],"wp:attachment":[{"href":"https:\/\/vitamin.coredesign.hu\/index.php?rest_route=%2Fwp%2Fv2%2Fmedia&parent=5592"}],"wp:term":[{"taxonomy":"product_cat","embeddable":true,"href":"https:\/\/vitamin.coredesign.hu\/index.php?rest_route=%2Fwp%2Fv2%2Fproduct_cat&post=5592"},{"taxonomy":"product_tag","embeddable":true,"href":"https:\/\/vitamin.coredesign.hu\/index.php?rest_route=%2Fwp%2Fv2%2Fproduct_tag&post=5592"}],"curies":[{"name":"wp","href":"https:\/\/api.w.org\/{rel}","templated":true}]}}