{"id":5590,"date":"2025-10-12T12:29:42","date_gmt":"2025-10-12T10:29:42","guid":{"rendered":"https:\/\/vitamin.coredesign.hu\/?product=bioco-hialuronsav-mega-300mg-tabletta-60db"},"modified":"2026-01-08T23:26:59","modified_gmt":"2026-01-08T22:26:59","slug":"bioco-hialuronsav-mega-300mg-tabletta-60db","status":"publish","type":"product","link":"https:\/\/vitamin.coredesign.hu\/?product=bioco-hialuronsav-mega-300mg-tabletta-60db","title":{"rendered":"BioCo Hialuronsav MEGA 300mg tabletta \u2013 60db"},"content":{"rendered":"<p>&nbsp;<\/p>\n<div id=\"lt-accessibility-devtools\" aria-hidden=\"true\"><\/div>\n<div class=\"product-short-description\">\n<div class=\"product-short-description\">\n<div class=\"product-short-description\">\n<div class=\"product-short-description\">\n<div class=\"product-short-description\">\n<div class=\"product-short-description\">\n<div class=\"product-short-description\">\n<div class=\"product-short-description\">\n<div class=\"product-short-description\">\n<div class=\"product-short-description\">\n<div class=\"product-short-description\">\n<div class=\"product-short-description\">\n<div class=\"product-short-description\">\n<p>A BioCo\u00ae Hialuronsav MEGA 300 mg k\u00e9sz\u00edtm\u00e9ny magas, a BioCo Hialuronsav Forte k\u00e9sz\u00edtm\u00e9nyhez k\u00e9pest h\u00e1romszoros mennyis\u00e9g\u0171 hialuronsavat koncentr\u00e1l egyetlen tablett\u00e1ban. Els\u0151sorban a b\u0151r, az \u00edz\u00fcletek \u00e9s a porcok hidrat\u00e1l\u00e1s\u00e1ra, rugalmass\u00e1g\u00e1nak helyre\u00e1ll\u00edt\u00e1s\u00e1ra \u00e9s hossz\u00fat\u00e1v\u00fa fenntart\u00e1s\u00e1ra aj\u00e1nlott.<\/p>\n<\/div>\n<\/div>\n<\/div>\n<\/div>\n<\/div>\n<\/div>\n<\/div>\n<\/div>\n<\/div>\n<\/div>\n<\/div>\n<\/div>\n<\/div>\n<form class=\"cart\" action=\"https:\/\/vitaminnagyker.hu\/termek\/bioco-bioaktiv-folat-5-mthf-tabletta-30db\/\" enctype=\"multipart\/form-data\" method=\"post\">\n<div class=\"ux-quantity quantity buttons_added\">\n<h2>BioCo Hialuronsav MEGA 300mg tabletta<\/h2>\n<p>A BioCo\u00ae Hialuronsav MEGA 300 mg k\u00e9sz\u00edtm\u00e9ny magas, a BioCo Hialuronsav Forte k\u00e9sz\u00edtm\u00e9nyhez k\u00e9pest h\u00e1romszoros mennyis\u00e9g\u0171 hialuronsavat koncentr\u00e1l egyetlen tablett\u00e1ban. Els\u0151sorban a b\u0151r, az \u00edz\u00fcletek \u00e9s a porcok hidrat\u00e1l\u00e1s\u00e1ra, rugalmass\u00e1g\u00e1nak helyre\u00e1ll\u00edt\u00e1s\u00e1ra \u00e9s hossz\u00fat\u00e1v\u00fa fenntart\u00e1s\u00e1ra aj\u00e1nlott.<\/p>\n<p>A hialuronsav az emberi szervezetben \u2013 t\u00f6bbek k\u00f6z\u00f6tt a szemben, a b\u0151rsz\u00f6vetben, az izmokban \u00e9s \u00edz\u00fcletekben \u2013 term\u00e9szetesen megtal\u00e1lhat\u00f3 anyag, mely nagy v\u00edzmegk\u00f6t\u0151 k\u00e9pess\u00e9ggel rendelkezik. Kieg\u00e9sz\u00edt\u0151 bevitele \u00e9trend-kieg\u00e9sz\u00edt\u0151 form\u00e1j\u00e1ban is biztos\u00edthat\u00f3.<\/p>\n<h3>Hat\u00f3anyag 1 tablett\u00e1ban:<\/h3>\n<ul>\n<li>Hialuronsav 300 mg<br \/>\n(min. 1 milli\u00f3 Dalton molekulat\u00f6meg\u0171 n\u00e1trium-hialuron\u00e1tb\u00f3l)<\/li>\n<\/ul>\n<h3>\u00d6sszetev\u0151k:<\/h3>\n<p>t\u00f6megn\u00f6vel\u0151 szer (mikrokrist\u00e1lyos cellul\u00f3z); n\u00e1trium-hialuron\u00e1t; f\u00e9nyez\u0151 anyagok (zs\u00edrsavak); csom\u00f3sod\u00e1st g\u00e1tl\u00f3 (szil\u00edcium-dioxid).<\/p>\n<h3>Aj\u00e1nlott adagol\u00e1s:<\/h3>\n<p>feln\u0151ttek sz\u00e1m\u00e1ra napi 1-2 tabletta, melyet b\u0151s\u00e9ges folyad\u00e9kkal javasolt bevenni. Szed\u00e9se sor\u00e1n k\u00e9rj\u00fck \u00fcgyeljen a megfelel\u0151 folyad\u00e9kbevitelre (min. 2 liter naponta).<\/p>\n<\/div>\n<\/form>\n","protected":false},"excerpt":{"rendered":"<div class=\"product-short-description\">\n<p>A BioCo\u00ae Hialuronsav MEGA 300 mg k\u00e9sz\u00edtm\u00e9ny magas, a BioCo Hialuronsav Forte k\u00e9sz\u00edtm\u00e9nyhez k\u00e9pest h\u00e1romszoros mennyis\u00e9g\u0171 hialuronsavat koncentr\u00e1l egyetlen tablett\u00e1ban. Els\u0151sorban a b\u0151r, az \u00edz\u00fcletek \u00e9s a porcok hidrat\u00e1l\u00e1s\u00e1ra, rugalmass\u00e1g\u00e1nak helyre\u00e1ll\u00edt\u00e1s\u00e1ra \u00e9s hossz\u00fat\u00e1v\u00fa fenntart\u00e1s\u00e1ra aj\u00e1nlott.<\/p>\n<\/div>\n","protected":false},"featured_media":5591,"comment_status":"closed","ping_status":"open","template":"","meta":[],"product_cat":[61],"product_tag":[],"class_list":{"0":"post-5590","1":"product","2":"type-product","3":"status-publish","4":"has-post-thumbnail","6":"product_brand-bioco","7":"product_cat-etrend-kiegeszitok","9":"first","10":"instock","11":"purchasable","12":"product-type-simple"},"_links":{"self":[{"href":"https:\/\/vitamin.coredesign.hu\/index.php?rest_route=\/wp\/v2\/product\/5590","targetHints":{"allow":["GET"]}}],"collection":[{"href":"https:\/\/vitamin.coredesign.hu\/index.php?rest_route=\/wp\/v2\/product"}],"about":[{"href":"https:\/\/vitamin.coredesign.hu\/index.php?rest_route=\/wp\/v2\/types\/product"}],"replies":[{"embeddable":true,"href":"https:\/\/vitamin.coredesign.hu\/index.php?rest_route=%2Fwp%2Fv2%2Fcomments&post=5590"}],"wp:featuredmedia":[{"embeddable":true,"href":"https:\/\/vitamin.coredesign.hu\/index.php?rest_route=\/wp\/v2\/media\/5591"}],"wp:attachment":[{"href":"https:\/\/vitamin.coredesign.hu\/index.php?rest_route=%2Fwp%2Fv2%2Fmedia&parent=5590"}],"wp:term":[{"taxonomy":"product_cat","embeddable":true,"href":"https:\/\/vitamin.coredesign.hu\/index.php?rest_route=%2Fwp%2Fv2%2Fproduct_cat&post=5590"},{"taxonomy":"product_tag","embeddable":true,"href":"https:\/\/vitamin.coredesign.hu\/index.php?rest_route=%2Fwp%2Fv2%2Fproduct_tag&post=5590"}],"curies":[{"name":"wp","href":"https:\/\/api.w.org\/{rel}","templated":true}]}}