{"id":5580,"date":"2025-10-12T12:29:42","date_gmt":"2025-10-12T10:29:42","guid":{"rendered":"https:\/\/vitamin.coredesign.hu\/?product=bioco-100-natur-halkollagen-peptidek-por-150g"},"modified":"2026-01-08T23:26:54","modified_gmt":"2026-01-08T22:26:54","slug":"bioco-100-natur-halkollagen-peptidek-por-150g","status":"publish","type":"product","link":"https:\/\/vitamin.coredesign.hu\/?product=bioco-100-natur-halkollagen-peptidek-por-150g","title":{"rendered":"BioCo 100% NATUR Halkollag\u00e9n peptidek por \u2013 150g"},"content":{"rendered":"<p>&nbsp;<\/p>\n<div id=\"lt-accessibility-devtools\" aria-hidden=\"true\"><\/div>\n<div class=\"product-short-description\">\n<div class=\"product-short-description\">\n<div class=\"product-short-description\">\n<div class=\"product-short-description\">\n<div class=\"product-short-description\">\n<div class=\"product-short-description\">\n<div class=\"product-short-description\">\n<div class=\"product-short-description\">\n<div class=\"product-short-description\">\n<div class=\"product-short-description\">\n<div class=\"product-short-description\">\n<div class=\"product-short-description\">\n<div class=\"product-short-description\">\n<p>A BioCo 100% NATUR Halkollag\u00e9n peptidek por egy 100%-ban term\u00e9szetes eredet\u0171, hidroliz\u00e1lt halkollag\u00e9n peptideket tartalmaz\u00f3 \u00e9trend-kieg\u00e9sz\u00edt\u0151, amely hozz\u00e1j\u00e1rulhat a b\u0151r, a haj, a k\u00f6r\u00f6m \u00e9s a porc eg\u00e9szs\u00e9g\u00e9nek meg\u0151rz\u00e9s\u00e9hez.<\/p>\n<\/div>\n<\/div>\n<\/div>\n<\/div>\n<\/div>\n<\/div>\n<\/div>\n<\/div>\n<\/div>\n<\/div>\n<\/div>\n<\/div>\n<\/div>\n<form class=\"cart\" action=\"https:\/\/vitaminnagyker.hu\/termek\/bioco-bioaktiv-folat-5-mthf-tabletta-30db\/\" enctype=\"multipart\/form-data\" method=\"post\">\n<div class=\"ux-quantity quantity buttons_added\">\n<h2>BioCo 100% NATUR Halkollag\u00e9n peptidek por<\/h2>\n<p>A BioCo 100% NATUR Halkollag\u00e9n peptidek por egy 100%-ban term\u00e9szetes eredet\u0171, hidroliz\u00e1lt halkollag\u00e9n peptideket tartalmaz\u00f3 \u00e9trend-kieg\u00e9sz\u00edt\u0151, amely hozz\u00e1j\u00e1rulhat a b\u0151r, a haj, a k\u00f6r\u00f6m \u00e9s a porc eg\u00e9szs\u00e9g\u00e9nek meg\u0151rz\u00e9s\u00e9hez.<\/p>\n<p>A term\u00e9kcsal\u00e1d k\u00e9sz\u00edtm\u00e9nyei 100% tiszta form\u00e1ban tartalmazz\u00e1k az \u00e9rt\u00e9kes hat\u00f3anyagokat, meg\u0151r\u00edzve term\u00e9szetes \u00edz\u00fcket, illatukat \u00e9s sz\u00edn\u00fcket.<\/p>\n<p>A term\u00e9kek mentesek mindennem\u0171 adal\u00e9k- \u00e9s seg\u00e9danyagt\u00f3l.<\/p>\n<p>A Naticol halkollag\u00e9n hidroliz\u00e1lt, peptid form\u00e1ban biztos\u00edtja az I. t\u00edpus\u00fa kollag\u00e9nt, max. 2000 Dalton molekulam\u00e9retben. Az I.-es t\u00edpus\u00fa kollag\u00e9n a rostos porcsz\u00f6vet m\u00e1trix\u00e1nak alkot\u00f3eleme.<\/p>\n<h3>Hat\u00f3anyag 1 adagban:<\/h3>\n<ul>\n<li>Naticol (hidroliz\u00e1lt halkollag\u00e9n peptidek) 5 g<\/li>\n<\/ul>\n<h3>\u00d6sszetev\u0151k:<\/h3>\n<p>100% Naticol (hidroliz\u00e1lt halkollag\u00e9n peptidek, 2000 Dalton molekula m\u00e9retben).<\/p>\n<p>Lakt\u00f3zmentes, glut\u00e9nmentes, adal\u00e9kmentes.<\/p>\n<h3>Aj\u00e1nlott adagol\u00e1s:<\/h3>\n<p>feln\u0151ttek sz\u00e1m\u00e1ra napi 1-2 adag Naticol por fogyaszt\u00e1sa javasolt \u00e9tkez\u00e9st\u0151l f\u00fcggetlen\u00fcl, ak\u00e1r \u00e9hgyomorra is. V\u00edzben oldva semleges \u00edz\u0171, jellegzetes hal illata enyh\u00e9n \u00e9rezhet\u0151, ez\u00e9rt javasolt narancsl\u00e9ben, savanyk\u00e1sabb \u00edz\u0171 rostos \u00fcd\u00edt\u0151ben, turmixban elkeverve meginni, egy\u00e9ni \u00edzl\u00e9s szerint. Folyad\u00e9kban j\u00f3l old\u00f3dik, elk\u00e9sz\u00edt\u00e9s ut\u00e1n azonnali fogyaszt\u00e1sa javasolt.<\/p>\n<p>1 adag = 5 g, amely kb. 1 csapott ev\u0151kan\u00e1lnak felel meg.<\/p>\n<\/div>\n<\/form>\n","protected":false},"excerpt":{"rendered":"<div class=\"product-short-description\">\n<p>A BioCo 100% NATUR Halkollag\u00e9n peptidek por egy 100%-ban term\u00e9szetes eredet\u0171, hidroliz\u00e1lt halkollag\u00e9n peptideket tartalmaz\u00f3 \u00e9trend-kieg\u00e9sz\u00edt\u0151, amely hozz\u00e1j\u00e1rulhat a b\u0151r, a haj, a k\u00f6r\u00f6m \u00e9s a porc eg\u00e9szs\u00e9g\u00e9nek meg\u0151rz\u00e9s\u00e9hez.<\/p>\n<\/div>\n","protected":false},"featured_media":5581,"comment_status":"closed","ping_status":"open","template":"","meta":[],"product_cat":[61],"product_tag":[],"class_list":{"0":"post-5580","1":"product","2":"type-product","3":"status-publish","4":"has-post-thumbnail","6":"product_brand-bioco","7":"product_cat-etrend-kiegeszitok","9":"first","10":"instock","11":"purchasable","12":"product-type-simple"},"_links":{"self":[{"href":"https:\/\/vitamin.coredesign.hu\/index.php?rest_route=\/wp\/v2\/product\/5580","targetHints":{"allow":["GET"]}}],"collection":[{"href":"https:\/\/vitamin.coredesign.hu\/index.php?rest_route=\/wp\/v2\/product"}],"about":[{"href":"https:\/\/vitamin.coredesign.hu\/index.php?rest_route=\/wp\/v2\/types\/product"}],"replies":[{"embeddable":true,"href":"https:\/\/vitamin.coredesign.hu\/index.php?rest_route=%2Fwp%2Fv2%2Fcomments&post=5580"}],"wp:featuredmedia":[{"embeddable":true,"href":"https:\/\/vitamin.coredesign.hu\/index.php?rest_route=\/wp\/v2\/media\/5581"}],"wp:attachment":[{"href":"https:\/\/vitamin.coredesign.hu\/index.php?rest_route=%2Fwp%2Fv2%2Fmedia&parent=5580"}],"wp:term":[{"taxonomy":"product_cat","embeddable":true,"href":"https:\/\/vitamin.coredesign.hu\/index.php?rest_route=%2Fwp%2Fv2%2Fproduct_cat&post=5580"},{"taxonomy":"product_tag","embeddable":true,"href":"https:\/\/vitamin.coredesign.hu\/index.php?rest_route=%2Fwp%2Fv2%2Fproduct_tag&post=5580"}],"curies":[{"name":"wp","href":"https:\/\/api.w.org\/{rel}","templated":true}]}}