{"id":5578,"date":"2025-10-12T12:29:42","date_gmt":"2025-10-12T10:29:42","guid":{"rendered":"https:\/\/vitamin.coredesign.hu\/?product=bioco-biotin-900%ce%bcg-tabletta-90db"},"modified":"2026-01-08T23:26:53","modified_gmt":"2026-01-08T22:26:53","slug":"bioco-biotin-900%ce%bcg-tabletta-90db","status":"publish","type":"product","link":"https:\/\/vitamin.coredesign.hu\/?product=bioco-biotin-900%ce%bcg-tabletta-90db","title":{"rendered":"BioCo Biotin 900\u03bcg tabletta \u2013 90db"},"content":{"rendered":"<p>&nbsp;<\/p>\n<div id=\"lt-accessibility-devtools\" aria-hidden=\"true\"><\/div>\n<div class=\"product-short-description\">\n<div class=\"product-short-description\">\n<div class=\"product-short-description\">\n<div class=\"product-short-description\">\n<div class=\"product-short-description\">\n<div class=\"product-short-description\">\n<div class=\"product-short-description\">\n<div class=\"product-short-description\">\n<div class=\"product-short-description\">\n<div class=\"product-short-description\">\n<div class=\"product-short-description\">\n<div class=\"product-short-description\">\n<div class=\"product-short-description\">\n<p>A BioCo Biotin k\u00e9sz\u00edtm\u00e9ny magas d\u00f3zisban, 900 \u03bcg mennyis\u00e9gben biztos\u00edt biotin p\u00f3tl\u00e1st, mind\u00f6ssze napi 1 tabletta fogyaszt\u00e1s\u00e1val. Fokozott hajhull\u00e1s, t\u00f6redez\u0151 k\u00f6rm\u00f6k vagy b\u0151rprobl\u00e9m\u00e1k eset\u00e9n k\u00fcl\u00f6n\u00f6sen aj\u00e1nlott a p\u00f3tl\u00e1sa.<\/p>\n<\/div>\n<\/div>\n<\/div>\n<\/div>\n<\/div>\n<\/div>\n<\/div>\n<\/div>\n<\/div>\n<\/div>\n<\/div>\n<\/div>\n<\/div>\n<form class=\"cart\" action=\"https:\/\/vitaminnagyker.hu\/termek\/bioco-bioaktiv-folat-5-mthf-tabletta-30db\/\" enctype=\"multipart\/form-data\" method=\"post\">\n<div class=\"ux-quantity quantity buttons_added\">\n<h2>BioCo Biotin 900\u03bcg tabletta<\/h2>\n<p>A BioCo Biotin k\u00e9sz\u00edtm\u00e9ny magas d\u00f3zisban, 900 \u03bcg mennyis\u00e9gben biztos\u00edt biotin p\u00f3tl\u00e1st, mind\u00f6ssze napi 1 tabletta fogyaszt\u00e1s\u00e1val. Fokozott hajhull\u00e1s, t\u00f6redez\u0151 k\u00f6rm\u00f6k vagy b\u0151rprobl\u00e9m\u00e1k eset\u00e9n k\u00fcl\u00f6n\u00f6sen aj\u00e1nlott a p\u00f3tl\u00e1sa.<\/p>\n<p>A biotin \u2013 m\u00e1sik n\u00e9ven B7-vitamin \u2013 eg\u00e9szs\u00e9gre gyakorolt kedvez\u0151 hat\u00e1sa t\u00f6bb ter\u00fcleten bizony\u00edtott.<\/p>\n<h3>A biotin:<\/h3>\n<ul>\n<li>hozz\u00e1j\u00e1rul a haj \u00e9s a b\u0151r norm\u00e1l \u00e1llapot\u00e1nak fenntart\u00e1s\u00e1hoz,<\/li>\n<li>az idegrendszer norm\u00e1l m\u0171k\u00f6d\u00e9s\u00e9hez,<\/li>\n<li>r\u00e9szt vesz a makrot\u00e1panyagok norm\u00e1l anyagcser\u00e9j\u00e9ben,<\/li>\n<li>a norm\u00e1l energiatermel\u0151 anyagcsere-folyamatokban,<\/li>\n<li>hozz\u00e1j\u00e1rul a ny\u00e1lkah\u00e1rty\u00e1k \u00e9s a pszichol\u00f3giai funkci\u00f3 norm\u00e1l \u00e1llapot\u00e1nak fenntart\u00e1s\u00e1hoz.<\/li>\n<\/ul>\n<h3>Hat\u00f3anyag 1 tablett\u00e1ban:<\/h3>\n<ul>\n<li>Biotin 900 \u03bcg<\/li>\n<\/ul>\n<h3>\u00d6sszetev\u0151k:<\/h3>\n<p>t\u00f6megn\u00f6vel\u0151 szer(mikrokrist\u00e1lyos cellul\u00f3z); csom\u00f3sod\u00e1st g\u00e1tl\u00f3 anyagok (szil\u00edcium-dioxid, zs\u00edrsavak magn\u00e9ziums\u00f3i); D-biotin.<\/p>\n<h3>Aj\u00e1nlott adagol\u00e1s:<\/h3>\n<p>Feln\u0151tteknek naponta 1 tablett\u00e1t b\u0151 folyad\u00e9kkal lenyelni.<\/p>\n<\/div>\n<\/form>\n","protected":false},"excerpt":{"rendered":"<div class=\"product-short-description\">\n<p>A BioCo Biotin k\u00e9sz\u00edtm\u00e9ny magas d\u00f3zisban, 900 \u03bcg mennyis\u00e9gben biztos\u00edt biotin p\u00f3tl\u00e1st, mind\u00f6ssze napi 1 tabletta fogyaszt\u00e1s\u00e1val. Fokozott hajhull\u00e1s, t\u00f6redez\u0151 k\u00f6rm\u00f6k vagy b\u0151rprobl\u00e9m\u00e1k eset\u00e9n k\u00fcl\u00f6n\u00f6sen aj\u00e1nlott a p\u00f3tl\u00e1sa.<\/p>\n<\/div>\n","protected":false},"featured_media":5579,"comment_status":"closed","ping_status":"open","template":"","meta":[],"product_cat":[61],"product_tag":[],"class_list":{"0":"post-5578","1":"product","2":"type-product","3":"status-publish","4":"has-post-thumbnail","6":"product_brand-bioco","7":"product_cat-etrend-kiegeszitok","9":"first","10":"instock","11":"purchasable","12":"product-type-simple"},"_links":{"self":[{"href":"https:\/\/vitamin.coredesign.hu\/index.php?rest_route=\/wp\/v2\/product\/5578","targetHints":{"allow":["GET"]}}],"collection":[{"href":"https:\/\/vitamin.coredesign.hu\/index.php?rest_route=\/wp\/v2\/product"}],"about":[{"href":"https:\/\/vitamin.coredesign.hu\/index.php?rest_route=\/wp\/v2\/types\/product"}],"replies":[{"embeddable":true,"href":"https:\/\/vitamin.coredesign.hu\/index.php?rest_route=%2Fwp%2Fv2%2Fcomments&post=5578"}],"wp:featuredmedia":[{"embeddable":true,"href":"https:\/\/vitamin.coredesign.hu\/index.php?rest_route=\/wp\/v2\/media\/5579"}],"wp:attachment":[{"href":"https:\/\/vitamin.coredesign.hu\/index.php?rest_route=%2Fwp%2Fv2%2Fmedia&parent=5578"}],"wp:term":[{"taxonomy":"product_cat","embeddable":true,"href":"https:\/\/vitamin.coredesign.hu\/index.php?rest_route=%2Fwp%2Fv2%2Fproduct_cat&post=5578"},{"taxonomy":"product_tag","embeddable":true,"href":"https:\/\/vitamin.coredesign.hu\/index.php?rest_route=%2Fwp%2Fv2%2Fproduct_tag&post=5578"}],"curies":[{"name":"wp","href":"https:\/\/api.w.org\/{rel}","templated":true}]}}