{"id":5577,"date":"2025-10-12T12:29:42","date_gmt":"2025-10-12T10:29:42","guid":{"rendered":"https:\/\/vitamin.coredesign.hu\/?product=bioco-100-natur-szerves-kalcium-citrat-por-200g"},"modified":"2026-01-08T23:26:53","modified_gmt":"2026-01-08T22:26:53","slug":"bioco-100-natur-szerves-kalcium-citrat-por-200g","status":"publish","type":"product","link":"https:\/\/vitamin.coredesign.hu\/?product=bioco-100-natur-szerves-kalcium-citrat-por-200g","title":{"rendered":"BioCo 100% NATUR Szerves Kalcium Citr\u00e1t por \u2013 200g"},"content":{"rendered":"<p>&nbsp;<\/p>\n<div id=\"lt-accessibility-devtools\" aria-hidden=\"true\"><\/div>\n<div class=\"product-short-description\">\n<div class=\"product-short-description\">\n<div class=\"product-short-description\">\n<div class=\"product-short-description\">\n<div class=\"product-short-description\">\n<div class=\"product-short-description\">\n<div class=\"product-short-description\">\n<div class=\"product-short-description\">\n<div class=\"product-short-description\">\n<div class=\"product-short-description\">\n<div class=\"product-short-description\">\n<div class=\"product-short-description\">\n<div class=\"product-short-description\">\n<p>A BioCo 100% Natur Szerves Kalcium citr\u00e1t por kiv\u00e1l\u00f3 biohasznosul\u00e1s\u00fa kalcium-citr\u00e1tot tartalmaz\u00f3 k\u00e9sz\u00edtm\u00e9ny a kalciumszeg\u00e9ny \u00e9trend kieg\u00e9sz\u00edt\u00e9s\u00e9re, tov\u00e1bb\u00e1 sportol\u00f3knak, kismam\u00e1knak \u00e9s v\u00e1ltoz\u00f3korban lev\u0151 h\u00f6lgyeknek a csontritkul\u00e1s megel\u0151z\u00e9s\u00e9re.<\/p>\n<\/div>\n<\/div>\n<\/div>\n<\/div>\n<\/div>\n<\/div>\n<\/div>\n<\/div>\n<\/div>\n<\/div>\n<\/div>\n<\/div>\n<\/div>\n<form class=\"cart\" action=\"https:\/\/vitaminnagyker.hu\/termek\/bioco-bioaktiv-folat-5-mthf-tabletta-30db\/\" enctype=\"multipart\/form-data\" method=\"post\">\n<div class=\"ux-quantity quantity buttons_added\">\n<h2>BioCo 100% NATUR Szerves Kalcium Citr\u00e1t por<\/h2>\n<p>A BioCo 100% Natur Szerves Kalcium citr\u00e1t por kiv\u00e1l\u00f3 biohasznosul\u00e1s\u00fa kalcium-citr\u00e1tot tartalmaz\u00f3 k\u00e9sz\u00edtm\u00e9ny a kalciumszeg\u00e9ny \u00e9trend kieg\u00e9sz\u00edt\u00e9s\u00e9re, tov\u00e1bb\u00e1 sportol\u00f3knak, kismam\u00e1knak \u00e9s v\u00e1ltoz\u00f3korban lev\u0151 h\u00f6lgyeknek a csontritkul\u00e1s megel\u0151z\u00e9s\u00e9re.<\/p>\n<p>A term\u00e9kcsal\u00e1d k\u00e9sz\u00edtm\u00e9nyei 100% tiszta form\u00e1ban tartalmazz\u00e1k az \u00e9rt\u00e9kes hat\u00f3anyagokat, meg\u0151r\u00edzve term\u00e9szetes \u00edz\u00fcket, illatukat \u00e9s sz\u00edn\u00fcket.<\/p>\n<p>A term\u00e9kek mentesek mindennem\u0171 adal\u00e9k- \u00e9s seg\u00e9danyagt\u00f3l.<\/p>\n<p>A kalcium eg\u00e9szs\u00e9gre gyakorolt kedvez\u0151 hat\u00e1sa bizony\u00edtott, fogyaszt\u00e1sa az al\u00e1bbi esetekben javasolt:<\/p>\n<ul>\n<li>a norm\u00e1l csontozat \u00e9s fogazat fenntart\u00e1s\u00e1hoz,<\/li>\n<li>r\u00e9szt vesz a norm\u00e1l v\u00e9ralvad\u00e1si folyamatokban,<\/li>\n<li>hozz\u00e1j\u00e1rul a norm\u00e1l izomm\u0171k\u00f6d\u00e9shez.<\/li>\n<\/ul>\n<h3>Hat\u00f3anyag 1 adagban:<\/h3>\n<ul>\n<li>Kalcium-citr\u00e1t 2700 mg<br \/>\n\u2013 melyb\u0151l kalcium 567 mg<\/li>\n<\/ul>\n<h3>\u00d6sszetev\u0151k:<\/h3>\n<p>100% kalcium-citr\u00e1t.<\/p>\n<p>Veg\u00e1n term\u00e9k, lakt\u00f3zmentes, glut\u00e9nmentes, adal\u00e9kmentes.<\/p>\n<h3>Aj\u00e1nlott adagol\u00e1s:<\/h3>\n<p>feln\u0151ttek sz\u00e1m\u00e1ra napi 1-2 adag kalcium-citr\u00e1t por fogyaszt\u00e1sa javasolt, v\u00edzben, narancsl\u00e9ben elkeverve. Folyamatos keverget\u00e9s mellett azonnali fogyaszt\u00e1sa javasolt.<\/p>\n<p>1 adag = 2700 mg, amely kb. 1 csapott te\u00e1skan\u00e1lnak felel meg.<\/p>\n<\/div>\n<\/form>\n","protected":false},"excerpt":{"rendered":"<div class=\"product-short-description\">\n<p>A BioCo 100% Natur Szerves Kalcium citr\u00e1t por kiv\u00e1l\u00f3 biohasznosul\u00e1s\u00fa kalcium-citr\u00e1tot tartalmaz\u00f3 k\u00e9sz\u00edtm\u00e9ny a kalciumszeg\u00e9ny \u00e9trend kieg\u00e9sz\u00edt\u00e9s\u00e9re, tov\u00e1bb\u00e1 sportol\u00f3knak, kismam\u00e1knak \u00e9s v\u00e1ltoz\u00f3korban lev\u0151 h\u00f6lgyeknek a csontritkul\u00e1s megel\u0151z\u00e9s\u00e9re.<\/p>\n<\/div>\n","protected":false},"featured_media":0,"comment_status":"closed","ping_status":"open","template":"","meta":[],"product_cat":[73],"product_tag":[],"class_list":{"0":"post-5577","1":"product","2":"type-product","3":"status-publish","5":"product_brand-bioco","6":"product_cat-arvanyi-anyagok","8":"first","9":"instock","10":"purchasable","11":"product-type-simple"},"_links":{"self":[{"href":"https:\/\/vitamin.coredesign.hu\/index.php?rest_route=\/wp\/v2\/product\/5577","targetHints":{"allow":["GET"]}}],"collection":[{"href":"https:\/\/vitamin.coredesign.hu\/index.php?rest_route=\/wp\/v2\/product"}],"about":[{"href":"https:\/\/vitamin.coredesign.hu\/index.php?rest_route=\/wp\/v2\/types\/product"}],"replies":[{"embeddable":true,"href":"https:\/\/vitamin.coredesign.hu\/index.php?rest_route=%2Fwp%2Fv2%2Fcomments&post=5577"}],"wp:attachment":[{"href":"https:\/\/vitamin.coredesign.hu\/index.php?rest_route=%2Fwp%2Fv2%2Fmedia&parent=5577"}],"wp:term":[{"taxonomy":"product_cat","embeddable":true,"href":"https:\/\/vitamin.coredesign.hu\/index.php?rest_route=%2Fwp%2Fv2%2Fproduct_cat&post=5577"},{"taxonomy":"product_tag","embeddable":true,"href":"https:\/\/vitamin.coredesign.hu\/index.php?rest_route=%2Fwp%2Fv2%2Fproduct_tag&post=5577"}],"curies":[{"name":"wp","href":"https:\/\/api.w.org\/{rel}","templated":true}]}}