{"id":5575,"date":"2025-10-12T12:29:42","date_gmt":"2025-10-12T10:29:42","guid":{"rendered":"https:\/\/vitamin.coredesign.hu\/?product=bioco-oliva-d3-vitamin-forte-4000ne-lagyzselatin-kapszula-60db"},"modified":"2026-01-08T23:26:52","modified_gmt":"2026-01-08T22:26:52","slug":"bioco-oliva-d3-vitamin-forte-4000ne-lagyzselatin-kapszula-60db","status":"publish","type":"product","link":"https:\/\/vitamin.coredesign.hu\/?product=bioco-oliva-d3-vitamin-forte-4000ne-lagyzselatin-kapszula-60db","title":{"rendered":"BioCo Oliva D3-vitamin Forte 4000NE l\u00e1gyzselatin kapszula \u2013 60db"},"content":{"rendered":"<p>&nbsp;<\/p>\n<div id=\"lt-accessibility-devtools\" aria-hidden=\"true\"><\/div>\n<div class=\"product-short-description\">\n<div class=\"product-short-description\">\n<div class=\"product-short-description\">\n<div class=\"product-short-description\">\n<div class=\"product-short-description\">\n<div class=\"product-short-description\">\n<div class=\"product-short-description\">\n<div class=\"product-short-description\">\n<div class=\"product-short-description\">\n<div class=\"product-short-description\">\n<div class=\"product-short-description\">\n<div class=\"product-short-description\">\n<div class=\"product-short-description\">\n<p>Extra sz\u0171z ol\u00edvaolajban oldott, nagy d\u00f3zis\u00fa, kapszul\u00e1nk\u00e9nt 4000 NE D3-vitamint tartalmaz\u00f3 k\u00e9sz\u00edtm\u00e9ny. Az immunrendszer m\u0171k\u00f6d\u00e9s\u00e9nek t\u00e1mogat\u00e1s\u00e1ra, a csontok er\u0151ss\u00e9g\u00e9nek megtart\u00e1s\u00e1ra aj\u00e1nlott.<\/p>\n<\/div>\n<\/div>\n<\/div>\n<\/div>\n<\/div>\n<\/div>\n<\/div>\n<\/div>\n<\/div>\n<\/div>\n<\/div>\n<\/div>\n<\/div>\n<form class=\"cart\" action=\"https:\/\/vitaminnagyker.hu\/termek\/bioco-bioaktiv-folat-5-mthf-tabletta-30db\/\" enctype=\"multipart\/form-data\" method=\"post\">\n<div class=\"ux-quantity quantity buttons_added\">\n<h2>BioCo Oliva D3-vitamin Forte 4000NE l\u00e1gyzselatin kapszula<\/h2>\n<p>Extra sz\u0171z ol\u00edvaolajban oldott, nagy d\u00f3zis\u00fa, kapszul\u00e1nk\u00e9nt 4000 NE D3-vitamint tartalmaz\u00f3 k\u00e9sz\u00edtm\u00e9ny. Az immunrendszer m\u0171k\u00f6d\u00e9s\u00e9nek t\u00e1mogat\u00e1s\u00e1ra, a csontok er\u0151ss\u00e9g\u00e9nek megtart\u00e1s\u00e1ra aj\u00e1nlott.<\/p>\n<p><strong>A D-vitamin hozz\u00e1j\u00e1rul:<\/strong><\/p>\n<p>\u2013 az eg\u00e9szs\u00e9ges csontozat \u00e9s izomfunkci\u00f3 fenntart\u00e1s\u00e1hoz,<br \/>\n\u2013 az immunrendszer norm\u00e1l m\u0171k\u00f6d\u00e9s\u00e9hez,<br \/>\n\u2013 a norm\u00e1l fogazat, \u00e9s a v\u00e9r norm\u00e1l kalciumszintj\u00e9nek fenntart\u00e1s\u00e1hoz,<br \/>\n\u2013 a kalcium \u00e9s foszfor norm\u00e1l hasznosul\u00e1s\u00e1hoz.<\/p>\n<p>A D-vitamin szerepet j\u00e1tszik a sejtoszt\u00f3d\u00e1sban.<\/p>\n<p><strong>Jellemz\u0151k:<\/strong><\/p>\n<ul>\n<li>Sz\u00f3jamentes<\/li>\n<li>Lakt\u00f3zmentes<\/li>\n<li>Glut\u00e9nmentes<\/li>\n<li>Sz\u00ednez\u00e9kmentes<\/li>\n<li>Extra sz\u0171z ol\u00edvaolajban oldott<\/li>\n<\/ul>\n<h3>Hat\u00f3anyagok 1 kapszul\u00e1ban:<\/h3>\n<ul>\n<li>D3-vitamin 100 \u00b5g (4000 NE)<\/li>\n<\/ul>\n<h3>\u00d6sszetev\u0151k:<\/h3>\n<p>Extra sz\u0171z ol\u00edvaolaj, Zselatin kapszulah\u00e9j, Nedves\u00edt\u0151szer (glicerin), Kolekalciferol.<\/p>\n<p>Glut\u00e9nmentes, tejcukor-\u00e9rz\u00e9kenyek is fogyaszthatj\u00e1k.<\/p>\n<h3>Adagol\u00e1s:<\/h3>\n<p>Feln\u0151tteknek naponta 1 kapszul\u00e1t b\u0151 folyad\u00e9kkal lenyelni.<\/p>\n<\/div>\n<\/form>\n","protected":false},"excerpt":{"rendered":"<div class=\"product-short-description\">\n<p>Extra sz\u0171z ol\u00edvaolajban oldott, nagy d\u00f3zis\u00fa, kapszul\u00e1nk\u00e9nt 4000 NE D3-vitamint tartalmaz\u00f3 k\u00e9sz\u00edtm\u00e9ny. Az immunrendszer m\u0171k\u00f6d\u00e9s\u00e9nek t\u00e1mogat\u00e1s\u00e1ra, a csontok er\u0151ss\u00e9g\u00e9nek megtart\u00e1s\u00e1ra aj\u00e1nlott.<\/p>\n<\/div>\n","protected":false},"featured_media":5576,"comment_status":"closed","ping_status":"open","template":"","meta":[],"product_cat":[60],"product_tag":[],"class_list":{"0":"post-5575","1":"product","2":"type-product","3":"status-publish","4":"has-post-thumbnail","6":"product_brand-bioco","7":"product_cat-vitaminok","9":"first","10":"instock","11":"purchasable","12":"product-type-simple"},"_links":{"self":[{"href":"https:\/\/vitamin.coredesign.hu\/index.php?rest_route=\/wp\/v2\/product\/5575","targetHints":{"allow":["GET"]}}],"collection":[{"href":"https:\/\/vitamin.coredesign.hu\/index.php?rest_route=\/wp\/v2\/product"}],"about":[{"href":"https:\/\/vitamin.coredesign.hu\/index.php?rest_route=\/wp\/v2\/types\/product"}],"replies":[{"embeddable":true,"href":"https:\/\/vitamin.coredesign.hu\/index.php?rest_route=%2Fwp%2Fv2%2Fcomments&post=5575"}],"wp:featuredmedia":[{"embeddable":true,"href":"https:\/\/vitamin.coredesign.hu\/index.php?rest_route=\/wp\/v2\/media\/5576"}],"wp:attachment":[{"href":"https:\/\/vitamin.coredesign.hu\/index.php?rest_route=%2Fwp%2Fv2%2Fmedia&parent=5575"}],"wp:term":[{"taxonomy":"product_cat","embeddable":true,"href":"https:\/\/vitamin.coredesign.hu\/index.php?rest_route=%2Fwp%2Fv2%2Fproduct_cat&post=5575"},{"taxonomy":"product_tag","embeddable":true,"href":"https:\/\/vitamin.coredesign.hu\/index.php?rest_route=%2Fwp%2Fv2%2Fproduct_tag&post=5575"}],"curies":[{"name":"wp","href":"https:\/\/api.w.org\/{rel}","templated":true}]}}