{"id":5573,"date":"2025-10-12T12:29:42","date_gmt":"2025-10-12T10:29:42","guid":{"rendered":"https:\/\/vitamin.coredesign.hu\/?product=bioco-tengeri-kalcium-tabletta-90db"},"modified":"2026-01-08T23:26:51","modified_gmt":"2026-01-08T22:26:51","slug":"bioco-tengeri-kalcium-tabletta-90db","status":"publish","type":"product","link":"https:\/\/vitamin.coredesign.hu\/?product=bioco-tengeri-kalcium-tabletta-90db","title":{"rendered":"BioCo Tengeri Kalcium tabletta \u2013 90db"},"content":{"rendered":"<p>&nbsp;<\/p>\n<div id=\"lt-accessibility-devtools\" aria-hidden=\"true\"><\/div>\n<div class=\"product-short-description\">\n<div class=\"product-short-description\">\n<div class=\"product-short-description\">\n<div class=\"product-short-description\">\n<div class=\"product-short-description\">\n<div class=\"product-short-description\">\n<div class=\"product-short-description\">\n<div class=\"product-short-description\">\n<div class=\"product-short-description\">\n<div class=\"product-short-description\">\n<div class=\"product-short-description\">\n<div class=\"product-short-description\">\n<div class=\"product-short-description\">\n<p>Term\u00e9szetes forr\u00e1s\u00fa, tengerialga-eredet\u0171 kalciumot tartalmaz\u00f3 k\u00e9sz\u00edtm\u00e9ny. K\u00fcl\u00f6n\u00f6sen aj\u00e1nlott gyakori izomg\u00f6rcs\u00f6k, v\u00e9rnyom\u00e1sprobl\u00e9m\u00e1k, gyorsan roml\u00f3 fogak, illetve t\u00f6r\u00e9keny csontok eset\u00e9n. Glut\u00e9nmentes, lakt\u00f3zmentes, veg\u00e1n term\u00e9k!<\/p>\n<\/div>\n<\/div>\n<\/div>\n<\/div>\n<\/div>\n<\/div>\n<\/div>\n<\/div>\n<\/div>\n<\/div>\n<\/div>\n<\/div>\n<\/div>\n<form class=\"cart\" action=\"https:\/\/vitaminnagyker.hu\/termek\/bioco-bioaktiv-folat-5-mthf-tabletta-30db\/\" enctype=\"multipart\/form-data\" method=\"post\">\n<div class=\"ux-quantity quantity buttons_added\">\n<h2>BioCo Tengeri Kalcium tabletta<\/h2>\n<p>A kalcium a legnagyobb mennyis\u00e9gben el\u0151fordul\u00f3 \u00e1sv\u00e1nyi anyag az emberi szervezetben, a legt\u00f6bb a csontokban rakt\u00e1roz\u00f3dik. A kalcium biztos\u00edtja a csontok \u00e9s a fogak er\u0151ss\u00e9g\u00e9t, szil\u00e1rds\u00e1g\u00e1t, ez\u00e9rt kiemelt fontoss\u00e1g\u00fa a megfelel\u0151 mennyis\u00e9g\u0171 p\u00f3tl\u00e1sa.<\/p>\n<p>Ha kev\u00e9s a kalciumbevitel, gyerekekn\u00e9l csontfejl\u0151d\u00e9si zavarokat okozhat, feln\u0151ttekn\u00e9l a csontok t\u00f6r\u00e9kenny\u00e9 v\u00e1l\u00e1s\u00e1t, a fogzom\u00e1nc s\u00e9r\u00fcl\u00e9kenys\u00e9g\u00e9t. Kalcium hi\u00e1ny\u00e1ra utalhatnak t\u00f6bbek k\u00f6z\u00f6tt a gyorsan szuvasod\u00f3 fogak, a t\u00f6redez\u0151, feh\u00e9rfoltos k\u00f6rm\u00f6k, az ingadoz\u00f3 v\u00e9rnyom\u00e1st, a gyakori izomg\u00f6rcs\u00f6k \u00e9s v\u00e9gtagzsibbad\u00e1sok.<\/p>\n<p>A BioCo k\u00e9sz\u00edtm\u00e9nye n\u00f6v\u00e9nyi eredet\u0171, az \u00c9szak-Atlanti-\u00f3ce\u00e1n viz\u00e9b\u0151l sz\u00e1rmaz\u00f3 alg\u00e1b\u00f3l kinyert kalciumot tartalmaz. Az alga etikus \u00e9s fenntarthat\u00f3 hal\u00e1szatb\u00f3l sz\u00e1rmazik. A tablett\u00e1t veg\u00e1nok is szedhetik.<\/p>\n<h3>Mikor aj\u00e1nlott a Tengeri kalcium tabletta?<\/h3>\n<ul>\n<li>a napi sz\u00fcks\u00e9ges kalciump\u00f3tl\u00e1sra<\/li>\n<li>a csontok \u00e9s a fogak er\u0151ss\u00e9g\u00e9nek t\u00e1mogat\u00e1s\u00e1ra<\/li>\n<li>a csontritkul\u00e1s megel\u0151z\u00e9s\u00e9re<\/li>\n<li>gyakori izomg\u00f6rcs\u00f6kre, v\u00e9gtagzsibbad\u00e1sokra<\/li>\n<li>magas vagy ingadoz\u00f3 v\u00e9rnyom\u00e1sra<\/li>\n<li>sz\u00edv- \u00e9s \u00e9rrendszeri probl\u00e9m\u00e1kra, megel\u0151z\u00e9sre<\/li>\n<li>gyorsan szuvasod\u00f3 fogakra<\/li>\n<li>feh\u00e9r foltos, t\u00f6redez\u0151 k\u00f6rm\u00f6kre<\/li>\n<li>elv\u00e9konyod\u00f3 haj eset\u00e9n<\/li>\n<\/ul>\n<h3>Hat\u00f3anyagok 2 tablett\u00e1ban:<\/h3>\n<ul>\n<li>Kalcium (tengeri alga forr\u00e1sb\u00f3l) 250 mg\u00a0(31,3 NRV%*)<\/li>\n<\/ul>\n<p>*NRV%: Vitaminok \u00e9s \u00e1sv\u00e1nyi anyagok napi beviteli referencia\u00e9rt\u00e9ke %-ban (feln\u0151ttek eset\u00e9ben)<\/p>\n<h3>\u00d6sszetev\u0151k:<\/h3>\n<p>Tengeri alga; t\u00f6megn\u00f6vel\u0151 szer (mikrokrist\u00e1lyos cellul\u00f3z); csom\u00f3sod\u00e1st g\u00e1tl\u00f3k (talkum, szil\u00edcium-dioxid, zs\u00edrsavak magn\u00e9ziums\u00f3i).<\/p>\n<h3>Felhaszn\u00e1l\u00e1si javaslat:<\/h3>\n<p>A BioCo Tengeri kalcium k\u00e9sz\u00edtm\u00e9ny napi aj\u00e1nlott adagja 1-3 tabletta, b\u0151 folyad\u00e9kkal kell lenyelni.<\/p>\n<\/div>\n<\/form>\n","protected":false},"excerpt":{"rendered":"<p>Term\u00e9szetes forr\u00e1s\u00fa, tengerialga-eredet\u0171 kalciumot tartalmaz\u00f3 k\u00e9sz\u00edtm\u00e9ny. K\u00fcl\u00f6n\u00f6sen aj\u00e1nlott gyakori izomg\u00f6rcs\u00f6k, v\u00e9rnyom\u00e1sprobl\u00e9m\u00e1k, gyorsan roml\u00f3 fogak, illetve t\u00f6r\u00e9keny csontok eset\u00e9n. Glut\u00e9nmentes, lakt\u00f3zmentes, veg\u00e1n term\u00e9k!<\/p>\n","protected":false},"featured_media":5574,"comment_status":"closed","ping_status":"open","template":"","meta":[],"product_cat":[73],"product_tag":[],"class_list":{"0":"post-5573","1":"product","2":"type-product","3":"status-publish","4":"has-post-thumbnail","6":"product_brand-bioco","7":"product_cat-arvanyi-anyagok","9":"first","10":"instock","11":"purchasable","12":"product-type-simple"},"_links":{"self":[{"href":"https:\/\/vitamin.coredesign.hu\/index.php?rest_route=\/wp\/v2\/product\/5573","targetHints":{"allow":["GET"]}}],"collection":[{"href":"https:\/\/vitamin.coredesign.hu\/index.php?rest_route=\/wp\/v2\/product"}],"about":[{"href":"https:\/\/vitamin.coredesign.hu\/index.php?rest_route=\/wp\/v2\/types\/product"}],"replies":[{"embeddable":true,"href":"https:\/\/vitamin.coredesign.hu\/index.php?rest_route=%2Fwp%2Fv2%2Fcomments&post=5573"}],"wp:featuredmedia":[{"embeddable":true,"href":"https:\/\/vitamin.coredesign.hu\/index.php?rest_route=\/wp\/v2\/media\/5574"}],"wp:attachment":[{"href":"https:\/\/vitamin.coredesign.hu\/index.php?rest_route=%2Fwp%2Fv2%2Fmedia&parent=5573"}],"wp:term":[{"taxonomy":"product_cat","embeddable":true,"href":"https:\/\/vitamin.coredesign.hu\/index.php?rest_route=%2Fwp%2Fv2%2Fproduct_cat&post=5573"},{"taxonomy":"product_tag","embeddable":true,"href":"https:\/\/vitamin.coredesign.hu\/index.php?rest_route=%2Fwp%2Fv2%2Fproduct_tag&post=5573"}],"curies":[{"name":"wp","href":"https:\/\/api.w.org\/{rel}","templated":true}]}}