{"id":5571,"date":"2025-10-12T12:29:42","date_gmt":"2025-10-12T10:29:42","guid":{"rendered":"https:\/\/vitamin.coredesign.hu\/?product=bioco-b6-vitamin-20mg-filmtabletta-90db"},"modified":"2026-01-08T23:26:50","modified_gmt":"2026-01-08T22:26:50","slug":"bioco-b6-vitamin-20mg-filmtabletta-90db","status":"publish","type":"product","link":"https:\/\/vitamin.coredesign.hu\/?product=bioco-b6-vitamin-20mg-filmtabletta-90db","title":{"rendered":"BioCo B6-vitamin 20mg filmtabletta \u2013 90db"},"content":{"rendered":"<p>&nbsp;<\/p>\n<div id=\"lt-accessibility-devtools\" aria-hidden=\"true\"><\/div>\n<div class=\"product-short-description\">\n<div class=\"product-short-description\">\n<div class=\"product-short-description\">\n<div class=\"product-short-description\">\n<div class=\"product-short-description\">\n<div class=\"product-short-description\">\n<div class=\"product-short-description\">\n<div class=\"product-short-description\">\n<div class=\"product-short-description\">\n<div class=\"product-short-description\">\n<div class=\"product-short-description\">\n<div class=\"product-short-description\">\n<div class=\"product-short-description\">\n<p>Magas d\u00f3zis\u00fa, tablett\u00e1nk\u00e9nt 20 mg mennyis\u00e9g\u0171 B6-vitamint tartalmaz\u00f3 k\u00e9sz\u00edtm\u00e9ny, nagy kiszerel\u00e9s\u0171 MEGAPACK csomagban. Stresszes \u00e9letvitel, f\u00e1rad\u00e9konys\u00e1g, gyakori izomg\u00f6rcs\u00f6k vagy magas v\u00e9rnyom\u00e1s eset\u00e9n k\u00fcl\u00f6n\u00f6sen hasznos lehet a fogyaszt\u00e1sa.<\/p>\n<\/div>\n<\/div>\n<\/div>\n<\/div>\n<\/div>\n<\/div>\n<\/div>\n<\/div>\n<\/div>\n<\/div>\n<\/div>\n<\/div>\n<\/div>\n<form class=\"cart\" action=\"https:\/\/vitaminnagyker.hu\/termek\/bioco-bioaktiv-folat-5-mthf-tabletta-30db\/\" enctype=\"multipart\/form-data\" method=\"post\">\n<div class=\"ux-quantity quantity buttons_added\">\n<h2>BioCo B6-vitamin 20mg filmtabletta<\/h2>\n<p>A B-vitaminok kiemelt szerepet j\u00e1tszanak az idegrendszer megfelel\u0151 m\u0171k\u00f6d\u00e9s\u00e9ben. A B6-vitaminnak fontos szerepe van a feh\u00e9rjek\u00e9pz\u00e9sben, az izomsz\u00f6vetek \u00e9s a h\u00e1msz\u00f6vetek fel\u00e9p\u00edt\u00e9s\u00e9ben, az em\u00e9szt\u0151rendszer eg\u00e9szs\u00e9ges m\u0171k\u00f6d\u00e9s\u00e9ben. P\u00f3tl\u00e1sa cs\u00f6kkenti a stresszt, a f\u00e1rad\u00e9konys\u00e1got, optimaliz\u00e1lja a v\u00e9rnyom\u00e1st, kezeli az \u00e9jszakai izomg\u00f6rcs\u00f6ket, alv\u00e1sprobl\u00e9m\u00e1kat. Term\u00e9szetes g\u00f6rcsold\u00f3 \u00e9s h\u00e1nyingercsillap\u00edt\u00f3 hat\u00e1sa is van.<\/p>\n<p>A B6-vitamin v\u00edzben old\u00f3dik, ez\u00e9rt hamar ki\u00fcr\u00fcl a szervezetb\u0151l, nem rakt\u00e1roz\u00f3dik sok\u00e1ig. Fontos a folyamatos p\u00f3tl\u00e1sa, k\u00fcl\u00f6n\u00f6sen sok h\u00fasfogyaszt\u00e1s, antibiotikumk\u00fara, sz\u00edv- \u00e9s \u00e9rrendszeri betegs\u00e9gekre szedett gy\u00f3gyszerek, valamint fogamz\u00e1sg\u00e1tl\u00f3 tablett\u00e1k szed\u00e9se eset\u00e9n.<\/p>\n<p>A BioCo k\u00e9sz\u00edtm\u00e9nye magas d\u00f3zis\u00fa, a napi beviteli referencia\u00e9rt\u00e9k 1428,6%-\u00e1nak megfelel\u0151 B6-vitamint tartalmaz. A tablett\u00e1k sz\u00ednez\u00e9kmentes, nyel\u00e9sk\u00f6nny\u00edt\u0151 bevonattal vannak ell\u00e1tva. Glut\u00e9nmentes, lakt\u00f3zmentes, veg\u00e1n term\u00e9k.<\/p>\n<h3>Mikor aj\u00e1nlott a BioCo B6-vitamin 20 mg MEGAPACK?<\/h3>\n<ul>\n<li>stresszes \u00e9letvitel eset\u00e9n<\/li>\n<li>gyakori izomg\u00f6rcs\u00f6kn\u00e9l, v\u00e9gtagzsibbad\u00e1sokn\u00e1l<\/li>\n<li>magas v\u00e9rnyom\u00e1sn\u00e1l<\/li>\n<li>sz\u00edv- \u00e9s \u00e9rrendszeri probl\u00e9m\u00e1kn\u00e1l<\/li>\n<li>szorong\u00e1sn\u00e1l, ingerl\u00e9kenys\u00e9gn\u00e9l<\/li>\n<li>alv\u00e1szavarokn\u00e1l<\/li>\n<li>gyakori \u00e9melyg\u00e9sn\u00e9l<\/li>\n<li>utaz\u00e1skor jelentkez\u0151 h\u00e1nyingern\u00e9l<\/li>\n<li>depresszi\u00f3 kialakul\u00e1s\u00e1n\u00e1l<\/li>\n<li>fokozott hajhull\u00e1sn\u00e1l, b\u0151rgyullad\u00e1sokn\u00e1l<\/li>\n<\/ul>\n<h3>Hat\u00f3anyagok 1 tablett\u00e1ban:<\/h3>\n<ul>\n<li>B6-vitamin 20 mg (1428,6 NRV%*)<\/li>\n<\/ul>\n<p>*NRV%: Vitaminok \u00e9s \u00e1sv\u00e1nyi anyagok napi beviteli referencia\u00e9rt\u00e9ke %-ban (feln\u0151ttek eset\u00e9ben)<\/p>\n<h3>\u00d6sszetev\u0151k:<\/h3>\n<p>T\u00f6megn\u00f6vel\u0151 szer (mikrokrist\u00e1lyos cellul\u00f3z); piridoxin-hidroklorid; csom\u00f3sod\u00e1st g\u00e1tl\u00f3 anyagok (szil\u00edcium- dioxid, zs\u00edrsavak magn\u00e9ziums\u00f3i); f\u00e9nyez\u0151anyagok (polivinil- alkohol, polietil\u00e9nglikol).<\/p>\n<h3>Felhaszn\u00e1l\u00e1si javaslat:<\/h3>\n<p>A BioCo B6-vitamin 20 mg MEGAPACK k\u00e9sz\u00edtm\u00e9ny napi aj\u00e1nlott adagja 1 tabletta, b\u0151 folyad\u00e9kkal kell lenyelni.<\/p>\n<\/div>\n<\/form>\n","protected":false},"excerpt":{"rendered":"<p>Magas d\u00f3zis\u00fa, tablett\u00e1nk\u00e9nt 20 mg mennyis\u00e9g\u0171 B6-vitamint tartalmaz\u00f3 k\u00e9sz\u00edtm\u00e9ny, nagy kiszerel\u00e9s\u0171 MEGAPACK csomagban. Stresszes \u00e9letvitel, f\u00e1rad\u00e9konys\u00e1g, gyakori izomg\u00f6rcs\u00f6k vagy magas v\u00e9rnyom\u00e1s eset\u00e9n k\u00fcl\u00f6n\u00f6sen hasznos lehet a fogyaszt\u00e1sa.<\/p>\n","protected":false},"featured_media":5572,"comment_status":"closed","ping_status":"open","template":"","meta":[],"product_cat":[60],"product_tag":[],"class_list":{"0":"post-5571","1":"product","2":"type-product","3":"status-publish","4":"has-post-thumbnail","6":"product_brand-bioco","7":"product_cat-vitaminok","9":"first","10":"instock","11":"purchasable","12":"product-type-simple"},"_links":{"self":[{"href":"https:\/\/vitamin.coredesign.hu\/index.php?rest_route=\/wp\/v2\/product\/5571","targetHints":{"allow":["GET"]}}],"collection":[{"href":"https:\/\/vitamin.coredesign.hu\/index.php?rest_route=\/wp\/v2\/product"}],"about":[{"href":"https:\/\/vitamin.coredesign.hu\/index.php?rest_route=\/wp\/v2\/types\/product"}],"replies":[{"embeddable":true,"href":"https:\/\/vitamin.coredesign.hu\/index.php?rest_route=%2Fwp%2Fv2%2Fcomments&post=5571"}],"wp:featuredmedia":[{"embeddable":true,"href":"https:\/\/vitamin.coredesign.hu\/index.php?rest_route=\/wp\/v2\/media\/5572"}],"wp:attachment":[{"href":"https:\/\/vitamin.coredesign.hu\/index.php?rest_route=%2Fwp%2Fv2%2Fmedia&parent=5571"}],"wp:term":[{"taxonomy":"product_cat","embeddable":true,"href":"https:\/\/vitamin.coredesign.hu\/index.php?rest_route=%2Fwp%2Fv2%2Fproduct_cat&post=5571"},{"taxonomy":"product_tag","embeddable":true,"href":"https:\/\/vitamin.coredesign.hu\/index.php?rest_route=%2Fwp%2Fv2%2Fproduct_tag&post=5571"}],"curies":[{"name":"wp","href":"https:\/\/api.w.org\/{rel}","templated":true}]}}