{"id":5569,"date":"2025-10-12T12:29:05","date_gmt":"2025-10-12T10:29:05","guid":{"rendered":"https:\/\/vitamin.coredesign.hu\/?product=bioco-ascorbic-acid-c-vitamin-por-180g"},"modified":"2026-01-08T23:26:44","modified_gmt":"2026-01-08T22:26:44","slug":"bioco-ascorbic-acid-c-vitamin-por-180g","status":"publish","type":"product","link":"https:\/\/vitamin.coredesign.hu\/?product=bioco-ascorbic-acid-c-vitamin-por-180g","title":{"rendered":"BioCo Ascorbic acid C-vitamin por \u2013 180g"},"content":{"rendered":"<p>&nbsp;<\/p>\n<div id=\"lt-accessibility-devtools\" aria-hidden=\"true\"><\/div>\n<div class=\"product-short-description\">\n<div class=\"product-short-description\">\n<div class=\"product-short-description\">\n<div class=\"product-short-description\">\n<div class=\"product-short-description\">\n<div class=\"product-short-description\">\n<div class=\"product-short-description\">\n<div class=\"product-short-description\">\n<div class=\"product-short-description\">\n<div class=\"product-short-description\">\n<div class=\"product-short-description\">\n<div class=\"product-short-description\">\n<div class=\"product-short-description\">\n<p>Tiszta aszkorbinsavat (C-vitamint) tartalmaz\u00f3 k\u00e9sz\u00edtm\u00e9ny. Te\u00e1ban, v\u00edzben is feloldhat\u00f3, k\u00e9sz\u00edthet\u0151 bel\u0151le limon\u00e1d\u00e9 is. K\u00fcl\u00f6n\u00f6sen aj\u00e1nlott C-vitamin-p\u00f3tl\u00e1sra azoknak, akik nehezen nyelik le a tablett\u00e1kat, kapszul\u00e1kat.<\/p>\n<\/div>\n<\/div>\n<\/div>\n<\/div>\n<\/div>\n<\/div>\n<\/div>\n<\/div>\n<\/div>\n<\/div>\n<\/div>\n<\/div>\n<\/div>\n<form class=\"cart\" action=\"https:\/\/vitaminnagyker.hu\/termek\/bioco-bioaktiv-folat-5-mthf-tabletta-30db\/\" enctype=\"multipart\/form-data\" method=\"post\">\n<div class=\"ux-quantity quantity buttons_added\">\n<h2>BioCo Ascorbic acid C-vitamin por<\/h2>\n<p>A C-vitamin folyamatos p\u00f3tl\u00e1sra oda kell figyelni, mert az emberi szervezet nem k\u00e9pes el\u0151\u00e1ll\u00edtani. N\u00e9lk\u00fcl\u00f6zhetetlen t\u00f6bbek k\u00f6z\u00f6tt az immunrendszer \u00e9s az idegrendszer megfelel\u0151 m\u0171k\u00f6d\u00e9s\u00e9hez, a stressz, a kif\u00e1rad\u00e1s cs\u00f6kkent\u00e9s\u00e9hez, az erek v\u00e9delm\u00e9hez, valamint a vas felsz\u00edv\u00f3d\u00e1s\u00e1hoz. Antioxid\u00e1nsk\u00e9nt v\u00e9di a sejteket a k\u00e1rosod\u00e1st\u00f3l, n\u00f6veli a fert\u0151z\u00e9sekkel, betegs\u00e9gekkel szembeni ellen\u00e1ll\u00f3 k\u00e9pess\u00e9get.<\/p>\n<p>Az aszkorbinsavpor elkeverhet\u0151 langyos te\u00e1ban, de k\u00e9sz\u00edthet\u0151 bel\u0151le finom limon\u00e1d\u00e9 is. Arra \u00fcgyelni sz\u00fcks\u00e9ges, hogy a C-vitamin \u00e9rz\u00e9keny a h\u0151re, ez\u00e9rt forr\u00f3 v\u00edzhez nem szabad hozz\u00e1keverni. Kifejezetten aj\u00e1nlott azok sz\u00e1m\u00e1ra, akik nyel\u00e9si neh\u00e9zs\u00e9ggel k\u00fcszk\u00f6dnek, p\u00e9ld\u00e1ul id\u0151sebb korban l\u00e9v\u0151knek.<\/p>\n<p>A BioCo k\u00e9sz\u00edtm\u00e9nye tiszta aszkorbinsavat tartalmaz, mentes mindenf\u00e9le hozz\u00e1adott adal\u00e9kanyagt\u00f3l, sz\u00ednez\u00e9kt\u0151l, tart\u00f3s\u00edt\u00f3szert\u0151l. Adagonk\u00e9nt 600 mg C-vitamin-tartalommal.<\/p>\n<h3>Mikor aj\u00e1nlott a BioCo Ascorbic acid C-vitamin por?<\/h3>\n<ul>\n<li>a napi sz\u00fcks\u00e9ges C-vitamin p\u00f3tl\u00e1s\u00e1ra<\/li>\n<li>az immunrendszer megfelel\u0151 m\u0171k\u00f6d\u00e9s\u00e9nek t\u00e1mogat\u00e1s\u00e1ra<\/li>\n<li>a fert\u0151z\u00e9sekkel, betegs\u00e9gekkel szembeni ellen\u00e1ll\u00f3 k\u00e9pess\u00e9g n\u00f6vel\u00e9s\u00e9re<\/li>\n<li>betegs\u00e9g eset\u00e9n a gy\u00f3gyul\u00e1si folyamatok felgyors\u00edt\u00e1s\u00e1ra<\/li>\n<li>a f\u00e1radts\u00e1g \u00e9s a kif\u00e1rad\u00e1s cs\u00f6kkent\u00e9s\u00e9re<\/li>\n<li>a sejtek oxidat\u00edv stresszel szembeni v\u00e9delm\u00e9re<\/li>\n<li>az idegrendszer kiegyens\u00falyozott m\u0171k\u00f6d\u00e9s\u00e9nek el\u0151seg\u00edt\u00e9s\u00e9re<\/li>\n<li>a sz\u00edv \u00e9s az \u00e9rrendszer eg\u00e9szs\u00e9g\u00e9nek t\u00e1mogat\u00e1s\u00e1ra<\/li>\n<li>a porcok, az \u00edz\u00fcletek az \u00ednszalagok, valamint a fog\u00edny eg\u00e9szs\u00e9g\u00e9nek meg\u0151rz\u00e9s\u00e9re<\/li>\n<li>a b\u0151r, a haj \u00e9s a k\u00f6rm\u00f6k sz\u00e9ps\u00e9g\u00e9nek, er\u0151ss\u00e9g\u00e9nek fenntart\u00e1s\u00e1ra<\/li>\n<\/ul>\n<h3>Hat\u00f3anyagok 1 adag italporban:<\/h3>\n<ul>\n<li>C-vitamin 600 mg (750 NRV%*)<\/li>\n<\/ul>\n<p>*NRV%: Vitaminok \u00e9s \u00e1sv\u00e1nyi anyagok napi beviteli referencia\u00e9rt\u00e9ke %-ban (feln\u0151ttek eset\u00e9ben)<\/p>\n<h3>\u00d6sszetev\u0151k:<\/h3>\n<p>L-aszkorbinsav.<\/p>\n<h3>Felhaszn\u00e1l\u00e1si javaslat:<\/h3>\n<p>A BioCo Ascorbic acid C-vitamin k\u00e9sz\u00edtm\u00e9ny napi aj\u00e1nlott adagja 1-2 por (600-1200 mg). Feloldhat\u00f3 v\u00edzben vagy langyos te\u00e1ban. 1 adag por (600 mg) egy v\u00edzszintes csapott adagol\u00f3kan\u00e1lnak felel meg, az adagol\u00f3kan\u00e1l kisebbik, 1 ml jelz\u00e9s\u0171 v\u00e9g\u00e9vel m\u00e9rve.<\/p>\n<\/div>\n<\/form>\n","protected":false},"excerpt":{"rendered":"<p>Tiszta aszkorbinsavat (C-vitamint) tartalmaz\u00f3 k\u00e9sz\u00edtm\u00e9ny. Te\u00e1ban, v\u00edzben is feloldhat\u00f3, k\u00e9sz\u00edthet\u0151 bel\u0151le limon\u00e1d\u00e9 is. K\u00fcl\u00f6n\u00f6sen aj\u00e1nlott C-vitamin-p\u00f3tl\u00e1sra azoknak, akik nehezen nyelik le a tablett\u00e1kat, kapszul\u00e1kat.<\/p>\n","protected":false},"featured_media":5570,"comment_status":"closed","ping_status":"open","template":"","meta":[],"product_cat":[60],"product_tag":[],"class_list":{"0":"post-5569","1":"product","2":"type-product","3":"status-publish","4":"has-post-thumbnail","6":"product_brand-bioco","7":"product_cat-vitaminok","9":"first","10":"instock","11":"purchasable","12":"product-type-simple"},"_links":{"self":[{"href":"https:\/\/vitamin.coredesign.hu\/index.php?rest_route=\/wp\/v2\/product\/5569","targetHints":{"allow":["GET"]}}],"collection":[{"href":"https:\/\/vitamin.coredesign.hu\/index.php?rest_route=\/wp\/v2\/product"}],"about":[{"href":"https:\/\/vitamin.coredesign.hu\/index.php?rest_route=\/wp\/v2\/types\/product"}],"replies":[{"embeddable":true,"href":"https:\/\/vitamin.coredesign.hu\/index.php?rest_route=%2Fwp%2Fv2%2Fcomments&post=5569"}],"wp:featuredmedia":[{"embeddable":true,"href":"https:\/\/vitamin.coredesign.hu\/index.php?rest_route=\/wp\/v2\/media\/5570"}],"wp:attachment":[{"href":"https:\/\/vitamin.coredesign.hu\/index.php?rest_route=%2Fwp%2Fv2%2Fmedia&parent=5569"}],"wp:term":[{"taxonomy":"product_cat","embeddable":true,"href":"https:\/\/vitamin.coredesign.hu\/index.php?rest_route=%2Fwp%2Fv2%2Fproduct_cat&post=5569"},{"taxonomy":"product_tag","embeddable":true,"href":"https:\/\/vitamin.coredesign.hu\/index.php?rest_route=%2Fwp%2Fv2%2Fproduct_tag&post=5569"}],"curies":[{"name":"wp","href":"https:\/\/api.w.org\/{rel}","templated":true}]}}