{"id":5567,"date":"2025-10-12T12:29:05","date_gmt":"2025-10-12T10:29:05","guid":{"rendered":"https:\/\/vitamin.coredesign.hu\/?product=bioco-bioaktiv-k2-200%c2%b5g-k1d3-komplex-tabletta-60db"},"modified":"2026-01-08T23:26:43","modified_gmt":"2026-01-08T22:26:43","slug":"bioco-bioaktiv-k2-200%c2%b5g-k1d3-komplex-tabletta-60db","status":"publish","type":"product","link":"https:\/\/vitamin.coredesign.hu\/?product=bioco-bioaktiv-k2-200%c2%b5g-k1d3-komplex-tabletta-60db","title":{"rendered":"BioCo Bioakt\u00edv K2 200\u00b5g K1+D3 komplex tabletta \u2013 60db"},"content":{"rendered":"<p>&nbsp;<\/p>\n<div id=\"lt-accessibility-devtools\" aria-hidden=\"true\"><\/div>\n<div class=\"product-short-description\">\n<div class=\"product-short-description\">\n<div class=\"product-short-description\">\n<div class=\"product-short-description\">\n<div class=\"product-short-description\">\n<div class=\"product-short-description\">\n<div class=\"product-short-description\">\n<div class=\"product-short-description\">\n<div class=\"product-short-description\">\n<div class=\"product-short-description\">\n<div class=\"product-short-description\">\n<div class=\"product-short-description\">\n<div class=\"product-short-description\">\n<p>Biol\u00f3giailag akt\u00edv K1-vitamint, K2-vitamint \u00e9s D3-vitamint tartalmaz\u00f3 k\u00e9sz\u00edtm\u00e9ny. Els\u0151sorban a csontok er\u0151ss\u00e9g\u00e9nek megtart\u00e1s\u00e1ra, valamint az immunrendszer er\u0151s\u00edt\u00e9s\u00e9re aj\u00e1nlott. Glut\u00e9nmentes, lakt\u00f3zmentes, veg\u00e1n term\u00e9k.<\/p>\n<\/div>\n<\/div>\n<\/div>\n<\/div>\n<\/div>\n<\/div>\n<\/div>\n<\/div>\n<\/div>\n<\/div>\n<\/div>\n<\/div>\n<\/div>\n<form class=\"cart\" action=\"https:\/\/vitaminnagyker.hu\/termek\/bioco-bioaktiv-folat-5-mthf-tabletta-30db\/\" enctype=\"multipart\/form-data\" method=\"post\">\n<div class=\"ux-quantity quantity buttons_added\">\n<h2>BioCo Bioakt\u00edv K2 200\u00b5g K1+D3 komplex tabletta<\/h2>\n<p>A K-vitaminoknak fontos szerep\u00fck van a csontok er\u0151ss\u00e9g\u00e9nek megtart\u00e1s\u00e1ban, a csontritkul\u00e1s megel\u0151z\u00e9s\u00e9ben. A D-vitaminnal egy\u00fctt el\u0151seg\u00edtik az \u00e1sv\u00e1nyi anyagok be\u00e9p\u00fcl\u00e9s\u00e9t a csontokba, \u00e9s megakad\u00e1lyozz\u00e1k, hogy a kalcium az erekben rak\u00f3djon le, ahol k\u00f6nnyen \u00e9relmeszesed\u00e9st okozn\u00e1nak.<\/p>\n<p>A csonter\u0151s\u00edt\u00e9s mellett a K-vitaminok a megfelel\u0151 v\u00e9ralvad\u00e1st, valamint a sz\u00edv \u00e9s az \u00e9rrendszer eg\u00e9szs\u00e9g\u00e9t is biztos\u00edtj\u00e1k. A D-vitamin pedig cs\u00f6kkenti az oxidat\u00edv stressz hat\u00e1sait, a sejtek k\u00e1rosod\u00e1s\u00e1t, \u00e9s nagym\u00e9rt\u00e9kben megn\u00f6veli a fert\u0151z\u00e9sekkel, betegs\u00e9gekkel szembeni ellen\u00e1ll\u00f3 k\u00e9pess\u00e9get.<\/p>\n<p>A BioCo k\u00e9sz\u00edtm\u00e9nye magas d\u00f3zis\u00fa K1- \u00e9s K2-vitamint tartalmaz, szint\u00e9n magas d\u00f3zis\u00fa, 3000 NE D3-vitaminnal. A bioakt\u00edv formul\u00e1nak k\u00f6sz\u00f6nhet\u0151en a szervezet azonnal hasznos\u00edtani tudja az \u00e9rt\u00e9kes hat\u00f3anyagokat. A tablett\u00e1k kis m\u00e9ret\u0171ek, k\u00f6nnyen lenyelhet\u0151k.<\/p>\n<h3>Mikor aj\u00e1nlott a BioCo Bioakt\u00edv K2\u00a0200 K1+D3 komplex tabletta?<\/h3>\n<ul>\n<li>a napi sz\u00fcks\u00e9ges K-vitamin \u00e9s D-vitamin p\u00f3tl\u00e1s\u00e1ra<\/li>\n<li>a csontok \u00e9s a fogak er\u0151ss\u00e9g\u00e9nek, eg\u00e9szs\u00e9g\u00e9nek fenntart\u00e1s\u00e1ra<\/li>\n<li>t\u00f6r\u00e9keny csontokn\u00e1l, gyorsan szuvasod\u00f3 fogakn\u00e1l<\/li>\n<li>csontritkul\u00e1sn\u00e1l, csontritkul\u00e1si hajlamn\u00e1l<\/li>\n<li>felsz\u00edv\u00f3d\u00e1si zavarokn\u00e1l, b\u00e9lgyullad\u00e1sn\u00e1l<\/li>\n<li>gyakori izomg\u00f6rcs\u00f6k, v\u00e9gtagzsibbad\u00e1sok eset\u00e9n<\/li>\n<li>lass\u00fa v\u00e9ralvad\u00e1sn\u00e1l, hosszantart\u00f3 v\u00e9rz\u00e9sekn\u00e9l<\/li>\n<li>az immunrendszer megfelel\u0151 m\u0171k\u00f6d\u00e9s\u00e9nek t\u00e1mogat\u00e1s\u00e1ra<\/li>\n<li>a fert\u0151z\u00e9sekkel, betegs\u00e9gekkel szembeni ellen\u00e1ll\u00f3 k\u00e9pess\u00e9g n\u00f6vel\u00e9s\u00e9re<\/li>\n<li>betegs\u00e9g eset\u00e9n a gy\u00f3gyul\u00e1si folyamatok felgyors\u00edt\u00e1s\u00e1ra<\/li>\n<li>a sejtek oxidat\u00edv stresszel szembeni v\u00e9delm\u00e9re<\/li>\n<li>a sz\u00edv \u00e9s az \u00e9rrendszer eg\u00e9szs\u00e9g\u00e9nek t\u00e1mogat\u00e1s\u00e1ra<\/li>\n<\/ul>\n<h3>Hat\u00f3anyagok 1 tablett\u00e1ban:<\/h3>\n<ul>\n<li>K-vitamin-komplex 700 \u00b5g (933,3 NRV%*)<br \/>\namelyb\u0151l K2-vitamin (menakinon-7, all-transz MK-7 form\u00e1ban) 200 \u00b5g<br \/>\namelyb\u0151l K1-vitamin 500 \u00b5g<\/li>\n<li>D3-vitamin 75 \u00b5g (3000 NE) (1500 NRV%*)<\/li>\n<\/ul>\n<p>*NRV%: Vitaminok \u00e9s \u00e1sv\u00e1nyi anyagok napi beviteli referencia\u00e9rt\u00e9ke %-ban (feln\u0151ttek eset\u00e9ben)<\/p>\n<p>**NE = Nemzetk\u00f6zi Egys\u00e9g (International Unit)<\/p>\n<h3>\u00d6sszetev\u0151k:<\/h3>\n<p>T\u00f6megn\u00f6vel\u0151 szer (mikrokrist\u00e1lyos cellul\u00f3z); f\u00e9nyez\u0151anyag (zs\u00edrsavak); csom\u00f3sod\u00e1st g\u00e1tl\u00f3 (szil\u00edcium-dioxid); fitomenadion; K2-vitamin (menakinon, all-transz MK-7 form\u00e1ban); kolekalciferol.<\/p>\n<h3>Felhaszn\u00e1l\u00e1si javaslat:<\/h3>\n<p>A BioCo Bioakt\u00edv K2\u00a0200 K1+D3 komplex k\u00e9sz\u00edtm\u00e9ny napi aj\u00e1nlott adagja 1 tabletta, b\u0151 folyad\u00e9kkal kell lenyelni.<\/p>\n<\/div>\n<\/form>\n","protected":false},"excerpt":{"rendered":"<p>Biol\u00f3giailag akt\u00edv K1-vitamint, K2-vitamint \u00e9s D3-vitamint tartalmaz\u00f3 k\u00e9sz\u00edtm\u00e9ny. Els\u0151sorban a csontok er\u0151ss\u00e9g\u00e9nek megtart\u00e1s\u00e1ra, valamint az immunrendszer er\u0151s\u00edt\u00e9s\u00e9re aj\u00e1nlott. Glut\u00e9nmentes, lakt\u00f3zmentes, veg\u00e1n term\u00e9k.<\/p>\n","protected":false},"featured_media":5568,"comment_status":"closed","ping_status":"open","template":"","meta":[],"product_cat":[60],"product_tag":[],"class_list":{"0":"post-5567","1":"product","2":"type-product","3":"status-publish","4":"has-post-thumbnail","6":"product_brand-bioco","7":"product_cat-vitaminok","9":"first","10":"instock","11":"purchasable","12":"product-type-simple"},"_links":{"self":[{"href":"https:\/\/vitamin.coredesign.hu\/index.php?rest_route=\/wp\/v2\/product\/5567","targetHints":{"allow":["GET"]}}],"collection":[{"href":"https:\/\/vitamin.coredesign.hu\/index.php?rest_route=\/wp\/v2\/product"}],"about":[{"href":"https:\/\/vitamin.coredesign.hu\/index.php?rest_route=\/wp\/v2\/types\/product"}],"replies":[{"embeddable":true,"href":"https:\/\/vitamin.coredesign.hu\/index.php?rest_route=%2Fwp%2Fv2%2Fcomments&post=5567"}],"wp:featuredmedia":[{"embeddable":true,"href":"https:\/\/vitamin.coredesign.hu\/index.php?rest_route=\/wp\/v2\/media\/5568"}],"wp:attachment":[{"href":"https:\/\/vitamin.coredesign.hu\/index.php?rest_route=%2Fwp%2Fv2%2Fmedia&parent=5567"}],"wp:term":[{"taxonomy":"product_cat","embeddable":true,"href":"https:\/\/vitamin.coredesign.hu\/index.php?rest_route=%2Fwp%2Fv2%2Fproduct_cat&post=5567"},{"taxonomy":"product_tag","embeddable":true,"href":"https:\/\/vitamin.coredesign.hu\/index.php?rest_route=%2Fwp%2Fv2%2Fproduct_tag&post=5567"}],"curies":[{"name":"wp","href":"https:\/\/api.w.org\/{rel}","templated":true}]}}