{"id":5565,"date":"2025-10-12T12:29:05","date_gmt":"2025-10-12T10:29:05","guid":{"rendered":"https:\/\/vitamin.coredesign.hu\/?product=bioco-tini-kalcium-ragotabletta-90db"},"modified":"2026-01-08T23:26:42","modified_gmt":"2026-01-08T22:26:42","slug":"bioco-tini-kalcium-ragotabletta-90db","status":"publish","type":"product","link":"https:\/\/vitamin.coredesign.hu\/?product=bioco-tini-kalcium-ragotabletta-90db","title":{"rendered":"BioCo TINI-KALCIUM r\u00e1g\u00f3tabletta \u2013 90db"},"content":{"rendered":"<p>&nbsp;<\/p>\n<div id=\"lt-accessibility-devtools\" aria-hidden=\"true\"><\/div>\n<div class=\"product-short-description\">\n<div class=\"product-short-description\">\n<div class=\"product-short-description\">\n<div class=\"product-short-description\">\n<div class=\"product-short-description\">\n<div class=\"product-short-description\">\n<div class=\"product-short-description\">\n<div class=\"product-short-description\">\n<div class=\"product-short-description\">\n<div class=\"product-short-description\">\n<div class=\"product-short-description\">\n<div class=\"product-short-description\">\n<div class=\"product-short-description\">\n<p>A BioCo TINI-KALCIUM r\u00e1g\u00f3tabletta tin\u00e9dzsereknek, vagy intenz\u00edv n\u00f6veked\u00e9si id\u0151szakban l\u00e9v\u0151 3 \u00e9v feletti gyermekeknek k\u00e9sz\u00fclt. A kalcium sz\u00fcks\u00e9ges a csontok \u00e9s fogak norm\u00e1l \u00e1llapot\u00e1nak fenntart\u00e1s\u00e1hoz, valamint r\u00e9szt vesz a norm\u00e1l izomm\u0171k\u00f6d\u00e9sben \u00e9s idegrendszeri funkci\u00f3kban is. A D-vitamin seg\u00edt a kalcium felsz\u00edv\u00f3d\u00e1s\u00e1ban \u00e9s hasznosul\u00e1s\u00e1ban.<\/p>\n<\/div>\n<\/div>\n<\/div>\n<\/div>\n<\/div>\n<\/div>\n<\/div>\n<\/div>\n<\/div>\n<\/div>\n<\/div>\n<\/div>\n<\/div>\n<form class=\"cart\" action=\"https:\/\/vitaminnagyker.hu\/termek\/bioco-bioaktiv-folat-5-mthf-tabletta-30db\/\" enctype=\"multipart\/form-data\" method=\"post\">\n<div class=\"ux-quantity quantity buttons_added\">\n<h2>BioCo TINI-KALCIUM r\u00e1g\u00f3tabletta<\/h2>\n<p>A BioCo TINI-KALCIUM r\u00e1g\u00f3tabletta tin\u00e9dzsereknek, vagy intenz\u00edv n\u00f6veked\u00e9si id\u0151szakban l\u00e9v\u0151 3 \u00e9v feletti gyermekeknek k\u00e9sz\u00fclt. A kalcium sz\u00fcks\u00e9ges a csontok \u00e9s fogak norm\u00e1l \u00e1llapot\u00e1nak fenntart\u00e1s\u00e1hoz, valamint r\u00e9szt vesz a norm\u00e1l izomm\u0171k\u00f6d\u00e9sben \u00e9s idegrendszeri funkci\u00f3kban is. A D-vitamin seg\u00edt a kalcium felsz\u00edv\u00f3d\u00e1s\u00e1ban \u00e9s hasznosul\u00e1s\u00e1ban.<\/p>\n<p>A gyermekek csontrendszer\u00e9nek megfelel\u0151 n\u00f6veked\u00e9s\u00e9t \u00e9s fejl\u0151d\u00e9s\u00e9t h\u00e1rom akt\u00edv \u00f6sszetev\u0151, a kalcium, foszfor \u00e9s D-vitamin is t\u00e1mogatja*, melyet a k\u00e9sz\u00edtm\u00e9ny komplexen tartalmaz.<\/p>\n<p>A r\u00e1g\u00f3tabletta nagy mennyis\u00e9g\u0171, 1000 nemzetk\u00f6zi egys\u00e9g napi D3-vitamin bevitelt biztos\u00edt, mely hozz\u00e1j\u00e1rul a gyerekek immunrendszer\u00e9nek megfelel\u0151 m\u0171k\u00f6d\u00e9s\u00e9hez, csontjaik megfelel\u0151 n\u00f6veked\u00e9s\u00e9hez \u00e9s fejl\u0151d\u00e9s\u00e9hez.<\/p>\n<p>A gyermekek eg\u00e9szs\u00e9ges csontfejl\u0151d\u00e9s\u00e9t t\u00e1mogat\u00f3 kalcium, foszfor \u00e9s D-vitamin mellett a TINI KALCIUM szerves vegy\u00fclet form\u00e1j\u00fa cinket, C-vitamint \u00e9s K2-vitamint tartalmaz, ut\u00f3bbit tiszta all-transz MK-7 form\u00e1ban.<\/p>\n<p>A r\u00e1g\u00f3tabletta term\u00e9szetes cseresznye arom\u00e1val k\u00e9sz\u00fclt, \u00f6sszesen 6 f\u00e9le hat\u00f3anyagot tartalmaz.<\/p>\n<h3>Hat\u00f3anyagok 2 r\u00e1g\u00f3tablett\u00e1ban:<\/h3>\n<ul>\n<li>C-vitamin 180 mg<\/li>\n<li>D3-vitamin 25 \u00b5g (1000 NE**)<\/li>\n<li>K2-vitamin (all-transz MK-7 form\u00e1ban) 20 \u00b5g<\/li>\n<li>Kalcium (szerves form\u00e1ban is) 300 mg<\/li>\n<li>Foszfor 105 mg<\/li>\n<li>Cink (szerves form\u00e1ban) 5 mg<\/li>\n<\/ul>\n<h3>\u00d6sszetev\u0151k:<\/h3>\n<p>dextr\u00f3z; kalcium-citr\u00e1t; kalcium ortofoszforsavval alkotott s\u00f3i; f\u00e9nyez\u0151 anyagok (zs\u00edrsavak); L-aszkorbinsav; cseresznye \u00edz\u0171 term\u00e9szetes aroma; cink-citr\u00e1t; \u00e9des\u00edt\u0151szerek (szukral\u00f3z, n\u00e1trium-ciklam\u00e1t); kolekalciferol; K2-vitamin (all-transz-MK-7 form\u00e1ban).<\/p>\n<h3>Aj\u00e1nlott adagol\u00e1s:<\/h3>\n<p>Tin\u00e9dzsereknek, vagy intenz\u00edv n\u00f6veked\u00e9si id\u0151szakban l\u00e9v\u0151 3 \u00e9v feletti gyermekeknek napi 2 r\u00e1g\u00f3tablett\u00e1t elr\u00e1gni vagy elszopogatni.<\/p>\n<\/div>\n<\/form>\n","protected":false},"excerpt":{"rendered":"<div class=\"product-short-description\">\n<div class=\"product-short-description\">\n<div class=\"product-short-description\">\n<div class=\"product-short-description\">\n<div class=\"product-short-description\">\n<div class=\"product-short-description\">\n<div class=\"product-short-description\">\n<div class=\"product-short-description\">\n<div class=\"product-short-description\">\n<div class=\"product-short-description\">\n<div class=\"product-short-description\">\n<div class=\"product-short-description\">\n<div class=\"product-short-description\">\n<p>A BioCo TINI-KALCIUM r\u00e1g\u00f3tabletta tin\u00e9dzsereknek, vagy intenz\u00edv n\u00f6veked\u00e9si id\u0151szakban l\u00e9v\u0151 3 \u00e9v feletti gyermekeknek k\u00e9sz\u00fclt. A kalcium sz\u00fcks\u00e9ges a csontok \u00e9s fogak norm\u00e1l \u00e1llapot\u00e1nak fenntart\u00e1s\u00e1hoz, valamint r\u00e9szt vesz a norm\u00e1l izomm\u0171k\u00f6d\u00e9sben \u00e9s idegrendszeri funkci\u00f3kban is. A D-vitamin seg\u00edt a kalcium felsz\u00edv\u00f3d\u00e1s\u00e1ban \u00e9s hasznosul\u00e1s\u00e1ban.<\/p>\n<\/div>\n<\/div>\n<\/div>\n<\/div>\n<\/div>\n<\/div>\n<\/div>\n<\/div>\n<\/div>\n<\/div>\n<form class=\"cart\" action=\"https:\/\/vitaminnagyker.hu\/termek\/bioco-b12-vitamin-1000mcg-tabletta-60db\/\" enctype=\"multipart\/form-data\" method=\"post\">\n<div class=\"ux-quantity quantity buttons_added\"><\/div>\n<\/form>\n<\/div>\n<form class=\"cart\" action=\"https:\/\/vitaminnagyker.hu\/termek\/bioco-cink-biszglicinat-tabletta-60db\/\" enctype=\"multipart\/form-data\" method=\"post\">\n<div class=\"ux-quantity quantity buttons_added\"><\/div>\n<\/form>\n<\/div>\n<form class=\"cart\" action=\"https:\/\/vitaminnagyker.hu\/termek\/bioco-100-vegan-cd-duo-c-vitamin-1000mgalga-d3-vitamin-filmtabletta-90db\/\" enctype=\"multipart\/form-data\" method=\"post\">\n<div class=\"ux-quantity quantity buttons_added\"><\/div>\n<\/form>\n<\/div>\n<form class=\"cart\" action=\"https:\/\/vitaminnagyker.hu\/termek\/bioco-bioaktiv-folat-5-mthf-tabletta-30db\/\" enctype=\"multipart\/form-data\" method=\"post\">\n<div class=\"ux-quantity quantity buttons_added\"><\/div>\n<\/form>\n","protected":false},"featured_media":5566,"comment_status":"closed","ping_status":"open","template":"","meta":[],"product_cat":[73],"product_tag":[],"class_list":{"0":"post-5565","1":"product","2":"type-product","3":"status-publish","4":"has-post-thumbnail","6":"product_brand-bioco","7":"product_cat-arvanyi-anyagok","9":"first","10":"instock","11":"purchasable","12":"product-type-simple"},"_links":{"self":[{"href":"https:\/\/vitamin.coredesign.hu\/index.php?rest_route=\/wp\/v2\/product\/5565","targetHints":{"allow":["GET"]}}],"collection":[{"href":"https:\/\/vitamin.coredesign.hu\/index.php?rest_route=\/wp\/v2\/product"}],"about":[{"href":"https:\/\/vitamin.coredesign.hu\/index.php?rest_route=\/wp\/v2\/types\/product"}],"replies":[{"embeddable":true,"href":"https:\/\/vitamin.coredesign.hu\/index.php?rest_route=%2Fwp%2Fv2%2Fcomments&post=5565"}],"wp:featuredmedia":[{"embeddable":true,"href":"https:\/\/vitamin.coredesign.hu\/index.php?rest_route=\/wp\/v2\/media\/5566"}],"wp:attachment":[{"href":"https:\/\/vitamin.coredesign.hu\/index.php?rest_route=%2Fwp%2Fv2%2Fmedia&parent=5565"}],"wp:term":[{"taxonomy":"product_cat","embeddable":true,"href":"https:\/\/vitamin.coredesign.hu\/index.php?rest_route=%2Fwp%2Fv2%2Fproduct_cat&post=5565"},{"taxonomy":"product_tag","embeddable":true,"href":"https:\/\/vitamin.coredesign.hu\/index.php?rest_route=%2Fwp%2Fv2%2Fproduct_tag&post=5565"}],"curies":[{"name":"wp","href":"https:\/\/api.w.org\/{rel}","templated":true}]}}