{"id":5561,"date":"2025-10-12T12:29:05","date_gmt":"2025-10-12T10:29:05","guid":{"rendered":"https:\/\/vitamin.coredesign.hu\/?product=bioco-100-vegan-multivitamin-komplex-tabletta-30db"},"modified":"2026-01-08T23:26:40","modified_gmt":"2026-01-08T22:26:40","slug":"bioco-100-vegan-multivitamin-komplex-tabletta-30db","status":"publish","type":"product","link":"https:\/\/vitamin.coredesign.hu\/?product=bioco-100-vegan-multivitamin-komplex-tabletta-30db","title":{"rendered":"BioCo 100% VEGAN Multivitamin Komplex tabletta \u2013 30db"},"content":{"rendered":"<p>&nbsp;<\/p>\n<div id=\"lt-accessibility-devtools\" aria-hidden=\"true\"><\/div>\n<div class=\"product-short-description\">\n<div class=\"product-short-description\">\n<div class=\"product-short-description\">\n<div class=\"product-short-description\">\n<div class=\"product-short-description\">\n<div class=\"product-short-description\">\n<div class=\"product-short-description\">\n<div class=\"product-short-description\">\n<div class=\"product-short-description\">\n<div class=\"product-short-description\">\n<div class=\"product-short-description\">\n<p>Komplex multivitamin-k\u00e9sz\u00edtm\u00e9ny 11 \u00f6sszetev\u0151vel, k\u00f6zt\u00fck n\u00f6v\u00e9nyi, algaeredet\u0171 D-vitaminnal \u00e9s magas d\u00f3zis\u00fa bioakt\u00edv B12-vitaminnal. K\u00fcl\u00f6n\u00f6sen aj\u00e1nlott veg\u00e1nok sz\u00e1m\u00e1ra a legfontosabb vitaminok, \u00e1sv\u00e1nyi anyagok p\u00f3tl\u00e1s\u00e1ra.<\/p>\n<\/div>\n<\/div>\n<\/div>\n<\/div>\n<\/div>\n<\/div>\n<\/div>\n<\/div>\n<\/div>\n<\/div>\n<\/div>\n<form class=\"cart\" action=\"https:\/\/vitaminnagyker.hu\/termek\/bioco-bioaktiv-folat-5-mthf-tabletta-30db\/\" enctype=\"multipart\/form-data\" method=\"post\">\n<div class=\"ux-quantity quantity buttons_added\">\n<h2>BioCo 100% VEGAN Multivitamin Komplex tabletta<\/h2>\n<p>A BioCo 100% VEGAN term\u00e9kcsal\u00e1d a min\u0151s\u00e9g garanci\u00e1ja a veg\u00e1n \u00e9letm\u00f3dot k\u00f6vet\u0151k sz\u00e1m\u00e1ra. A term\u00e9kekbe ker\u00fcl\u0151 valamennyi \u00f6sszetev\u0151t kiemelt gondoss\u00e1ggal v\u00e1logatt\u00e1k \u00e9s ellen\u0151rizt\u00e9k, amit a veg\u00e1n fogyaszt\u00f3k 100%-os biztons\u00e1ggal v\u00e1laszthatnak.<\/p>\n<p>A k\u00e9sz\u00edtm\u00e9ny tartalmazza azokat a fontos vitaminokat, amelyek sz\u00fcks\u00e9gesek az immunrendszer \u00e9s az idegrendszer megfelel\u0151 m\u0171k\u00f6d\u00e9s\u00e9hez, a hi\u00e1nybetegs\u00e9gek megel\u0151z\u00e9s\u00e9hez, a kiegyens\u00falyozott k\u00f6z\u00e9rzethez, a csontok, a porcok \u00e9s az \u00edz\u00fcletek er\u0151ss\u00e9g\u00e9hez, a fert\u0151z\u00e9sekkel szembeni ellen\u00e1ll\u00f3 k\u00e9pess\u00e9g, valamint az er\u0151nl\u00e9t \u00e9s a teljes\u00edt\u0151k\u00e9pess\u00e9g n\u00f6vel\u00e9s\u00e9hez.<\/p>\n<p>A BioCo k\u00e9sz\u00edtm\u00e9nye 11 \u00f6sszetev\u0151t tartalmaz, amelyekb\u0151l az A-vitamin \u00e9s a D-vitamin kiz\u00e1r\u00f3lag n\u00f6v\u00e9nyi, alg\u00e1b\u00f3l kinyert, a B12-vitamin pedig azonnal hasznosul\u00f3 metilkobalamin form\u00e1ban van jelen, a veg\u00e1nok sz\u00e1m\u00e1ra ide\u00e1lisan nagy d\u00f3zisban.<\/p>\n<h3>Mikor aj\u00e1nlott a BioCo 100% VEGAN Multivitamin Komplex tabletta?<\/h3>\n<ul>\n<li>\u00e1ltal\u00e1nos vitaminhi\u00e1ny megel\u0151z\u00e9s\u00e9re \u00e9s kezel\u00e9s\u00e9re<\/li>\n<li>\u00e1sv\u00e1nyianyag-p\u00f3tl\u00e1sra veg\u00e1nok sz\u00e1m\u00e1ra is<\/li>\n<li>az immunrendszer megfelel\u0151 m\u0171k\u00f6d\u00e9s\u00e9nek t\u00e1mogat\u00e1sra<\/li>\n<li>a fert\u0151z\u00e9sekkel, betegs\u00e9gekkel szembeni v\u00e9dekez\u0151k\u00e9pess\u00e9g n\u00f6vel\u00e9s\u00e9re<\/li>\n<li>j\u00e1rv\u00e1nyos id\u0151szakban megel\u0151z\u00e9s\u00e9re<\/li>\n<li>gyakori betegesked\u00e9sn\u00e9l, visszat\u00e9r\u0151 fert\u0151z\u00e9sekn\u00e9l<\/li>\n<li>betegs\u00e9g, m\u0171t\u00e9t ut\u00e1ni l\u00e1badoz\u00e1s id\u0151szak\u00e1ban<\/li>\n<li>kimer\u00fclts\u00e9g, f\u00e1rad\u00e9konys\u00e1g ellen<\/li>\n<li>felsz\u00edv\u00f3d\u00e1si zavarokn\u00e1l<\/li>\n<\/ul>\n<h3>Hat\u00f3anyagok 1 tablett\u00e1ban:<\/h3>\n<ul>\n<li>A-vitamin (algaeredet\u0171) 800 \u03bcg 100 NRV%<\/li>\n<li>B1-vitamin\u00a0(tiamin) 1,1 mg 100 NRV%<\/li>\n<li>B2-vitamin\u00a0(riboflavin) 2,8 mg 200 NRV%<\/li>\n<li>B3-vitamin\u00a0(niacin) 16 mg 100 NRV%<\/li>\n<li>B5-vitamin\u00a0(pantot\u00e9nsav) 6 mg 100 NRV%<\/li>\n<li>B6-vitamin\u00a0(piridoxin) 1,4 mg 100 NRV%<\/li>\n<li>B12-vitamin (bioakt\u00edv metilkobalamin form\u00e1ban) 400\u00a0\u03bcg 16 000 NRV%<\/li>\n<li>Folsav 200\u00a0\u03bcg 100 NRV%<\/li>\n<li>D-biotin 50\u00a0\u03bcg 100 NRV%<\/li>\n<li>D3-vitamin (algaeredet\u0171) 25\u00a0\u03bcg 1000 NE** 500 NRV%<\/li>\n<li>E-vitamin 12 mg 100 NRV%<\/li>\n<\/ul>\n<p>*NRV%: Vitaminok \u00e9s \u00e1sv\u00e1nyi anyagok napi beviteli referencia\u00e9rt\u00e9ke %-ban (feln\u0151ttek eset\u00e9ben)<\/p>\n<p>**RE = Retinol Ekvivalens<\/p>\n<h3>\u00d6sszetev\u0151k:<\/h3>\n<p>T\u00f6megn\u00f6vel\u0151 szer (mikrokrist\u00e1lyos cellul\u00f3z); f\u00e9nyez\u0151anyag (zs\u00edrsavak); DL-alfa-tokoferil-acet\u00e1t; nikotinamid; kalcium-D-pantoten\u00e1t; b\u00e9ta-karotin; csom\u00f3sod\u00e1st g\u00e1tl\u00f3 (szil\u00edcium-dioxid); riboflavin; piridoxin-hidroklorid; tiamin-mononitr\u00e1t; metilkobalamin; pteroilmonoglutaminsav (folsav); D-biotin; kolekalciferol (algaeredet\u0171).<\/p>\n<h3>Felhaszn\u00e1l\u00e1si javaslat:<\/h3>\n<p>A BioCo 100% VEGAN Multivitamin Komplex k\u00e9sz\u00edtm\u00e9ny napi aj\u00e1nlott adagja 1 tabletta, b\u0151 folyad\u00e9kkal kell lenyelni.<\/p>\n<\/div>\n<\/form>\n","protected":false},"excerpt":{"rendered":"<div class=\"product-short-description\">\n<div class=\"product-short-description\">\n<div class=\"product-short-description\">\n<div class=\"product-short-description\">\n<div class=\"product-short-description\">\n<div class=\"product-short-description\">\n<div class=\"product-short-description\">\n<div class=\"product-short-description\">\n<div class=\"product-short-description\">\n<div class=\"product-short-description\">\n<div class=\"product-short-description\">\n<p>Komplex multivitamin-k\u00e9sz\u00edtm\u00e9ny 11 \u00f6sszetev\u0151vel, k\u00f6zt\u00fck n\u00f6v\u00e9nyi, algaeredet\u0171 D-vitaminnal \u00e9s magas d\u00f3zis\u00fa bioakt\u00edv B12-vitaminnal. K\u00fcl\u00f6n\u00f6sen aj\u00e1nlott veg\u00e1nok sz\u00e1m\u00e1ra a legfontosabb vitaminok, \u00e1sv\u00e1nyi anyagok p\u00f3tl\u00e1s\u00e1ra.<\/p>\n<\/div>\n<\/div>\n<\/div>\n<\/div>\n<\/div>\n<\/div>\n<\/div>\n<\/div>\n<form class=\"cart\" action=\"https:\/\/vitaminnagyker.hu\/termek\/bioco-b12-vitamin-1000mcg-tabletta-60db\/\" enctype=\"multipart\/form-data\" method=\"post\">\n<div class=\"ux-quantity quantity buttons_added\"><\/div>\n<\/form>\n<\/div>\n<form class=\"cart\" action=\"https:\/\/vitaminnagyker.hu\/termek\/bioco-cink-biszglicinat-tabletta-60db\/\" enctype=\"multipart\/form-data\" method=\"post\">\n<div class=\"ux-quantity quantity buttons_added\"><\/div>\n<\/form>\n<\/div>\n<form class=\"cart\" action=\"https:\/\/vitaminnagyker.hu\/termek\/bioco-100-vegan-cd-duo-c-vitamin-1000mgalga-d3-vitamin-filmtabletta-90db\/\" enctype=\"multipart\/form-data\" method=\"post\">\n<div class=\"ux-quantity quantity buttons_added\"><\/div>\n<\/form>\n<\/div>\n<form class=\"cart\" action=\"https:\/\/vitaminnagyker.hu\/termek\/bioco-bioaktiv-folat-5-mthf-tabletta-30db\/\" enctype=\"multipart\/form-data\" method=\"post\">\n<div class=\"ux-quantity quantity buttons_added\"><\/div>\n<\/form>\n","protected":false},"featured_media":5562,"comment_status":"closed","ping_status":"open","template":"","meta":[],"product_cat":[60],"product_tag":[],"class_list":{"0":"post-5561","1":"product","2":"type-product","3":"status-publish","4":"has-post-thumbnail","6":"product_brand-bioco","7":"product_cat-vitaminok","9":"first","10":"instock","11":"purchasable","12":"product-type-simple"},"_links":{"self":[{"href":"https:\/\/vitamin.coredesign.hu\/index.php?rest_route=\/wp\/v2\/product\/5561","targetHints":{"allow":["GET"]}}],"collection":[{"href":"https:\/\/vitamin.coredesign.hu\/index.php?rest_route=\/wp\/v2\/product"}],"about":[{"href":"https:\/\/vitamin.coredesign.hu\/index.php?rest_route=\/wp\/v2\/types\/product"}],"replies":[{"embeddable":true,"href":"https:\/\/vitamin.coredesign.hu\/index.php?rest_route=%2Fwp%2Fv2%2Fcomments&post=5561"}],"wp:featuredmedia":[{"embeddable":true,"href":"https:\/\/vitamin.coredesign.hu\/index.php?rest_route=\/wp\/v2\/media\/5562"}],"wp:attachment":[{"href":"https:\/\/vitamin.coredesign.hu\/index.php?rest_route=%2Fwp%2Fv2%2Fmedia&parent=5561"}],"wp:term":[{"taxonomy":"product_cat","embeddable":true,"href":"https:\/\/vitamin.coredesign.hu\/index.php?rest_route=%2Fwp%2Fv2%2Fproduct_cat&post=5561"},{"taxonomy":"product_tag","embeddable":true,"href":"https:\/\/vitamin.coredesign.hu\/index.php?rest_route=%2Fwp%2Fv2%2Fproduct_tag&post=5561"}],"curies":[{"name":"wp","href":"https:\/\/api.w.org\/{rel}","templated":true}]}}