{"id":5557,"date":"2025-10-12T12:29:05","date_gmt":"2025-10-12T10:29:05","guid":{"rendered":"https:\/\/vitamin.coredesign.hu\/?product=bioco-100-natur-c-vitamin-aszkorbin-sav-por-400g"},"modified":"2026-01-08T23:26:38","modified_gmt":"2026-01-08T22:26:38","slug":"bioco-100-natur-c-vitamin-aszkorbin-sav-por-400g","status":"publish","type":"product","link":"https:\/\/vitamin.coredesign.hu\/?product=bioco-100-natur-c-vitamin-aszkorbin-sav-por-400g","title":{"rendered":"BioCo 100% NATUR C-vitamin Aszkorbin sav por \u2013 400g"},"content":{"rendered":"<p>&nbsp;<\/p>\n<div id=\"lt-accessibility-devtools\" aria-hidden=\"true\"><\/div>\n<div class=\"product-short-description\">\n<div class=\"product-short-description\">\n<div class=\"product-short-description\">\n<div class=\"product-short-description\">\n<div class=\"product-short-description\">\n<div class=\"product-short-description\">\n<div class=\"product-short-description\">\n<div class=\"product-short-description\">\n<div class=\"product-short-description\">\n<div class=\"product-short-description\">\n<p>Tiszta L-aszkorbinsavat tartalmaz\u00f3 k\u00e9sz\u00edtm\u00e9ny, amely alkalmas a napi sz\u00fcks\u00e9ges C-vitamin p\u00f3tl\u00e1s\u00e1ra, valamint s\u00fct\u00e9shez, f\u0151z\u00e9shez, bef\u0151ttek, savany\u00fas\u00e1gok \u00e9s lekv\u00e1rok k\u00e9sz\u00edt\u00e9s\u00e9hez is felhaszn\u00e1lhat\u00f3.<\/p>\n<\/div>\n<\/div>\n<\/div>\n<\/div>\n<\/div>\n<\/div>\n<\/div>\n<\/div>\n<\/div>\n<\/div>\n<form class=\"cart\" action=\"https:\/\/vitaminnagyker.hu\/termek\/bioco-bioaktiv-folat-5-mthf-tabletta-30db\/\" enctype=\"multipart\/form-data\" method=\"post\">\n<div class=\"ux-quantity quantity buttons_added\">\n<h2>BioCo 100% NATUR C-vitamin Aszkorbin sav por<\/h2>\n<p>Tiszta L-aszkorbinsavat tartalmaz\u00f3 k\u00e9sz\u00edtm\u00e9ny, amely alkalmas a napi sz\u00fcks\u00e9ges C-vitamin p\u00f3tl\u00e1s\u00e1ra, valamint s\u00fct\u00e9shez, f\u0151z\u00e9shez, bef\u0151ttek, savany\u00fas\u00e1gok \u00e9s lekv\u00e1rok k\u00e9sz\u00edt\u00e9s\u00e9hez is felhaszn\u00e1lhat\u00f3.<\/p>\n<p>A term\u00e9kcsal\u00e1d k\u00e9sz\u00edtm\u00e9nyei 100% tiszta form\u00e1ban tartalmazz\u00e1k az \u00e9rt\u00e9kes hat\u00f3anyagokat, meg\u0151r\u00edzve term\u00e9szetes \u00edz\u00fcket, illatukat \u00e9s sz\u00edn\u00fcket.<\/p>\n<p>A term\u00e9kek mentesek mindennem\u0171 adal\u00e9k- \u00e9s seg\u00e9danyagt\u00f3l.<\/p>\n<p>A C-vitamin eg\u00e9szs\u00e9gre gyakorolt kedvez\u0151 hat\u00e1sa bizony\u00edtott, fogyaszt\u00e1sa az al\u00e1bbi esetekben javasolt:<\/p>\n<ul>\n<li>az immunrendszer norm\u00e1l m\u0171k\u00f6d\u00e9s\u00e9hez,<\/li>\n<li>a norm\u00e1l kollag\u00e9nk\u00e9pz\u0151d\u00e9shez \u00e9s ezen kereszt\u00fcl:\n<ul>\n<li>az erek norm\u00e1l \u00e1llapot\u00e1nak, m\u0171k\u00f6d\u00e9s\u00e9nek fenntart\u00e1s\u00e1hoz, valamint a norm\u00e1l csontozat fenntart\u00e1s\u00e1hoz.<\/li>\n<li>a porcok norm\u00e1l \u00e1llapot\u00e1nak, m\u0171k\u00f6d\u00e9s\u00e9nek fenntart\u00e1s\u00e1hoz.<\/li>\n<li>a fog\u00edny \u00e9s a fogak norm\u00e1l \u00e1llapot\u00e1nak fenntart\u00e1s\u00e1hoz.<\/li>\n<li>a b\u0151r norm\u00e1l \u00e1llapot\u00e1nak, m\u0171k\u00f6d\u00e9s\u00e9nek fenntart\u00e1s\u00e1hoz.<\/li>\n<\/ul>\n<\/li>\n<li>az idegrendszer norm\u00e1l m\u0171k\u00f6d\u00e9s\u00e9hez<\/li>\n<li>a sejtek oxidat\u00edv stresszel szembeni v\u00e9delm\u00e9hez,<\/li>\n<li>a f\u00e1radts\u00e1g \u00e9s a kif\u00e1rad\u00e1s cs\u00f6kkent\u00e9s\u00e9hez.<\/li>\n<\/ul>\n<h3>Hat\u00f3anyag 1 adagban:<\/h3>\n<ul>\n<li>C-vitamin 1800 mg<\/li>\n<\/ul>\n<h3>\u00d6sszetev\u0151k:<\/h3>\n<p>100% L-Aszkorbinsav.<\/p>\n<p>Veg\u00e1n term\u00e9k, lakt\u00f3zmentes, glut\u00e9nmentes, adal\u00e9kmentes.<\/p>\n<h3>Aj\u00e1nlott adagol\u00e1s:<\/h3>\n<p>feln\u0151ttek sz\u00e1m\u00e1ra napi 1 adag C-vitamin por fogyaszt\u00e1sa javasolt \u00e9tkez\u00e9s ut\u00e1n, napi t\u00f6bb alkalomra osztva. V\u00edzben j\u00f3l old\u00f3dik, elk\u00e9sz\u00edt\u00e9s ut\u00e1n azonnali fogyaszt\u00e1sa javasolt.<\/p>\n<p>1 adag = 1800 mg, amely kb. 1 csapott k\u00e1v\u00e9skan\u00e1lnak felel meg.<\/p>\n<\/div>\n<\/form>\n","protected":false},"excerpt":{"rendered":"<div class=\"product-short-description\">\n<div class=\"product-short-description\">\n<div class=\"product-short-description\">\n<div class=\"product-short-description\">\n<div class=\"product-short-description\">\n<div class=\"product-short-description\">\n<div class=\"product-short-description\">\n<div class=\"product-short-description\">\n<div class=\"product-short-description\">\n<div class=\"product-short-description\">\n<p>Tiszta L-aszkorbinsavat tartalmaz\u00f3 k\u00e9sz\u00edtm\u00e9ny, amely alkalmas a napi sz\u00fcks\u00e9ges C-vitamin p\u00f3tl\u00e1s\u00e1ra, valamint s\u00fct\u00e9shez, f\u0151z\u00e9shez, bef\u0151ttek, savany\u00fas\u00e1gok \u00e9s lekv\u00e1rok k\u00e9sz\u00edt\u00e9s\u00e9hez is felhaszn\u00e1lhat\u00f3.<\/p>\n<\/div>\n<\/div>\n<\/div>\n<\/div>\n<\/div>\n<\/div>\n<\/div>\n<form class=\"cart\" action=\"https:\/\/vitaminnagyker.hu\/termek\/bioco-b12-vitamin-1000mcg-tabletta-60db\/\" enctype=\"multipart\/form-data\" method=\"post\">\n<div class=\"ux-quantity quantity buttons_added\"><\/div>\n<\/form>\n<\/div>\n<form class=\"cart\" action=\"https:\/\/vitaminnagyker.hu\/termek\/bioco-cink-biszglicinat-tabletta-60db\/\" enctype=\"multipart\/form-data\" method=\"post\">\n<div class=\"ux-quantity quantity buttons_added\"><\/div>\n<\/form>\n<\/div>\n<form class=\"cart\" action=\"https:\/\/vitaminnagyker.hu\/termek\/bioco-100-vegan-cd-duo-c-vitamin-1000mgalga-d3-vitamin-filmtabletta-90db\/\" enctype=\"multipart\/form-data\" method=\"post\">\n<div class=\"ux-quantity quantity buttons_added\"><\/div>\n<\/form>\n<\/div>\n<form class=\"cart\" action=\"https:\/\/vitaminnagyker.hu\/termek\/bioco-bioaktiv-folat-5-mthf-tabletta-30db\/\" enctype=\"multipart\/form-data\" method=\"post\">\n<div class=\"ux-quantity quantity buttons_added\"><\/div>\n<\/form>\n","protected":false},"featured_media":5558,"comment_status":"closed","ping_status":"open","template":"","meta":[],"product_cat":[60],"product_tag":[],"class_list":{"0":"post-5557","1":"product","2":"type-product","3":"status-publish","4":"has-post-thumbnail","6":"product_brand-bioco","7":"product_cat-vitaminok","9":"first","10":"instock","11":"purchasable","12":"product-type-simple"},"_links":{"self":[{"href":"https:\/\/vitamin.coredesign.hu\/index.php?rest_route=\/wp\/v2\/product\/5557","targetHints":{"allow":["GET"]}}],"collection":[{"href":"https:\/\/vitamin.coredesign.hu\/index.php?rest_route=\/wp\/v2\/product"}],"about":[{"href":"https:\/\/vitamin.coredesign.hu\/index.php?rest_route=\/wp\/v2\/types\/product"}],"replies":[{"embeddable":true,"href":"https:\/\/vitamin.coredesign.hu\/index.php?rest_route=%2Fwp%2Fv2%2Fcomments&post=5557"}],"wp:featuredmedia":[{"embeddable":true,"href":"https:\/\/vitamin.coredesign.hu\/index.php?rest_route=\/wp\/v2\/media\/5558"}],"wp:attachment":[{"href":"https:\/\/vitamin.coredesign.hu\/index.php?rest_route=%2Fwp%2Fv2%2Fmedia&parent=5557"}],"wp:term":[{"taxonomy":"product_cat","embeddable":true,"href":"https:\/\/vitamin.coredesign.hu\/index.php?rest_route=%2Fwp%2Fv2%2Fproduct_cat&post=5557"},{"taxonomy":"product_tag","embeddable":true,"href":"https:\/\/vitamin.coredesign.hu\/index.php?rest_route=%2Fwp%2Fv2%2Fproduct_tag&post=5557"}],"curies":[{"name":"wp","href":"https:\/\/api.w.org\/{rel}","templated":true}]}}