{"id":5555,"date":"2025-10-12T12:29:05","date_gmt":"2025-10-12T10:29:05","guid":{"rendered":"https:\/\/vitamin.coredesign.hu\/?product=bioco-suli-vitamin-cseresznye-izu-ragotabletta-90db"},"modified":"2026-01-08T23:26:37","modified_gmt":"2026-01-08T22:26:37","slug":"bioco-suli-vitamin-cseresznye-izu-ragotabletta-90db","status":"publish","type":"product","link":"https:\/\/vitamin.coredesign.hu\/?product=bioco-suli-vitamin-cseresznye-izu-ragotabletta-90db","title":{"rendered":"BioCo Suli-Vitamin cseresznye \u00edz\u0171 r\u00e1g\u00f3tabletta \u2013 90db"},"content":{"rendered":"<p>&nbsp;<\/p>\n<div id=\"lt-accessibility-devtools\" aria-hidden=\"true\"><\/div>\n<div class=\"product-short-description\">\n<div class=\"product-short-description\">\n<div class=\"product-short-description\">\n<div class=\"product-short-description\">\n<div class=\"product-short-description\">\n<div class=\"product-short-description\">\n<div class=\"product-short-description\">\n<div class=\"product-short-description\">\n<div class=\"product-short-description\">\n<p>Iskol\u00e1skor\u00fa, 6-14 \u00e9ves gyermekek sz\u00e1m\u00e1ra \u00f6ssze\u00e1ll\u00edtott multivitamin k\u00e9sz\u00edtm\u00e9ny 7-f\u00e9le hat\u00f3anyaggal, finom cseresznye \u00edzben. K\u00f6nnyen elr\u00e1gcs\u00e1lhat\u00f3 vagy elszopogathat\u00f3 r\u00e1g\u00f3tabletta kiszerel\u00e9s\u0171, glut\u00e9nmentes, lakt\u00f3zmentes, veget\u00e1ri\u00e1nus term\u00e9k cukorral \u00e9s \u00e9des\u00edt\u0151szerekkel.<\/p>\n<\/div>\n<\/div>\n<\/div>\n<\/div>\n<\/div>\n<\/div>\n<\/div>\n<\/div>\n<\/div>\n<form class=\"cart\" action=\"https:\/\/vitaminnagyker.hu\/termek\/bioco-bioaktiv-folat-5-mthf-tabletta-30db\/\" enctype=\"multipart\/form-data\" method=\"post\">\n<div class=\"ux-quantity quantity buttons_added\">\n<h2>BioCo Suli-Vitamin cseresznye \u00edz\u0171 r\u00e1g\u00f3tabletta<\/h2>\n<p>Iskol\u00e1skor\u00fa, 6-14 \u00e9ves gyermekek sz\u00e1m\u00e1ra \u00f6ssze\u00e1ll\u00edtott multivitamin k\u00e9sz\u00edtm\u00e9ny 7-f\u00e9le hat\u00f3anyaggal, finom cseresznye \u00edzben. K\u00f6nnyen elr\u00e1gcs\u00e1lhat\u00f3 vagy elszopogathat\u00f3 r\u00e1g\u00f3tabletta kiszerel\u00e9s\u0171, glut\u00e9nmentes, lakt\u00f3zmentes, veget\u00e1ri\u00e1nus term\u00e9k cukorral \u00e9s \u00e9des\u00edt\u0151szerekkel.<\/p>\n<p>A k\u00e9sz\u00edtm\u00e9ny tartalmazza a gyermekek szellemi (kognit\u00edv) k\u00e9pess\u00e9g\u00e9nek fejl\u0151d\u00e9s\u00e9hez sz\u00fcks\u00e9ges vasat, kiz\u00e1r\u00f3lag szerves vegy\u00fcletform\u00e1ban.<\/p>\n<p>A r\u00e1g\u00f3tabletta jelent\u0151s mennyis\u00e9g\u0171 D-vitamin bevitelt biztos\u00edt, mely hozz\u00e1j\u00e1rul a gyermekek immunrendszer\u00e9nek megfelel\u0151 m\u0171k\u00f6d\u00e9s\u00e9hez, csontjaik megfelel\u0151 n\u00f6veked\u00e9s\u00e9hez \u00e9s fejl\u0151d\u00e9s\u00e9hez.<\/p>\n<p>A SULI vitamin szerves vegy\u00fcletform\u00e1j\u00fa cinket \u00e9s szel\u00e9nt, illetve jelent\u0151s mennyis\u00e9g\u0171 C-vitamint is tartalmaz, bioakt\u00edv B6- \u00e9s B12-vitaminokkal kieg\u00e9sz\u00edtve.<\/p>\n<p>A biol\u00f3giailag akt\u00edv molekulaform\u00e1j\u00fa B-vitaminok a szervezet sz\u00e1m\u00e1ra \u00e1talak\u00edt\u00e1s n\u00e9lk\u00fcl, azonnal hasznos\u00edthat\u00f3k.<\/p>\n<ul>\n<li>VEGET\u00c1RI\u00c1NUS term\u00e9k<\/li>\n<li>Lakt\u00f3zmentes<\/li>\n<li>Glut\u00e9nmentes<\/li>\n<li>TERM\u00c9SZETES arom\u00e1val<\/li>\n<li>J\u00d3L L\u00c1THAT\u00d3 HAT\u00d3ANYAGSZEMCS\u00c9KKEL<\/li>\n<\/ul>\n<h3>Hat\u00f3anyagok 1 r\u00e1g\u00f3tablett\u00e1ban:<\/h3>\n<ul>\n<li>B6-vitamin (bioakt\u00edv piridox\u00e1l-5-foszf\u00e1t form\u00e1ban) 0,7 mg<\/li>\n<li>B12-vitamin (bioakt\u00edv metilkobalaminform\u00e1ban) 1,25 \u00b5g<\/li>\n<li>C-vitamin 300 mg<\/li>\n<li>D3-vitamin 5 \u00b5g (200 NE)<\/li>\n<li>Vas (szerves form\u00e1ban) 2,1 mg<\/li>\n<li>Cink (szerves form\u00e1ban) 5 mg<\/li>\n<li>Szel\u00e9n (szervesform\u00e1ban) 22 \u00b5g<\/li>\n<\/ul>\n<h3>\u00d6sszetev\u0151k:<\/h3>\n<p>dextr\u00f3z;n\u00e1trium-aszkorb\u00e1t; f\u00e9nyez\u0151 anyagok (zs\u00edrsavak); L-aszkorbinsav; cseresznye \u00edz\u0171 term\u00e9szetes aroma; cink-citr\u00e1t; csom\u00f3sod\u00e1st g\u00e1tl\u00f3 anyag (szil\u00edcium-dioxid); vas(II)-fumar\u00e1t; \u00e9des\u00edt\u0151szerek (szukral\u00f3z, n\u00e1trium-ciklam\u00e1t); piridox\u00e1l-5-foszf\u00e1t; L-szeleno-metionin; kolekalciferol; metilkobalamin.<\/p>\n<h3>Adagol\u00e1s:<\/h3>\n<p>6-10 \u00e9veseknek napi 1 r\u00e1g\u00f3tablett\u00e1t, 11-14 \u00e9veseknek napi 2 r\u00e1g\u00f3tablett\u00e1t elr\u00e1gni vagy elszopogatni.<\/p>\n<\/div>\n<\/form>\n","protected":false},"excerpt":{"rendered":"<div class=\"product-short-description\">\n<div class=\"product-short-description\">\n<div class=\"product-short-description\">\n<div class=\"product-short-description\">\n<div class=\"product-short-description\">\n<div class=\"product-short-description\">\n<div class=\"product-short-description\">\n<div class=\"product-short-description\">\n<div class=\"product-short-description\">\n<p>Iskol\u00e1skor\u00fa, 6-14 \u00e9ves gyermekek sz\u00e1m\u00e1ra \u00f6ssze\u00e1ll\u00edtott multivitamin k\u00e9sz\u00edtm\u00e9ny 7-f\u00e9le hat\u00f3anyaggal, finom cseresznye \u00edzben. K\u00f6nnyen elr\u00e1gcs\u00e1lhat\u00f3 vagy elszopogathat\u00f3 r\u00e1g\u00f3tabletta kiszerel\u00e9s\u0171, glut\u00e9nmentes, lakt\u00f3zmentes, veget\u00e1ri\u00e1nus term\u00e9k cukorral \u00e9s \u00e9des\u00edt\u0151szerekkel.<\/p>\n<\/div>\n<\/div>\n<\/div>\n<\/div>\n<\/div>\n<\/div>\n<form class=\"cart\" action=\"https:\/\/vitaminnagyker.hu\/termek\/bioco-b12-vitamin-1000mcg-tabletta-60db\/\" enctype=\"multipart\/form-data\" method=\"post\">\n<div class=\"ux-quantity quantity buttons_added\"><\/div>\n<\/form>\n<\/div>\n<form class=\"cart\" action=\"https:\/\/vitaminnagyker.hu\/termek\/bioco-cink-biszglicinat-tabletta-60db\/\" enctype=\"multipart\/form-data\" method=\"post\">\n<div class=\"ux-quantity quantity buttons_added\"><\/div>\n<\/form>\n<\/div>\n<form class=\"cart\" action=\"https:\/\/vitaminnagyker.hu\/termek\/bioco-100-vegan-cd-duo-c-vitamin-1000mgalga-d3-vitamin-filmtabletta-90db\/\" enctype=\"multipart\/form-data\" method=\"post\">\n<div class=\"ux-quantity quantity buttons_added\"><\/div>\n<\/form>\n<\/div>\n<form class=\"cart\" action=\"https:\/\/vitaminnagyker.hu\/termek\/bioco-bioaktiv-folat-5-mthf-tabletta-30db\/\" enctype=\"multipart\/form-data\" method=\"post\">\n<div class=\"ux-quantity quantity buttons_added\"><\/div>\n<\/form>\n","protected":false},"featured_media":5556,"comment_status":"closed","ping_status":"open","template":"","meta":[],"product_cat":[60],"product_tag":[],"class_list":{"0":"post-5555","1":"product","2":"type-product","3":"status-publish","4":"has-post-thumbnail","6":"product_brand-bioco","7":"product_cat-vitaminok","9":"first","10":"instock","11":"purchasable","12":"product-type-simple"},"_links":{"self":[{"href":"https:\/\/vitamin.coredesign.hu\/index.php?rest_route=\/wp\/v2\/product\/5555","targetHints":{"allow":["GET"]}}],"collection":[{"href":"https:\/\/vitamin.coredesign.hu\/index.php?rest_route=\/wp\/v2\/product"}],"about":[{"href":"https:\/\/vitamin.coredesign.hu\/index.php?rest_route=\/wp\/v2\/types\/product"}],"replies":[{"embeddable":true,"href":"https:\/\/vitamin.coredesign.hu\/index.php?rest_route=%2Fwp%2Fv2%2Fcomments&post=5555"}],"wp:featuredmedia":[{"embeddable":true,"href":"https:\/\/vitamin.coredesign.hu\/index.php?rest_route=\/wp\/v2\/media\/5556"}],"wp:attachment":[{"href":"https:\/\/vitamin.coredesign.hu\/index.php?rest_route=%2Fwp%2Fv2%2Fmedia&parent=5555"}],"wp:term":[{"taxonomy":"product_cat","embeddable":true,"href":"https:\/\/vitamin.coredesign.hu\/index.php?rest_route=%2Fwp%2Fv2%2Fproduct_cat&post=5555"},{"taxonomy":"product_tag","embeddable":true,"href":"https:\/\/vitamin.coredesign.hu\/index.php?rest_route=%2Fwp%2Fv2%2Fproduct_tag&post=5555"}],"curies":[{"name":"wp","href":"https:\/\/api.w.org\/{rel}","templated":true}]}}