{"id":5554,"date":"2025-10-12T12:29:05","date_gmt":"2025-10-12T10:29:05","guid":{"rendered":"https:\/\/vitamin.coredesign.hu\/?product=bioco-mini-c-vitamin-250mg-tabletta-120db"},"modified":"2026-01-08T23:26:37","modified_gmt":"2026-01-08T22:26:37","slug":"bioco-mini-c-vitamin-250mg-tabletta-120db","status":"publish","type":"product","link":"https:\/\/vitamin.coredesign.hu\/?product=bioco-mini-c-vitamin-250mg-tabletta-120db","title":{"rendered":"BioCo Mini C-vitamin 250mg tabletta \u2013 120db"},"content":{"rendered":"<p>&nbsp;<\/p>\n<div id=\"lt-accessibility-devtools\" aria-hidden=\"true\"><\/div>\n<div class=\"product-short-description\">\n<div class=\"product-short-description\">\n<div class=\"product-short-description\">\n<div class=\"product-short-description\">\n<div class=\"product-short-description\">\n<div class=\"product-short-description\">\n<div class=\"product-short-description\">\n<div class=\"product-short-description\">\n<p>Tablett\u00e1nk\u00e9nt 250 mg C-vitamint tartalmaz\u00f3 k\u00e9sz\u00edtm\u00e9ny csipkebogy\u00f3-kivonattal, nagy kiszerel\u00e9s\u0171, 120 db-os csal\u00e1di csomagban. A tablett\u00e1k kism\u00e9ret\u0171ek, \u00edgy nyel\u00e9si neh\u00e9zs\u00e9ggel k\u00fczd\u0151knek vagy kisgyermekeknek is ide\u00e1lis C-vitamin-p\u00f3tl\u00e1sra.<\/p>\n<\/div>\n<\/div>\n<\/div>\n<\/div>\n<\/div>\n<\/div>\n<\/div>\n<\/div>\n<form class=\"cart\" action=\"https:\/\/vitaminnagyker.hu\/termek\/bioco-bioaktiv-folat-5-mthf-tabletta-30db\/\" enctype=\"multipart\/form-data\" method=\"post\">\n<div class=\"ux-quantity quantity buttons_added\">\n<h2>BioCo Mini C-vitamin 250mg tabletta<\/h2>\n<p>A C-vitamint fontos rendszeresen p\u00f3tolni, mert az emberi szervezet nem tudja el\u0151\u00e1ll\u00edtani. N\u00e9lk\u00fcl\u00f6zhetetlen t\u00f6bbek k\u00f6z\u00f6tt az immunrendszer \u00e9s az idegrendszer megfelel\u0151 m\u0171k\u00f6d\u00e9s\u00e9hez, a stressz, a kif\u00e1rad\u00e1s cs\u00f6kkent\u00e9s\u00e9hez, az erek v\u00e9delm\u00e9hez, valamint a vas felsz\u00edv\u00f3d\u00e1s\u00e1hoz.<\/p>\n<p>A k\u00e9sz\u00edtm\u00e9nyben tal\u00e1lhat\u00f3 C-vitamin fokozatosan szabadul fel, \u00e9s hosszan tart\u00f3 vitaminp\u00f3tl\u00e1st biztos\u00edt a szervezetnek. J\u00f3t\u00e9kony hat\u00e1s\u00e1t csipkebogy\u00f3-kivonat gazdag\u00edtja, amely kiv\u00e1l\u00f3 term\u00e9szetes C-vitamin-forr\u00e1s, r\u00e1ad\u00e1sul \u00e9rt\u00e9kes n\u00f6v\u00e9nyi vegy\u00fcleteivel el\u0151seg\u00edti a vitaminok min\u00e9l jobb felsz\u00edv\u00f3d\u00e1s\u00e1t \u00e9s hasznosul\u00e1s\u00e1t.<\/p>\n<p>A BioCo k\u00e9sz\u00edtm\u00e9nye kism\u00e9ret\u0171, 9 mm \u00e1tm\u00e9r\u0151j\u0171 tablett\u00e1kat tartalmaz, amelyek megk\u00f6nny\u00edtik a napi C-vitamin-p\u00f3tl\u00e1st a gyermekek, illetve a nyel\u00e9si neh\u00e9zs\u00e9ggel k\u00fczd\u0151 feln\u0151ttek sz\u00e1m\u00e1ra is. Glut\u00e9nmentes, lakt\u00f3zmentes, sz\u00ednez\u00e9kmentes, veg\u00e1n term\u00e9k.<\/p>\n<h3>Mikor aj\u00e1nlott a BioCo Mini C-vitamin tabletta?<\/h3>\n<ul>\n<li>a napi sz\u00fcks\u00e9ges C-vitamin p\u00f3tl\u00e1s\u00e1ra, fokozott vitaminsz\u00fcks\u00e9glet eset\u00e9n is<\/li>\n<li>az immunrendszer megfelel\u0151 m\u0171k\u00f6d\u00e9s\u00e9nek t\u00e1mogat\u00e1s\u00e1ra<\/li>\n<li>a fert\u0151z\u00e9sekkel, betegs\u00e9gekkel szembeni ellen\u00e1ll\u00f3 k\u00e9pess\u00e9g n\u00f6vel\u00e9s\u00e9re<\/li>\n<li>betegs\u00e9g eset\u00e9n a gy\u00f3gyul\u00e1si folyamatok felgyors\u00edt\u00e1s\u00e1ra<\/li>\n<li>a f\u00e1radts\u00e1g \u00e9s a kif\u00e1rad\u00e1s cs\u00f6kkent\u00e9s\u00e9re<\/li>\n<li>a sejtek oxidat\u00edv stresszel szembeni v\u00e9delm\u00e9re<\/li>\n<li>az idegrendszer kiegyens\u00falyozott m\u0171k\u00f6d\u00e9s\u00e9nek el\u0151seg\u00edt\u00e9s\u00e9re<\/li>\n<li>a sz\u00edv \u00e9s az \u00e9rrendszer eg\u00e9szs\u00e9g\u00e9nek t\u00e1mogat\u00e1s\u00e1ra<\/li>\n<li>a porcok, az \u00edz\u00fcletek az \u00ednszalagok, valamint a fog\u00edny eg\u00e9szs\u00e9g\u00e9nek meg\u0151rz\u00e9s\u00e9re<\/li>\n<li>a b\u0151r, a haj \u00e9s a k\u00f6rm\u00f6k sz\u00e9ps\u00e9g\u00e9nek, er\u0151ss\u00e9g\u00e9nek fenntart\u00e1s\u00e1ra<\/li>\n<li>rendszeres doh\u00e1nyz\u00e1s eset\u00e9n<\/li>\n<\/ul>\n<h3>Hat\u00f3anyagok 1 tablett\u00e1ban:<\/h3>\n<ul>\n<li>C-vitamin 250 mg (312,5 NRV%*)<\/li>\n<li>Csipkebogy\u00f3-kivonat 5 mg<\/li>\n<\/ul>\n<p>*NRV%: Vitaminok \u00e9s \u00e1sv\u00e1nyi anyagok napi beviteli referencia\u00e9rt\u00e9ke %-ban (feln\u0151ttek eset\u00e9ben)<\/p>\n<h3>\u00d6sszetev\u0151k:<\/h3>\n<p>L-aszkorbinsav; t\u00f6megn\u00f6vel\u0151 szer (mikrokrist\u00e1lyos cellul\u00f3z, hidroxipropil-metil-cellul\u00f3z); f\u00e9nyez\u0151anyag (zs\u00edrsavak); csipkebogy\u00f3-kivonat (5 mg\/tabletta); csom\u00f3sod\u00e1st g\u00e1tl\u00f3k (zs\u00edrsavak magn\u00e9ziums\u00f3i).<\/p>\n<h3>Felhaszn\u00e1l\u00e1si javaslat:<\/h3>\n<p>A BioCo Mini C-vitamin tabletta k\u00e9sz\u00edtm\u00e9ny napi aj\u00e1nlott adagja feln\u0151tteknek 1-4 tabletta, 3 \u00e9v feletti gyermekeknek 1-2 tabletta. B\u0151 folyad\u00e9kkal kell lenyelni.<\/p>\n<\/div>\n<\/form>\n","protected":false},"excerpt":{"rendered":"<div class=\"product-short-description\">\n<div class=\"product-short-description\">\n<div class=\"product-short-description\">\n<div class=\"product-short-description\">\n<div class=\"product-short-description\">\n<div class=\"product-short-description\">\n<div class=\"product-short-description\">\n<div class=\"product-short-description\">\n<p>Tablett\u00e1nk\u00e9nt 250 mg C-vitamint tartalmaz\u00f3 k\u00e9sz\u00edtm\u00e9ny csipkebogy\u00f3-kivonattal, nagy kiszerel\u00e9s\u0171, 120 db-os csal\u00e1di csomagban. A tablett\u00e1k kism\u00e9ret\u0171ek, \u00edgy nyel\u00e9si neh\u00e9zs\u00e9ggel k\u00fczd\u0151knek vagy kisgyermekeknek is ide\u00e1lis C-vitamin-p\u00f3tl\u00e1sra.<\/p>\n<\/div>\n<\/div>\n<\/div>\n<\/div>\n<\/div>\n<form class=\"cart\" action=\"https:\/\/vitaminnagyker.hu\/termek\/bioco-b12-vitamin-1000mcg-tabletta-60db\/\" enctype=\"multipart\/form-data\" method=\"post\">\n<div class=\"ux-quantity quantity buttons_added\"><\/div>\n<\/form>\n<\/div>\n<form class=\"cart\" action=\"https:\/\/vitaminnagyker.hu\/termek\/bioco-cink-biszglicinat-tabletta-60db\/\" enctype=\"multipart\/form-data\" method=\"post\">\n<div class=\"ux-quantity quantity buttons_added\"><\/div>\n<\/form>\n<\/div>\n<form class=\"cart\" action=\"https:\/\/vitaminnagyker.hu\/termek\/bioco-100-vegan-cd-duo-c-vitamin-1000mgalga-d3-vitamin-filmtabletta-90db\/\" enctype=\"multipart\/form-data\" method=\"post\">\n<div class=\"ux-quantity quantity buttons_added\"><\/div>\n<\/form>\n<\/div>\n<form class=\"cart\" action=\"https:\/\/vitaminnagyker.hu\/termek\/bioco-bioaktiv-folat-5-mthf-tabletta-30db\/\" enctype=\"multipart\/form-data\" method=\"post\">\n<div class=\"ux-quantity quantity buttons_added\"><\/div>\n<\/form>\n","protected":false},"featured_media":0,"comment_status":"closed","ping_status":"open","template":"","meta":[],"product_cat":[60],"product_tag":[],"class_list":{"0":"post-5554","1":"product","2":"type-product","3":"status-publish","5":"product_brand-bioco","6":"product_cat-vitaminok","8":"first","9":"instock","10":"purchasable","11":"product-type-simple"},"_links":{"self":[{"href":"https:\/\/vitamin.coredesign.hu\/index.php?rest_route=\/wp\/v2\/product\/5554","targetHints":{"allow":["GET"]}}],"collection":[{"href":"https:\/\/vitamin.coredesign.hu\/index.php?rest_route=\/wp\/v2\/product"}],"about":[{"href":"https:\/\/vitamin.coredesign.hu\/index.php?rest_route=\/wp\/v2\/types\/product"}],"replies":[{"embeddable":true,"href":"https:\/\/vitamin.coredesign.hu\/index.php?rest_route=%2Fwp%2Fv2%2Fcomments&post=5554"}],"wp:attachment":[{"href":"https:\/\/vitamin.coredesign.hu\/index.php?rest_route=%2Fwp%2Fv2%2Fmedia&parent=5554"}],"wp:term":[{"taxonomy":"product_cat","embeddable":true,"href":"https:\/\/vitamin.coredesign.hu\/index.php?rest_route=%2Fwp%2Fv2%2Fproduct_cat&post=5554"},{"taxonomy":"product_tag","embeddable":true,"href":"https:\/\/vitamin.coredesign.hu\/index.php?rest_route=%2Fwp%2Fv2%2Fproduct_tag&post=5554"}],"curies":[{"name":"wp","href":"https:\/\/api.w.org\/{rel}","templated":true}]}}