{"id":5552,"date":"2025-10-12T12:29:05","date_gmt":"2025-10-12T10:29:05","guid":{"rendered":"https:\/\/vitamin.coredesign.hu\/?product=bioco-100-vegan-alga-d3-vitamin-2000ne-tabletta-60db"},"modified":"2026-01-08T23:40:11","modified_gmt":"2026-01-08T22:40:11","slug":"bioco-100-vegan-alga-d3-vitamin-2000ne-tabletta-60db","status":"publish","type":"product","link":"https:\/\/vitamin.coredesign.hu\/?product=bioco-100-vegan-alga-d3-vitamin-2000ne-tabletta-60db","title":{"rendered":"BioCo 100% VEGAN Alga D3-vitamin 2000NE tabletta \u2013 60db"},"content":{"rendered":"<p>&nbsp;<\/p>\n<div id=\"lt-accessibility-devtools\" aria-hidden=\"true\"><\/div>\n<div class=\"product-short-description\">\n<div class=\"product-short-description\">\n<div class=\"product-short-description\">\n<div class=\"product-short-description\">\n<div class=\"product-short-description\">\n<div class=\"product-short-description\">\n<div class=\"product-short-description\">\n<p>Kiz\u00e1r\u00f3lag speci\u00e1lis, alg\u00e1b\u00f3l sz\u00e1rmaz\u00f3 D3-vitamint tartalmaz\u00f3 veg\u00e1n k\u00e9sz\u00edtm\u00e9ny. Magas hat\u00f3anyag-tartalm\u00fa, tablett\u00e1nk\u00e9nt 2000 NE (nemzetk\u00f6zi egys\u00e9g) D-vitamint tartalmaz.<\/p>\n<\/div>\n<\/div>\n<\/div>\n<\/div>\n<\/div>\n<\/div>\n<\/div>\n<form class=\"cart\" action=\"https:\/\/vitaminnagyker.hu\/termek\/bioco-bioaktiv-folat-5-mthf-tabletta-30db\/\" enctype=\"multipart\/form-data\" method=\"post\">\n<div class=\"ux-quantity quantity buttons_added\">\n<h2>BioCo 100% VEGAN Alga D3-vitamin 2000NE tabletta<\/h2>\n<p>A BioCo 100% VEGAN term\u00e9kcsal\u00e1d a min\u0151s\u00e9g garanci\u00e1ja a veg\u00e1n \u00e9letm\u00f3dot k\u00f6vet\u0151k sz\u00e1m\u00e1ra. A term\u00e9kekbe ker\u00fcl\u0151 valamennyi \u00f6sszetev\u0151t kiemelt gondoss\u00e1ggal v\u00e1logatt\u00e1k \u00e9s ellen\u0151rizt\u00e9k, amit a veg\u00e1n fogyaszt\u00f3k 100%-os biztons\u00e1ggal v\u00e1laszthatnak.<\/p>\n<p>A D-vitaminnak a csontok \u00e9s a fogak megfelel\u0151 fejl\u0151d\u00e9s\u00e9nek el\u0151seg\u00edt\u00e9se, er\u0151ss\u00e9g\u00e9nek megtart\u00e1sa, valamint a csontritkul\u00e1s megel\u0151z\u00e9se mellett kiemelt szerepe van az immunrendszer norm\u00e1l m\u0171k\u00f6d\u00e9s\u00e9ben. Jelent\u0151sen megn\u00f6veli a fert\u0151z\u00e9sekkel, betegs\u00e9gekkel szembeni ellen\u00e1ll\u00f3 k\u00e9pess\u00e9get, betegs\u00e9g eset\u00e9n pedig felgyors\u00edthatja a gy\u00f3gyul\u00e1st, megel\u0151zheti a s\u00falyosabb sz\u00f6v\u0151dm\u00e9nyek kialakul\u00e1s\u00e1t.<\/p>\n<p>A BioCo k\u00e9sz\u00edtm\u00e9nye kiz\u00e1r\u00f3lag algaeredet\u0171 D3-vitamint tartalmaz, emelt hat\u00f3anyag-mennyis\u00e9gben, tablett\u00e1nk\u00e9nt 2000 NE-ben. 100%-ban veg\u00e1n term\u00e9k!<\/p>\n<h3>Mikor aj\u00e1nlott a BioCo 100% VEGAN Alga D3-vitamin 2000 NE tabletta?<\/h3>\n<ul>\n<li>a napi sz\u00fcks\u00e9ges D-vitamin p\u00f3tl\u00e1s\u00e1ra, veg\u00e1nok sz\u00e1m\u00e1ra is<\/li>\n<li>az immunrendszer megfelel\u0151 m\u0171k\u00f6d\u00e9s\u00e9nek t\u00e1mogat\u00e1s\u00e1ra<\/li>\n<li>a fert\u0151z\u00e9sekkel, betegs\u00e9gekkel szembeni ellen\u00e1ll\u00f3 k\u00e9pess\u00e9g n\u00f6vel\u00e9s\u00e9re<\/li>\n<li>betegs\u00e9g eset\u00e9n a gy\u00f3gyul\u00e1si folyamatok felgyors\u00edt\u00e1s\u00e1ra<\/li>\n<li>autoimmun betegs\u00e9g \u00e9s diab\u00e9tesz eset\u00e9n<\/li>\n<li>a csontok \u00e9s a fogak er\u0151ss\u00e9g\u00e9nek, eg\u00e9szs\u00e9g\u00e9nek fenntart\u00e1s\u00e1ra<\/li>\n<li>a sejtek oxidat\u00edv stresszel szembeni v\u00e9delm\u00e9re<\/li>\n<li>az idegrendszer kiegyens\u00falyozott m\u0171k\u00f6d\u00e9s\u00e9nek el\u0151seg\u00edt\u00e9s\u00e9re<\/li>\n<li>a sz\u00edv \u00e9s az \u00e9rrendszer eg\u00e9szs\u00e9g\u00e9nek t\u00e1mogat\u00e1s\u00e1ra<\/li>\n<\/ul>\n<h3>Hat\u00f3anyagok 1 tablett\u00e1ban:<\/h3>\n<ul>\n<li>D3-vitamin (algaeredet\u0171) 50 \u00b5g (2000 NE)** 1000%*<\/li>\n<\/ul>\n<p>*NRV%: Vitaminok \u00e9s \u00e1sv\u00e1nyi anyagok napi beviteli referencia\u00e9rt\u00e9ke %-ban (feln\u0151ttek eset\u00e9ben)<\/p>\n<p>**NE (Nemzetk\u00f6zi Egys\u00e9g = International Unit)<\/p>\n<h3>\u00d6sszetev\u0151k:<\/h3>\n<p>T\u00f6megn\u00f6vel\u0151 szer (mikrokrist\u00e1lyos cellul\u00f3z); maltodextrin; f\u00e9nyez\u0151anyag (zs\u00edrsavak); csom\u00f3sod\u00e1st g\u00e1tl\u00f3 (szil\u00edcium-dioxid); kolekalciferol (algaeredet\u0171).<\/p>\n<h3>Felhaszn\u00e1l\u00e1si javaslat:<\/h3>\n<p>A BioCo 100% VEGAN Alga D3-vitamin 2000 NE k\u00e9sz\u00edtm\u00e9ny napi aj\u00e1nlott adagja 1 tabletta, b\u0151 folyad\u00e9kkal kell lenyelni.<\/p>\n<\/div>\n<\/form>\n","protected":false},"excerpt":{"rendered":"<div class=\"product-short-description\">\n<div class=\"product-short-description\">\n<div class=\"product-short-description\">\n<div class=\"product-short-description\">\n<div class=\"product-short-description\">\n<div class=\"product-short-description\">\n<div class=\"product-short-description\">\n<p>Kiz\u00e1r\u00f3lag speci\u00e1lis, alg\u00e1b\u00f3l sz\u00e1rmaz\u00f3 D3-vitamint tartalmaz\u00f3 veg\u00e1n k\u00e9sz\u00edtm\u00e9ny. Magas hat\u00f3anyag-tartalm\u00fa, tablett\u00e1nk\u00e9nt 2000 NE (nemzetk\u00f6zi egys\u00e9g) D-vitamint tartalmaz.<\/p>\n<\/div>\n<\/div>\n<\/div>\n<\/div>\n<form class=\"cart\" action=\"https:\/\/vitaminnagyker.hu\/termek\/bioco-b12-vitamin-1000mcg-tabletta-60db\/\" enctype=\"multipart\/form-data\" method=\"post\">\n<div class=\"ux-quantity quantity buttons_added\"><\/div>\n<\/form>\n<\/div>\n<form class=\"cart\" action=\"https:\/\/vitaminnagyker.hu\/termek\/bioco-cink-biszglicinat-tabletta-60db\/\" enctype=\"multipart\/form-data\" method=\"post\">\n<div class=\"ux-quantity quantity buttons_added\"><\/div>\n<\/form>\n<\/div>\n<form class=\"cart\" action=\"https:\/\/vitaminnagyker.hu\/termek\/bioco-100-vegan-cd-duo-c-vitamin-1000mgalga-d3-vitamin-filmtabletta-90db\/\" enctype=\"multipart\/form-data\" method=\"post\">\n<div class=\"ux-quantity quantity buttons_added\"><\/div>\n<\/form>\n<\/div>\n<form class=\"cart\" action=\"https:\/\/vitaminnagyker.hu\/termek\/bioco-bioaktiv-folat-5-mthf-tabletta-30db\/\" enctype=\"multipart\/form-data\" method=\"post\">\n<div class=\"ux-quantity quantity buttons_added\"><\/div>\n<\/form>\n","protected":false},"featured_media":5553,"comment_status":"closed","ping_status":"closed","template":"","meta":[],"product_cat":[61,60],"product_tag":[],"class_list":{"0":"post-5552","1":"product","2":"type-product","3":"status-publish","4":"has-post-thumbnail","6":"product_brand-bioco","7":"product_cat-etrend-kiegeszitok","8":"product_cat-vitaminok","10":"first","11":"instock","12":"purchasable","13":"product-type-simple"},"_links":{"self":[{"href":"https:\/\/vitamin.coredesign.hu\/index.php?rest_route=\/wp\/v2\/product\/5552","targetHints":{"allow":["GET"]}}],"collection":[{"href":"https:\/\/vitamin.coredesign.hu\/index.php?rest_route=\/wp\/v2\/product"}],"about":[{"href":"https:\/\/vitamin.coredesign.hu\/index.php?rest_route=\/wp\/v2\/types\/product"}],"replies":[{"embeddable":true,"href":"https:\/\/vitamin.coredesign.hu\/index.php?rest_route=%2Fwp%2Fv2%2Fcomments&post=5552"}],"wp:featuredmedia":[{"embeddable":true,"href":"https:\/\/vitamin.coredesign.hu\/index.php?rest_route=\/wp\/v2\/media\/5553"}],"wp:attachment":[{"href":"https:\/\/vitamin.coredesign.hu\/index.php?rest_route=%2Fwp%2Fv2%2Fmedia&parent=5552"}],"wp:term":[{"taxonomy":"product_cat","embeddable":true,"href":"https:\/\/vitamin.coredesign.hu\/index.php?rest_route=%2Fwp%2Fv2%2Fproduct_cat&post=5552"},{"taxonomy":"product_tag","embeddable":true,"href":"https:\/\/vitamin.coredesign.hu\/index.php?rest_route=%2Fwp%2Fv2%2Fproduct_tag&post=5552"}],"curies":[{"name":"wp","href":"https:\/\/api.w.org\/{rel}","templated":true}]}}