{"id":5550,"date":"2025-10-12T12:29:05","date_gmt":"2025-10-12T10:29:05","guid":{"rendered":"https:\/\/vitamin.coredesign.hu\/?product=bioco-ovi-vitamin-ragotabletta-90db"},"modified":"2026-01-08T23:26:35","modified_gmt":"2026-01-08T22:26:35","slug":"bioco-ovi-vitamin-ragotabletta-90db","status":"publish","type":"product","link":"https:\/\/vitamin.coredesign.hu\/?product=bioco-ovi-vitamin-ragotabletta-90db","title":{"rendered":"BioCo OVI-Vitamin r\u00e1g\u00f3tabletta \u2013 90db"},"content":{"rendered":"<p>&nbsp;<\/p>\n<div id=\"lt-accessibility-devtools\" aria-hidden=\"true\"><\/div>\n<div class=\"product-short-description\">\n<div class=\"product-short-description\">\n<div class=\"product-short-description\">\n<div class=\"product-short-description\">\n<div class=\"product-short-description\">\n<div class=\"product-short-description\">\n<p>\u00d3vod\u00e1skor\u00fa, 3-6 \u00e9ves gyermekek sz\u00e1m\u00e1ra \u00f6ssze\u00e1ll\u00edtott multivitamin k\u00e9sz\u00edtm\u00e9ny 7-f\u00e9le hat\u00f3anyaggal, finom csereszny\u00e9s \u00edzben. K\u00f6nnyen elr\u00e1gcs\u00e1lhat\u00f3 vagy elszopogathat\u00f3 r\u00e1g\u00f3tabletta kiszerel\u00e9s\u0171, glut\u00e9nmentes, lakt\u00f3zmentes, veget\u00e1ri\u00e1nus term\u00e9k.<\/p>\n<\/div>\n<\/div>\n<\/div>\n<\/div>\n<\/div>\n<\/div>\n<form class=\"cart\" action=\"https:\/\/vitaminnagyker.hu\/termek\/bioco-bioaktiv-folat-5-mthf-tabletta-30db\/\" enctype=\"multipart\/form-data\" method=\"post\">\n<div class=\"ux-quantity quantity buttons_added\">\n<h2>BioCo OVI-Vitamin r\u00e1g\u00f3tabletta<\/h2>\n<p>Ez az ovisoknak \u00f6ssze\u00e1ll\u00edtott multivitaminos r\u00e1g\u00f3tabletta olyan vitaminokat \u00e9s \u00e1sv\u00e1nyi anyagokat tartalmaz, amelyek kiemelten fontosak a fejl\u0151d\u00e9sben l\u00e9v\u0151 szervezet sz\u00e1m\u00e1ra. Hozz\u00e1j\u00e1rul az immunrendszer megfelel\u0151 m\u0171k\u00f6d\u00e9s\u00e9hez, a kiegyens\u00falyozott idegrendszer fenntart\u00e1s\u00e1hoz, a fert\u0151z\u00e9sekkel, betegs\u00e9gekkel szembeni v\u00e9dekez\u0151k\u00e9pess\u00e9g er\u0151s\u00edt\u00e9s\u00e9hez. A csontok \u00e9s a fogak eg\u00e9szs\u00e9g\u00e9t, az eg\u00e9szs\u00e9ges izomm\u0171k\u00f6d\u00e9st is t\u00e1mogatja.<\/p>\n<p>A r\u00e1g\u00f3tablett\u00e1ban immuner\u0151s\u00edt\u0151 C-vitamin \u00e9s az ellen\u00e1ll\u00f3 k\u00e9pess\u00e9get n\u00f6vel\u0151 D-vitamin is tal\u00e1lhat\u00f3, amely a csontok \u00e9s a fogak megfelel\u0151 fejl\u0151d\u00e9s\u00e9hez, er\u0151ss\u00e9g\u00fck \u00e9s eg\u00e9szs\u00e9g\u00fck megtart\u00e1s\u00e1hoz is jelent\u0151sen hozz\u00e1j\u00e1rul. A B-vitaminok biztos\u00edtj\u00e1k az energi\u00e1t, a j\u00f3 em\u00e9szt\u00e9st, a pihentet\u0151 alv\u00e1st \u00e9s az esetleges stressz vagy szorong\u00e1s cs\u00f6kkent\u00e9s\u00e9t. Antioxid\u00e1ns hat\u00e1s\u00fa cinket \u00e9s szel\u00e9nt, valamint v\u00e9rk\u00e9pz\u0151 vasat is tartalmaz.<\/p>\n<p>A BioCo k\u00e9sz\u00edtm\u00e9nye term\u00e9szetes arom\u00e1val k\u00e9sz\u00fclt, finom csereszny\u00e9s \u00edz\u0171, glut\u00e9nmentes, lakt\u00f3zmentes, veget\u00e1ri\u00e1nus term\u00e9k.<\/p>\n<h3>Mikor aj\u00e1nlott a BioCo OVI vitamin r\u00e1g\u00f3tabletta?<\/h3>\n<ul>\n<li>\u00e1ltal\u00e1nos vitaminhi\u00e1ny megel\u0151z\u00e9s\u00e9re \u00e9s kezel\u00e9s\u00e9re<\/li>\n<li>a napi sz\u00fcks\u00e9ges vitaminok \u00e9s \u00e1sv\u00e1nyi anyagok biztos\u00edt\u00e1s\u00e1ra<\/li>\n<li>az immunrendszer megfelel\u0151 m\u0171k\u00f6d\u00e9s\u00e9nek t\u00e1mogat\u00e1s\u00e1ra<\/li>\n<li>a fert\u0151z\u00e9sekkel, betegs\u00e9gekkel szembeni ellen\u00e1ll\u00f3 k\u00e9pess\u00e9g n\u00f6vel\u00e9s\u00e9re<\/li>\n<li>gyakori betegesked\u00e9s, visszat\u00e9r\u0151 fert\u0151z\u00e9sek eset\u00e9n<\/li>\n<li>betegs\u00e9g, m\u0171t\u00e9t ut\u00e1ni l\u00e1badoz\u00e1s id\u0151szak\u00e1ban<\/li>\n<li>az idegrendszer kiegyens\u00falyozott m\u0171k\u00f6d\u00e9s\u00e9nek el\u0151seg\u00edt\u00e9s\u00e9re<\/li>\n<li>a csontok \u00e9s a fogak megfelel\u0151 fejl\u0151d\u00e9s\u00e9nek el\u0151seg\u00edt\u00e9s\u00e9re<\/li>\n<li>rossz \u00e9tv\u00e1gyn\u00e1l, alult\u00e1pl\u00e1lts\u00e1gn\u00e1l<\/li>\n<li>gyenges\u00e9gn\u00e9l, f\u00e1rad\u00e9konys\u00e1gn\u00e1l<\/li>\n<li>koncentr\u00e1l\u00e1si neh\u00e9zs\u00e9gekn\u00e9l<\/li>\n<\/ul>\n<h3>Hat\u00f3anyagok 1 r\u00e1g\u00f3tablett\u00e1ban:<\/h3>\n<ul>\n<li>B6-vitamin (bioakt\u00edv piridox\u00e1l-5-foszf\u00e1t form\u00e1ban) 0,35 mg<\/li>\n<li>B12-vitamin (bioakt\u00edv metilkobalamin form\u00e1ban) 1 \u00b5g<\/li>\n<li>C-vitamin 150 mg<\/li>\n<li>D3-vitamin 5 \u00b5g (200 NE)<\/li>\n<li>Vas (szerves form\u00e1ban) 2,1 mg<\/li>\n<li>Cink (szerves form\u00e1ban) 2,5 mg<\/li>\n<li>Szel\u00e9n (szerves form\u00e1ban) 11 \u00b5g<\/li>\n<\/ul>\n<h3>\u00d6sszetev\u0151k:<\/h3>\n<p>Dextr\u00f3z; f\u00e9nyez\u0151anyagok (zs\u00edrsavak); n\u00e1trium-aszkorb\u00e1t; L-aszkorbinsav, cseresznye\u00edz\u0171 term\u00e9szetes aroma; cink-citr\u00e1t; vas(II)-fumar\u00e1t; csom\u00f3sod\u00e1st g\u00e1tl\u00f3 anyag (szil\u00edcium-dioxid); \u00e9des\u00edt\u0151szerek (szukral\u00f3z, n\u00e1trium-ciklam\u00e1t); piridox\u00e1l-5-foszf\u00e1t; L-szeleno-metionin;kolekalciferol; metilkobalamin.<\/p>\n<h3>Felhaszn\u00e1l\u00e1si javaslat:<\/h3>\n<p>A BioCo OVI vitamin k\u00e9sz\u00edtm\u00e9ny napi aj\u00e1nlott adagja 3-6 \u00e9veseknek 1-2 r\u00e1g\u00f3tabletta, \u00e9tkez\u00e9s ut\u00e1n kell elr\u00e1gni vagy elszopogatni.<\/p>\n<\/div>\n<\/form>\n","protected":false},"excerpt":{"rendered":"<div class=\"product-short-description\">\n<div class=\"product-short-description\">\n<div class=\"product-short-description\">\n<div class=\"product-short-description\">\n<div class=\"product-short-description\">\n<div class=\"product-short-description\">\n<p>\u00d3vod\u00e1skor\u00fa, 3-6 \u00e9ves gyermekek sz\u00e1m\u00e1ra \u00f6ssze\u00e1ll\u00edtott multivitamin k\u00e9sz\u00edtm\u00e9ny 7-f\u00e9le hat\u00f3anyaggal, finom csereszny\u00e9s \u00edzben. K\u00f6nnyen elr\u00e1gcs\u00e1lhat\u00f3 vagy elszopogathat\u00f3 r\u00e1g\u00f3tabletta kiszerel\u00e9s\u0171, glut\u00e9nmentes, lakt\u00f3zmentes, veget\u00e1ri\u00e1nus term\u00e9k.<\/p>\n<\/div>\n<\/div>\n<\/div>\n<form class=\"cart\" action=\"https:\/\/vitaminnagyker.hu\/termek\/bioco-b12-vitamin-1000mcg-tabletta-60db\/\" enctype=\"multipart\/form-data\" method=\"post\">\n<div class=\"ux-quantity quantity buttons_added\"><\/div>\n<\/form>\n<\/div>\n<form class=\"cart\" action=\"https:\/\/vitaminnagyker.hu\/termek\/bioco-cink-biszglicinat-tabletta-60db\/\" enctype=\"multipart\/form-data\" method=\"post\">\n<div class=\"ux-quantity quantity buttons_added\"><\/div>\n<\/form>\n<\/div>\n<form class=\"cart\" action=\"https:\/\/vitaminnagyker.hu\/termek\/bioco-100-vegan-cd-duo-c-vitamin-1000mgalga-d3-vitamin-filmtabletta-90db\/\" enctype=\"multipart\/form-data\" method=\"post\">\n<div class=\"ux-quantity quantity buttons_added\"><\/div>\n<\/form>\n<\/div>\n<form class=\"cart\" action=\"https:\/\/vitaminnagyker.hu\/termek\/bioco-bioaktiv-folat-5-mthf-tabletta-30db\/\" enctype=\"multipart\/form-data\" method=\"post\">\n<div class=\"ux-quantity quantity buttons_added\"><\/div>\n<\/form>\n","protected":false},"featured_media":5551,"comment_status":"closed","ping_status":"open","template":"","meta":[],"product_cat":[60],"product_tag":[],"class_list":{"0":"post-5550","1":"product","2":"type-product","3":"status-publish","4":"has-post-thumbnail","6":"product_brand-bioco","7":"product_cat-vitaminok","9":"first","10":"instock","11":"purchasable","12":"product-type-simple"},"_links":{"self":[{"href":"https:\/\/vitamin.coredesign.hu\/index.php?rest_route=\/wp\/v2\/product\/5550","targetHints":{"allow":["GET"]}}],"collection":[{"href":"https:\/\/vitamin.coredesign.hu\/index.php?rest_route=\/wp\/v2\/product"}],"about":[{"href":"https:\/\/vitamin.coredesign.hu\/index.php?rest_route=\/wp\/v2\/types\/product"}],"replies":[{"embeddable":true,"href":"https:\/\/vitamin.coredesign.hu\/index.php?rest_route=%2Fwp%2Fv2%2Fcomments&post=5550"}],"wp:featuredmedia":[{"embeddable":true,"href":"https:\/\/vitamin.coredesign.hu\/index.php?rest_route=\/wp\/v2\/media\/5551"}],"wp:attachment":[{"href":"https:\/\/vitamin.coredesign.hu\/index.php?rest_route=%2Fwp%2Fv2%2Fmedia&parent=5550"}],"wp:term":[{"taxonomy":"product_cat","embeddable":true,"href":"https:\/\/vitamin.coredesign.hu\/index.php?rest_route=%2Fwp%2Fv2%2Fproduct_cat&post=5550"},{"taxonomy":"product_tag","embeddable":true,"href":"https:\/\/vitamin.coredesign.hu\/index.php?rest_route=%2Fwp%2Fv2%2Fproduct_tag&post=5550"}],"curies":[{"name":"wp","href":"https:\/\/api.w.org\/{rel}","templated":true}]}}