{"id":5548,"date":"2025-10-12T12:29:05","date_gmt":"2025-10-12T10:29:05","guid":{"rendered":"https:\/\/vitamin.coredesign.hu\/?product=bioco-lizin-ccink-komplex-tabletta-megapack-100db"},"modified":"2026-01-08T23:48:23","modified_gmt":"2026-01-08T22:48:23","slug":"bioco-lizin-ccink-komplex-tabletta-megapack-100db","status":"publish","type":"product","link":"https:\/\/vitamin.coredesign.hu\/?product=bioco-lizin-ccink-komplex-tabletta-megapack-100db","title":{"rendered":"BioCo Lizin C+Cink Komplex tabletta Megapack \u2013 100db"},"content":{"rendered":"<p>&nbsp;<\/p>\n<div id=\"lt-accessibility-devtools\" aria-hidden=\"true\"><\/div>\n<div class=\"product-short-description\">\n<div class=\"product-short-description\">\n<div class=\"product-short-description\">\n<div class=\"product-short-description\">\n<div class=\"product-short-description\">\n<p>Komplex k\u00e9sz\u00edtm\u00e9ny h\u00e1rom hat\u00f3anyag kombin\u00e1ci\u00f3j\u00e1val: L-lizinnel, C-vitaminnal \u00e9s cinkkel, nagy kiszerel\u00e9s\u0171 MEGAPACK tablettacsomagban. K\u00fcl\u00f6n\u00f6sen aj\u00e1nlott herpeszv\u00edrus megel\u0151z\u00e9s\u00e9re \u00e9s kezel\u00e9s\u00e9re.<\/p>\n<\/div>\n<\/div>\n<\/div>\n<\/div>\n<\/div>\n<form class=\"cart\" action=\"https:\/\/vitaminnagyker.hu\/termek\/bioco-bioaktiv-folat-5-mthf-tabletta-30db\/\" enctype=\"multipart\/form-data\" method=\"post\">\n<div class=\"ux-quantity quantity buttons_added\">\n<h2>BioCo Lizin C+Cink Komplex tabletta Megapack<\/h2>\n<p>A lizin kiemelked\u0151 immuner\u0151s\u00edt\u0151 \u00e9s v\u00edrusellenes hat\u00e1s\u00fa aminosav. Fontos szerepe van a feh\u00e9rj\u00e9k fel\u00e9p\u00edt\u00e9s\u00e9ben, els\u0151sorban a b\u0151r \u00e9s a csontok sz\u00e1m\u00e1ra fontos kollag\u00e9n k\u00e9pz\u0151d\u00e9s\u00e9ben, az \u00edz\u00fcletek, az \u00ednak er\u0151sen tart\u00e1s\u00e1ban. El\u0151seg\u00edti a kalcium csontokba val\u00f3 be\u00e9p\u00fcl\u00e9s\u00e9t, ezzel a csontritkul\u00e1s megel\u0151z\u00e9s\u00e9t is. Sportol\u00f3k sz\u00e1m\u00e1ra is hasznos lehet a p\u00f3tl\u00e1sa, mert hozz\u00e1j\u00e1rul az izmok gyors regener\u00e1l\u00f3d\u00e1s\u00e1hoz.<\/p>\n<p>V\u00edrusellenes hat\u00e1s\u00e1val a lizin k\u00fcl\u00f6n\u00f6sen hat\u00e9kony a herpesz megel\u0151z\u00e9s\u00e9ben \u00e9s kezel\u00e9s\u00e9ben.\u00a0 Megakad\u00e1lyozhatja a herpesz kifejl\u0151d\u00e9s\u00e9t, illetve r\u00f6vid id\u0151 alatt cs\u00f6kkenti, megsz\u00fcnteti a kellemetlen t\u00fcneteket, a h\u00f3lyagosod\u00e1st, a kisebesed\u00e9st, a f\u00e1jdalmat, az \u00e9g\u0151, fesz\u00fcl\u0151 \u00e9rz\u00e9st.<\/p>\n<p>A BioCo k\u00e9sz\u00edtm\u00e9nye szerves cinket is tartalmaz, amely n\u00f6veli a k\u00f3rokoz\u00f3kkal szembeni ellen\u00e1ll\u00f3 k\u00e9pess\u00e9get, valamint C-vitamint, amely serkenti a term\u00e9szetes kollag\u00e9nk\u00e9pz\u0151d\u00e9st. A magas d\u00f3zis\u00fa tabletta a lizinre jellemz\u0151en s\u00f3s, enyh\u00e9n keserny\u00e9s \u00edz\u0171 lehet. A term\u00e9k lakt\u00f3zmentes, glut\u00e9nmentes, sz\u00ednez\u00e9kmentes, veg\u00e1n.<\/p>\n<h3>Mikor aj\u00e1nlott a BioCo Lizin C+Cink Komplex MEGAPACK?<\/h3>\n<ul>\n<li>herpeszv\u00edrus megel\u0151z\u00e9s\u00e9re \u00e9s kezel\u00e9s\u00e9re<\/li>\n<li>az immunrendszer megfelel\u0151 m\u0171k\u00f6d\u00e9s\u00e9nek t\u00e1mogat\u00e1s\u00e1ra<\/li>\n<li>t\u00f6r\u00e9keny csontok, csontritkul\u00e1sra val\u00f3 hajlam eset\u00e9n<\/li>\n<li>izomf\u00e1jdalmakra, izomg\u00f6rcs\u00f6kre<\/li>\n<li>\u00e9rsz\u0171k\u00fclet, \u00e9relmeszesed\u00e9s megel\u0151z\u00e9s\u00e9re \u00e9s kezel\u00e9s\u00e9re<\/li>\n<li>magas v\u00e9rnyom\u00e1s cs\u00f6kkent\u00e9s\u00e9re<\/li>\n<li>b\u0151rfoltok, m\u00e1jfoltok halv\u00e1ny\u00edt\u00e1s\u00e1ra<\/li>\n<\/ul>\n<h3>Hat\u00f3anyagok 3 tablett\u00e1ban:<\/h3>\n<ul>\n<li>L-lizin 1500 mg<\/li>\n<li>C-vitamin 150 mg (187,5 NRV%*)<\/li>\n<li>Cink (szerves k\u00f6t\u00e9s\u0171 cink-citr\u00e1tb\u00f3l) 12 mg (120 NRV%*)<\/li>\n<\/ul>\n<p>*NRV%: Vitaminok \u00e9s \u00e1sv\u00e1nyi anyagok napi beviteli referencia\u00e9rt\u00e9ke %-ban (feln\u0151ttek eset\u00e9ben)<\/p>\n<h3>\u00d6sszetev\u0151k:<\/h3>\n<p>L-lizin-hidroklorid; t\u00f6megn\u00f6vel\u0151 szer (mikrokrist\u00e1lyos cellul\u00f3z); f\u00e9nyez\u0151anyagok (zs\u00edrsavak); L-aszkorbinsav; cink-citr\u00e1t; csom\u00f3sod\u00e1st g\u00e1tl\u00f3k (szil\u00edcium-dioxid).<\/p>\n<h3>Felhaszn\u00e1l\u00e1si javaslat:<\/h3>\n<p>A BioCo Lizin C+Cink Komplex MEGAPACK k\u00e9sz\u00edtm\u00e9ny napi aj\u00e1nlott adagja 3-5 tabletta, b\u0151 folyad\u00e9kkal kell lenyelni.<\/p>\n<\/div>\n<\/form>\n","protected":false},"excerpt":{"rendered":"<div class=\"product-short-description\">\n<div class=\"product-short-description\">\n<div class=\"product-short-description\">\n<div class=\"product-short-description\">\n<div class=\"product-short-description\">\n<p>Komplex k\u00e9sz\u00edtm\u00e9ny h\u00e1rom hat\u00f3anyag kombin\u00e1ci\u00f3j\u00e1val: L-lizinnel, C-vitaminnal \u00e9s cinkkel, nagy kiszerel\u00e9s\u0171 MEGAPACK tablettacsomagban. K\u00fcl\u00f6n\u00f6sen aj\u00e1nlott herpeszv\u00edrus megel\u0151z\u00e9s\u00e9re \u00e9s kezel\u00e9s\u00e9re.<\/p>\n<\/div>\n<\/div>\n<form class=\"cart\" action=\"https:\/\/vitaminnagyker.hu\/termek\/bioco-b12-vitamin-1000mcg-tabletta-60db\/\" enctype=\"multipart\/form-data\" method=\"post\">\n<div class=\"ux-quantity quantity buttons_added\"><\/div>\n<\/form>\n<\/div>\n<form class=\"cart\" action=\"https:\/\/vitaminnagyker.hu\/termek\/bioco-cink-biszglicinat-tabletta-60db\/\" enctype=\"multipart\/form-data\" method=\"post\">\n<div class=\"ux-quantity quantity buttons_added\"><\/div>\n<\/form>\n<\/div>\n<form class=\"cart\" action=\"https:\/\/vitaminnagyker.hu\/termek\/bioco-100-vegan-cd-duo-c-vitamin-1000mgalga-d3-vitamin-filmtabletta-90db\/\" enctype=\"multipart\/form-data\" method=\"post\">\n<div class=\"ux-quantity quantity buttons_added\"><\/div>\n<\/form>\n<\/div>\n<form class=\"cart\" action=\"https:\/\/vitaminnagyker.hu\/termek\/bioco-bioaktiv-folat-5-mthf-tabletta-30db\/\" enctype=\"multipart\/form-data\" method=\"post\">\n<div class=\"ux-quantity quantity buttons_added\"><\/div>\n<\/form>\n","protected":false},"featured_media":5549,"comment_status":"closed","ping_status":"closed","template":"","meta":[],"product_cat":[73,60],"product_tag":[],"class_list":{"0":"post-5548","1":"product","2":"type-product","3":"status-publish","4":"has-post-thumbnail","6":"product_brand-bioco","7":"product_cat-arvanyi-anyagok","8":"product_cat-vitaminok","10":"first","11":"instock","12":"purchasable","13":"product-type-simple"},"_links":{"self":[{"href":"https:\/\/vitamin.coredesign.hu\/index.php?rest_route=\/wp\/v2\/product\/5548","targetHints":{"allow":["GET"]}}],"collection":[{"href":"https:\/\/vitamin.coredesign.hu\/index.php?rest_route=\/wp\/v2\/product"}],"about":[{"href":"https:\/\/vitamin.coredesign.hu\/index.php?rest_route=\/wp\/v2\/types\/product"}],"replies":[{"embeddable":true,"href":"https:\/\/vitamin.coredesign.hu\/index.php?rest_route=%2Fwp%2Fv2%2Fcomments&post=5548"}],"wp:featuredmedia":[{"embeddable":true,"href":"https:\/\/vitamin.coredesign.hu\/index.php?rest_route=\/wp\/v2\/media\/5549"}],"wp:attachment":[{"href":"https:\/\/vitamin.coredesign.hu\/index.php?rest_route=%2Fwp%2Fv2%2Fmedia&parent=5548"}],"wp:term":[{"taxonomy":"product_cat","embeddable":true,"href":"https:\/\/vitamin.coredesign.hu\/index.php?rest_route=%2Fwp%2Fv2%2Fproduct_cat&post=5548"},{"taxonomy":"product_tag","embeddable":true,"href":"https:\/\/vitamin.coredesign.hu\/index.php?rest_route=%2Fwp%2Fv2%2Fproduct_tag&post=5548"}],"curies":[{"name":"wp","href":"https:\/\/api.w.org\/{rel}","templated":true}]}}