{"id":5544,"date":"2025-10-12T12:29:05","date_gmt":"2025-10-12T10:29:05","guid":{"rendered":"https:\/\/vitamin.coredesign.hu\/?product=bioco-cink-biszglicinat-tabletta-60db"},"modified":"2026-01-08T23:26:32","modified_gmt":"2026-01-08T22:26:32","slug":"bioco-cink-biszglicinat-tabletta-60db","status":"publish","type":"product","link":"https:\/\/vitamin.coredesign.hu\/?product=bioco-cink-biszglicinat-tabletta-60db","title":{"rendered":"BioCo Cink-biszglicin\u00e1t tabletta \u2013 60db"},"content":{"rendered":"<p>&nbsp;<\/p>\n<div id=\"lt-accessibility-devtools\" aria-hidden=\"true\"><\/div>\n<div class=\"product-short-description\">\n<div class=\"product-short-description\">\n<div class=\"product-short-description\">\n<p>A BioCo\u00ae Cink-biszglicin\u00e1t k\u00e9sz\u00edtm\u00e9ny magas d\u00f3zisban, 25 mg mennyis\u00e9gben biztos\u00edt cink p\u00f3tl\u00e1st, mind\u00f6ssze napi 1 tabletta fogyaszt\u00e1s\u00e1val. A cink p\u00f3tl\u00e1sa k\u00fcl\u00f6n\u00f6sen fontos j\u00e1rv\u00e1nyos id\u0151szakban, v\u00e9rcukorszint-ingadoz\u00e1sn\u00e1l, term\u00e9kenys\u00e9gi zavarokn\u00e1l, hajhull\u00e1sn\u00e1l, b\u0151rprobl\u00e9m\u00e1kn\u00e1l.<\/p>\n<\/div>\n<\/div>\n<\/div>\n<form class=\"cart\" action=\"https:\/\/vitaminnagyker.hu\/termek\/bioco-bioaktiv-folat-5-mthf-tabletta-30db\/\" enctype=\"multipart\/form-data\" method=\"post\">\n<div class=\"ux-quantity quantity buttons_added\">\n<h2>BioCo Cink-biszglicin\u00e1t tabletta<\/h2>\n<p>A BioCo\u00ae Cink-biszglicin\u00e1t k\u00e9sz\u00edtm\u00e9ny magas d\u00f3zisban, 25 mg mennyis\u00e9gben biztos\u00edt cink p\u00f3tl\u00e1st, mind\u00f6ssze napi 1 tabletta fogyaszt\u00e1s\u00e1val. A cink p\u00f3tl\u00e1sa k\u00fcl\u00f6n\u00f6sen fontos j\u00e1rv\u00e1nyos id\u0151szakban, v\u00e9rcukorszint-ingadoz\u00e1sn\u00e1l, term\u00e9kenys\u00e9gi zavarokn\u00e1l, hajhull\u00e1sn\u00e1l, b\u0151rprobl\u00e9m\u00e1kn\u00e1l.<\/p>\n<p>A k\u00e9sz\u00edtm\u00e9nyben \u00faj t\u00edpus\u00fa, magas tisztas\u00e1g\u00fa, 100%-ban teljesen reag\u00e1lt (fully reacted) cink-biszglicin\u00e1t biztos\u00edtja a szerves vegy\u00fcletform\u00e1j\u00fa cink p\u00f3tl\u00e1s\u00e1t.<\/p>\n<h3>A cink hozz\u00e1j\u00e1rul:<\/h3>\n<ul>\n<li>a haj, b\u0151r \u00e9s k\u00f6r\u00f6m norm\u00e1l \u00e1llapot\u00e1nak fenntart\u00e1s\u00e1hoz,<\/li>\n<li>a norm\u00e1l DNS-szint\u00e9zishez,<\/li>\n<li>a norm\u00e1l szellemi m\u0171k\u00f6d\u00e9s fenntart\u00e1s\u00e1hoz,<\/li>\n<li>az immunrendszer norm\u00e1l m\u0171k\u00f6d\u00e9s\u00e9hez,<\/li>\n<li>a norm\u00e1ll\u00e1t\u00e1s \u00e9s csontozat fenntart\u00e1s\u00e1hoz,<\/li>\n<li>a sejtek oxidat\u00edv stresszel szembeni v\u00e9delm\u00e9hez.<\/li>\n<\/ul>\n<p>A cink r\u00e9szt vesz a zs\u00edrsavak \u00e9s makrot\u00e1panyagok norm\u00e1l anyagcser\u00e9j\u00e9ben.<\/p>\n<h3>Hat\u00f3anyag 1 tablett\u00e1ban:<\/h3>\n<ul>\n<li>Cink (fully reacted cink-biszglicin\u00e1t form\u00e1b\u00f3l) 25 mg<\/li>\n<\/ul>\n<h3>\u00d6sszetev\u0151k:<\/h3>\n<p>t\u00f6megn\u00f6vel\u0151 szer (mikrokrist\u00e1lyos cellul\u00f3z); cink-biszglicin\u00e1t; f\u00e9nyez\u0151 anyagok (zs\u00edrsavak); csom\u00f3sod\u00e1st g\u00e1tl\u00f3 anyag (szil\u00edcium-dioxid).<\/p>\n<h3>Aj\u00e1nlott adagol\u00e1s:<\/h3>\n<p>Feln\u0151tteknek naponta 1 tablett\u00e1t b\u0151 folyad\u00e9kkal lenyelni.<\/p>\n<\/div>\n<\/form>\n","protected":false},"excerpt":{"rendered":"<div class=\"product-short-description\">\n<div class=\"product-short-description\">\n<div class=\"product-short-description\">\n<p>A BioCo\u00ae Cink-biszglicin\u00e1t k\u00e9sz\u00edtm\u00e9ny magas d\u00f3zisban, 25 mg mennyis\u00e9gben biztos\u00edt cink p\u00f3tl\u00e1st, mind\u00f6ssze napi 1 tabletta fogyaszt\u00e1s\u00e1val. A cink p\u00f3tl\u00e1sa k\u00fcl\u00f6n\u00f6sen fontos j\u00e1rv\u00e1nyos id\u0151szakban, v\u00e9rcukorszint-ingadoz\u00e1sn\u00e1l, term\u00e9kenys\u00e9gi zavarokn\u00e1l, hajhull\u00e1sn\u00e1l, b\u0151rprobl\u00e9m\u00e1kn\u00e1l.<\/p>\n<\/div>\n<form class=\"cart\" action=\"https:\/\/vitaminnagyker.hu\/termek\/bioco-cink-biszglicinat-tabletta-60db\/\" enctype=\"multipart\/form-data\" method=\"post\">\n<div class=\"ux-quantity quantity buttons_added\"><\/div>\n<\/form>\n<\/div>\n<form class=\"cart\" action=\"https:\/\/vitaminnagyker.hu\/termek\/bioco-100-vegan-cd-duo-c-vitamin-1000mgalga-d3-vitamin-filmtabletta-90db\/\" enctype=\"multipart\/form-data\" method=\"post\">\n<div class=\"ux-quantity quantity buttons_added\"><\/div>\n<\/form>\n<\/div>\n<form class=\"cart\" action=\"https:\/\/vitaminnagyker.hu\/termek\/bioco-bioaktiv-folat-5-mthf-tabletta-30db\/\" enctype=\"multipart\/form-data\" method=\"post\">\n<div class=\"ux-quantity quantity buttons_added\"><\/div>\n<\/form>\n","protected":false},"featured_media":5545,"comment_status":"closed","ping_status":"open","template":"","meta":[],"product_cat":[73],"product_tag":[],"class_list":{"0":"post-5544","1":"product","2":"type-product","3":"status-publish","4":"has-post-thumbnail","6":"product_brand-bioco","7":"product_cat-arvanyi-anyagok","9":"first","10":"instock","11":"purchasable","12":"product-type-simple"},"_links":{"self":[{"href":"https:\/\/vitamin.coredesign.hu\/index.php?rest_route=\/wp\/v2\/product\/5544","targetHints":{"allow":["GET"]}}],"collection":[{"href":"https:\/\/vitamin.coredesign.hu\/index.php?rest_route=\/wp\/v2\/product"}],"about":[{"href":"https:\/\/vitamin.coredesign.hu\/index.php?rest_route=\/wp\/v2\/types\/product"}],"replies":[{"embeddable":true,"href":"https:\/\/vitamin.coredesign.hu\/index.php?rest_route=%2Fwp%2Fv2%2Fcomments&post=5544"}],"wp:featuredmedia":[{"embeddable":true,"href":"https:\/\/vitamin.coredesign.hu\/index.php?rest_route=\/wp\/v2\/media\/5545"}],"wp:attachment":[{"href":"https:\/\/vitamin.coredesign.hu\/index.php?rest_route=%2Fwp%2Fv2%2Fmedia&parent=5544"}],"wp:term":[{"taxonomy":"product_cat","embeddable":true,"href":"https:\/\/vitamin.coredesign.hu\/index.php?rest_route=%2Fwp%2Fv2%2Fproduct_cat&post=5544"},{"taxonomy":"product_tag","embeddable":true,"href":"https:\/\/vitamin.coredesign.hu\/index.php?rest_route=%2Fwp%2Fv2%2Fproduct_tag&post=5544"}],"curies":[{"name":"wp","href":"https:\/\/api.w.org\/{rel}","templated":true}]}}