{"id":5540,"date":"2025-10-12T12:29:05","date_gmt":"2025-10-12T10:29:05","guid":{"rendered":"https:\/\/vitamin.coredesign.hu\/?product=bioco-bioaktiv-folat-5-mthf-tabletta-30db"},"modified":"2026-01-08T23:26:30","modified_gmt":"2026-01-08T22:26:30","slug":"bioco-bioaktiv-folat-5-mthf-tabletta-30db","status":"publish","type":"product","link":"https:\/\/vitamin.coredesign.hu\/?product=bioco-bioaktiv-folat-5-mthf-tabletta-30db","title":{"rendered":"BioCo Bioakt\u00edv Fol\u00e1t 5-MTHF tabletta \u2013 30db"},"content":{"rendered":"<p>&nbsp;<\/p>\n<div id=\"lt-accessibility-devtools\" aria-hidden=\"true\"><\/div>\n<div class=\"product-short-description\">\n<p>A folsav biol\u00f3giailag akt\u00edv form\u00e1j\u00e1t tartalmaz\u00f3, magas d\u00f3zis\u00fa fol\u00e1tk\u00e9sz\u00edtm\u00e9ny. V\u00e1rand\u00f3sok sz\u00e1m\u00e1ra kiemelten aj\u00e1nlott a fogyaszt\u00e1sa a magzat eg\u00e9szs\u00e9ges fejl\u0151d\u00e9s\u00e9hez. Glut\u00e9nmentes, lakt\u00f3zmentes, veg\u00e1n term\u00e9k.<\/p>\n<\/div>\n<form class=\"cart\" action=\"https:\/\/vitaminnagyker.hu\/termek\/bioco-bioaktiv-folat-5-mthf-tabletta-30db\/\" enctype=\"multipart\/form-data\" method=\"post\">\n<div class=\"ux-quantity quantity buttons_added\">\n<h2>BioCo Bioakt\u00edv Fol\u00e1t 5-MTHF tabletta<\/h2>\n<p>A B-vitaminok kiemelt szerepet j\u00e1tszanak az idegrendszer megfelel\u0151 m\u0171k\u00f6d\u00e9s\u00e9ben. A folsav (B9-vitamin) szinte minden \u00e9letfolyamatra hat\u00e1ssal van, n\u00e9lk\u00fcl\u00f6zhetetlen a sejtoszt\u00f3d\u00e1shoz, a DNS el\u0151\u00e1ll\u00edt\u00e1s\u00e1hoz, r\u00e9szt vesz a v\u00e9rk\u00e9pz\u00e9sben, az anyagcsere-folyamatokban. V\u00e9di gyomrot, a b\u00e9lrendszert, a sz\u00edvet, az agyat, befoly\u00e1ssal van a hormonokra, a pszich\u00e9s \u00e1llapotra.<\/p>\n<p>A v\u00e1rand\u00f3ss\u00e1g alatt kiemelten fontos a folsav p\u00f3tl\u00e1sa, hi\u00e1nya megn\u00f6veli a fejl\u0151d\u0151\u00a0magzat vel\u0151cs\u0151-z\u00e1r\u00f3d\u00e1si rendelleness\u00e9g\u00e9nek kock\u00e1zat\u00e1t. A folsav j\u00f3t\u00e9kony hat\u00e1sa napi min. 400 \u03bcg mennyis\u00e9g bevitel\u00e9vel \u00e9rhet\u0151 el, a fogamz\u00e1st megel\u0151z\u0151en legal\u00e1bb egy h\u00f3napig \u00e9s a fogamz\u00e1st k\u00f6vet\u0151en h\u00e1rom h\u00f3napig szedve.<\/p>\n<p>A BioCo k\u00e9sz\u00edtm\u00e9nye biol\u00f3giailag akt\u00edv 5-metiltetrahidrofolsav (5-MTHF) form\u00e1ban tartalmazza a folsavat, tablett\u00e1nk\u00e9nt emelt, 1000 \u03bcg-os mennyis\u00e9gben. A bioak\u00edtv formul\u00e1t azonnal hasznos\u00edtani tudja a szervezet. Glut\u00e9nmentes, lakt\u00f3zmentes, sz\u00ednez\u00e9kmentes, veg\u00e1n term\u00e9k.<\/p>\n<h3>Mikor aj\u00e1nlott a BioCo Bioakt\u00edv Fol\u00e1t 5-MTHF tabletta?<\/h3>\n<ul>\n<li>v\u00e1rand\u00f3ss\u00e1g alatt<\/li>\n<li>fogamz\u00e1sg\u00e1tl\u00f3 gy\u00f3gyszer szed\u00e9sekor<\/li>\n<li>gyomor- \u00e9s b\u00e9lrendszeri panaszokn\u00e1l<\/li>\n<li>szorong\u00e1sn\u00e1l, fokozott nyugtalans\u00e1gn\u00e1l<\/li>\n<li>alv\u00e1szavarok kialakul\u00e1s\u00e1n\u00e1l<\/li>\n<li>gyakori fejf\u00e1j\u00e1sn\u00e1l, f\u00e1rad\u00e9konys\u00e1gn\u00e1l<\/li>\n<li>gyulladt sz\u00e1j \u00e9s nyelv eset\u00e9n<\/li>\n<li>s\u00e1padt \u00e9s fak\u00f3 b\u0151rn\u00e9l<\/li>\n<li>egyoldal\u00fa t\u00e1pl\u00e1lkoz\u00e1sn\u00e1l<\/li>\n<li>hasmen\u00e9ssel, h\u00e1ny\u00e1ssal j\u00e1r\u00f3 betegs\u00e9gek idej\u00e9n<\/li>\n<li>rendszeres alkoholfogyaszt\u00e1s eset\u00e9n<\/li>\n<\/ul>\n<h3>Hat\u00f3anyagok 1 tablett\u00e1ban:<\/h3>\n<ul>\n<li>Folsav (bioakt\u00edv 5-MTHF, kalcium-L-metil-fol\u00e1t form\u00e1ban) 1000 \u03bcg (500 NRV%*)<\/li>\n<\/ul>\n<p>*NRV%: Vitaminok \u00e9s \u00e1sv\u00e1nyi anyagok napi beviteli referencia\u00e9rt\u00e9ke %-ban (feln\u0151ttek eset\u00e9ben)<\/p>\n<h3>\u00d6sszetev\u0151k:<\/h3>\n<p>T\u00f6megn\u00f6vel\u0151 szer (mikrokrist\u00e1lyos cellul\u00f3z); csom\u00f3sod\u00e1st g\u00e1tl\u00f3 anyagok (szil\u00edcium-dioxid, zs\u00edrsavak magn\u00e9ziums\u00f3i); kalcium-L-metil-fol\u00e1t.<\/p>\n<h3>Felhaszn\u00e1l\u00e1si javaslat:<\/h3>\n<p>A BioCo Bioakt\u00edv Fol\u00e1t 5-MTHF k\u00e9sz\u00edtm\u00e9ny napi aj\u00e1nlott adagja 1 tabletta, b\u0151 folyad\u00e9kkal kell lenyelni.<\/p>\n<\/div>\n<\/form>\n","protected":false},"excerpt":{"rendered":"<div class=\"product-short-description\">\n<p>A folsav biol\u00f3giailag akt\u00edv form\u00e1j\u00e1t tartalmaz\u00f3, magas d\u00f3zis\u00fa fol\u00e1tk\u00e9sz\u00edtm\u00e9ny. V\u00e1rand\u00f3sok sz\u00e1m\u00e1ra kiemelten aj\u00e1nlott a fogyaszt\u00e1sa a magzat eg\u00e9szs\u00e9ges fejl\u0151d\u00e9s\u00e9hez. Glut\u00e9nmentes, lakt\u00f3zmentes, veg\u00e1n term\u00e9k.<\/p>\n<\/div>\n<form class=\"cart\" action=\"https:\/\/vitaminnagyker.hu\/termek\/bioco-bioaktiv-folat-5-mthf-tabletta-30db\/\" enctype=\"multipart\/form-data\" method=\"post\">\n<div class=\"ux-quantity quantity buttons_added\"><\/div>\n<\/form>\n","protected":false},"featured_media":5541,"comment_status":"closed","ping_status":"open","template":"","meta":[],"product_cat":[73],"product_tag":[],"class_list":{"0":"post-5540","1":"product","2":"type-product","3":"status-publish","4":"has-post-thumbnail","6":"product_brand-bioco","7":"product_cat-arvanyi-anyagok","9":"first","10":"instock","11":"purchasable","12":"product-type-simple"},"_links":{"self":[{"href":"https:\/\/vitamin.coredesign.hu\/index.php?rest_route=\/wp\/v2\/product\/5540","targetHints":{"allow":["GET"]}}],"collection":[{"href":"https:\/\/vitamin.coredesign.hu\/index.php?rest_route=\/wp\/v2\/product"}],"about":[{"href":"https:\/\/vitamin.coredesign.hu\/index.php?rest_route=\/wp\/v2\/types\/product"}],"replies":[{"embeddable":true,"href":"https:\/\/vitamin.coredesign.hu\/index.php?rest_route=%2Fwp%2Fv2%2Fcomments&post=5540"}],"wp:featuredmedia":[{"embeddable":true,"href":"https:\/\/vitamin.coredesign.hu\/index.php?rest_route=\/wp\/v2\/media\/5541"}],"wp:attachment":[{"href":"https:\/\/vitamin.coredesign.hu\/index.php?rest_route=%2Fwp%2Fv2%2Fmedia&parent=5540"}],"wp:term":[{"taxonomy":"product_cat","embeddable":true,"href":"https:\/\/vitamin.coredesign.hu\/index.php?rest_route=%2Fwp%2Fv2%2Fproduct_cat&post=5540"},{"taxonomy":"product_tag","embeddable":true,"href":"https:\/\/vitamin.coredesign.hu\/index.php?rest_route=%2Fwp%2Fv2%2Fproduct_tag&post=5540"}],"curies":[{"name":"wp","href":"https:\/\/api.w.org\/{rel}","templated":true}]}}