{"id":5539,"date":"2025-10-12T12:29:05","date_gmt":"2025-10-12T10:29:05","guid":{"rendered":"https:\/\/vitamin.coredesign.hu\/?product=bioco-d3-vitamin-400ne-erdei-gyumolcs-izu-ragotabletta-60db"},"modified":"2026-01-08T23:26:30","modified_gmt":"2026-01-08T22:26:30","slug":"bioco-d3-vitamin-400ne-erdei-gyumolcs-izu-ragotabletta-60db","status":"publish","type":"product","link":"https:\/\/vitamin.coredesign.hu\/?product=bioco-d3-vitamin-400ne-erdei-gyumolcs-izu-ragotabletta-60db","title":{"rendered":"BioCo D3-vitamin 400NE erdei gy\u00fcm\u00f6lcs \u00edz\u0171 r\u00e1g\u00f3tabletta \u2013 60db"},"content":{"rendered":"<p>&nbsp;<\/p>\n<div id=\"lt-accessibility-devtools\" aria-hidden=\"true\"><\/div>\n<p>Tablett\u00e1nk\u00e9nt 400 NE D3-vitamint tartalmaz\u00f3 k\u00e9sz\u00edtm\u00e9ny gyermekeknek, erdei gy\u00fcm\u00f6lcs\u00f6s \u00edzes\u00edt\u00e9ssel. 3 \u00e9v felett aj\u00e1nlott a csontok \u00e9s a fogak megfelel\u0151 fejl\u0151d\u00e9s\u00e9hez, valamint az immunrendszer norm\u00e1l m\u0171k\u00f6d\u00e9s\u00e9nek t\u00e1mogat\u00e1s\u00e1ra.<\/p>\n<h2>BioCo D3-vitamin 400NE erdei gy\u00fcm\u00f6lcs \u00edz\u0171 r\u00e1g\u00f3tabletta \u2013 60db<\/h2>\n<p>A D-vitaminnak a csontok \u00e9s a fogak megfelel\u0151 fejl\u0151d\u00e9s\u00e9nek el\u0151seg\u00edt\u00e9se, valamint er\u0151ss\u00e9g\u00e9nek megtart\u00e1sa mellett kiemelt szerepe van az immunrendszer norm\u00e1l m\u0171k\u00f6d\u00e9s\u00e9ben. Cs\u00f6kkenti az oxidat\u00edv stressz hat\u00e1sait, a sejtek k\u00e1rosod\u00e1s\u00e1t, \u00e9s nagym\u00e9rt\u00e9kben megn\u00f6veli a fert\u0151z\u00e9sekkel, betegs\u00e9gekkel szembeni ellen\u00e1ll\u00f3 k\u00e9pess\u00e9get. Betegs\u00e9g eset\u00e9n felgyors\u00edthatja a gy\u00f3gyul\u00e1st, megel\u0151zheti a s\u00falyosabb sz\u00f6v\u0151dm\u00e9nyek kialakul\u00e1s\u00e1t.<\/p>\n<p>A k\u00e9sz\u00edtm\u00e9ny a gyermekek sz\u00e1m\u00e1ra ide\u00e1lis mennyis\u00e9gben tartalmazza a D-vitamint, hozz\u00e1j\u00e1rul a csontjaik \u00e9s fogaik eg\u00e9szs\u00e9ges fejl\u0151d\u00e9s\u00e9hez, az immunrendszer\u00fck meger\u0151s\u00edt\u00e9s\u00e9hez. Fogyaszt\u00e1sa k\u00fcl\u00f6n\u00f6sen javasolt a t\u00e9li h\u00f3napokban, amikor a gyermekek szervezete kevesebb D-vitamint tud el\u0151\u00e1ll\u00edtani a napf\u00e9nyb\u0151l, \u00e9s fenn\u00e1ll a D-vitamin-hi\u00e1ny kialakul\u00e1s\u00e1nak kock\u00e1zata.<\/p>\n<p>A BioCo k\u00e9sz\u00edtm\u00e9nye k\u00f6nnyen fogyaszthat\u00f3 r\u00e1g\u00f3tabletta kiszerel\u00e9s\u0171, finom erdei gy\u00fcm\u00f6lcs\u00f6s \u00edzes\u00edt\u00e9ssel. Mentes a mesters\u00e9ges sz\u00ednez\u00e9kekt\u0151l!<\/p>\n<h3>Mikor aj\u00e1nlott a BioCo D3-vitamin 400 r\u00e1g\u00f3tabletta gyermekeknek?<\/h3>\n<ul>\n<li>3 \u00e9ves kor feletti gyermekeknek a napi sz\u00fcks\u00e9ges D-vitamin p\u00f3tl\u00e1s\u00e1ra<\/li>\n<li>az immunrendszer megfelel\u0151 m\u0171k\u00f6d\u00e9s\u00e9nek t\u00e1mogat\u00e1s\u00e1ra<\/li>\n<li>a fert\u0151z\u00e9sekkel, betegs\u00e9gekkel szembeni ellen\u00e1ll\u00f3 k\u00e9pess\u00e9g n\u00f6vel\u00e9s\u00e9re<\/li>\n<li>betegs\u00e9g eset\u00e9n a gy\u00f3gyul\u00e1si folyamatok felgyors\u00edt\u00e1s\u00e1ra<\/li>\n<li>autoimmun betegs\u00e9g \u00e9s diab\u00e9tesz eset\u00e9n<\/li>\n<li>a csontok \u00e9s a fogak megfelel\u0151 fejl\u0151d\u00e9s\u00e9hez, er\u0151ss\u00e9g\u00fck fenntart\u00e1s\u00e1hoz<\/li>\n<li>a sejtek oxidat\u00edv stresszel szembeni v\u00e9delm\u00e9re<\/li>\n<li>az idegrendszer kiegyens\u00falyozott m\u0171k\u00f6d\u00e9s\u00e9nek el\u0151seg\u00edt\u00e9s\u00e9re<\/li>\n<\/ul>\n<h3>Hat\u00f3anyagok 1 tablett\u00e1ban:<\/h3>\n<ul>\n<li>D3-vitamin 10 \u00b5g (400 NE)** 200%*<\/li>\n<\/ul>\n<p>*NRV%: Vitaminok \u00e9s \u00e1sv\u00e1nyi anyagok napi beviteli referencia\u00e9rt\u00e9ke %-ban (feln\u0151ttek eset\u00e9ben)<\/p>\n<p>**NE: Nemzetk\u00f6zi Egys\u00e9g<\/p>\n<h3>\u00d6sszetev\u0151k:<\/h3>\n<p>T\u00f6megn\u00f6vel\u0151 szer (izomalt); erdei gy\u00fcm\u00f6lcs\u00f6s aroma; csom\u00f3sod\u00e1st g\u00e1tl\u00f3k (talkum, szil\u00edcium-dioxid); \u00e9tkez\u00e9si sav (citromsav); f\u00e9nyez\u0151anyag (sztearinsav); zselatin; szachar\u00f3z; \u00e9des\u00edt\u0151szerek (szukral\u00f3z, n\u00e1trium-ciklam\u00e1t); kukoricakem\u00e9ny\u00edt\u0151; r\u00e9szben hidrog\u00e9nezett sz\u00f3jababolaj, kolekalciferol (D3-vitamin).<\/p>\n<h3>Felhaszn\u00e1l\u00e1si javaslat:<\/h3>\n<p>A BioCo D3-vitamin 400 k\u00e9sz\u00edtm\u00e9ny napi aj\u00e1nlott adagja 3 \u00e9ves kor feletti gyermekeknek 1 r\u00e1g\u00f3tabletta, javasolt elr\u00e1gni vagy elszopogatni.<\/p>\n","protected":false},"excerpt":{"rendered":"<p>Tablett\u00e1nk\u00e9nt 400 NE D3-vitamint tartalmaz\u00f3 k\u00e9sz\u00edtm\u00e9ny gyermekeknek, erdei gy\u00fcm\u00f6lcs\u00f6s \u00edzes\u00edt\u00e9ssel. 3 \u00e9v felett aj\u00e1nlott a csontok \u00e9s a fogak megfelel\u0151 fejl\u0151d\u00e9s\u00e9hez, valamint az immunrendszer norm\u00e1l m\u0171k\u00f6d\u00e9s\u00e9nek t\u00e1mogat\u00e1s\u00e1ra.<\/p>\n","protected":false},"featured_media":0,"comment_status":"closed","ping_status":"open","template":"","meta":[],"product_cat":[60],"product_tag":[],"class_list":{"0":"post-5539","1":"product","2":"type-product","3":"status-publish","5":"product_brand-bioco","6":"product_cat-vitaminok","8":"first","9":"instock","10":"purchasable","11":"product-type-simple"},"_links":{"self":[{"href":"https:\/\/vitamin.coredesign.hu\/index.php?rest_route=\/wp\/v2\/product\/5539","targetHints":{"allow":["GET"]}}],"collection":[{"href":"https:\/\/vitamin.coredesign.hu\/index.php?rest_route=\/wp\/v2\/product"}],"about":[{"href":"https:\/\/vitamin.coredesign.hu\/index.php?rest_route=\/wp\/v2\/types\/product"}],"replies":[{"embeddable":true,"href":"https:\/\/vitamin.coredesign.hu\/index.php?rest_route=%2Fwp%2Fv2%2Fcomments&post=5539"}],"wp:attachment":[{"href":"https:\/\/vitamin.coredesign.hu\/index.php?rest_route=%2Fwp%2Fv2%2Fmedia&parent=5539"}],"wp:term":[{"taxonomy":"product_cat","embeddable":true,"href":"https:\/\/vitamin.coredesign.hu\/index.php?rest_route=%2Fwp%2Fv2%2Fproduct_cat&post=5539"},{"taxonomy":"product_tag","embeddable":true,"href":"https:\/\/vitamin.coredesign.hu\/index.php?rest_route=%2Fwp%2Fv2%2Fproduct_tag&post=5539"}],"curies":[{"name":"wp","href":"https:\/\/api.w.org\/{rel}","templated":true}]}}