{"id":5537,"date":"2025-10-12T12:29:05","date_gmt":"2025-10-12T10:29:05","guid":{"rendered":"https:\/\/vitamin.coredesign.hu\/?product=bioco-100-vegan-fermentalt-glukozamin-1500mg-tabletta-60db"},"modified":"2026-01-08T23:26:29","modified_gmt":"2026-01-08T22:26:29","slug":"bioco-100-vegan-fermentalt-glukozamin-1500mg-tabletta-60db","status":"publish","type":"product","link":"https:\/\/vitamin.coredesign.hu\/?product=bioco-100-vegan-fermentalt-glukozamin-1500mg-tabletta-60db","title":{"rendered":"BioCo 100% VEGAN Ferment\u00e1lt Gl\u00fckozamin 1500mg tabletta \u2013 60db"},"content":{"rendered":"<p>&nbsp;<\/p>\n<div id=\"lt-accessibility-devtools\" aria-hidden=\"true\"><\/div>\n<p>Ferment\u00e1ci\u00f3s elj\u00e1r\u00e1ssal k\u00e9sz\u00fclt, n\u00f6v\u00e9nyi eredet\u0171 gl\u00fck\u00f3zamint \u00e9s C-vitamint tartalmaz\u00f3 k\u00e9sz\u00edtm\u00e9ny, veg\u00e1nok vagy f\u00e9l\u00e9kre \u00e9rz\u00e9kenyek is szedhetik. \u00cdz\u00fcleti probl\u00e9m\u00e1kra, porckop\u00e1s megel\u0151z\u00e9s\u00e9re \u00e9s kezel\u00e9s\u00e9re aj\u00e1nlott.<\/p>\n<h2>BioCo 100% VEGAN Ferment\u00e1lt Gl\u00fckozamin 1500mg tabletta<\/h2>\n<p>A BioCo 100% VEGAN term\u00e9kcsal\u00e1d a min\u0151s\u00e9g garanci\u00e1ja a veg\u00e1n \u00e9letm\u00f3dot k\u00f6vet\u0151k sz\u00e1m\u00e1ra. A term\u00e9kekbe ker\u00fcl\u0151 valamennyi \u00f6sszetev\u0151t kiemelt gondoss\u00e1ggal v\u00e1logatt\u00e1k \u00e9s ellen\u0151rizt\u00e9k, amit a veg\u00e1n fogyaszt\u00f3k 100%-os biztons\u00e1ggal v\u00e1laszthatnak.<\/p>\n<p>A gl\u00fck\u00f3zamin term\u00e9szetes ken\u0151anyagk\u00e9nt seg\u00edti a s\u00farl\u00f3d\u00e1snak kitett \u00edz\u00fcletek rugalmass\u00e1g\u00e1nak meg\u0151rz\u00e9s\u00e9t, a porcok kop\u00e1s\u00e1nak meg\u00e1ll\u00edt\u00e1s\u00e1t, valamint az \u00faj porcsz\u00f6vetek termel\u0151d\u00e9s\u00e9t. Jelent\u0151sen cs\u00f6kkenti az \u00edz\u00fcletek merevs\u00e9g\u00e9t, a f\u00e1jdalmat, jav\u00edtja a mozgathat\u00f3s\u00e1got. P\u00f3tl\u00e1sa k\u00fcl\u00f6n\u00f6sen aj\u00e1nlott az id\u0151sebb koroszt\u00e1lynak, illetve \u00e1ll\u00f3- vagy \u00fcl\u0151munk\u00e1t v\u00e9gz\u0151knek, akt\u00edv \u00e9letm\u00f3dot folytat\u00f3knak, rendszeresen sportol\u00f3knak, neh\u00e9z fizikai munk\u00e1t v\u00e9gz\u0151knek.<\/p>\n<p>A BioCo k\u00e9sz\u00edtm\u00e9nye a hagyom\u00e1nyos gl\u00fck\u00f3zamin-tartalm\u00fa term\u00e9kekkel ellent\u00e9tben nem \u00e1llati eredet\u0171, r\u00e1kf\u00e9l\u00e9kb\u0151l kivont hat\u00f3anyaggal k\u00e9sz\u00fclt. Ez a veg\u00e1n tabletta 100%-ban n\u00f6v\u00e9nyi eredet\u0171 gl\u00fck\u00f3zamint tartalmaz, ez\u00e9rt nemcsak veg\u00e1noknak ide\u00e1lis v\u00e1laszt\u00e1s, hanem a r\u00e1kf\u00e9l\u00e9kre allergi\u00e1soknak is.<\/p>\n<h3>Mikor aj\u00e1nlott a BioCo 100% VEGAN Ferment\u00e1lt Gl\u00fckozamin tabletta?<\/h3>\n<ul>\n<li>\u00edz\u00fcleti f\u00e1jdalomra, gyullad\u00e1sra<\/li>\n<li>porckop\u00e1s megel\u0151z\u00e9s\u00e9re \u00e9s kezel\u00e9s\u00e9re<\/li>\n<li>nagyobb megterhel\u00e9s ut\u00e1n jelentkez\u0151 \u00edz\u00fcleti f\u00e1jdalomra<\/li>\n<li>akt\u00edv sportol\u00e1skor<\/li>\n<li>neh\u00e9z fizikai munkav\u00e9gz\u00e9skor<\/li>\n<li>jelent\u0151s t\u00fals\u00faly eset\u00e9n<\/li>\n<li>id\u0151sebb korral j\u00e1r\u00f3 \u00edz\u00fcleti b\u00e1ntalmakra<\/li>\n<\/ul>\n<h3>Hat\u00f3anyagok 1 tablett\u00e1ban:<\/h3>\n<ul>\n<li>C-vitamin 200 mg (250 NRV%*)<\/li>\n<li>Gl\u00fck\u00f3zamin-szulf\u00e1t (ferment\u00e1ci\u00f3s, n\u00f6v\u00e9nyi eredet\u0171) 1500 mg<\/li>\n<\/ul>\n<p>*NRV%: Vitaminok \u00e9s \u00e1sv\u00e1nyi anyagok napi beviteli referencia\u00e9rt\u00e9ke %-ban (feln\u0151ttek eset\u00e9ben)<\/p>\n<h3>\u00d6sszetev\u0151k:<\/h3>\n<p>Gl\u00fck\u00f3zamin-szulf\u00e1t-k\u00e1lium-klorid (ferment\u00e1ci\u00f3s, n\u00f6v\u00e9nyi eredet\u0171); L-aszkorbinsav; t\u00f6megn\u00f6vel\u0151 szer (mikrokrist\u00e1lyos cellul\u00f3z); f\u00e9nyez\u0151anyag (zs\u00edrsavak); csom\u00f3sod\u00e1st g\u00e1tl\u00f3 (szil\u00edcium-dioxid).<\/p>\n<h3>Felhaszn\u00e1l\u00e1si javaslat:<\/h3>\n<p>A BioCo 100% VEGAN Ferment\u00e1lt Gl\u00fckozamin k\u00e9sz\u00edtm\u00e9ny napi aj\u00e1nlott adagja 2 tabletta, b\u0151 folyad\u00e9kkal kell lenyelni.<\/p>\n","protected":false},"excerpt":{"rendered":"<p>Ferment\u00e1ci\u00f3s elj\u00e1r\u00e1ssal k\u00e9sz\u00fclt, n\u00f6v\u00e9nyi eredet\u0171 gl\u00fck\u00f3zamint \u00e9s C-vitamint tartalmaz\u00f3 k\u00e9sz\u00edtm\u00e9ny, veg\u00e1nok vagy f\u00e9l\u00e9kre \u00e9rz\u00e9kenyek is szedhetik. \u00cdz\u00fcleti probl\u00e9m\u00e1kra, porckop\u00e1s megel\u0151z\u00e9s\u00e9re \u00e9s kezel\u00e9s\u00e9re aj\u00e1nlott.<\/p>\n","protected":false},"featured_media":5538,"comment_status":"closed","ping_status":"open","template":"","meta":[],"product_cat":[61],"product_tag":[],"class_list":{"0":"post-5537","1":"product","2":"type-product","3":"status-publish","4":"has-post-thumbnail","6":"product_brand-bioco","7":"product_cat-etrend-kiegeszitok","9":"first","10":"instock","11":"purchasable","12":"product-type-simple"},"_links":{"self":[{"href":"https:\/\/vitamin.coredesign.hu\/index.php?rest_route=\/wp\/v2\/product\/5537","targetHints":{"allow":["GET"]}}],"collection":[{"href":"https:\/\/vitamin.coredesign.hu\/index.php?rest_route=\/wp\/v2\/product"}],"about":[{"href":"https:\/\/vitamin.coredesign.hu\/index.php?rest_route=\/wp\/v2\/types\/product"}],"replies":[{"embeddable":true,"href":"https:\/\/vitamin.coredesign.hu\/index.php?rest_route=%2Fwp%2Fv2%2Fcomments&post=5537"}],"wp:featuredmedia":[{"embeddable":true,"href":"https:\/\/vitamin.coredesign.hu\/index.php?rest_route=\/wp\/v2\/media\/5538"}],"wp:attachment":[{"href":"https:\/\/vitamin.coredesign.hu\/index.php?rest_route=%2Fwp%2Fv2%2Fmedia&parent=5537"}],"wp:term":[{"taxonomy":"product_cat","embeddable":true,"href":"https:\/\/vitamin.coredesign.hu\/index.php?rest_route=%2Fwp%2Fv2%2Fproduct_cat&post=5537"},{"taxonomy":"product_tag","embeddable":true,"href":"https:\/\/vitamin.coredesign.hu\/index.php?rest_route=%2Fwp%2Fv2%2Fproduct_tag&post=5537"}],"curies":[{"name":"wp","href":"https:\/\/api.w.org\/{rel}","templated":true}]}}