{"id":5535,"date":"2025-10-12T12:29:05","date_gmt":"2025-10-12T10:29:05","guid":{"rendered":"https:\/\/vitamin.coredesign.hu\/?product=bioco-b1-vitamin-100mg-filmtabletta-80db"},"modified":"2026-01-08T23:26:28","modified_gmt":"2026-01-08T22:26:28","slug":"bioco-b1-vitamin-100mg-filmtabletta-80db","status":"publish","type":"product","link":"https:\/\/vitamin.coredesign.hu\/?product=bioco-b1-vitamin-100mg-filmtabletta-80db","title":{"rendered":"BioCo B1-vitamin 100mg filmtabletta \u2013 80db"},"content":{"rendered":"<p>&nbsp;<\/p>\n<div id=\"lt-accessibility-devtools\" aria-hidden=\"true\"><\/div>\n<p>Magas d\u00f3zis\u00fa, tablett\u00e1nk\u00e9nt 100 mg mennyis\u00e9g\u0171 B1-vitamint tartalmaz\u00f3 k\u00e9sz\u00edtm\u00e9ny, nagy kiszerel\u00e9s\u0171 MEGAPACK csomagban. Tanul\u00e1si neh\u00e9zs\u00e9gek, koncentr\u00e1ci\u00f3s zavarok, roml\u00f3 mem\u00f3ria, valamint depresszi\u00f3 eset\u00e9n k\u00fcl\u00f6n\u00f6sen hasznos lehet a fogyaszt\u00e1sa.<\/p>\n<h2>BioCo B1-vitamin 100mg filmtabletta<\/h2>\n<p>A B-vitaminok kiemelt szerepet j\u00e1tszanak az idegrendszer megfelel\u0151 m\u0171k\u00f6d\u00e9s\u00e9ben. A B1-vitamin (tiamin) serkenti a mem\u00f3ri\u00e1t, jav\u00edtja a koncentr\u00e1ci\u00f3t, megel\u0151zheti az idegek k\u00e1rosod\u00e1s\u00e1t. V\u00edzold\u00e9kony vitamink\u00e9nt hamar ki\u00fcr\u00fcl a szervezetb\u0151l, nem rakt\u00e1roz\u00f3dik el, ez\u00e9rt folyamatosan p\u00f3tolni sz\u00fcks\u00e9ges.<\/p>\n<p>Nagyobb d\u00f3zis\u00fa B1-vitamin bevitele seg\u00edts\u00e9get ny\u00fajthat a tanul\u00e1si neh\u00e9zs\u00e9gekben, a szellemileg megterhel\u0151 munk\u00e1ban, mert \u00e9l\u00e9nk\u00edti a koncentr\u00e1ci\u00f3t, \u00e9les\u00edti a mem\u00f3ri\u00e1t, gyors\u00edtja a reakci\u00f3t, \u00e9s plusz energi\u00e1t biztos\u00edt a szervezetnek. Viselked\u00e9si zavarok, illetve depresszi\u00f3 kieg\u00e9sz\u00edt\u0151 kezel\u00e9s\u00e9ben is nagyon hat\u00e1sos lehet.<\/p>\n<p>A BioCo k\u00e9sz\u00edtm\u00e9nye magas d\u00f3zis\u00fa, a napi beviteli referencia\u00e9rt\u00e9k 9090,9%-\u00e1nak megfelel\u0151 B1-vitamin-tartalm\u00fa. A tablett\u00e1k sz\u00ednez\u00e9kmentes, nyel\u00e9sk\u00f6nny\u00edt\u0151 bevonattal vannak ell\u00e1tva. Glut\u00e9nmentes, lakt\u00f3zmentes, veg\u00e1n term\u00e9k.<\/p>\n<h3>Mikor aj\u00e1nlott a BioCo B1-vitamin 100 mg MEGAPACK?<\/h3>\n<ul>\n<li>tanul\u00e1si, koncentr\u00e1l\u00e1si neh\u00e9zs\u00e9gekn\u00e9l<\/li>\n<li>idegrendszeri probl\u00e9m\u00e1kn\u00e1l<\/li>\n<li>szorong\u00e1sn\u00e1l, p\u00e1nikbetegs\u00e9gn\u00e9l<\/li>\n<li>depresszi\u00f3 kezel\u00e9s\u00e9n\u00e9l<\/li>\n<li>stresszes \u00e9letvitel eset\u00e9n<\/li>\n<li>gyakori fejf\u00e1j\u00e1sn\u00e1l, migr\u00e9nes rohamokn\u00e1l<\/li>\n<li>id\u0151sebb korban<\/li>\n<\/ul>\n<h3>Hat\u00f3anyagok 1 tablett\u00e1ban:<\/h3>\n<ul>\n<li>B1-vitamin 100 mg (9090,9 NRV%*)<\/li>\n<\/ul>\n<p>*NRV%: Vitaminok \u00e9s \u00e1sv\u00e1nyi anyagok napi beviteli referencia\u00e9rt\u00e9ke %-ban (feln\u0151ttek eset\u00e9ben)<\/p>\n<h3>\u00d6sszetev\u0151k:<\/h3>\n<p>T\u00f6megn\u00f6vel\u0151 szer (mikrokrist\u00e1lyos cellul\u00f3z); tiamin-mononitr\u00e1t; f\u00e9nyez\u0151anyagok (zs\u00edrsavak, polivinil- alkohol, polietil\u00e9nglikol); csom\u00f3sod\u00e1st g\u00e1tl\u00f3 anyag (szil\u00edcium- dioxid).<\/p>\n<h3>Felhaszn\u00e1l\u00e1si javaslat:<\/h3>\n<p>A BioCo B1-vitamin 100 mg MEGAPACK k\u00e9sz\u00edtm\u00e9ny napi aj\u00e1nlott adagja 1 tabletta, b\u0151 folyad\u00e9kkal kell lenyelni.<\/p>\n","protected":false},"excerpt":{"rendered":"<p>Magas d\u00f3zis\u00fa, tablett\u00e1nk\u00e9nt 100 mg mennyis\u00e9g\u0171 B1-vitamint tartalmaz\u00f3 k\u00e9sz\u00edtm\u00e9ny, nagy kiszerel\u00e9s\u0171 MEGAPACK csomagban. Tanul\u00e1si neh\u00e9zs\u00e9gek, koncentr\u00e1ci\u00f3s zavarok, roml\u00f3 mem\u00f3ria, valamint depresszi\u00f3 eset\u00e9n k\u00fcl\u00f6n\u00f6sen hasznos lehet a fogyaszt\u00e1sa.<\/p>\n","protected":false},"featured_media":5536,"comment_status":"closed","ping_status":"open","template":"","meta":[],"product_cat":[60],"product_tag":[],"class_list":{"0":"post-5535","1":"product","2":"type-product","3":"status-publish","4":"has-post-thumbnail","6":"product_brand-bioco","7":"product_cat-vitaminok","9":"first","10":"instock","11":"purchasable","12":"product-type-simple"},"_links":{"self":[{"href":"https:\/\/vitamin.coredesign.hu\/index.php?rest_route=\/wp\/v2\/product\/5535","targetHints":{"allow":["GET"]}}],"collection":[{"href":"https:\/\/vitamin.coredesign.hu\/index.php?rest_route=\/wp\/v2\/product"}],"about":[{"href":"https:\/\/vitamin.coredesign.hu\/index.php?rest_route=\/wp\/v2\/types\/product"}],"replies":[{"embeddable":true,"href":"https:\/\/vitamin.coredesign.hu\/index.php?rest_route=%2Fwp%2Fv2%2Fcomments&post=5535"}],"wp:featuredmedia":[{"embeddable":true,"href":"https:\/\/vitamin.coredesign.hu\/index.php?rest_route=\/wp\/v2\/media\/5536"}],"wp:attachment":[{"href":"https:\/\/vitamin.coredesign.hu\/index.php?rest_route=%2Fwp%2Fv2%2Fmedia&parent=5535"}],"wp:term":[{"taxonomy":"product_cat","embeddable":true,"href":"https:\/\/vitamin.coredesign.hu\/index.php?rest_route=%2Fwp%2Fv2%2Fproduct_cat&post=5535"},{"taxonomy":"product_tag","embeddable":true,"href":"https:\/\/vitamin.coredesign.hu\/index.php?rest_route=%2Fwp%2Fv2%2Fproduct_tag&post=5535"}],"curies":[{"name":"wp","href":"https:\/\/api.w.org\/{rel}","templated":true}]}}