{"id":5533,"date":"2025-10-12T12:29:05","date_gmt":"2025-10-12T10:29:05","guid":{"rendered":"https:\/\/vitamin.coredesign.hu\/?product=bioco-c-vitamin-500mg-narancs-izu-ragotabletta-60db"},"modified":"2026-01-08T23:26:27","modified_gmt":"2026-01-08T22:26:27","slug":"bioco-c-vitamin-500mg-narancs-izu-ragotabletta-60db","status":"publish","type":"product","link":"https:\/\/vitamin.coredesign.hu\/?product=bioco-c-vitamin-500mg-narancs-izu-ragotabletta-60db","title":{"rendered":"BioCo C-vitamin 500mg narancs \u00edz\u0171 r\u00e1g\u00f3tabletta \u2013 60db"},"content":{"rendered":"<p>&nbsp;<\/p>\n<div id=\"lt-accessibility-devtools\" aria-hidden=\"true\"><\/div>\n<p>Tablett\u00e1nk\u00e9nt 500 mg C-vitamint tartalmaz\u00f3 k\u00e9sz\u00edtm\u00e9ny term\u00e9szetes arom\u00e1val, finom, narancsos \u00edzben. Ide\u00e1lis vitaminp\u00f3tl\u00e1sra gyerekeknek 3 \u00e9ves kort\u00f3l, valamint nyel\u00e9si neh\u00e9zs\u00e9ggel k\u00fczd\u0151 feln\u0151tteknek.<\/p>\n<h2>BioCo C-vitamin 500mg narancs \u00edz\u0171 r\u00e1g\u00f3tabletta<\/h2>\n<p>Ez a term\u00e9szetes arom\u00e1val k\u00e9sz\u00fclt, finom narancsos \u00edz\u0171 r\u00e1g\u00f3tabletta t\u00f6k\u00e9letes v\u00e1laszt\u00e1s azok sz\u00e1m\u00e1ra, akiknek gondot okoz a hagyom\u00e1nyos tablett\u00e1k vagy kapszul\u00e1k lenyel\u00e9se. K\u00f6nnyen elszopogathat\u00f3 vagy elr\u00e1gcs\u00e1lhat\u00f3, gyerekeknek is adhat\u00f3 m\u00e1r 3 \u00e9ves kort\u00f3l.<\/p>\n<p>A C-vitamint fontos rendszeresen p\u00f3tolni, mert az emberi szervezet nem k\u00e9pes az el\u0151\u00e1ll\u00edt\u00e1s\u00e1ra. N\u00e9lk\u00fcl\u00f6zhetetlen t\u00f6bbek k\u00f6z\u00f6tt az immunrendszer \u00e9s az idegrendszer megfelel\u0151 m\u0171k\u00f6d\u00e9s\u00e9hez, a stressz, a kif\u00e1rad\u00e1s cs\u00f6kkent\u00e9s\u00e9hez, az erek v\u00e9delm\u00e9hez, valamint a vas felsz\u00edv\u00f3d\u00e1s\u00e1hoz. Antioxid\u00e1nsk\u00e9nt v\u00e9di a sejteket a k\u00e1rosod\u00e1st\u00f3l, n\u00f6veli a fert\u0151z\u00e9sekkel, betegs\u00e9gekkel szembeni ellen\u00e1ll\u00f3 k\u00e9pess\u00e9get.<\/p>\n<p>A BioCo k\u00e9sz\u00edtm\u00e9nye 500 mg C-vitamint tartalmaz r\u00e1g\u00f3tablett\u00e1nk\u00e9nt. Fokozott C-vitamin-sz\u00fcks\u00e9glet eset\u00e9n k\u00fcl\u00f6n\u00f6sen aj\u00e1nlott, p\u00e9ld\u00e1ul egyoldal\u00fa, vitaminhi\u00e1nyos \u00e9trend vagy betegs\u00e9g eset\u00e9n a fel\u00e9p\u00fcl\u00e9s id\u0151szak\u00e1ban.<\/p>\n<h3>Mikor aj\u00e1nlott a BioCo Narancs \u00edz\u0171 C-vitamin r\u00e1g\u00f3tabletta?<\/h3>\n<ul>\n<li>a napi sz\u00fcks\u00e9ges C-vitamin p\u00f3tl\u00e1s\u00e1ra, fokozott vitaminsz\u00fcks\u00e9glet eset\u00e9n is<\/li>\n<li>az immunrendszer megfelel\u0151 m\u0171k\u00f6d\u00e9s\u00e9nek t\u00e1mogat\u00e1s\u00e1ra<\/li>\n<li>a fert\u0151z\u00e9sekkel, betegs\u00e9gekkel szembeni ellen\u00e1ll\u00f3 k\u00e9pess\u00e9g n\u00f6vel\u00e9s\u00e9re<\/li>\n<li>betegs\u00e9g eset\u00e9n a gy\u00f3gyul\u00e1si folyamatok felgyors\u00edt\u00e1s\u00e1ra<\/li>\n<li>a f\u00e1radts\u00e1g \u00e9s a kif\u00e1rad\u00e1s cs\u00f6kkent\u00e9s\u00e9re<\/li>\n<li>a sejtek oxidat\u00edv stresszel szembeni v\u00e9delm\u00e9re<\/li>\n<li>az idegrendszer kiegyens\u00falyozott m\u0171k\u00f6d\u00e9s\u00e9nek el\u0151seg\u00edt\u00e9s\u00e9re<\/li>\n<li>a sz\u00edv \u00e9s az \u00e9rrendszer eg\u00e9szs\u00e9g\u00e9nek t\u00e1mogat\u00e1s\u00e1ra<\/li>\n<li>a porcok, az \u00edz\u00fcletek az \u00ednszalagok, valamint a fog\u00edny eg\u00e9szs\u00e9g\u00e9nek meg\u0151rz\u00e9s\u00e9re<\/li>\n<li>a b\u0151r, a haj \u00e9s a k\u00f6rm\u00f6k sz\u00e9ps\u00e9g\u00e9nek, er\u0151ss\u00e9g\u00e9nek fenntart\u00e1s\u00e1ra<\/li>\n<\/ul>\n<h3>Hat\u00f3anyagok 1 r\u00e1g\u00f3tablett\u00e1ban:<\/h3>\n<ul>\n<li>C-vitamin 500 mg (625 NRV%*)<\/li>\n<\/ul>\n<p>*NRV%: Vitaminok \u00e9s \u00e1sv\u00e1nyi anyagok napi beviteli referencia\u00e9rt\u00e9ke %-ban (feln\u0151ttek eset\u00e9ben)<\/p>\n<h3>\u00d6sszetev\u0151k:<\/h3>\n<p>Dextr\u00f3z; n\u00e1trium-aszkorb\u00e1t; L-aszkorbinsav; f\u00e9nyez\u0151anyag (zs\u00edrsavak); maltodextrin; term\u00e9szetes aroma; csom\u00f3sod\u00e1st g\u00e1tl\u00f3 (szil\u00edcium-dioxid); \u00e9des\u00edt\u0151szerek (szukral\u00f3z, n\u00e1trium-ciklam\u00e1t).<\/p>\n<h3>Felhaszn\u00e1l\u00e1si javaslat:<\/h3>\n<p>A BioCo Narancs \u00edz\u0171 C-vitamin k\u00e9sz\u00edtm\u00e9ny napi aj\u00e1nlott adagja id\u0151ben elosztva feln\u0151tteknek 1-3 r\u00e1g\u00f3tabletta, 3 \u00e9v feletti gyerekeknek napi 1 r\u00e1g\u00f3tabletta. Elszopogathat\u00f3 vagy elr\u00e1gcs\u00e1lhat\u00f3.<\/p>\n","protected":false},"excerpt":{"rendered":"<p>Tablett\u00e1nk\u00e9nt 500 mg C-vitamint tartalmaz\u00f3 k\u00e9sz\u00edtm\u00e9ny term\u00e9szetes arom\u00e1val, finom, narancsos \u00edzben. Ide\u00e1lis vitaminp\u00f3tl\u00e1sra gyerekeknek 3 \u00e9ves kort\u00f3l, valamint nyel\u00e9si neh\u00e9zs\u00e9ggel k\u00fczd\u0151 feln\u0151tteknek.<\/p>\n","protected":false},"featured_media":5534,"comment_status":"closed","ping_status":"open","template":"","meta":[],"product_cat":[60],"product_tag":[],"class_list":{"0":"post-5533","1":"product","2":"type-product","3":"status-publish","4":"has-post-thumbnail","6":"product_brand-bioco","7":"product_cat-vitaminok","9":"first","10":"instock","11":"purchasable","12":"product-type-simple"},"_links":{"self":[{"href":"https:\/\/vitamin.coredesign.hu\/index.php?rest_route=\/wp\/v2\/product\/5533","targetHints":{"allow":["GET"]}}],"collection":[{"href":"https:\/\/vitamin.coredesign.hu\/index.php?rest_route=\/wp\/v2\/product"}],"about":[{"href":"https:\/\/vitamin.coredesign.hu\/index.php?rest_route=\/wp\/v2\/types\/product"}],"replies":[{"embeddable":true,"href":"https:\/\/vitamin.coredesign.hu\/index.php?rest_route=%2Fwp%2Fv2%2Fcomments&post=5533"}],"wp:featuredmedia":[{"embeddable":true,"href":"https:\/\/vitamin.coredesign.hu\/index.php?rest_route=\/wp\/v2\/media\/5534"}],"wp:attachment":[{"href":"https:\/\/vitamin.coredesign.hu\/index.php?rest_route=%2Fwp%2Fv2%2Fmedia&parent=5533"}],"wp:term":[{"taxonomy":"product_cat","embeddable":true,"href":"https:\/\/vitamin.coredesign.hu\/index.php?rest_route=%2Fwp%2Fv2%2Fproduct_cat&post=5533"},{"taxonomy":"product_tag","embeddable":true,"href":"https:\/\/vitamin.coredesign.hu\/index.php?rest_route=%2Fwp%2Fv2%2Fproduct_tag&post=5533"}],"curies":[{"name":"wp","href":"https:\/\/api.w.org\/{rel}","templated":true}]}}