{"id":5531,"date":"2025-10-12T12:28:22","date_gmt":"2025-10-12T10:28:22","guid":{"rendered":"https:\/\/vitamin.coredesign.hu\/?product=bioco-szerves-kalcium-d3-vitamin-filmtabletta-90db"},"modified":"2026-01-08T23:26:21","modified_gmt":"2026-01-08T22:26:21","slug":"bioco-szerves-kalcium-d3-vitamin-filmtabletta-90db","status":"publish","type":"product","link":"https:\/\/vitamin.coredesign.hu\/?product=bioco-szerves-kalcium-d3-vitamin-filmtabletta-90db","title":{"rendered":"BioCo Szerves Kalcium + D3-vitamin filmtabletta \u2013 90db"},"content":{"rendered":"<p>&nbsp;<\/p>\n<div id=\"lt-accessibility-devtools\" aria-hidden=\"true\"><\/div>\n<p>Szerves kalciumot \u00e9s D3-vitamint tartalmaz\u00f3 k\u00e9sz\u00edtm\u00e9ny, nagy kiszerel\u00e9s\u0171 MEGAPACK tablettacsomagban. Csonter\u0151s\u00edt\u00e9sre, immunt\u00e1mogat\u00e1sra aj\u00e1nlott a fogyaszt\u00e1sa. A tablett\u00e1k sz\u00ednez\u00e9kmentes, nyel\u00e9sk\u00f6nny\u00edt\u0151 filmbevonattal vannak ell\u00e1tva.<\/p>\n<h2>BioCo Szerves Kalcium + D3-vitamin filmtabletta<\/h2>\n<p>A k\u00e9sz\u00edtm\u00e9ny a k\u00e9t legfontosabb hat\u00f3anyagot tartalmazza a csontok \u00e9s a fogak er\u0151ss\u00e9g\u00e9nek megtart\u00e1s\u00e1hoz: szerves kalciumot \u00e9s D3-vitamint. A kalcium \u00e9p\u00edti a csontokat \u00e9s a fogakat, biztos\u00edtja, hogy er\u0151sek, eg\u00e9szs\u00e9gesek maradjanak, a D-vitamin pedig el\u0151seg\u00edti, hogy a kalcium be\u00e9p\u00fclj\u00f6n a csontokba, \u00e9s ne rak\u00f3djon le az erek fal\u00e1n. Hozz\u00e1j\u00e1rulnak a csontritkul\u00e1s megel\u0151z\u00e9s\u00e9hez!<\/p>\n<p>A D-vitamin a csontok er\u0151ss\u00e9g\u00e9nek t\u00e1mogat\u00e1sa mellett az immunrendszer megfelel\u0151 m\u0171k\u00f6d\u00e9s\u00e9t is kiemelten seg\u00edti. N\u00f6veli a fert\u0151z\u00e9sekkel, gyullad\u00e1sokkal szembeni v\u00e9dekez\u0151k\u00e9pess\u00e9get, betegs\u00e9g eset\u00e9n pedig jelent\u0151sen felgyors\u00edthatja a gy\u00f3gyul\u00e1s folyamat\u00e1t.<\/p>\n<p>A BioCo k\u00e9sz\u00edtm\u00e9nye kiz\u00e1r\u00f3lag szerves k\u00f6t\u00e9sben, kalcium-citr\u00e1t form\u00e1ban tartalmazza a kalciumot. A tablett\u00e1k sz\u00ednez\u00e9kmentes filmbevonattal vannak ell\u00e1tva, amely megk\u00f6nny\u00edti a bev\u00e9telt \u00e9s a lenyel\u00e9st. Glut\u00e9nmentes, lakt\u00f3zmentes, veget\u00e1ri\u00e1nus term\u00e9k.<\/p>\n<h3>Mikor aj\u00e1nlott a BioCo Szerves kalcium + D3-vitamin MEGAPACK?<\/h3>\n<ul>\n<li>napi sz\u00fcks\u00e9ges kalcium- \u00e9s D-vitamin-p\u00f3tl\u00e1sra<\/li>\n<li>a csontok \u00e9s a fogak er\u0151ss\u00e9g\u00e9nek biztos\u00edt\u00e1s\u00e1ra<\/li>\n<li>csontritkul\u00e1s megel\u0151z\u00e9s\u00e9re<\/li>\n<li>gyakori izomg\u00f6rcs\u00f6k, v\u00e9gtagzsibbad\u00e1sok eset\u00e9n<\/li>\n<li>az immunrendszer megfelel\u0151 m\u0171k\u00f6d\u00e9s\u00e9nek t\u00e1mogat\u00e1s\u00e1ra<\/li>\n<li>a fert\u0151z\u00e9sekkel szembeni ellen\u00e1ll\u00f3 k\u00e9pess\u00e9g n\u00f6vel\u00e9s\u00e9re<\/li>\n<li>a sejtek oxidat\u00edv stresszel szembeni v\u00e9delm\u00e9re<\/li>\n<li>az idegrendszer kiegyens\u00falyozott m\u0171k\u00f6d\u00e9s\u00e9nek el\u0151seg\u00edt\u00e9s\u00e9re<\/li>\n<li>ingadoz\u00f3 vagy magas v\u00e9rnyom\u00e1s eset\u00e9n<\/li>\n<li>allergi\u00e1s t\u00fcnetek cs\u00f6kkent\u00e9s\u00e9re<\/li>\n<li>v\u00e1ltoz\u00f3korban<\/li>\n<\/ul>\n<h3>Hat\u00f3anyagok 1 tablett\u00e1ban:<\/h3>\n<ul>\n<li>Kalcium (szerves k\u00f6t\u00e9s\u0171 kalcium-citr\u00e1tb\u00f3l) 200 mg (25 NRV%*)<\/li>\n<li>D3-vitamin 5 \u00b5g 200 NE** (100 NRV%*)<\/li>\n<\/ul>\n<p>*NRV%: Vitaminok \u00e9s \u00e1sv\u00e1nyi anyagok napi beviteli referencia\u00e9rt\u00e9ke %-ban (feln\u0151ttek eset\u00e9ben)<\/p>\n<p>**NE: Nemzetk\u00f6zi Egys\u00e9g<\/p>\n<h3>\u00d6sszetev\u0151k:<\/h3>\n<p>Kalcium-citr\u00e1t; f\u00e9nyez\u0151anyagok (zs\u00edrsavak, polivinil-alkohol, polietil\u00e9nglikol); t\u00f6megn\u00f6vel\u0151 szer (mikrokrist\u00e1lyos cellul\u00f3z); csom\u00f3sod\u00e1st g\u00e1tl\u00f3k (szil\u00edcium-dioxid); kolekalciferol.<\/p>\n<h3>Felhaszn\u00e1l\u00e1si javaslat:<\/h3>\n<p>A BioCo Szerves kalcium + D3-vitamin MEGAPACK k\u00e9sz\u00edtm\u00e9ny napi aj\u00e1nlott adagja 1-2 tabletta, b\u0151 folyad\u00e9kkal kell lenyelni.<\/p>\n","protected":false},"excerpt":{"rendered":"<p>Szerves kalciumot \u00e9s D3-vitamint tartalmaz\u00f3 k\u00e9sz\u00edtm\u00e9ny, nagy kiszerel\u00e9s\u0171 MEGAPACK tablettacsomagban. Csonter\u0151s\u00edt\u00e9sre, immunt\u00e1mogat\u00e1sra aj\u00e1nlott a fogyaszt\u00e1sa. A tablett\u00e1k sz\u00ednez\u00e9kmentes, nyel\u00e9sk\u00f6nny\u00edt\u0151 filmbevonattal vannak ell\u00e1tva.<\/p>\n","protected":false},"featured_media":5532,"comment_status":"closed","ping_status":"open","template":"","meta":[],"product_cat":[73],"product_tag":[],"class_list":{"0":"post-5531","1":"product","2":"type-product","3":"status-publish","4":"has-post-thumbnail","6":"product_brand-bioco","7":"product_cat-arvanyi-anyagok","9":"first","10":"instock","11":"purchasable","12":"product-type-simple"},"_links":{"self":[{"href":"https:\/\/vitamin.coredesign.hu\/index.php?rest_route=\/wp\/v2\/product\/5531","targetHints":{"allow":["GET"]}}],"collection":[{"href":"https:\/\/vitamin.coredesign.hu\/index.php?rest_route=\/wp\/v2\/product"}],"about":[{"href":"https:\/\/vitamin.coredesign.hu\/index.php?rest_route=\/wp\/v2\/types\/product"}],"replies":[{"embeddable":true,"href":"https:\/\/vitamin.coredesign.hu\/index.php?rest_route=%2Fwp%2Fv2%2Fcomments&post=5531"}],"wp:featuredmedia":[{"embeddable":true,"href":"https:\/\/vitamin.coredesign.hu\/index.php?rest_route=\/wp\/v2\/media\/5532"}],"wp:attachment":[{"href":"https:\/\/vitamin.coredesign.hu\/index.php?rest_route=%2Fwp%2Fv2%2Fmedia&parent=5531"}],"wp:term":[{"taxonomy":"product_cat","embeddable":true,"href":"https:\/\/vitamin.coredesign.hu\/index.php?rest_route=%2Fwp%2Fv2%2Fproduct_cat&post=5531"},{"taxonomy":"product_tag","embeddable":true,"href":"https:\/\/vitamin.coredesign.hu\/index.php?rest_route=%2Fwp%2Fv2%2Fproduct_tag&post=5531"}],"curies":[{"name":"wp","href":"https:\/\/api.w.org\/{rel}","templated":true}]}}