{"id":5527,"date":"2025-10-12T12:28:22","date_gmt":"2025-10-12T10:28:22","guid":{"rendered":"https:\/\/vitamin.coredesign.hu\/?product=bioco-tengeri-magnezium-tabletta-90db"},"modified":"2026-01-08T23:26:18","modified_gmt":"2026-01-08T22:26:18","slug":"bioco-tengeri-magnezium-tabletta-90db","status":"publish","type":"product","link":"https:\/\/vitamin.coredesign.hu\/?product=bioco-tengeri-magnezium-tabletta-90db","title":{"rendered":"BioCo Tengeri Magn\u00e9zium tabletta \u2013 90db"},"content":{"rendered":"<p>&nbsp;<\/p>\n<div id=\"lt-accessibility-devtools\" aria-hidden=\"true\"><\/div>\n<p>Term\u00e9szetes forr\u00e1s\u00fa, tengerv\u00edzb\u0151l nyert magn\u00e9ziumot tartalmaz\u00f3 k\u00e9sz\u00edtm\u00e9ny. K\u00fcl\u00f6n\u00f6sen aj\u00e1nlott fokozott stressz, gyakori izomg\u00f6rcs\u00f6k, magas v\u00e9rnyom\u00e1s, szapora sz\u00edvver\u00e9s eset\u00e9n. Glut\u00e9nmentes, lakt\u00f3zmentes, veg\u00e1n term\u00e9k.<\/p>\n<h2>BioCo Tengeri Magn\u00e9zium tabletta<\/h2>\n<p>A magn\u00e9zium n\u00e9lk\u00fcl\u00f6zhetetlen a szervezet eg\u00e9szs\u00e9ges m\u0171k\u00f6d\u00e9s\u00e9hez. R\u00e9szt vesz az anyagcsere-folyamatokban, hat\u00e1ssal van az idegrendszerre, cs\u00f6kkenti a f\u00e1rad\u00e9konys\u00e1got, a stresszt, megel\u0151zheti a magas v\u00e9rnyom\u00e1st, hozz\u00e1j\u00e1rul a csontok \u00e9s a fogak er\u0151ss\u00e9g\u00e9hez, az izmok megfelel\u0151 m\u0171k\u00f6d\u00e9s\u00e9hez.<\/p>\n<p>Magn\u00e9zium hi\u00e1ny\u00e1ban gyakori izomg\u00f6rcs\u00f6k, izomf\u00e1jdalmak l\u00e9phetnek fel, sz\u00edvritmuszavar, szapora sz\u00edvver\u00e9s jelentkezhet, romlik a koncentr\u00e1ci\u00f3, az alv\u00e1s min\u0151s\u00e9ge, letargia, depresszi\u00f3 is kialakulhat. A magn\u00e9ziumhi\u00e1nyt legt\u00f6bbsz\u00f6r az egyoldal\u00fa t\u00e1pl\u00e1lkoz\u00e1s, a mozg\u00e1sszeg\u00e9ny \u00e9letm\u00f3d \u00e9s a sok stressz okozza, de a rendszeresen gy\u00f3gyszert fogyaszt\u00f3knak is oda kell figyelni\u00fck a bevitelre, mert bizonyos gy\u00f3gyszerek felgyors\u00edtj\u00e1k a magn\u00e9zium ki\u00fcr\u00fcl\u00e9s\u00e9t a szervezetb\u0151l.<\/p>\n<p>A BioCo k\u00e9sz\u00edtm\u00e9nye \u00cdrorsz\u00e1gb\u00f3l sz\u00e1rmaz\u00f3, tengerv\u00edzb\u0151l kinyert magn\u00e9ziumot tartalmaz, 100%-ban term\u00e9szetes \u00e1sv\u00e1nyianyag-forr\u00e1s. Veg\u00e1nok is szedhetik.<\/p>\n<h3>Mikor aj\u00e1nlott a BioCo Tengeri magn\u00e9zium tabletta?<\/h3>\n<ul>\n<li>a napi sz\u00fcks\u00e9ges magn\u00e9ziummennyis\u00e9g p\u00f3tl\u00e1s\u00e1ra<\/li>\n<li>gyakori izomg\u00f6rcs\u00f6kre, v\u00e9gtagzsibbad\u00e1sokra<\/li>\n<li>fokozott szorong\u00e1sra, stresszre<\/li>\n<li>magas vagy ingadoz\u00f3 v\u00e9rnyom\u00e1sra<\/li>\n<li>sz\u00edv- \u00e9s \u00e9rrendszeri probl\u00e9m\u00e1kra, megel\u0151z\u00e9sre<\/li>\n<li>csonter\u0151s\u00edt\u00e9sre, a csontritkul\u00e1s megel\u0151z\u00e9s\u00e9re<\/li>\n<li>gyorsan szuvasod\u00f3 fogakra<\/li>\n<li>f\u00e1rad\u00e9konys\u00e1g, kimer\u00fclts\u00e9g eset\u00e9n<\/li>\n<li>feh\u00e9r foltos, t\u00f6redez\u0151 k\u00f6rm\u00f6kre<\/li>\n<\/ul>\n<h3>Hat\u00f3anyagok 2 tablett\u00e1ban:<\/h3>\n<ul>\n<li>Magn\u00e9zium (tengerv\u00edzb\u0151l nyert) 187,5 mg (50 NRV%*)<\/li>\n<\/ul>\n<p>*NRV%: Vitaminok \u00e9s \u00e1sv\u00e1nyi anyagok napi beviteli referencia\u00e9rt\u00e9ke %-ban (feln\u0151ttek eset\u00e9ben)<\/p>\n<h3>\u00d6sszetev\u0151k:<\/h3>\n<p>Tengerv\u00edzb\u0151l nyert magn\u00e9zium-hidroxid; t\u00f6megn\u00f6vel\u0151 szer (mikrokrist\u00e1lyos cellul\u00f3z);<br \/>\ncsom\u00f3sod\u00e1st g\u00e1tl\u00f3k (talkum, szil\u00edcium-dioxid, zs\u00edrsavak magn\u00e9ziums\u00f3i).<\/p>\n<h3>Felhaszn\u00e1l\u00e1si javaslat:<\/h3>\n<p>A BioCo Tengeri magn\u00e9zium k\u00e9sz\u00edtm\u00e9ny napi aj\u00e1nlott adagja 1-2 tabletta, b\u0151 folyad\u00e9kkal kell lenyelni.<\/p>\n","protected":false},"excerpt":{"rendered":"<p>Term\u00e9szetes forr\u00e1s\u00fa, tengerv\u00edzb\u0151l nyert magn\u00e9ziumot tartalmaz\u00f3 k\u00e9sz\u00edtm\u00e9ny. K\u00fcl\u00f6n\u00f6sen aj\u00e1nlott fokozott stressz, gyakori izomg\u00f6rcs\u00f6k, magas v\u00e9rnyom\u00e1s, szapora sz\u00edvver\u00e9s eset\u00e9n. Glut\u00e9nmentes, lakt\u00f3zmentes, veg\u00e1n term\u00e9k.<\/p>\n","protected":false},"featured_media":5528,"comment_status":"closed","ping_status":"open","template":"","meta":[],"product_cat":[73],"product_tag":[],"class_list":{"0":"post-5527","1":"product","2":"type-product","3":"status-publish","4":"has-post-thumbnail","6":"product_brand-bioco","7":"product_cat-arvanyi-anyagok","9":"first","10":"instock","11":"purchasable","12":"product-type-simple"},"_links":{"self":[{"href":"https:\/\/vitamin.coredesign.hu\/index.php?rest_route=\/wp\/v2\/product\/5527","targetHints":{"allow":["GET"]}}],"collection":[{"href":"https:\/\/vitamin.coredesign.hu\/index.php?rest_route=\/wp\/v2\/product"}],"about":[{"href":"https:\/\/vitamin.coredesign.hu\/index.php?rest_route=\/wp\/v2\/types\/product"}],"replies":[{"embeddable":true,"href":"https:\/\/vitamin.coredesign.hu\/index.php?rest_route=%2Fwp%2Fv2%2Fcomments&post=5527"}],"wp:featuredmedia":[{"embeddable":true,"href":"https:\/\/vitamin.coredesign.hu\/index.php?rest_route=\/wp\/v2\/media\/5528"}],"wp:attachment":[{"href":"https:\/\/vitamin.coredesign.hu\/index.php?rest_route=%2Fwp%2Fv2%2Fmedia&parent=5527"}],"wp:term":[{"taxonomy":"product_cat","embeddable":true,"href":"https:\/\/vitamin.coredesign.hu\/index.php?rest_route=%2Fwp%2Fv2%2Fproduct_cat&post=5527"},{"taxonomy":"product_tag","embeddable":true,"href":"https:\/\/vitamin.coredesign.hu\/index.php?rest_route=%2Fwp%2Fv2%2Fproduct_tag&post=5527"}],"curies":[{"name":"wp","href":"https:\/\/api.w.org\/{rel}","templated":true}]}}